{"id":878,"date":"2023-01-23T14:25:00","date_gmt":"2023-01-23T13:25:00","guid":{"rendered":"https:\/\/sites.dlls.univr.it\/alpilink\/occitan\/"},"modified":"2024-06-11T11:28:08","modified_gmt":"2024-06-11T09:28:08","slug":"occitano","status":"publish","type":"page","link":"https:\/\/alpilink.it\/fr\/occitano\/","title":{"rendered":"Occitan"},"content":{"rendered":"<section class=\"l-section wpb_row height_medium\"><div class=\"l-section-h i-cf\"><div class=\"g-cols vc_row via_grid cols_2 laptops-cols_inherit tablets-cols_inherit mobiles-cols_1 valign_top type_default stacking_default\"><div class=\"wpb_column vc_column_container\"><div class=\"vc_column-inner\"><div class=\"w-image us_custom_447bff20 has_ratio align_none\"><div class=\"w-image-h\"><div style=\"padding-bottom:133.3333%\"><\/div><img loading=\"lazy\" decoding=\"async\" width=\"1024\" height=\"657\" src=\"https:\/\/alpilink.it\/wp-content\/uploads\/2024\/06\/La_Sacra_ammantata_dalla_neve-e1718098367275-1024x657.jpg\" class=\"attachment-large size-large\" alt=\"\" srcset=\"https:\/\/alpilink.it\/wp-content\/uploads\/2024\/06\/La_Sacra_ammantata_dalla_neve-e1718098367275-1024x657.jpg 1024w, https:\/\/alpilink.it\/wp-content\/uploads\/2024\/06\/La_Sacra_ammantata_dalla_neve-e1718098367275-300x192.jpg 300w, https:\/\/alpilink.it\/wp-content\/uploads\/2024\/06\/La_Sacra_ammantata_dalla_neve-e1718098367275.jpg 1395w\" sizes=\"auto, (max-width: 1024px) 100vw, 1024px\" \/><\/div><\/div><\/div><\/div><div class=\"wpb_column vc_column_container\"><div class=\"vc_column-inner\"><div class=\"w-separator size_small\"><\/div><h2 class=\"w-text\"><span class=\"w-text-h\"><span class=\"w-text-value\">Occitan<\/span><\/span><\/h2><div class=\"wpb_text_column\"><div class=\"wpb_wrapper\"><p><span style=\"font-weight: 400\">Des vari\u00e9t\u00e9s linguistiques de type occitan sont parl\u00e9es par environ 10-15.000 personnes en Italie du Nord, principalement dans les vall\u00e9es comprises entre la haute vall\u00e9e de Suse, au nord, et le val Vermenagna, au sud, dans les provinces pi\u00e9montaises de Coni\/Cuneo et Turin. Ce territoire italien repr\u00e9sente l\u2019extr\u00e9mit\u00e9 est de la zone plus vaste dans laquelle l\u2019occitan est parl\u00e9, qui s\u2019\u00e9tend sur la majeure partie de la France m\u00e9ridionale. Les vari\u00e9t\u00e9s occitanes parl\u00e9es dans le Pi\u00e9mont, appel\u00e9es localement <\/span><i><span style=\"font-weight: 400\">patois<\/span><\/i><span style=\"font-weight: 400\"> ou <\/span><i><span style=\"font-weight: 400\">parlar a nosto modo<\/span><\/i><span style=\"font-weight: 400\"> \u2018parler \u00e0 notre mani\u00e8re\u2019, se caract\u00e9risent par une variation g\u00e9ographique notable; faute de centre d\u2019influence particulier, aucune vari\u00e9t\u00e9 n\u2019a \u00e9merg\u00e9 comme vari\u00e9t\u00e9 de r\u00e9f\u00e9rence (Rivoira 2024:288). Les seules traces historiques d\u2019un usage \u00e9crit consistant se retrouvent dans le corpus de textes vaudois, dont les textes remontent \u00e0 la p\u00e9riode entre le XV<\/span><span style=\"font-weight: 400\">\u00e8me<\/span><span style=\"font-weight: 400\"> et le XVI<\/span><span style=\"font-weight: 400\">\u00e8me<\/span><span style=\"font-weight: 400\"> si\u00e8cle et correspondent g\u00e9ographiquement \u00e0 la r\u00e9gion alpine o\u00f9 s\u2019\u00e9tait \u00e9tablie cette minorit\u00e9 religieuse. Ces textes furent r\u00e9dig\u00e9s dans une vari\u00e9t\u00e9 linguistique \u00e9labor\u00e9e, que l\u2019on a pr\u00e9cis\u00e9ment d\u00e9nomm\u00e9e \u201cvaudois\u201d. \u00c0 l\u2019\u00e9poque moderne, l\u2019emploi de l\u2019occitan \u00e0 l\u2019\u00e9crit a augment\u00e9 consid\u00e9rablement, que ce soit dans le domaine de la po\u00e9sie ou de la communication sur internet, gr\u00e2ce aux initiatives de promotion et de protection des lois r\u00e9gionales puis de la loi nationale 482\/99.<\/span><\/p>\n<\/div><\/div><\/div><\/div><\/div><\/div><\/section><section class=\"l-section wpb_row height_auto\"><div class=\"l-section-h i-cf\"><div class=\"g-cols vc_row via_grid cols_1 laptops-cols_inherit tablets-cols_inherit mobiles-cols_1 valign_top type_default stacking_default\"><div class=\"wpb_column vc_column_container\"><div class=\"vc_column-inner\"><div class=\"wpb_text_column\"><div class=\"wpb_wrapper\"><p><span style=\"font-weight: 400\">Le r\u00e9pertoire linguistique ma\u00eetris\u00e9 par les communaut\u00e9s occitanophones comprend, outre la vari\u00e9t\u00e9 locale et l\u2019italien standard, le <a href=\"https:\/\/alpilink.it\/fr\/piemontese\/\">pi\u00e9montais<\/a> ainsi que, de mani\u00e8re plus limit\u00e9e dans les vall\u00e9es de la province de Turin, le fran\u00e7ais, en particulier dans les vall\u00e9es vaudoises (le val Pellis, le bas val Cluson et le val Germanasca).<\/span><\/p>\n<p>Code ISO: 639-3 oci<\/p>\n<p><em>R\u00e9f\u00e9rences bibliographiques<\/em><\/p>\n<ul>\n<li>Rivoira, Matteo (2024): <a href=\"http:\/\/dx.doi.org\/10.13092\/lo.129.11159\">L&#8217;occitano<\/a>. In: Linguistik online 130\/6, 281-307.<\/li>\n<\/ul>\n<p><b>Pour approfondir<\/b><\/p>\n<ul>\n<li><span style=\"font-weight: 400\">Regis, Riccardo (2020): <a href=\"https:\/\/publicacions.iec.cat\/repository\/pdf\/00000283\/00000066.pdf\">Profilo dell\u2019occitano in Piemonte: aspetti sociolinguistici<\/a><i>. <\/i>In<i> Estudis Romanics,<\/i> 42, pp. 101-125. DOI: 10.2436\/20.2500.01.287.<\/span><\/li>\n<li><span style=\"font-weight: 400\">Regis, Riccardo &amp; Rivoira, Matteo (en voie de publication): <\/span><i><span style=\"font-weight: 400\">Il Piemonte e la valle d\u2019Aosta<\/span><\/i><span style=\"font-weight: 400\">. Rome: Carocci.<\/span><\/li>\n<li><span style=\"font-weight: 400\">Telmon, Tullio (1992): <\/span><i><span style=\"font-weight: 400\">Le minoranze linguistiche in Italia.<\/span><\/i><span style=\"font-weight: 400\"> Alexandrie: Edizioni dell\u2019Orso.<\/span><\/li>\n<li><span style=\"font-weight: 400\">Telmon, Tullio (2001): <\/span><i><span style=\"font-weight: 400\">Piemonte e Valle d\u2019Aosta<\/span><\/i><span style=\"font-weight: 400\">. Rome-Bari: Laterza.<\/span><\/li>\n<li><span style=\"font-weight: 400\">Toso, Fiorenzo (2008): <\/span><i><span style=\"font-weight: 400\">Le minoranze linguistiche in Italia<\/span><\/i><span style=\"font-weight: 400\">. Milan: Il Mulino.<\/span><\/li>\n<li><a href=\"https:\/\/www.alepo.unito.it\/il-progetto\">Atlante Linguistico ed Etnografico del Piemonte Occidentale (ALEPO)<\/a><\/li>\n<\/ul>\n<p><b>Autres ressources internet<\/b><\/p>\n<ul>\n<li><a href=\"https:\/\/www.atpmtoponimi.it\/\">L\u2019<em>Atlante\u00a0Toponomastico del Piemonte Montano<\/em> (ATPM)<\/a><\/li>\n<li><a href=\"https:\/\/www.climalp.org\/\">CLiMALp: https:\/\/www.climalp.org\/<\/a><\/li>\n<li class=\"active\"><a href=\"http:\/\/www.chambradoc.it\/tresorDeLenga.page\">Tres\u00f2r de lenga:100 paraulas<\/a><\/li>\n<\/ul>\n<\/div><\/div><div class=\"w-separator size_small\"><\/div><div class=\"w-btn-wrapper align_center\"><a class=\"w-btn us-btn-style_1\" title=\"Le nostre variet\u00e0\" href=\"https:\/\/alpilink.it\/fr\/le-nostre-varieta\/\"><span class=\"w-btn-label\">D\u00e9couvrez les autres vari\u00e9t\u00e9s<\/span><\/a><\/div><div class=\"w-separator size_small\"><\/div><\/div><\/div><\/div><\/div><\/section>\n","protected":false},"excerpt":{"rendered":"OccitanDes vari\u00e9t\u00e9s linguistiques de type occitan sont parl\u00e9es par environ 10-15.000 personnes en Italie du Nord, principalement dans les vall\u00e9es comprises entre la haute vall\u00e9e de Suse, au nord, et le val Vermenagna, au sud, dans les provinces pi\u00e9montaises de Coni\/Cuneo et Turin. Ce territoire italien repr\u00e9sente l\u2019extr\u00e9mit\u00e9 est de la zone plus vaste dans...","protected":false},"author":13,"featured_media":0,"parent":0,"menu_order":0,"comment_status":"closed","ping_status":"closed","template":"","meta":{"footnotes":""},"class_list":["post-878","page","type-page","status-publish","hentry"],"_links":{"self":[{"href":"https:\/\/alpilink.it\/fr\/wp-json\/wp\/v2\/pages\/878","targetHints":{"allow":["GET"]}}],"collection":[{"href":"https:\/\/alpilink.it\/fr\/wp-json\/wp\/v2\/pages"}],"about":[{"href":"https:\/\/alpilink.it\/fr\/wp-json\/wp\/v2\/types\/page"}],"author":[{"embeddable":true,"href":"https:\/\/alpilink.it\/fr\/wp-json\/wp\/v2\/users\/13"}],"replies":[{"embeddable":true,"href":"https:\/\/alpilink.it\/fr\/wp-json\/wp\/v2\/comments?post=878"}],"version-history":[{"count":13,"href":"https:\/\/alpilink.it\/fr\/wp-json\/wp\/v2\/pages\/878\/revisions"}],"predecessor-version":[{"id":5230,"href":"https:\/\/alpilink.it\/fr\/wp-json\/wp\/v2\/pages\/878\/revisions\/5230"}],"wp:attachment":[{"href":"https:\/\/alpilink.it\/fr\/wp-json\/wp\/v2\/media?parent=878"}],"curies":[{"name":"wp","href":"https:\/\/api.w.org\/{rel}","templated":true}]}}