{"id":871,"date":"2022-12-13T12:15:04","date_gmt":"2022-12-13T11:15:04","guid":{"rendered":"https:\/\/sites.dlls.univr.it\/alpilink\/home\/"},"modified":"2025-06-29T17:52:58","modified_gmt":"2025-06-29T15:52:58","slug":"home","status":"publish","type":"page","link":"https:\/\/alpilink.it\/fr\/","title":{"rendered":"Home"},"content":{"rendered":"<section class=\"l-section wpb_row us_custom_81855cf1 has_text_color height_large parallax_fixed\"><div class=\"l-section-overlay\" style=\"background:#f5f5f5\"><\/div><div class=\"l-section-h i-cf\"><div class=\"g-cols vc_row via_grid cols_1-3 laptops-cols_inherit tablets-cols_1 mobiles-cols_1 valign_top type_default stacking_default\" style=\"grid-gap:30px;\"><div class=\"wpb_column vc_column_container hide_on_tablets hide_on_mobiles\"><div class=\"vc_column-inner\"><div class=\"w-image has_ratio align_none\"><div class=\"w-image-h\"><div style=\"padding-bottom:200%\"><\/div><img loading=\"lazy\" decoding=\"async\" width=\"670\" height=\"1024\" src=\"https:\/\/alpilink.it\/wp-content\/uploads\/2023\/07\/signposts-670x1024.png\" class=\"attachment-large size-large\" alt=\"\" srcset=\"https:\/\/alpilink.it\/wp-content\/uploads\/2023\/07\/signposts-670x1024.png 670w, https:\/\/alpilink.it\/wp-content\/uploads\/2023\/07\/signposts-196x300.png 196w\" sizes=\"auto, (max-width: 670px) 100vw, 670px\" \/><\/div><\/div><\/div><\/div><div class=\"wpb_column vc_column_container\"><div class=\"vc_column-inner\"><h1 class=\"w-text us_custom_8e73e9e3 has_text_color\"><span class=\"w-text-h\"><span class=\"w-text-value\">AlpiLinK<\/span><\/span><\/h1><h3 class=\"w-text us_custom_2f8f6ed5 has_text_color\"><span class=\"w-text-h\"><span class=\"w-text-value\">Langues alpines en contact<\/span><\/span><\/h3><div class=\"wpb_text_column\"><div class=\"wpb_wrapper\"><p><i><span style=\"font-weight: 400;\">AlpiLinK<\/span><\/i><span style=\"font-weight: 400;\"> (Langues alpines en contact) est le nouveau projet h\u00e9berg\u00e9 sur la plateforme de crowdsourcing en ligne <\/span><a href=\"https:\/\/alpilink.it\/fr\/vinko\/\"><em>VinKo<\/em><\/a><span style=\"font-weight: 400;\">. Ce projet a pour but de r\u00e9colter des informations sur les dialectes et langues minoritaires germaniques, romanes et slaves de l\u2019ensemble des Alpes italiennes, en rassemblant de grandes quantit\u00e9s de donn\u00e9es gr\u00e2ce au crowdsourcing.<\/span><\/p>\n<\/div><\/div><div class=\"w-separator size_small\"><\/div><div class=\"wpb_text_column us_custom_291b0557 has_text_color\"><div class=\"wpb_wrapper\"><p><span style=\"font-weight: 400;\">Les langues alpines appartiennent \u00e0 trois familles diff\u00e9rentes. Les dialectes\u00a0<strong><a href=\"https:\/\/alpilink.it\/fr\/tirolese\/\">tyroliens<\/a><\/strong> et les langues minoritaires du <a href=\"http:\/\/alpilink.it\/fr\/walser\/\"><strong>walser<\/strong><\/a>, <a href=\"http:\/\/alpilink.it\/fr\/cimbro\/\"><strong>cimbre<\/strong><\/a>, <\/span><a href=\"http:\/\/alpilink.it\/fr\/mocheno\/\"><span style=\"font-weight: 400;\"><strong>m\u00f2cheno<\/strong><\/span><\/a><span style=\"font-weight: 400;\">, de <a href=\"http:\/\/alpilink.it\/fr\/saurano\/\"><strong>Zahre<\/strong><\/a>, <a href=\"http:\/\/alpilink.it\/fr\/sappadino\/\"><strong>Plodn<\/strong><\/a>, <strong><a href=\"https:\/\/alpilink.it\/fr\/timavese\/\">Timau<\/a><\/strong> et l&#8217;allemand du <strong><a href=\"https:\/\/alpilink.it\/fr\/valcanale-tedesco\/\">Kanaltal<\/a><\/strong> sont des langues germaniques. L\u2019<a href=\"http:\/\/alpilink.it\/fr\/occitano\/\"><strong>occitan<\/strong><\/a>, le <a href=\"http:\/\/alpilink.it\/fr\/francoprovencal\/\"><strong>francoproven\u00e7al<\/strong><\/a>, le <strong><a href=\"http:\/\/alpilink.it\/fr\/ladino\/\">ladin<\/a><\/strong>, le <a href=\"http:\/\/alpilink.it\/fr\/friulano\/\"><strong>frioulan<\/strong><\/a> et les dialectes <a href=\"http:\/\/alpilink.it\/fr\/piemontese\/\"><strong>pi\u00e9montais<\/strong><\/a>, <a href=\"http:\/\/alpilink.it\/fr\/lombardo\/\"><strong>lombards<\/strong><\/a>, <a href=\"http:\/\/alpilink.it\/fr\/veneto\/\"><strong>v\u00e9nitiens<\/strong><\/a> et <a href=\"http:\/\/alpilink.it\/fr\/trentino\/\"><strong>trentins<\/strong><\/a> sont des langues romanes. Le <a href=\"https:\/\/alpilink.it\/fr\/resiano\/\"><strong>r\u00e9sian<\/strong><\/a> e le <strong><a href=\"https:\/\/alpilink.it\/fr\/sloveno-della-val-canale\/\">slov\u00e8ne du Kanaltal<\/a><\/strong> font partie des langues slaves.<\/span><\/p>\n<div><\/div>\n<\/div><\/div><div class=\"w-separator size_small\"><\/div><\/div><\/div><\/div><\/div><\/section><section class=\"l-section wpb_row us_custom_f3c9d5b5 has_text_color height_auto color_alternate\"><div class=\"l-section-overlay\" style=\"background:var(--color-header-middle-bg)\"><\/div><div class=\"l-section-h i-cf\"><div class=\"g-cols vc_row via_grid cols_1-3 laptops-cols_inherit tablets-cols_1 mobiles-cols_1 valign_top type_default stacking_default\" style=\"grid-gap:30px;\"><div class=\"wpb_column vc_column_container hide_on_tablets hide_on_mobiles\"><div class=\"vc_column-inner\"><div class=\"w-separator size_small\"><\/div><div class=\"w-image has_ratio align_none\"><div class=\"w-image-h\"><div style=\"padding-bottom:133.3333%\"><\/div><img loading=\"lazy\" decoding=\"async\" width=\"434\" height=\"546\" src=\"https:\/\/alpilink.it\/wp-content\/uploads\/2025\/04\/AlpiLinK_InteractiveMap.png\" class=\"attachment-large size-large\" alt=\"\" srcset=\"https:\/\/alpilink.it\/wp-content\/uploads\/2025\/04\/AlpiLinK_InteractiveMap.png 434w, https:\/\/alpilink.it\/wp-content\/uploads\/2025\/04\/AlpiLinK_InteractiveMap-238x300.png 238w\" sizes=\"auto, (max-width: 434px) 100vw, 434px\" \/><\/div><\/div><\/div><\/div><div class=\"wpb_column vc_column_container\"><div class=\"vc_column-inner\"><div class=\"w-separator size_small\"><\/div><h2 class=\"w-text us_custom_7b2d8a7d has_text_color\"><span class=\"w-text-h\"><span class=\"w-text-value\">\u00c9couter &amp; explorer<\/span><\/span><\/h2><div class=\"wpb_text_column us_custom_c1b4c343 has_text_color\"><div class=\"wpb_wrapper\"><p align=\"justify\"><span style=\"font-weight: 400;\">\u00c9coutez le son des langues des Alpes italiennes. Cliquez simplement sur \u201c\u00c8couter &amp; explorer\u201d ci-dessous pour acc\u00e9der \u00e0 la carte interactive AlpiLinK. Ensuite, s\u00e9lectionnez une phrase, passage dans une histoire, un son ou une image et cliquez sur une localit\u00e9 au choix pour \u00e9couter l\u2019enregistrement audio.<\/span><\/p>\n<\/div><\/div><div class=\"w-separator size_small\"><\/div><div class=\"w-btn-wrapper align_none\"><a class=\"w-btn us-btn-style_1\" title=\"Ascolta &amp; Esplora\" href=\"https:\/\/alpilink.it\/fr\/ascoltaeesplora\/\"><span class=\"w-btn-label\">\u00c9couter &amp; explorer<\/span><\/a><\/div><\/div><\/div><\/div><\/div><\/section><section class=\"l-section wpb_row us_custom_057801f8 height_medium\" id=\"about\"><div class=\"l-section-h i-cf\"><div class=\"g-cols vc_row via_grid cols_1-3 laptops-cols_inherit tablets-cols_1 mobiles-cols_1 valign_top type_default stacking_default\" style=\"grid-gap:7px;\"><div class=\"wpb_column vc_column_container\"><div class=\"vc_column-inner\"><h2 class=\"w-text us_custom_a81c65c5 has_text_color\"><span class=\"w-text-h\"><span class=\"w-text-value\">Le Projet<\/span><\/span><\/h2><\/div><\/div><div class=\"wpb_column vc_column_container\"><div class=\"vc_column-inner\"><h2 class=\"w-text us_custom_7b2d8a7d has_text_color\"><span class=\"w-text-h\"><span class=\"w-text-value\">Qu\u2019est-ce que AlpiLinK?<\/span><\/span><\/h2><div class=\"g-cols wpb_row via_grid cols_2 laptops-cols_inherit tablets-cols_inherit mobiles-cols_1 valign_top type_default stacking_default\"><div class=\"wpb_column vc_column_container\"><div class=\"vc_column-inner\"><div class=\"wpb_text_column us_custom_c1b4c343 has_text_color\"><div class=\"wpb_wrapper\"><p align=\"justify\"><span style=\"font-weight: 400;\">AlpiLinK est l\u2019acronyme de <\/span><i><span style=\"font-weight: 400;\">Alpine Languages in Contact<\/span><\/i><span style=\"font-weight: 400;\">, \u2018langues alpines en contact\u2019. C\u2019est un projet collaboratif des universit\u00e9s de V\u00e9rone, Trente, Bozen-Bolzano, Turin et de la Vall\u00e9e d\u2019Aoste qui a pour objectif de promouvoir et d\u2019\u00e9tudier les langues minoritaires germaniques, romanes et slaves et les dialectes parl\u00e9s dans les r\u00e9gions alpines italiennes: Pi\u00e9mont, Vall\u00e9e d\u2019Aoste, Lombardie, V\u00e9n\u00e9tie, Trentin-Sud-Tyrol et Frioul-V\u00e9n\u00e9tie-Julienne.<\/span><\/p>\n<\/div><\/div><div class=\"w-separator size_small\"><\/div><\/div><\/div><div class=\"wpb_column vc_column_container\"><div class=\"vc_column-inner\"><div class=\"w-separator size_small\"><\/div><div class=\"w-video align_none ratio_16x9\"><div class=\"w-video-h\"><iframe title=\"Youtube video player\" src=\"\/\/www.youtube.com\/embed\/RMZT67-dThE?origin=https:\/\/alpilink.it&controls=1\" allowfullscreen=\"1\" loading=\"lazy\"><\/iframe><\/div><div class=\"w-video-icon\" style=\"font-size:1.5rem;background:rgba(0,0,0,0.5);color:#fff\"><\/div><\/div><\/div><\/div><\/div><div class=\"wpb_text_column\"><div class=\"wpb_wrapper\"><p>Une vid\u00e9o d&#8217;une conf\u00e9rence expliquant en d\u00e9tail les objectifs, les m\u00e9thodes et les r\u00e9sultats d&#8217;AlpiLinK est disponible (en anglais, environ 50 minutes).<\/p>\n<\/div><\/div><div class=\"w-separator size_small\"><\/div><div class=\"w-btn-wrapper align_none\"><a class=\"w-btn us-btn-style_1\" title=\"AlpiLinK\" href=\"http:\/\/alpilink.it\/fr\/progetto\/\"><span class=\"w-btn-label\">Lire tout<\/span><\/a><\/div><div class=\"w-separator size_medium\"><\/div><div class=\"g-cols wpb_row via_grid cols_2 laptops-cols_inherit tablets-cols_inherit mobiles-cols_1 valign_top type_default stacking_default\"><div class=\"wpb_column vc_column_container\"><div class=\"vc_column-inner\"><h4 class=\"w-text us_custom_76081032 has_text_color\"><span class=\"w-text-h\"><span class=\"w-text-value\">D\u00e9couvrir les vari\u00e9t\u00e9s<\/span><\/span><\/h4><div class=\"wpb_text_column us_custom_c1b4c343 has_text_color\"><div class=\"wpb_wrapper\"><p><span style=\"font-weight: 400;\">AlpiLinK collecte des donn\u00e9es pour toutes les vari\u00e9t\u00e9s linguistiques alpines d\u2019Italie appartenant aux familles linguistiques germaniques, (rh\u00e9to-)romanes et slaves.<\/span><\/p>\n<\/div><\/div><div class=\"w-separator size_small\"><\/div><div class=\"w-btn-wrapper align_none\"><a class=\"w-btn us-btn-style_1\" title=\"Le nostre variet\u00e0\" href=\"https:\/\/alpilink.it\/fr\/le-nostre-varieta\/\"><span class=\"w-btn-label\">D\u00e9couvrez-les ici<\/span><\/a><\/div><\/div><\/div><div class=\"wpb_column vc_column_container\"><div class=\"vc_column-inner\"><h4 class=\"w-text us_custom_77b58ed8 has_text_color\"><span class=\"w-text-h\"><span class=\"w-text-value\">\u00c9quipe &amp; contact<\/span><\/span><\/h4><div class=\"wpb_text_column us_custom_c1b4c343 has_text_color\"><div class=\"wpb_wrapper\"><p align=\"justify\"><span style=\"font-weight: 400;\">Notre \u00e9quipe vous r\u00e9pond! N\u2019h\u00e9sitez pas \u00e0 nous contacter pour toute question, commentaire ou suggestion.<\/span><\/p>\n<\/div><\/div><div class=\"w-separator size_small\"><\/div><div class=\"w-btn-wrapper align_none\"><a class=\"w-btn us-btn-style_1\" title=\"Team &amp; Contatti\" href=\"https:\/\/alpilink.it\/fr\/team-e-contatti\/\"><span class=\"w-btn-label\">Nous contacter<\/span><\/a><\/div><\/div><\/div><\/div><\/div><\/div><\/div><\/div><\/section><section class=\"l-section wpb_row height_medium\"><div class=\"l-section-h i-cf\"><div class=\"g-cols vc_row via_grid cols_1 laptops-cols_inherit tablets-cols_inherit mobiles-cols_1 valign_top type_default stacking_default\"><div class=\"wpb_column vc_column_container\"><div class=\"vc_column-inner\"><div class=\"wpb_text_column\"><div class=\"wpb_wrapper\"><div><\/div>\n<\/div><\/div><\/div><\/div><\/div><\/div><\/section>\n","protected":false},"excerpt":{"rendered":"AlpiLinKLangues alpines en contactAlpiLinK (Langues alpines en contact) est le nouveau projet h\u00e9berg\u00e9 sur la plateforme de crowdsourcing en ligne VinKo. Ce projet a pour but de r\u00e9colter des informations sur les dialectes et langues minoritaires germaniques, romanes et slaves de l\u2019ensemble des Alpes italiennes, en rassemblant de grandes quantit\u00e9s de donn\u00e9es gr\u00e2ce au crowdsourcing....","protected":false},"author":1,"featured_media":0,"parent":0,"menu_order":0,"comment_status":"closed","ping_status":"open","template":"","meta":{"footnotes":""},"class_list":["post-871","page","type-page","status-publish","hentry"],"_links":{"self":[{"href":"https:\/\/alpilink.it\/fr\/wp-json\/wp\/v2\/pages\/871","targetHints":{"allow":["GET"]}}],"collection":[{"href":"https:\/\/alpilink.it\/fr\/wp-json\/wp\/v2\/pages"}],"about":[{"href":"https:\/\/alpilink.it\/fr\/wp-json\/wp\/v2\/types\/page"}],"author":[{"embeddable":true,"href":"https:\/\/alpilink.it\/fr\/wp-json\/wp\/v2\/users\/1"}],"replies":[{"embeddable":true,"href":"https:\/\/alpilink.it\/fr\/wp-json\/wp\/v2\/comments?post=871"}],"version-history":[{"count":60,"href":"https:\/\/alpilink.it\/fr\/wp-json\/wp\/v2\/pages\/871\/revisions"}],"predecessor-version":[{"id":7065,"href":"https:\/\/alpilink.it\/fr\/wp-json\/wp\/v2\/pages\/871\/revisions\/7065"}],"wp:attachment":[{"href":"https:\/\/alpilink.it\/fr\/wp-json\/wp\/v2\/media?parent=871"}],"curies":[{"name":"wp","href":"https:\/\/api.w.org\/{rel}","templated":true}]}}