{"id":852,"date":"2023-03-17T16:01:30","date_gmt":"2023-03-17T15:01:30","guid":{"rendered":"https:\/\/sites.dlls.univr.it\/alpilink\/saurano-2\/"},"modified":"2026-01-15T16:43:29","modified_gmt":"2026-01-15T15:43:29","slug":"saurano","status":"publish","type":"page","link":"https:\/\/alpilink.it\/fr\/saurano\/","title":{"rendered":"Dialecte de Zahre"},"content":{"rendered":"<section class=\"l-section wpb_row height_medium\"><div class=\"l-section-h i-cf\"><div class=\"g-cols vc_row via_grid cols_2 laptops-cols_inherit tablets-cols_inherit mobiles-cols_1 valign_top type_default stacking_default\"><div class=\"wpb_column vc_column_container\"><div class=\"vc_column-inner\"><div class=\"w-image us_custom_447bff20 has_ratio align_none\"><div class=\"w-image-h\"><div style=\"padding-bottom:133.3333%\"><\/div><img loading=\"lazy\" decoding=\"async\" width=\"1024\" height=\"685\" src=\"https:\/\/alpilink.it\/wp-content\/uploads\/2023\/04\/1200px-Sauris_di_sotto_07102007_44-1024x685.jpg\" class=\"attachment-large size-large\" alt=\"Sauris di sotto with the church of Saint Oswald in the community Sauris, region Friuli Venezia-Giulia, Italy.\" srcset=\"https:\/\/alpilink.it\/wp-content\/uploads\/2023\/04\/1200px-Sauris_di_sotto_07102007_44-1024x685.jpg 1024w, https:\/\/alpilink.it\/wp-content\/uploads\/2023\/04\/1200px-Sauris_di_sotto_07102007_44-300x201.jpg 300w, https:\/\/alpilink.it\/wp-content\/uploads\/2023\/04\/1200px-Sauris_di_sotto_07102007_44.jpg 1200w\" sizes=\"auto, (max-width: 1024px) 100vw, 1024px\" \/><\/div><\/div><\/div><\/div><div class=\"wpb_column vc_column_container\"><div class=\"vc_column-inner\"><div class=\"w-separator size_small\"><\/div><h2 class=\"w-text\"><span class=\"w-text-h\"><span class=\"w-text-value\">Dialecte de Zahre<\/span><\/span><\/h2><div class=\"wpb_text_column\"><div class=\"wpb_wrapper\"><p><span style=\"font-weight: 400;\">La langue minoritaire germanophone de Zahre (<\/span><i><span style=\"font-weight: 400;\">Sauris<\/span><\/i><span style=\"font-weight: 400;\"> en italien) est appel\u00e9e par la population-m\u00eame <\/span><i><span style=\"font-weight: 400;\">de zahrar sproche<\/span><\/i><span style=\"font-weight: 400;\"> \u2018la langue de Zahre\u2019. Le village de Zahre se trouve dans la r\u00e9gion historique du Frioul, dans la province d\u2019Udine situ\u00e9e au sein de la r\u00e9gion autonome du Frioul-V\u00e9n\u00e9tie-Julienne. Le village est situ\u00e9 \u00e0 environ 1300 m d\u2019altitude au-dessus de la vall\u00e9e du fleuve <\/span><i><span style=\"font-weight: 400;\">Tagliamento<\/span><\/i><span style=\"font-weight: 400;\">. Selon les sources disponibles, la colonisation du lieu remonterait au XIII<\/span><span style=\"font-weight: 400;\">\u00e8me<\/span><span style=\"font-weight: 400;\"> si\u00e8cle, lorsque des colons issus du Tyrol oriental et de la Carinthie s\u2019y sont \u00e9tablis. Ceux-ci parlaient la variante bavaroise m\u00e9ridionale du moyen haut allemand, et vivaient initialement de mani\u00e8re tr\u00e8s isol\u00e9e par rapport aux communaut\u00e9s des environs. Ce n\u2019est qu\u2019\u00e0 partir du XVI<\/span><span style=\"font-weight: 400;\">\u00e8me<\/span><span style=\"font-weight: 400;\"> si\u00e8cle, gr\u00e2ce au culte de Saint Oswald, que le contact avec les villages voisins (o\u00f9 l\u2019on parlait des langues romanes) s\u2019intensifia.<\/span><\/p>\n<p><span style=\"font-weight: 400;\">Zahre compte aujourd\u2019hui environ 400 habitantes et habitants, dont plus ou moins 200 qui parlent le dialecte de Zahre. \u00c0 partir du XIX<\/span><span style=\"font-weight: 400;\">\u00e8me<\/span><span style=\"font-weight: 400;\"> si\u00e8cle, la majeure partie de la population de Zahre est devenue trilingue: outre le dialecte de Zahre, la population parle l\u2019italien standard r\u00e9gional du nord (par le biais de l\u2019\u00e9cole) ainsi qu\u2019une vari\u00e9t\u00e9 de <\/span><a href=\"https:\/\/alpilink.it\/fr\/friulano\/\"><span style=\"font-weight: 400;\">frioulan<\/span><\/a><span style=\"font-weight: 400;\"> (le frioulan carnique).<\/span><\/p>\n<\/div><\/div><\/div><\/div><\/div><\/div><\/section><section class=\"l-section wpb_row height_auto\"><div class=\"l-section-h i-cf\"><div class=\"g-cols vc_row via_grid cols_1 laptops-cols_inherit tablets-cols_inherit mobiles-cols_1 valign_top type_default stacking_default\"><div class=\"wpb_column vc_column_container\"><div class=\"vc_column-inner\"><div class=\"wpb_text_column\"><div class=\"wpb_wrapper\"><p><span style=\"font-weight: 400;\"> La langue pr\u00e9dominante pour l\u2019\u00e9criture est l\u2019italien, m\u00eame si le d\u00e9veloppement r\u00e9cent d\u2019une forme \u00e9crite du dialecte de Zahre a port\u00e9 \u00e0 un usage sporadique de la langue minoritaire dans le domaine \u00e9crit (par ex. dans les messages WhatsApp).<\/span><\/p>\n<p><span style=\"font-weight: 400;\">Le contact avec l\u2019allemand \u00e9crit se limite \u00e0 l\u2019enseignement de l\u2019allemand comme langue \u00e9trang\u00e8re. Au cours des derni\u00e8res ann\u00e9es, l\u2019on a pu observer un regain d\u2019int\u00e9r\u00eat pour la conservation du dialecte de Zahre: des cours de langue sont propos\u00e9s, et il est possible de suivre des cours en dialecte de Zahre \u00e0 l\u2019\u00e9cole primaire. Ceci a \u00e9t\u00e9 rendu possible par la loi italienne nationale n\u00b0 482\/1999 qui reconna\u00eet, au sein de la r\u00e9gion Frioul-V\u00e9n\u00e9tie-Julienne, le <\/span><a href=\"https:\/\/alpilink.it\/fr\/friulano\/\"><span style=\"font-weight: 400;\">frioulan<\/span><\/a><span style=\"font-weight: 400;\">, le slov\u00e8ne ainsi que les dialectes historiques de l\u2019allemand en tant que langues minoritaires.<\/span><\/p>\n<p><b>Pour approfondir<\/b><\/p>\n<ul>\n<li><span style=\"font-weight: 400;\">Baum, Wilhelm (1983): <\/span><i><span style=\"font-weight: 400;\">Deutsche Sprachinseln in Friaul<\/span><\/i><span style=\"font-weight: 400;\">. Klagenfurt: Carinthia.<\/span><\/li>\n<li>Costantini, Francesco (2019): Aspetti di linguistica saurana. Roma: Il Calamo.<\/li>\n<li><span style=\"font-weight: 400;\">Denison, Norman (1994): Diachrone und synchrone Aspekte der Mundart der deutschen Sprachinsel Zahre. In Maria Hornung (dir.): <\/span><i><span style=\"font-weight: 400;\">Die deutschen Sprachinseln in den S\u00fcdalpen. Mundarten und Volkstum<\/span><\/i><span style=\"font-weight: 400;\">. Hildesheim\/Zurich\/New York: Olms, 223-236.<\/span><\/li>\n<li><span style=\"font-weight: 400;\">Denison, Norman &amp; Hans Grassegger (2007):<\/span><i><span style=\"font-weight: 400;\"> Zahrer W\u00f6rterbuch. Vocabolario saurano<\/span><\/i><span style=\"font-weight: 400;\">. Udine: Amaro.<\/span><\/li>\n<li><span style=\"font-weight: 400;\">Geyer, Ingeborg (2018): Wortschatzentwicklung in den Sprachinseln Sappada\/Pladen, Sauris\/Zahre und Timau\/Tischelwang im historischen Friaul.<br \/>\n<\/span><a href=\"https:\/\/alpilink.it\/wp-content\/uploads\/2024\/05\/GL_239-240_E-Book.pdf\"><em>Germanistische Linguistik<\/em> 239-240<\/a>, 325\u2013343.<\/li>\n<li><span style=\"font-weight: 400;\">Protto, Lucia (2004): Zahre-Sauris. Deutschsprachige Gemeinschaft in der Provinz Udine. In Karin, Heller, Luis Thomas Prader &amp; Christian Prezzi (dir.):<\/span><i><span style=\"font-weight: 400;\"> Lebendige Sprachinseln. Beitr\u00e4ge aus den historischen deutschen Minderheiten in Italien<\/span><\/i><span style=\"font-weight: 400;\">. Lus\u00e9rn, 255-289.<\/span><\/li>\n<li>Wurzer, Bernhard (1973): <i>Die deutschen Sprachinseln in Oberitalien<\/i>. Bozen-Bolzano: Athesia.<\/li>\n<li style=\"list-style-type: none;\"><\/li>\n<\/ul>\n<p><strong><b>Ressources internet<\/b><\/strong><\/p>\n<ul>\n<li style=\"font-weight: 400;\"><span style=\"font-weight: 400;\">Version en ligne du<\/span><a href=\"http:\/\/saurano.claap.org\/\"><span style=\"font-weight: 400;\"> Vocabulaire du dialecte de Zahre<\/span><\/a><span style=\"font-weight: 400;\"> de Denison &amp; Grassegger (2007)<\/span><\/li>\n<li><a href=\"https:\/\/archiviosauris.uniud.it\/\">Archive num\u00e9rique du dialecte de Zahre<\/a><\/li>\n<\/ul>\n<p><strong>Site web de la communaut\u00e9 de Sauris<\/strong><\/p>\n<ul>\n<li><a href=\"https:\/\/www.sauris-zahre.org\/\" target=\"_blank\" rel=\"noopener noreferrer\">Circolo Citurale Saurano\/Zahrar Kulturzirkul &#8220;Fulgenzio Schneider&#8221;<\/a><\/li>\n<\/ul>\n<\/div><\/div><div class=\"w-separator size_small\"><\/div><div class=\"w-btn-wrapper align_center\"><a class=\"w-btn us-btn-style_1\" title=\"Le nostre variet\u00e0\" href=\"https:\/\/alpilink.it\/fr\/le-nostre-varieta\/\"><span class=\"w-btn-label\">D\u00e9couvrez les autres vari\u00e9t\u00e9s<\/span><\/a><\/div><div class=\"w-separator size_small\"><\/div><\/div><\/div><\/div><\/div><\/section>\n","protected":false},"excerpt":{"rendered":"Dialecte de ZahreLa langue minoritaire germanophone de Zahre (Sauris en italien) est appel\u00e9e par la population-m\u00eame de zahrar sproche \u2018la langue de Zahre\u2019. Le village de Zahre se trouve dans la r\u00e9gion historique du Frioul, dans la province d\u2019Udine situ\u00e9e au sein de la r\u00e9gion autonome du Frioul-V\u00e9n\u00e9tie-Julienne. Le village est situ\u00e9 \u00e0 environ 1300...","protected":false},"author":1,"featured_media":0,"parent":0,"menu_order":0,"comment_status":"closed","ping_status":"closed","template":"","meta":{"footnotes":""},"class_list":["post-852","page","type-page","status-publish","hentry"],"_links":{"self":[{"href":"https:\/\/alpilink.it\/fr\/wp-json\/wp\/v2\/pages\/852","targetHints":{"allow":["GET"]}}],"collection":[{"href":"https:\/\/alpilink.it\/fr\/wp-json\/wp\/v2\/pages"}],"about":[{"href":"https:\/\/alpilink.it\/fr\/wp-json\/wp\/v2\/types\/page"}],"author":[{"embeddable":true,"href":"https:\/\/alpilink.it\/fr\/wp-json\/wp\/v2\/users\/1"}],"replies":[{"embeddable":true,"href":"https:\/\/alpilink.it\/fr\/wp-json\/wp\/v2\/comments?post=852"}],"version-history":[{"count":24,"href":"https:\/\/alpilink.it\/fr\/wp-json\/wp\/v2\/pages\/852\/revisions"}],"predecessor-version":[{"id":7196,"href":"https:\/\/alpilink.it\/fr\/wp-json\/wp\/v2\/pages\/852\/revisions\/7196"}],"wp:attachment":[{"href":"https:\/\/alpilink.it\/fr\/wp-json\/wp\/v2\/media?parent=852"}],"curies":[{"name":"wp","href":"https:\/\/api.w.org\/{rel}","templated":true}]}}