{"id":785,"date":"2023-01-23T14:15:44","date_gmt":"2023-01-23T13:15:44","guid":{"rendered":"https:\/\/sites.dlls.univr.it\/alpilink\/ladino\/"},"modified":"2026-03-15T19:07:52","modified_gmt":"2026-03-15T18:07:52","slug":"ladino","status":"publish","type":"page","link":"https:\/\/alpilink.it\/fr\/ladino\/","title":{"rendered":"Ladin"},"content":{"rendered":"<section class=\"l-section wpb_row height_medium\"><div class=\"l-section-h i-cf\"><div class=\"g-cols vc_row via_grid cols_2 laptops-cols_inherit tablets-cols_inherit mobiles-cols_1 valign_top type_default stacking_default\"><div class=\"wpb_column vc_column_container\"><div class=\"vc_column-inner\"><div class=\"w-image us_custom_447bff20 has_ratio align_none\"><div class=\"w-image-h\"><div style=\"padding-bottom:133.3333%\"><\/div><img loading=\"lazy\" decoding=\"async\" width=\"1024\" height=\"768\" src=\"https:\/\/alpilink.it\/wp-content\/uploads\/2024\/06\/StLeonhard-Abtei-Plangsarores-1024x768.jpg\" class=\"attachment-large size-large\" alt=\"\" srcset=\"https:\/\/alpilink.it\/wp-content\/uploads\/2024\/06\/StLeonhard-Abtei-Plangsarores-1024x768.jpg 1024w, https:\/\/alpilink.it\/wp-content\/uploads\/2024\/06\/StLeonhard-Abtei-Plangsarores-300x225.jpg 300w, https:\/\/alpilink.it\/wp-content\/uploads\/2024\/06\/StLeonhard-Abtei-Plangsarores.jpg 1200w\" sizes=\"auto, (max-width: 1024px) 100vw, 1024px\" \/><\/div><\/div><div class=\"wpb_text_column\"><div class=\"wpb_wrapper\"><p><!-- \/wp:post-content --><\/p>\n<\/div><\/div><\/div><\/div><div class=\"wpb_column vc_column_container\"><div class=\"vc_column-inner\"><div class=\"w-separator size_small\"><\/div><h2 class=\"w-text\"><span class=\"w-text-h\"><span class=\"w-text-value\">Ladin<\/span><\/span><\/h2><div class=\"wpb_text_column\"><div class=\"wpb_wrapper\"><p><span style=\"font-weight: 400;\">Le ladin est une langue parl\u00e9e dans certaines zones alpines du Trentin-Sud-Tyrol et de la V\u00e9n\u00e9tie, et repr\u00e9sente le descendant direct de la vari\u00e9t\u00e9 locale du latin vulgaire qui y \u00e9tait parl\u00e9 autrefois.<br \/><\/span><\/p>\n<p><span style=\"font-weight: 400;\">En se basant sur l\u2019histoire et la culture des vall\u00e9es ladines, l\u2019on peut distinguer un ladin \u2018tyrolien\u2019 d\u2019un ladin \u2018v\u00e9nitien\u2019. Le premier est parl\u00e9 dans les cinq vall\u00e9es qui, jusqu\u2019en 1919, ont appartenu \u00e0 l\u2019empire austro-hongrois: la vall\u00e9e de <\/span><i><span style=\"font-weight: 400;\">Gherd\u00ebina<\/span><\/i><span style=\"font-weight: 400;\"> et celle de <\/span><i><span style=\"font-weight: 400;\">Badia<\/span><\/i><span style=\"font-weight: 400;\">, dans l\u2019actuelle province de Bozen-Bolzano, la vall\u00e9e de <\/span><i><span style=\"font-weight: 400;\">Fascia<\/span><\/i><span style=\"font-weight: 400;\"> dans la province de Trente et finalement, les vall\u00e9es de <\/span><i><span style=\"font-weight: 400;\">Fodom<\/span><\/i><span style=\"font-weight: 400;\"> et <\/span><i><span style=\"font-weight: 400;\">Col<\/span><\/i><span style=\"font-weight: 400;\"> ainsi que <\/span><i><span style=\"font-weight: 400;\">Anpezo<\/span><\/i><span style=\"font-weight: 400;\"> dans la province de Belluno. Le ladin \u2018v\u00e9nitien\u2019 est quant \u00e0 lui parl\u00e9 dans la r\u00e9gion qui appartenait \u00e0 la r\u00e9publique de Venise (cfr. Pellegrini 1977): les zones qui se sont d\u00e9clar\u00e9es ladines sont le <\/span><i><span style=\"font-weight: 400;\">Comelico<\/span><\/i><span style=\"font-weight: 400;\">, le <\/span><i><span style=\"font-weight: 400;\">Cadore<\/span><\/i><span style=\"font-weight: 400;\">, la <\/span><i><span style=\"font-weight: 400;\">Val Pettorina<\/span><\/i><span style=\"font-weight: 400;\">, l\u2019<\/span><i><span style=\"font-weight: 400;\">Agordino<\/span><\/i><span style=\"font-weight: 400;\"> et <\/span><i><span style=\"font-weight: 400;\">Zoldo<\/span><\/i><span style=\"font-weight: 400;\">. En outre, les dialectes des vall\u00e9es de <\/span><i><span style=\"font-weight: 400;\">Non<\/span><\/i><span style=\"font-weight: 400;\"> et (partiellement) de <\/span><i><span style=\"font-weight: 400;\">Sole<\/span><\/i><span style=\"font-weight: 400;\"> sont consid\u00e9r\u00e9s comme des vari\u00e9t\u00e9s de transition, car elles pr\u00e9sentent des traits typiques du ladin mais \u00e9galement des traits typiques des dialectes trentins.<\/span><\/p>\n<\/div><\/div><\/div><\/div><\/div><\/div><\/section><section class=\"l-section wpb_row height_auto\"><div class=\"l-section-h i-cf\"><div class=\"g-cols vc_row via_grid cols_1 laptops-cols_inherit tablets-cols_inherit mobiles-cols_1 valign_top type_default stacking_default\"><div class=\"wpb_column vc_column_container\"><div class=\"vc_column-inner\"><div class=\"wpb_text_column\"><div class=\"wpb_wrapper\"><p><!-- wp:paragraph --><\/p>\n<p><span style=\"font-weight: 400;\">Il est \u00e9galement possible d\u2019observer des subdivisions internes au sein des diff\u00e9rentes vari\u00e9t\u00e9s ladines. Dans la <\/span><i><span style=\"font-weight: 400;\">Val Badia<\/span><\/i><span style=\"font-weight: 400;\">, par exemple, l\u2019on distingue au moins trois dialectes: le <\/span><i><span style=\"font-weight: 400;\">badiot<\/span><\/i><span style=\"font-weight: 400;\"> (parl\u00e9 dans la partie plus haute de la vall\u00e9e), le <\/span><i><span style=\"font-weight: 400;\">badiot de mesaval<\/span><\/i><span style=\"font-weight: 400;\"> (dans la partie interm\u00e9diaire et basse) et la vari\u00e9t\u00e9 de <\/span><i><span style=\"font-weight: 400;\">Mareo<\/span><\/i><span style=\"font-weight: 400;\"> (dans la vall\u00e9e adjacente de <\/span><i><span style=\"font-weight: 400;\">Mareo<\/span><\/i><span style=\"font-weight: 400;\">). Le ladin de Fascia est lui aussi divis\u00e9 en trois dialectes: le <\/span><i><span style=\"font-weight: 400;\">caz\u00e9t<\/span><\/i><span style=\"font-weight: 400;\"> (dans la partie plus haute de la vall\u00e9e), le <\/span><i><span style=\"font-weight: 400;\">brach<\/span><\/i><span style=\"font-weight: 400;\"> (dans la partie centrale) et le <\/span><i><span style=\"font-weight: 400;\">moenat<\/span><\/i><span style=\"font-weight: 400;\"> (centr\u00e9 autour du village de <\/span><i><span style=\"font-weight: 400;\">Moena<\/span><\/i><span style=\"font-weight: 400;\">). Gr\u00e2ce \u00e0 l\u2019<\/span><i><span style=\"font-weight: 400;\">Atlant linguistich dl ladin dolomitich y di dialec vejins<\/span><\/i><span style=\"font-weight: 400;\"> (ALD), l\u2019on a \u00e0 disposition une documentation d\u00e9taill\u00e9e des diff\u00e9rentes vari\u00e9t\u00e9s et de leurs subdivisions.<\/span><\/p>\n<p><span style=\"font-weight: 400;\">La vitalit\u00e9 du ladin varie fortement d\u2019une vall\u00e9e \u00e0 l\u2019autre: la <\/span><i><span style=\"font-weight: 400;\">Val Badia<\/span><\/i><span style=\"font-weight: 400;\"> conna\u00eet les pourcentages d\u2019usage du ladin les plus \u00e9lev\u00e9s, avec une (quasi-)omnipr\u00e9sence du ladin dans la plupart des contextes d\u2019usage quotidiens de la population locale. Le pourcentage de celles et ceux qui d\u00e9clarent \u00eatre et\/ou parler ladin d\u00e9cro\u00eet progressivement lorsque l\u2019on se rend \u00e0 <\/span><i><span style=\"font-weight: 400;\">Gherd\u00ebina<\/span><\/i><span style=\"font-weight: 400;\">, puis dans la vall\u00e9e de <\/span><i><span style=\"font-weight: 400;\">Fascia<\/span><\/i><span style=\"font-weight: 400;\">, celle de <\/span><i><span style=\"font-weight: 400;\">Fodom<\/span><\/i><span style=\"font-weight: 400;\"> et <\/span><i><span style=\"font-weight: 400;\">Col<\/span><\/i><span style=\"font-weight: 400;\"> et finalement <\/span><i><span style=\"font-weight: 400;\">Anpezo<\/span><\/i><span style=\"font-weight: 400;\"> (o\u00f9 les ladinophones constituent une minorit\u00e9). R\u00e9cemment, une enqu\u00eate sociolinguistique a \u00e9t\u00e9 men\u00e9e dans la zone v\u00e9nitienne; les r\u00e9sultats para\u00eetront sous peu (cfr. Melchior 2023).<\/span><\/p>\n<p><span style=\"font-weight: 400;\">Code: ISO 639-3 lld<\/span><\/p>\n<p>R\u00e9f\u00e9rences bibliographiques<\/p>\n<ul>\n<li><span style=\"font-weight: 400;\">ALD = Goebl, Hans (dir.) (1998-2012): <\/span><a href=\"https:\/\/www.ald.gwi.uni-muenchen.de\/it\/?db=ald1\"><i><span style=\"font-weight: 400;\">Atlant linguistich dl ladin dolomitich y di dialec vejins. Atlante linguistico del ladino dolomitico e dei dialetti limitrofi. Sprachatlas des Dolomitenladinischen und angrenzender Dialekte<\/span><\/i><\/a><span style=\"font-weight: 400;\">. 2 parties. 11 vol. Wiesbaden: Reichert.<\/span><\/li>\n<li><span style=\"font-weight: 400;\">Melchior, Luca (2023): <\/span><i><span style=\"font-weight: 400;\">Indagine sulle comunit\u00e0 linguistiche del Veneto<\/span><\/i><span style=\"font-weight: 400;\">. Udine\/Venise: Soci\u00e9t\u00e9 Philologique Frioulane\/R\u00e9gion de V\u00e9n\u00e9tie.<\/span><\/li>\n<li><span style=\"font-weight: 400;\">Pellegrini, Giovan Battista (1977): <\/span><a href=\"https:\/\/phaidra.cab.unipd.it\/detail\/o:318149\"><i><span style=\"font-weight: 400;\">Carta dei dialetti d\u2019Italia<\/span><\/i><\/a><span style=\"font-weight: 400;\">. Pise: Pacini <\/span><\/li>\n<\/ul>\n<p><b>Pour approfondir<\/b><\/p>\n<ul>\n<li>Videsott, Paul Videsott: <a href=\"https:\/\/www.amazon.fr\/Ladins-Dolomites-Paul-Videsott\/dp\/2910878473\">Les Ladins des Dolomites<\/a>. Crozon (Bretagne): \u00c9ditions Armeline (2023) 316 S. [Peuples en p\u00e9ril, 7].<\/li>\n<li><span class=\"itg_tools_quotation\">Casalicchio, Jan (2020): <a href=\"http:\/\/www.kit.gwi.uni-muenchen.de\/?p=16035&amp;v=1\">Ladinia dolomitica, Versione 1 <\/a>(18.05.2020, 18:37). In Roland Bauer &amp; Thomas Krefeld (dir.) (2020): <em>Lo spazio comunicativo dell\u2019Italia e delle variet\u00e0 italiane<\/em>, Version 88. Korpus im Text<\/span>.<\/li>\n<li><span style=\"font-weight: 400;\">Dell\u2019Aquila, Vittorio &amp; Gabriele Iann\u00e0ccaro (2006):<\/span><a href=\"https:\/\/www.academia.edu\/1635334\/SURVEY_LADINS_USI_LINGUISTICI_NELLE_VALLI_LADINE\"> <i><span style=\"font-weight: 400;\">Survey Ladins. Usi linguistici nelle valli ladine<\/span><\/i><\/a><span style=\"font-weight: 400;\">. Trente: R\u00e9gion Autonome du Trentin-Sud-Tyrol.<\/span><\/li>\n<li style=\"font-weight: 400;\"><span style=\"font-weight: 400;\">Dell\u2019Aquila, Vittorio, Fernando Ramallo &amp; Sabrina Rasom (dir.) (2022). <\/span><a href=\"https:\/\/www.istladin.net\/images\/public\/cms\/files\/cod_1177491943.pdf?_gl=1*1kynruo*_up*MQ..*_ga*NzU3NDUyNjczLjE3MDcyMjc2NDk.*_ga_DL9SGFYS60*MTcwNzIyNzY0OS4xLjEuMTcwNzIyNzY2OS4wLjAuMA\"><i><span style=\"font-weight: 400;\">CLAM 2021. Cimbri, ladini, m\u00f2cheni. I dati<\/span><\/i><\/a><span style=\"font-weight: 400;\">. Num\u00e9ro monographique de <\/span><i><span style=\"font-weight: 400;\">Mondo ladino <\/span><\/i><span style=\"font-weight: 400;\">46.<\/span><\/li>\n<li><span style=\"font-weight: 400;\">Dell&#8217;Aquila, Vittorio, Sabrina Rasom &amp; Nadia Chiocchetti (dir.) (2023). <\/span><i><span style=\"font-weight: 400;\">CLAM 2021. Cimbri, ladini, m\u00f2cheni. Analisi dei dati: restituzione alla popolazione e indicazioni di politica linguistica. <\/span><\/i><span style=\"font-weight: 400;\">Num\u00e9ro monographique de <\/span><i><span style=\"font-weight: 400;\">Mondo ladino <\/span><\/i><span style=\"font-weight: 400;\">47.<\/span><\/li>\n<li><span style=\"font-weight: 400;\">Videsott, Paul, Ruth Videsott &amp; Jan Casalicchio (2020): <a href=\"https:\/\/iris.unipa.it\/handle\/10447\/371554\"><em>Manuale di linguistica ladina<\/em><\/a>. Berlin\/Boston: De Gruyter.<\/span><\/li>\n<li>Videsott, Ruth (2025): <em>Gramatica dl ladin scrit dla Val Badia<\/em>. San Martin de Tor: Istitut Ladin &#8220;Micur\u00e1 de R\u00fc&#8221;.<\/li>\n<\/ul>\n<p><strong>Autres ressources Internet<\/strong><\/p>\n<ul>\n<li>Dictionnaires (<a href=\"https:\/\/itavalbadia.ladinternet.it\/\">Ladin de la Val Badia \u2013 Italien<\/a>\/<a href=\"https:\/\/itavalbadia.ladinternet.it\/\">Italien &#8211; Val Badia<\/a>,\u00a0<a href=\"https:\/\/forniita.ladinternet.it\/\">Ladin de<\/a> <a href=\"https:\/\/forniita.ladinternet.it\/\">Gherd\u00ebina &#8211; Italien\/Italien &#8211; Gherd\u00ebina<\/a>,\u00a0<a href=\"http:\/\/dilf2.ladintal.it\/\">Ladin de Fascia &#8211; Italien<\/a>\/<a href=\"http:\/\/dilf2.ladintal.it\/\">Italien &#8211; Fascia<\/a>)<\/li>\n<li><a href=\"http:\/\/vll.ladintal.it\/applications\/textanalysis\/search.jsp?_VP_V_ID=161378492\">Corpus de ladin litt\u00e9raire<\/a><\/li>\n<li><a href=\"http:\/\/vll.smallcodes.com\/\">Vocabulaire du ladino litt\u00e9raire<\/a><\/li>\n<li><a href=\"https:\/\/cimbro-ladino-mocheno-2021.lett.unitn.it\/\">CLAM 2021<\/a> (Cimbro Ladino Mocheno 2021: <span style=\"font-weight: 400;\">enqu\u00eate sur les pratiques d\u2019usage linguistique et les attitudes vis-\u00e0-vis des langues minoritaires de personnes qui habitent les communes avec des langues minoritaires des provinces de Trente, Bozen-Bolzano et Belluno)<\/span><\/li>\n<li><span style=\"font-weight: 400;\">Version digitale de l<a href=\"https:\/\/www.ald.gwi.uni-muenchen.de\/?db=ald1\">&#8216;ALD<\/a> (<\/span><i><span style=\"font-weight: 400;\">digitALD<\/span><\/i><span style=\"font-weight: 400;\">)<\/span><\/li>\n<li><a href=\"https:\/\/museodolom.it\/filo-ladin\/\">Fil\u00f2 Ladin: Museo dolom.it<\/a><\/li>\n<\/ul>\n<p><b>Sites web des communaut\u00e9s ladines<\/b><\/p>\n<ul>\n<li style=\"font-weight: 400;\"><a href=\"https:\/\/www.istladin.net\/it\/home\"><span style=\"font-weight: 400;\">Istitut Cultural Ladin &#8220;Majon di Fascegn&#8221;<\/span><\/a><\/li>\n<li style=\"font-weight: 400;\"><a href=\"https:\/\/www.micura.it\/it\/\"><span style=\"font-weight: 400;\">Istitut Ladin &#8220;Micur\u00e0 de R\u00fc&#8221;<\/span><\/a><\/li>\n<li style=\"font-weight: 400;\"><a href=\"https:\/\/www.istitutoladino.org\/\"><span style=\"font-weight: 400;\">Istitut Cultural Ladin &#8220;Cesa de Jan&#8221;<\/span><\/a><\/li>\n<li><a href=\"https:\/\/www.istitutoladino.it\/\"><span style=\"font-weight: 400;\">Istituto Ladin de la Dolomites<\/span><\/a><span style=\"font-weight: 400;\"> (<a href=\"https:\/\/www.ilgazzettino.it\/pay\/belluno_pay\/borca_di_cadore_l_istituto_ladin_de_la_dolomites_di_borca_chiude_dopo_17_anni-5632146.html\">ferm\u00e9 le 1 d\u00e9cembre 2020<\/a>)<\/span><\/li>\n<li>Unions<a href=\"http:\/\/www.uniongenerela.it\/it\/\"> (Union Generela di Ladins dla Dolomites, <\/a><a href=\"https:\/\/www.ulg.it\/\"><span style=\"font-weight: 400;\">Union Ladins Gherd\u00ebina,\u00a0<\/span><\/a><a href=\"https:\/\/www.uniunladins.it\/\"><span style=\"font-weight: 400;\">Uniun Ladins Val Badia,\u00a0<\/span><\/a><a href=\"https:\/\/www.ladinsdefascia.it\/\"><span style=\"font-weight: 400;\">Union di Ladins de Fascia,\u00a0<\/span><\/a><a href=\"http:\/\/www.ladins.it\/it\/\"><span style=\"font-weight: 400;\">Union Ladins de Fodom<\/span><\/a>,\u00a0<a href=\"https:\/\/www.facebook.com\/unionladisdeanpezo\/\"><span style=\"font-weight: 400;\">Union Ladis de Anpezo,\u00a0<\/span><\/a><a href=\"https:\/\/www.facebook.com\/uniondeiladigndacol\/\"><span style=\"font-weight: 400;\">Union dei Ladign da Col,\u00a0<\/span><\/a><a href=\"http:\/\/www.unionladina.it\/sito\/unioni-ladine\">lista delle unioni ladine del ladino Veneto)<\/a><\/li>\n<\/ul>\n<\/div><\/div><div class=\"w-separator size_small\"><\/div><div class=\"w-btn-wrapper align_center\"><a class=\"w-btn us-btn-style_1\" title=\"Le nostre variet\u00e0\" href=\"https:\/\/alpilink.it\/fr\/le-nostre-varieta\/\"><span class=\"w-btn-label\">D\u00e9couvrez les autres vari\u00e9t\u00e9s<\/span><\/a><\/div><div class=\"w-separator size_small\"><\/div><\/div><\/div><\/div><\/div><\/section>","protected":false},"excerpt":{"rendered":"Ladin Le ladin est une langue parl\u00e9e dans certaines zones alpines du Trentin-Sud-Tyrol et de la V\u00e9n\u00e9tie, et repr\u00e9sente le descendant direct de la vari\u00e9t\u00e9 locale du latin vulgaire qui y \u00e9tait parl\u00e9 autrefois. En se basant sur l\u2019histoire et la culture des vall\u00e9es ladines, l\u2019on peut distinguer un ladin \u2018tyrolien\u2019 d\u2019un ladin \u2018v\u00e9nitien\u2019. Le...","protected":false},"author":1,"featured_media":0,"parent":0,"menu_order":0,"comment_status":"closed","ping_status":"closed","template":"","meta":{"footnotes":""},"class_list":["post-785","page","type-page","status-publish","hentry"],"_links":{"self":[{"href":"https:\/\/alpilink.it\/fr\/wp-json\/wp\/v2\/pages\/785","targetHints":{"allow":["GET"]}}],"collection":[{"href":"https:\/\/alpilink.it\/fr\/wp-json\/wp\/v2\/pages"}],"about":[{"href":"https:\/\/alpilink.it\/fr\/wp-json\/wp\/v2\/types\/page"}],"author":[{"embeddable":true,"href":"https:\/\/alpilink.it\/fr\/wp-json\/wp\/v2\/users\/1"}],"replies":[{"embeddable":true,"href":"https:\/\/alpilink.it\/fr\/wp-json\/wp\/v2\/comments?post=785"}],"version-history":[{"count":62,"href":"https:\/\/alpilink.it\/fr\/wp-json\/wp\/v2\/pages\/785\/revisions"}],"predecessor-version":[{"id":7398,"href":"https:\/\/alpilink.it\/fr\/wp-json\/wp\/v2\/pages\/785\/revisions\/7398"}],"wp:attachment":[{"href":"https:\/\/alpilink.it\/fr\/wp-json\/wp\/v2\/media?parent=785"}],"curies":[{"name":"wp","href":"https:\/\/api.w.org\/{rel}","templated":true}]}}