{"id":659,"date":"2023-03-17T15:25:34","date_gmt":"2023-03-17T14:25:34","guid":{"rendered":"https:\/\/sites.dlls.univr.it\/alpilink\/dialetti-veneti\/"},"modified":"2023-07-10T16:40:40","modified_gmt":"2023-07-10T14:40:40","slug":"veneto","status":"publish","type":"page","link":"https:\/\/alpilink.it\/fr\/veneto\/","title":{"rendered":"V\u00e9nitien"},"content":{"rendered":"<div class=\"wpb_column vc_column_container\"><div class=\"vc_column-inner\"><\/div><\/div><section class=\"l-section wpb_row height_medium\"><div class=\"l-section-h i-cf\"><div class=\"g-cols vc_row via_grid cols_2 laptops-cols_inherit tablets-cols_inherit mobiles-cols_1 valign_top type_default stacking_default\"><div class=\"wpb_column vc_column_container\"><div class=\"vc_column-inner\"><div class=\"w-image us_custom_447bff20 has_ratio align_none\"><div class=\"w-image-h\"><div style=\"padding-bottom:133.3333%\"><\/div><img loading=\"lazy\" decoding=\"async\" width=\"1024\" height=\"678\" src=\"https:\/\/alpilink.it\/wp-content\/uploads\/2022\/12\/stone-bridge-gd4fa3de9e_1920-1024x678.jpg\" class=\"attachment-large size-large\" alt=\"\" srcset=\"https:\/\/alpilink.it\/wp-content\/uploads\/2022\/12\/stone-bridge-gd4fa3de9e_1920-1024x678.jpg 1024w, https:\/\/alpilink.it\/wp-content\/uploads\/2022\/12\/stone-bridge-gd4fa3de9e_1920-300x199.jpg 300w, https:\/\/alpilink.it\/wp-content\/uploads\/2022\/12\/stone-bridge-gd4fa3de9e_1920-768x509.jpg 768w, https:\/\/alpilink.it\/wp-content\/uploads\/2022\/12\/stone-bridge-gd4fa3de9e_1920-1536x1018.jpg 1536w, https:\/\/alpilink.it\/wp-content\/uploads\/2022\/12\/stone-bridge-gd4fa3de9e_1920.jpg 1920w\" sizes=\"auto, (max-width: 1024px) 100vw, 1024px\" \/><\/div><\/div><\/div><\/div><div class=\"wpb_column vc_column_container\"><div class=\"vc_column-inner\"><div class=\"w-separator size_small\"><\/div><h2 class=\"w-text us_custom_c1b4c343 has_text_color\"><span class=\"w-text-h\"><span class=\"w-text-value\">V\u00e9nitien<\/span><\/span><\/h2><div class=\"wpb_text_column us_custom_c1b4c343 has_text_color\"><div class=\"wpb_wrapper\"><p align=\"justify\"><span style=\"font-weight: 400\">Les dialectes v\u00e9nitiens couvrent une vaste zone en Italie du Nord-Est, non seulement dans la r\u00e9gion de V\u00e9n\u00e9tie mais \u00e9galement au Trentin et au Frioul, en plus des territoires d\u2019outre-mer o\u00f9 des dialectes v\u00e9nitiens sont parl\u00e9s suite \u00e0 l\u2019\u00e9migration italienne des XIX<\/span><span style=\"font-weight: 400\">\u00e8me<\/span><span style=\"font-weight: 400\"> et XX<\/span><span style=\"font-weight: 400\">\u00e8me<\/span><span style=\"font-weight: 400\"> si\u00e8cles.<\/span><\/p>\n<p align=\"justify\"><span style=\"font-weight: 400\">Selon la classification dialectologique traditionnelle, les dialectes v\u00e9nitiens forment un groupe \u00e0 part entour\u00e9 des dialectes gallo-italiques au sud et \u00e0 l\u2019ouest (\u00e9milien, <\/span><a href=\"https:\/\/alpilink.it\/fr\/lombardo\/\"><span style=\"font-weight: 400\">lombard<\/span><\/a><span style=\"font-weight: 400\">), du <\/span><a href=\"https:\/\/alpilink.it\/fr\/ladino\/\"><span style=\"font-weight: 400\">ladin<\/span><\/a><span style=\"font-weight: 400\"> au nord et du <\/span><a href=\"https:\/\/alpilink.it\/fr\/friulano\/\"><span style=\"font-weight: 400\">frioulan<\/span><\/a><span style=\"font-weight: 400\"> \u00e0 l\u2019est. Les diff\u00e9rences internes sont marqu\u00e9es, et il est possible de discerner: (1) le v\u00e9nitien lagunaire, (2) le v\u00e9nitien central, (3) le v\u00e9nitien occidental (v\u00e9ronais), (4) le v\u00e9nitien nord-oriental et (5) le v\u00e9nitien du Trentin.<\/span><\/p>\n<p align=\"justify\"><span style=\"font-weight: 400\">\u00c0 titre d\u2019exemple, les fichiers audio suivants illustrent la variation r\u00e9gionale de la prononciation du &lt;l&gt; et du son \u00e9crit &lt;z&gt;.<\/span><\/p>\n<\/div><\/div><\/div><\/div><\/div><\/div><\/section><section class=\"l-section wpb_row height_auto\"><div class=\"l-section-h i-cf\"><div class=\"g-cols vc_row via_grid cols_1 laptops-cols_inherit tablets-cols_inherit mobiles-cols_1 valign_top type_default stacking_default\"><div class=\"wpb_column vc_column_container\"><div class=\"vc_column-inner\"><div class=\"g-cols wpb_row via_grid cols_2 laptops-cols_inherit tablets-cols_inherit mobiles-cols_1 valign_top type_default stacking_default\"><div class=\"wpb_column vc_column_container\"><div class=\"vc_column-inner\"><h3 class=\"w-text us_custom_68759f29 has_text_color\"><span class=\"w-text-h\"><span class=\"w-text-value\">stala &#8216;\u00e9table&#8217;<\/span><\/span><\/h3><div class=\"wpb_text_column\"><div class=\"wpb_wrapper\"><p class=\"wp-block-column\" style=\"text-align: left\">San Don\u00e0 di Piave<\/p>\n<div class=\"wp-block-column\">\n<audio class=\"wp-audio-shortcode\" id=\"audio-659-1\" preload=\"none\" style=\"width: 100%;\" controls=\"controls\"><source type=\"audio\/flac\" src=\"https:\/\/sites.dlls.univr.it\/alpilink\/wp-content\/uploads\/sites\/4\/2022\/12\/W0495_vec_U0425.flac?_=1\" \/><a href=\"https:\/\/sites.dlls.univr.it\/alpilink\/wp-content\/uploads\/sites\/4\/2022\/12\/W0495_vec_U0425.flac\">https:\/\/sites.dlls.univr.it\/alpilink\/wp-content\/uploads\/sites\/4\/2022\/12\/W0495_vec_U0425.flac<\/a><\/audio><\/p>\n<p><sub>(W0495_vec_U0425)<\/sub> <!-- \/wp:post-content --><\/p>\n<p style=\"text-align: left\"><!-- wp:paragraph --> Chioggia<\/p>\n<audio class=\"wp-audio-shortcode\" id=\"audio-659-2\" preload=\"none\" style=\"width: 100%;\" controls=\"controls\"><source type=\"audio\/flac\" src=\"https:\/\/sites.dlls.univr.it\/alpilink\/wp-content\/uploads\/sites\/4\/2022\/12\/W0495_vec_U0817.flac?_=2\" \/><a href=\"https:\/\/sites.dlls.univr.it\/alpilink\/wp-content\/uploads\/sites\/4\/2022\/12\/W0495_vec_U0817.flac\">https:\/\/sites.dlls.univr.it\/alpilink\/wp-content\/uploads\/sites\/4\/2022\/12\/W0495_vec_U0817.flac<\/a><\/audio>\n<p><sub>(W0495_vec_U0817)<\/sub><!-- \/wp:paragraph --><\/p>\n<p style=\"text-align: left\"><!-- wp:paragraph -->Valdagno<\/p>\n<audio class=\"wp-audio-shortcode\" id=\"audio-659-3\" preload=\"none\" style=\"width: 100%;\" controls=\"controls\"><source type=\"audio\/flac\" src=\"https:\/\/sites.dlls.univr.it\/alpilink\/wp-content\/uploads\/sites\/4\/2022\/12\/W0495_vec_U0573.flac?_=3\" \/><a href=\"https:\/\/sites.dlls.univr.it\/alpilink\/wp-content\/uploads\/sites\/4\/2022\/12\/W0495_vec_U0573.flac\">https:\/\/sites.dlls.univr.it\/alpilink\/wp-content\/uploads\/sites\/4\/2022\/12\/W0495_vec_U0573.flac<\/a><\/audio>\n<p><sub> (W0495_vec_U0573)<\/sub><\/p>\n<p><!-- \/wp:paragraph --><\/p>\n<p style=\"text-align: left\"><!-- wp:paragraph --> Belluno<\/p>\n<audio class=\"wp-audio-shortcode\" id=\"audio-659-4\" preload=\"none\" style=\"width: 100%;\" controls=\"controls\"><source type=\"audio\/flac\" src=\"https:\/\/sites.dlls.univr.it\/alpilink\/wp-content\/uploads\/sites\/4\/2022\/12\/W0495_vec_U0815.flac?_=4\" \/><a href=\"https:\/\/sites.dlls.univr.it\/alpilink\/wp-content\/uploads\/sites\/4\/2022\/12\/W0495_vec_U0815.flac\">https:\/\/sites.dlls.univr.it\/alpilink\/wp-content\/uploads\/sites\/4\/2022\/12\/W0495_vec_U0815.flac<\/a><\/audio>\n<p><sub>(W0495_vec_U0815)<\/sub><\/p>\n<\/div>\n<p><!-- \/wp:paragraph --><\/p>\n<\/div><\/div><\/div><\/div><div class=\"wpb_column vc_column_container\"><div class=\"vc_column-inner\"><h3 class=\"w-text us_custom_68759f29 has_text_color\"><span class=\"w-text-h\"><span class=\"w-text-value\">mezo &#8216;moyen&#8217;<\/span><\/span><\/h3><div class=\"wpb_text_column\"><div class=\"wpb_wrapper\"><div class=\"wp-block-column\">\n<p class=\"has-text-align-right\">Longarone<\/p>\n<audio class=\"wp-audio-shortcode\" id=\"audio-659-5\" preload=\"none\" style=\"width: 100%;\" controls=\"controls\"><source type=\"audio\/flac\" src=\"https:\/\/sites.dlls.univr.it\/alpilink\/wp-content\/uploads\/sites\/4\/2022\/12\/W0494_vec_U1269.flac?_=5\" \/><a href=\"https:\/\/sites.dlls.univr.it\/alpilink\/wp-content\/uploads\/sites\/4\/2022\/12\/W0494_vec_U1269.flac\">https:\/\/sites.dlls.univr.it\/alpilink\/wp-content\/uploads\/sites\/4\/2022\/12\/W0494_vec_U1269.flac<\/a><\/audio>\n<p class=\"has-text-align-right\">\u00a0<sub>(W0494_vec_U1269)<\/sub><\/p>\n<p><!-- \/wp:paragraph --><\/p>\n<p><!-- wp:paragraph {\"align\":\"right\"} --><\/p>\n<p class=\"has-text-align-right\">Verona<\/p>\n<audio class=\"wp-audio-shortcode\" id=\"audio-659-6\" preload=\"none\" style=\"width: 100%;\" controls=\"controls\"><source type=\"audio\/flac\" src=\"https:\/\/sites.dlls.univr.it\/alpilink\/wp-content\/uploads\/sites\/4\/2022\/12\/W0494_vec_U0439a-1.flac?_=6\" \/><a href=\"https:\/\/sites.dlls.univr.it\/alpilink\/wp-content\/uploads\/sites\/4\/2022\/12\/W0494_vec_U0439a-1.flac\">https:\/\/sites.dlls.univr.it\/alpilink\/wp-content\/uploads\/sites\/4\/2022\/12\/W0494_vec_U0439a-1.flac<\/a><\/audio>\n<p class=\"has-text-align-right\">\u00a0<sub>(W0494_vec_U0439a)<\/sub><\/p>\n<p><!-- \/wp:paragraph --><\/p>\n<p><!-- wp:paragraph {\"align\":\"right\"} --><\/p>\n<p class=\"has-text-align-right\">Fiera di Primiero<\/p>\n<audio class=\"wp-audio-shortcode\" id=\"audio-659-7\" preload=\"none\" style=\"width: 100%;\" controls=\"controls\"><source type=\"audio\/flac\" src=\"https:\/\/sites.dlls.univr.it\/alpilink\/wp-content\/uploads\/sites\/4\/2022\/12\/W0010_tre_U0084.flac?_=7\" \/><a href=\"https:\/\/sites.dlls.univr.it\/alpilink\/wp-content\/uploads\/sites\/4\/2022\/12\/W0010_tre_U0084.flac\">https:\/\/sites.dlls.univr.it\/alpilink\/wp-content\/uploads\/sites\/4\/2022\/12\/W0010_tre_U0084.flac<\/a><\/audio>\n<p class=\"has-text-align-right\">\u00a0<sub>(W0010_tre_U0084)<\/sub><\/p>\n<p><!-- \/wp:paragraph --><\/p>\n<p><!-- wp:paragraph {\"align\":\"right\"} --><\/p>\n<p class=\"has-text-align-right\">Codogn\u00e8<\/p>\n<audio class=\"wp-audio-shortcode\" id=\"audio-659-8\" preload=\"none\" style=\"width: 100%;\" controls=\"controls\"><source type=\"audio\/flac\" src=\"https:\/\/sites.dlls.univr.it\/alpilink\/wp-content\/uploads\/sites\/4\/2022\/12\/W0494_vec_U0687.flac?_=8\" \/><a href=\"https:\/\/sites.dlls.univr.it\/alpilink\/wp-content\/uploads\/sites\/4\/2022\/12\/W0494_vec_U0687.flac\">https:\/\/sites.dlls.univr.it\/alpilink\/wp-content\/uploads\/sites\/4\/2022\/12\/W0494_vec_U0687.flac<\/a><\/audio>\n<p class=\"has-text-align-right\">\u00a0<sub>(W0494_vec_U0687)<\/sub><\/p>\n<\/div>\n<\/div><\/div><\/div><\/div><\/div><\/div><\/div><\/div><\/div><\/section><section class=\"l-section wpb_row height_medium\"><div class=\"l-section-h i-cf\"><div class=\"g-cols vc_row via_grid cols_2 laptops-cols_inherit tablets-cols_inherit mobiles-cols_1 valign_top type_default stacking_default\"><div class=\"wpb_column vc_column_container\"><div class=\"vc_column-inner\"><div class=\"w-image has_ratio align_none\"><div class=\"w-image-h\"><div style=\"padding-bottom:133.3333%\"><\/div><img loading=\"lazy\" decoding=\"async\" width=\"1024\" height=\"768\" src=\"https:\/\/alpilink.it\/wp-content\/uploads\/2022\/12\/canal-g9410a6532_1920-1024x768.jpg\" class=\"attachment-large size-large\" alt=\"\" srcset=\"https:\/\/alpilink.it\/wp-content\/uploads\/2022\/12\/canal-g9410a6532_1920-1024x768.jpg 1024w, https:\/\/alpilink.it\/wp-content\/uploads\/2022\/12\/canal-g9410a6532_1920-300x225.jpg 300w, https:\/\/alpilink.it\/wp-content\/uploads\/2022\/12\/canal-g9410a6532_1920-768x576.jpg 768w, https:\/\/alpilink.it\/wp-content\/uploads\/2022\/12\/canal-g9410a6532_1920-1536x1152.jpg 1536w, https:\/\/alpilink.it\/wp-content\/uploads\/2022\/12\/canal-g9410a6532_1920.jpg 1920w\" sizes=\"auto, (max-width: 1024px) 100vw, 1024px\" \/><\/div><\/div><\/div><\/div><div class=\"wpb_column vc_column_container\"><div class=\"vc_column-inner\"><div class=\"wpb_text_column\"><div class=\"wpb_wrapper\"><p><!-- wp:columns {\"align\":\"wide\"} --><\/p>\n<div class=\"wp-block-columns alignwide\"><!-- wp:column --><\/div>\n<p>La richesse des dialectes v\u00e9nitiens ne r\u00e9side pas uniquement dans les variations de la prononciation, mais \u00e9galement dans la variation lexicale. Par exemple, les enfants peuvent \u00eatre appel\u00e9s <i>butini<\/i>, <i>t\u00f3si<\/i>, <i>b\u00f2ce<\/i>, <i>c\u00e8i<\/i>, <i>tosatei<\/i>, <i>put\u00e9i<\/i> ou <i>buteleti<\/i>, en fonction de la localit\u00e9.<\/p>\n<div class=\"wp-block-columns alignwide\">\n<div class=\"wp-block-column\">\n<p><span style=\"font-weight: 400\">Les dialectes v\u00e9nitiens jouissent d\u2019un taux de vitalit\u00e9 \u00e9lev\u00e9, outre le fait de disposer d\u2019une tradition \u00e9crite importante et ininterrompue depuis le XV<\/span><span style=\"font-weight: 400\">\u00e8me<\/span><span style=\"font-weight: 400\"> si\u00e8cle jusqu\u2019\u00e0 nos jours (surtout la vari\u00e9t\u00e9 de Venise). Pour cette raison, il existe un fort mouvement qui revendique le statut de langue \u00e0 part enti\u00e8re pour le v\u00e9nitien (au m\u00eame niveau que l\u2019italien, sans en \u00eatre un dialecte). Malgr\u00e9 cela, le v\u00e9nitien n\u2019a pas \u00e9t\u00e9 repris dans la liste des langues r\u00e9gionales prot\u00e9g\u00e9es par la loi italienne n\u00b0 482\/1999.<\/span><\/p>\n<p><span style=\"font-weight: 400\">Code: ISO 639-3 vec<\/span><\/p>\n<p><b>Pour approfondir<\/b><\/p>\n<ul>\n<li>Basso, Walter (2020):\u00a0<a href=\"https:\/\/www.libreriauniversitaria.it\/dizionario-scarsea-veneto-italiano-basso\/libro\/9788866434122\"><em>Dizionario da scars\u00e8a veneto-italiano<\/em><\/a>. Tr\u00e9vise: Editoriale Programma.<\/li>\n<li style=\"font-weight: 400\"><span style=\"font-weight: 400\">Zamboni, Alberto (1974): <\/span><em>Veneto<\/em><span style=\"font-weight: 400\">. Pise: Pacini. (Profilo dei dialetti italiani. 5)<\/span><\/li>\n<\/ul>\n<p><strong>Autres ressources Internet<\/strong><\/p>\n<ul>\n<li style=\"list-style-type: none\">\n<ul>\n<li style=\"font-weight: 400\"><a href=\"http:\/\/www.linguaveneta.net\/\"><span style=\"font-weight: 400\">Site web d\u00e9di\u00e9 \u00e0 la langue v\u00e9nitienne<\/span><\/a><span style=\"font-weight: 400\">, soutenu par le Conseil R\u00e9gional de la V\u00e9n\u00e9tie.<\/span><\/li>\n<\/ul>\n<\/li>\n<\/ul>\n<\/div>\n<\/div>\n<\/div><\/div><div class=\"w-separator size_small\"><\/div><div class=\"w-btn-wrapper align_none\"><a class=\"w-btn us-btn-style_1\" title=\"Le nostre variet\u00e0\" href=\"https:\/\/alpilink.it\/fr\/le-nostre-varieta\/\"><span class=\"w-btn-label\">D\u00e9couvrez les autres vari\u00e9t\u00e9s<\/span><\/a><\/div><div class=\"w-separator size_small\"><\/div><\/div><\/div><\/div><\/div><\/section>","protected":false},"excerpt":{"rendered":"V\u00e9nitien Les dialectes v\u00e9nitiens couvrent une vaste zone en Italie du Nord-Est, non seulement dans la r\u00e9gion de V\u00e9n\u00e9tie mais \u00e9galement au Trentin et au Frioul, en plus des territoires d\u2019outre-mer o\u00f9 des dialectes v\u00e9nitiens sont parl\u00e9s suite \u00e0 l\u2019\u00e9migration italienne des XIX\u00e8me et XX\u00e8me si\u00e8cles. Selon la classification dialectologique traditionnelle, les dialectes v\u00e9nitiens forment...","protected":false},"author":13,"featured_media":0,"parent":0,"menu_order":0,"comment_status":"closed","ping_status":"closed","template":"","meta":{"footnotes":""},"class_list":["post-659","page","type-page","status-publish","hentry"],"_links":{"self":[{"href":"https:\/\/alpilink.it\/fr\/wp-json\/wp\/v2\/pages\/659","targetHints":{"allow":["GET"]}}],"collection":[{"href":"https:\/\/alpilink.it\/fr\/wp-json\/wp\/v2\/pages"}],"about":[{"href":"https:\/\/alpilink.it\/fr\/wp-json\/wp\/v2\/types\/page"}],"author":[{"embeddable":true,"href":"https:\/\/alpilink.it\/fr\/wp-json\/wp\/v2\/users\/13"}],"replies":[{"embeddable":true,"href":"https:\/\/alpilink.it\/fr\/wp-json\/wp\/v2\/comments?post=659"}],"version-history":[{"count":48,"href":"https:\/\/alpilink.it\/fr\/wp-json\/wp\/v2\/pages\/659\/revisions"}],"predecessor-version":[{"id":4158,"href":"https:\/\/alpilink.it\/fr\/wp-json\/wp\/v2\/pages\/659\/revisions\/4158"}],"wp:attachment":[{"href":"https:\/\/alpilink.it\/fr\/wp-json\/wp\/v2\/media?parent=659"}],"curies":[{"name":"wp","href":"https:\/\/api.w.org\/{rel}","templated":true}]}}