{"id":656,"date":"2023-01-23T14:25:39","date_gmt":"2023-01-23T13:25:39","guid":{"rendered":"https:\/\/sites.dlls.univr.it\/alpilink\/francoprovencal\/"},"modified":"2024-06-11T13:48:51","modified_gmt":"2024-06-11T11:48:51","slug":"francoprovencal","status":"publish","type":"page","link":"https:\/\/alpilink.it\/fr\/francoprovencal\/","title":{"rendered":"Francoproven\u00e7al"},"content":{"rendered":"<section class=\"l-section wpb_row height_medium\"><div class=\"l-section-h i-cf\"><div class=\"g-cols vc_row via_grid cols_2 laptops-cols_inherit tablets-cols_inherit mobiles-cols_1 valign_top type_default stacking_default\"><div class=\"wpb_column vc_column_container\"><div class=\"vc_column-inner\"><div class=\"w-image us_custom_447bff20 has_ratio align_none\"><div class=\"w-image-h\"><div style=\"padding-bottom:133.3333%\"><\/div><img loading=\"lazy\" decoding=\"async\" width=\"1024\" height=\"683\" src=\"https:\/\/alpilink.it\/wp-content\/uploads\/2024\/06\/CastelloDiFenisJuly292023_06-1024x683.jpg\" class=\"attachment-large size-large\" alt=\"\" \/><\/div><\/div><\/div><\/div><div class=\"wpb_column vc_column_container\"><div class=\"vc_column-inner\"><div class=\"w-separator size_small\"><\/div><h2 class=\"w-text\"><span class=\"w-text-h\"><span class=\"w-text-value\">Francoproven\u00e7al<\/span><\/span><\/h2><div class=\"wpb_text_column\"><div class=\"wpb_wrapper\"><p><span style=\"font-weight: 400\">En Italie du Nord, le francoproven\u00e7al est parl\u00e9 au sein d\u2019une zone qui s\u2019\u00e9tend, dans le Pi\u00e9mont, du val Soana, au nord, jusqu\u2019au val Sangon, au sud, ainsi que dans la totalit\u00e9 de la Vall\u00e9e d\u2019Aoste \u00e0 l\u2019exception des trois colonies <\/span><i><span style=\"font-weight: 400\">walser<\/span><\/i><span style=\"font-weight: 400\"> de la vall\u00e9e du Lys. En-dehors de l\u2019Italie, le territoire d\u2019origine du francoproven\u00e7al couvre \u00e9galement le centre-est de la France ainsi que la Suisse romande.<\/span><\/p>\n<p><span style=\"font-weight: 400\">La minorit\u00e9 francoproven\u00e7ale est caract\u00e9ris\u00e9e par une grande variation diatopique, une fragmentation interne nette et des degr\u00e9s de vitalit\u00e9 tr\u00e8s diff\u00e9rents en fonction du lieu. Les vari\u00e9t\u00e9s vald\u00f4taines se d\u00e9marquent par une cha\u00eene de transmission interg\u00e9n\u00e9rationnelle qui n\u2019est pas ou peu interrompue et b\u00e9n\u00e9ficie d\u2019une bonne vitalit\u00e9 et diffusion. Dans le Pi\u00e9mont, malgr\u00e9 une variation de la vitalit\u00e9 d\u2019une localit\u00e9 \u00e0 une autre, l\u2019usage du <\/span><i><span style=\"font-weight: 400\">patois<\/span><\/i><span style=\"font-weight: 400\"> a globalement d\u00e9clin\u00e9 au courant des derni\u00e8res d\u00e9cennies dans ses domaines traditionnels, en faveur du pi\u00e9montais et surtout de l\u2019italien standard, qui a conquis des domaines jusqu\u2019alors r\u00e9serv\u00e9s exclusivement aux vari\u00e9t\u00e9s locales. Actuellement, le nombre de locuteurs s\u2019\u00e9l\u00e8ve approximativement \u00e0 40.000 personnes (environ 15-20% de la population), avec des proportions plus \u00e9lev\u00e9es en Vall\u00e9e d\u2019Aoste.<\/span><\/p>\n<\/div><\/div><\/div><\/div><\/div><\/div><\/section><section class=\"l-section wpb_row height_auto\"><div class=\"l-section-h i-cf\"><div class=\"g-cols vc_row via_grid cols_1 laptops-cols_inherit tablets-cols_inherit mobiles-cols_1 valign_top type_default stacking_default\"><div class=\"wpb_column vc_column_container\"><div class=\"vc_column-inner\"><div class=\"wpb_text_column\"><div class=\"wpb_wrapper\"><p><span style=\"font-weight: 400\">Prot\u00e9g\u00e9 par la loi nationale 482 datant de 1999, le francoproven\u00e7al de la Vall\u00e9e d\u2019Aoste b\u00e9n\u00e9ficie d\u00e9j\u00e0 \u00e0 partir de la moiti\u00e9 du XIX<\/span><span style=\"font-weight: 400\">\u00e8me<\/span><span style=\"font-weight: 400\"> si\u00e8cle d\u2019une production po\u00e9tique et th\u00e9\u00e2trale significative. Les vari\u00e9t\u00e9s du Pi\u00e9mont font preuve d\u2019un emploi plus r\u00e9duit de l\u2019\u00e9criture, qui ne se d\u00e9veloppe qu\u2019\u00e0 partir des ann\u00e9es 1980.<\/span><\/p>\n<p><!-- \/wp:post-content --><\/p>\n<p><!-- wp:paragraph -->Code: ISO 639-3 frp<\/p>\n<p><b>Pour approfondir<\/b><\/p>\n<ul>\n<li>Tuaillon, Gaston (2007):\u00a0<i>Le francoproven\u00e7al.<\/i> Aoste: Musumeci.<\/li>\n<li>Raimondi, Gianmario &amp; Paolo Benedetto Mas (2022):\u00a0<i>L\u2019Atlas des Patois Vald\u00f4tains: sguardi incrociati\/regards crois\u00e9s<\/i>. Alexandrie: Edizioni dell\u2019Orso.<\/li>\n<li>Benedetto Mas, Paolo &amp; Riccardo Regis (2022): Il francoprovenzale in Piemonte: appunti per un profilo sociolinguistico<i>.<\/i>\u00a0In Doroth\u00e9e Aquino-Weber &amp; Maguelone Sauzet (dir.):\u00a0<i>La Suisse romande et ses patois. Autour de la place et du devenir des langues francoproven\u00e7ale et o\u00eflique.<\/i> Neuch\u00e2tel: Alphil, 165-183.<\/li>\n<li>Favre, Saverio (2001): La Valle d\u2019Aosta<i>.<\/i> In Manlio Cortelazzo et al. (dir.): <i>I dialetti italiani. Storia, struttura, uso.\u00a0<\/i>Turin: UTET, 139-150.<\/li>\n<li>Regis, Riccardo &amp; Matteo Rivoira (<span style=\"font-weight: 400\">en voie de publication<\/span>): <i>Il Piemonte e la Valle d\u2019Aosta.<\/i> Rome: Carocci.<\/li>\n<\/ul>\n<p><strong>Autres ressources internet<\/strong><\/p>\n<ul>\n<li><em><a href=\"https:\/\/www.patoisvda.org\/it\/\">Patoisvda<\/a> <\/em>(Le site de Francoproven\u00e7al en Vall\u00e9e d&#8217;Aoste)<\/li>\n<li><a href=\"https:\/\/www.atpmtoponimi.it\/\">L\u2019<em>Atlante\u00a0Toponomastico del Piemonte Montano<\/em> (ATPM)<\/a><\/li>\n<li><a href=\"https:\/\/www.climalp.org\/\">CLiMALp: https:\/\/www.climalp.org\/<\/a><\/li>\n<li><a href=\"http:\/\/www.chambradoc.it\/Trezor-de-la-leinga-frp.page\">Portal Francoprovensal<\/a><\/li>\n<\/ul>\n<\/div><\/div><div class=\"w-separator size_small\"><\/div><div class=\"w-btn-wrapper align_center\"><a class=\"w-btn us-btn-style_1\" title=\"Le nostre variet\u00e0\" href=\"https:\/\/alpilink.it\/fr\/le-nostre-varieta\/\"><span class=\"w-btn-label\">D\u00e9couvrez les autres vari\u00e9t\u00e9s<\/span><\/a><\/div><div class=\"w-separator size_small\"><\/div><\/div><\/div><\/div><\/div><\/section>","protected":false},"excerpt":{"rendered":"Francoproven\u00e7alEn Italie du Nord, le francoproven\u00e7al est parl\u00e9 au sein d\u2019une zone qui s\u2019\u00e9tend, dans le Pi\u00e9mont, du val Soana, au nord, jusqu\u2019au val Sangon, au sud, ainsi que dans la totalit\u00e9 de la Vall\u00e9e d\u2019Aoste \u00e0 l\u2019exception des trois colonies walser de la vall\u00e9e du Lys. En-dehors de l\u2019Italie, le territoire d\u2019origine du francoproven\u00e7al...","protected":false},"author":13,"featured_media":0,"parent":0,"menu_order":0,"comment_status":"closed","ping_status":"closed","template":"","meta":{"footnotes":""},"class_list":["post-656","page","type-page","status-publish","hentry"],"_links":{"self":[{"href":"https:\/\/alpilink.it\/fr\/wp-json\/wp\/v2\/pages\/656","targetHints":{"allow":["GET"]}}],"collection":[{"href":"https:\/\/alpilink.it\/fr\/wp-json\/wp\/v2\/pages"}],"about":[{"href":"https:\/\/alpilink.it\/fr\/wp-json\/wp\/v2\/types\/page"}],"author":[{"embeddable":true,"href":"https:\/\/alpilink.it\/fr\/wp-json\/wp\/v2\/users\/13"}],"replies":[{"embeddable":true,"href":"https:\/\/alpilink.it\/fr\/wp-json\/wp\/v2\/comments?post=656"}],"version-history":[{"count":19,"href":"https:\/\/alpilink.it\/fr\/wp-json\/wp\/v2\/pages\/656\/revisions"}],"predecessor-version":[{"id":5300,"href":"https:\/\/alpilink.it\/fr\/wp-json\/wp\/v2\/pages\/656\/revisions\/5300"}],"wp:attachment":[{"href":"https:\/\/alpilink.it\/fr\/wp-json\/wp\/v2\/media?parent=656"}],"curies":[{"name":"wp","href":"https:\/\/api.w.org\/{rel}","templated":true}]}}