{"id":637,"date":"2023-03-17T15:39:02","date_gmt":"2023-03-17T14:39:02","guid":{"rendered":"https:\/\/sites.dlls.univr.it\/alpilink\/cimbro\/"},"modified":"2026-04-15T12:06:16","modified_gmt":"2026-04-15T10:06:16","slug":"cimbro","status":"publish","type":"page","link":"https:\/\/alpilink.it\/fr\/cimbro\/","title":{"rendered":"Cimbre"},"content":{"rendered":"<section class=\"l-section wpb_row height_medium\"><div class=\"l-section-h i-cf\"><div class=\"g-cols vc_row via_grid cols_2 laptops-cols_inherit tablets-cols_inherit mobiles-cols_1 valign_top type_default stacking_default\"><div class=\"wpb_column vc_column_container\"><div class=\"vc_column-inner\"><div class=\"w-image us_custom_447bff20 has_ratio align_none\"><div class=\"w-image-h\"><div style=\"padding-bottom:133.3333%\"><\/div><img loading=\"lazy\" decoding=\"async\" width=\"988\" height=\"1024\" src=\"https:\/\/alpilink.it\/wp-content\/uploads\/2024\/06\/Giazzaveduta20213-scaled-e1718106025499-988x1024.jpg\" class=\"attachment-large size-large\" alt=\"\" srcset=\"https:\/\/alpilink.it\/wp-content\/uploads\/2024\/06\/Giazzaveduta20213-scaled-e1718106025499-988x1024.jpg 988w, https:\/\/alpilink.it\/wp-content\/uploads\/2024\/06\/Giazzaveduta20213-scaled-e1718106025499-290x300.jpg 290w, https:\/\/alpilink.it\/wp-content\/uploads\/2024\/06\/Giazzaveduta20213-scaled-e1718106025499.jpg 1108w\" sizes=\"auto, (max-width: 988px) 100vw, 988px\" \/><\/div><\/div><\/div><\/div><div class=\"wpb_column vc_column_container\"><div class=\"vc_column-inner\"><div class=\"w-separator size_small\"><\/div><h2 class=\"w-text\"><span class=\"w-text-h\"><span class=\"w-text-value\">Cimbre<\/span><\/span><\/h2><div class=\"wpb_text_column\"><div class=\"wpb_wrapper\"><p><span style=\"font-weight: 400;\">Le terme <\/span><i><span style=\"font-weight: 400;\">cimbre<\/span><\/i><span style=\"font-weight: 400;\"> se r\u00e9f\u00e8re aux vari\u00e9t\u00e9s germanophones parl\u00e9es dans les enclaves linguistiques de Lus\u00e9rn (<\/span><i><span style=\"font-weight: 400;\">Luserna<\/span><\/i><span style=\"font-weight: 400;\"> en italien; qui compte aujourd\u2019hui quelques centaines de locutrices et locuteurs), dans la province de Trente, de Ljetzan (<\/span><i><span style=\"font-weight: 400;\">Giazza<\/span><\/i><span style=\"font-weight: 400;\"> en italien; quelques dizaines de locutrices et locuteurs), dans la zone historique des XIII Communes dans la province de V\u00e9rone, ainsi que de Robaan (<\/span><i><span style=\"font-weight: 400;\">Roana<\/span><\/i><span style=\"font-weight: 400;\"> en italien; moins d\u2019une dizaine de locutrices et locuteurs), dans la zone historique des VII Communes du haut plateau de Asiago dans la province de Vicence. L\u2019on associe \u00e0 ces vari\u00e9t\u00e9s \u00e9galement celle de la communaut\u00e9 cimbre du Cansiglio (dans les provinces de Belluno et Tr\u00e9vise), o\u00f9 la vari\u00e9t\u00e9 linguistique ancienne est document\u00e9e au niveau lexical, en particulier dans les toponymes. Du point de vue dialectologique, le cimbre appartient avec toutes ses sous-vari\u00e9t\u00e9s au groupe dialectal du bavarois m\u00e9ridional. Les premiers villages cimbres de V\u00e9n\u00e9tie remontent au moins au XI<\/span><span style=\"font-weight: 400;\">\u00e8me<\/span><span style=\"font-weight: 400;\"> si\u00e8cle.<\/span><\/p>\n<p><span style=\"font-weight: 400;\">L\u2019histoire de l\u2019\u00e9tablissement des cimbres en Italie du Nord-Est, ainsi que les caract\u00e9ristiques linguistiques de ces vari\u00e9t\u00e9s germanophones parl\u00e9es en communaut\u00e9s isol\u00e9es durant des si\u00e8cles, ont attir\u00e9 l\u2019attention des chercheuses et chercheurs d\u00e8s le XIX<\/span><span style=\"font-weight: 400;\">\u00e8me<\/span><span style=\"font-weight: 400;\"> si\u00e8cle et ont connu un regain d\u2019int\u00e9r\u00eat dans les vingt derni\u00e8res ann\u00e9es.<\/span><\/p>\n<\/div><\/div><\/div><\/div><\/div><\/div><\/section><section class=\"l-section wpb_row height_auto\"><div class=\"l-section-h i-cf\"><div class=\"g-cols vc_row via_grid cols_1 laptops-cols_inherit tablets-cols_inherit mobiles-cols_1 valign_top type_default stacking_default\"><div class=\"wpb_column vc_column_container\"><div class=\"vc_column-inner\"><div class=\"wpb_text_column\"><div class=\"wpb_wrapper\"><p><span style=\"font-weight: 400;\">En particulier dans le domaine des \u00e9tudes sur le contact linguistique, le cimbre constitue une combinaison int\u00e9ressante entre traits conservatifs (par ex. la syntaxe des pronoms et la syntaxe de la n\u00e9gation) et traits innovatifs (par ex. l\u2019ordre verbe-object et la position du verbe conjugu\u00e9), des traits pas toujours expliqu\u00e9s par une pression linguistique exerc\u00e9e directement par les vari\u00e9t\u00e9s romanes limitrophes. La tradition litt\u00e9raire pluris\u00e9culaire en langue cimbre est de grande importance, de la premi\u00e8re traduction cimbre du cat\u00e9chisme (en 1602) jusqu\u2019\u00e0 la r\u00e9cente cr\u00e9ation du concours litt\u00e9raire \u201cToenle Bintarn\u201d, qui a connu sa onzi\u00e8me \u00e9dition en 2022.<\/span><\/p>\n<p><span style=\"font-weight: 400;\">Code ISO: 639-3 cim<\/span><br \/><!-- \/wp:post-content --><\/p>\n<p><!-- wp:paragraph \/--><\/p>\n<p><!-- wp:paragraph --><b>Pour approfondir<\/b><b><\/b><\/p>\n<ul>\n<li style=\"font-weight: 400;\"><span style=\"font-weight: 400;\">Bidese, Ermenegildo (dir.) (2010): <\/span><a href=\"http:\/\/www.unipress.it\/products-page\/edizione-unipress\/il-cimbro-negli-studi-di-linguistica\/\"><i><span style=\"font-weight: 400;\">Il cimbro negli studi di linguistica<\/span><\/i><\/a><span style=\"font-weight: 400;\">. Padoue: Unipress.<\/span><\/li>\n<li style=\"font-weight: 400;\"><span style=\"font-weight: 400;\">Cappelletti, Giuseppe &amp; Bruno Schweizer (2009): <\/span><a href=\"https:\/\/www.dcuci.univr.it\/documenti\/OccorrenzaIns\/matdid\/matdid591930.pdf\"><span style=\"font-weight: 400;\">Taut\u222b Libro per imparare a parlare e a scrivere la parlata di Giazza<\/span><\/a><span style=\"font-weight: 400;\">. Traduction italienne \u00e9dit\u00e9e par Ermenegildo Bidese, Andrea Padovan &amp; Alessandra Tomaselli. In Arnaldo Petterlini &amp; Alessandra Tomaselli (dir.): <\/span><i><span style=\"font-weight: 400;\">L\u2019eredit\u00e0 cimbra di Monsignor Giuseppe Cappelletti<\/span><\/i><span style=\"font-weight: 400;\">. V\u00e9rone: Fiorini, 135-189.<\/span><\/li>\n<li style=\"font-weight: 400;\"><span style=\"font-weight: 400;\">Panieri, Luca (2022): <\/span><a href=\"https:\/\/www.c7c-dev.cloud\/pubblicazione\/de-zimbrische-zunga-von-siban-komaun\/\"><i><span style=\"font-weight: 400;\">De Zimbrische Zunga von Siban Koma\u00fcn. Grammatica della lingua cimbra dei Sette Comuni<\/span><\/i><\/a><span style=\"font-weight: 400;\">. Robaan: Institut de Culture Cimbre \u201cAgustin Prunnar\u201d.<\/span><\/li>\n<li style=\"font-weight: 400;\"><span style=\"font-weight: 400;\">Panieri, Luca et al. (2006): <\/span><a href=\"https:\/\/istitutocimbro.company.site\/products\/Bar-lirnen-zschraiba-un-zo-reda-az-be-biar-p514480730\"><i><span style=\"font-weight: 400;\">Bar lirnen z\u2019 schraina un zo reda az be biar. Grammatica del cimbro di Luserna. Grammatik der zimbrischen Sprache von Lus\u00e9rn<\/span><\/i><\/a><span style=\"font-weight: 400;\">. Lus\u00e9rn: Instituto Cimbre.<\/span><\/li>\n<li>Schweizer, Bruno (2008 [1951\/1952]): <em>Zimbrische Gesamtgrammatik. Vergleichende Darstellung der zimbrischen Dialekte<\/em>. Edit\u00e9 par James Dow. Stuttgart: Steiner.<\/li>\n<li style=\"font-weight: 400;\"><span style=\"font-weight: 400;\">Schweizer, Bruno &amp; Stefan Rabanus (2012):<\/span><a href=\"https:\/\/iris.univr.it\/retrieve\/handle\/11562\/429137\/26152\/ZSA_ridotto.pdf\"><span style=\"font-weight: 400;\"> Z<\/span><i><span style=\"font-weight: 400;\">imbrischer und fersentalerischer Sprachatlas. Atlante linguistico cimbro e m\u00f2cheno<\/span><\/i><\/a><span style=\"font-weight: 400;\">. Lus\u00e9rn: Instituto Cimbre\/Palai en Bersntol: Institut Culturel M\u00f2cheno.<\/span><\/li>\n<li>Tomaselli, Alessandra (2023).\u00a0<i>Dal particolare all\u2019universale. Viaggio nella grammatica del cimbro<\/i>. Verona: QuiEdit.<\/li>\n<\/ul>\n<p><b>Autres ressources internet, \u00e9labor\u00e9es par les communaut\u00e9s cimbres<\/b><\/p>\n<ul>\n<li><a href=\"http:\/\/dizionario.cimbri7comuni.it\/\"><i><span style=\"font-weight: 400;\">B\u00f3artpuuch<\/span><\/i><\/a><span style=\"font-weight: 400;\"> (Dictionnaire du cimbre des VII Communes)<\/span><\/li>\n<li><a href=\"https:\/\/tautsch.smallcodes.com\/\"><em>Bortpuoch<\/em><\/a> (Dictionnaire du cimbre du Giazza)<\/li>\n<li><a href=\"http:\/\/www.zimbarbort.it\/\"><i><span style=\"font-weight: 400;\">Zimbarbort<\/span><\/i><\/a><span style=\"font-weight: 400;\"> (Dictionnaire du cimbre de Lus\u00e9rn)<\/span><\/li>\n<li><a href=\"https:\/\/mediateca.istitutocimbro.it\/home.page\"><i><span style=\"font-weight: 400;\">Mediateca Cimbra<\/span><\/i><\/a><span style=\"font-weight: 400;\"> (Plateforme pour la diffusion de la langue cimbre)<\/span><\/li>\n<li><a href=\"https:\/\/clam2021.unitn.it\/\"><span style=\"font-weight: 400;\">CLAM 2021<\/span><\/a><span style=\"font-weight: 400;\"> (Cimbro Ladino M\u00f2cheno 2021): <\/span><span style=\"font-weight: 400;\">enqu\u00eate sur les pratiques d\u2019usage linguistique et les attitudes vis-\u00e0-vis des langues minoritaires des personnes habitant les communes de minorit\u00e9s linguistiques des provinces de Trente, Bozen-Bolzano et Belluno<\/span><\/li>\n<\/ul>\n<p><b>Sites web des communaut\u00e9s cimbres<\/b><\/p>\n<ul>\n<li><a href=\"http:\/\/www.istitutocimbro.it\/\"><span style=\"font-weight: 400;\">Kulturinstitut Lus\u00e9rn<\/span><\/a><span style=\"font-weight: 400;\"> (Institut Cimbre de Lus\u00e9rn)<\/span><\/li>\n<li><a href=\"https:\/\/www.cimbri7comuni.it\/\"><span style=\"font-weight: 400;\">\u2018Z Haus dar Zimbrischen Bizzekhot \u201cAgustin Prunnar\u201d<\/span><\/a><span style=\"font-weight: 400;\"> (Institut de Culture Cimbre de Robaan)<\/span><\/li>\n<li><a href=\"https:\/\/www.cimbri.it\/\">C<\/a><a href=\"https:\/\/www.cimbri.it\/\">uratorium Cimbricum Veronense<\/a> (Association des Cimbres des XIII Communes)<\/li>\n<li><a href=\"https:\/\/tzimbar.org\/\">Associazione Tzimbar<\/a> (Association des Cimbres de Giazza)<\/li>\n<li><a href=\"http:\/\/cimbridelcansiglio.it\/\"><span style=\"font-weight: 400;\">Cimbri del Cansiglio<\/span><\/a><span style=\"font-weight: 400;\"> (Association culturelle des Cimbres du Cansiglio)<\/span><\/li>\n<\/ul>\n<\/div><\/div><div class=\"w-separator size_small\"><\/div><div class=\"w-btn-wrapper align_center\"><a class=\"w-btn us-btn-style_1\" title=\"Le nostre variet\u00e0\" href=\"https:\/\/alpilink.it\/fr\/le-nostre-varieta\/\"><span class=\"w-btn-label\">D\u00e9couvrez les autres vari\u00e9t\u00e9s<\/span><\/a><\/div><div class=\"w-separator size_small\"><\/div><\/div><\/div><\/div><\/div><\/section>","protected":false},"excerpt":{"rendered":"Cimbre Le terme cimbre se r\u00e9f\u00e8re aux vari\u00e9t\u00e9s germanophones parl\u00e9es dans les enclaves linguistiques de Lus\u00e9rn (Luserna en italien; qui compte aujourd\u2019hui quelques centaines de locutrices et locuteurs), dans la province de Trente, de Ljetzan (Giazza en italien; quelques dizaines de locutrices et locuteurs), dans la zone historique des XIII Communes dans la province de...","protected":false},"author":1,"featured_media":0,"parent":0,"menu_order":0,"comment_status":"closed","ping_status":"closed","template":"","meta":{"footnotes":""},"class_list":["post-637","page","type-page","status-publish","hentry"],"_links":{"self":[{"href":"https:\/\/alpilink.it\/fr\/wp-json\/wp\/v2\/pages\/637","targetHints":{"allow":["GET"]}}],"collection":[{"href":"https:\/\/alpilink.it\/fr\/wp-json\/wp\/v2\/pages"}],"about":[{"href":"https:\/\/alpilink.it\/fr\/wp-json\/wp\/v2\/types\/page"}],"author":[{"embeddable":true,"href":"https:\/\/alpilink.it\/fr\/wp-json\/wp\/v2\/users\/1"}],"replies":[{"embeddable":true,"href":"https:\/\/alpilink.it\/fr\/wp-json\/wp\/v2\/comments?post=637"}],"version-history":[{"count":18,"href":"https:\/\/alpilink.it\/fr\/wp-json\/wp\/v2\/pages\/637\/revisions"}],"predecessor-version":[{"id":7485,"href":"https:\/\/alpilink.it\/fr\/wp-json\/wp\/v2\/pages\/637\/revisions\/7485"}],"wp:attachment":[{"href":"https:\/\/alpilink.it\/fr\/wp-json\/wp\/v2\/media?parent=637"}],"curies":[{"name":"wp","href":"https:\/\/api.w.org\/{rel}","templated":true}]}}