{"id":4673,"date":"2024-01-08T12:38:39","date_gmt":"2024-01-08T11:38:39","guid":{"rendered":"https:\/\/alpilink.it\/resiano\/"},"modified":"2024-06-12T12:34:21","modified_gmt":"2024-06-12T10:34:21","slug":"resiano","status":"publish","type":"page","link":"https:\/\/alpilink.it\/fr\/resiano\/","title":{"rendered":"R\u00e9sian"},"content":{"rendered":"<section class=\"l-section wpb_row height_medium\"><div class=\"l-section-h i-cf\"><div class=\"g-cols vc_row via_grid cols_2 laptops-cols_inherit tablets-cols_inherit mobiles-cols_1 valign_top type_default stacking_default\"><div class=\"wpb_column vc_column_container\"><div class=\"vc_column-inner\"><div class=\"w-image us_custom_447bff20 has_ratio align_none\"><div class=\"w-image-h\"><div style=\"padding-bottom:133.3333%\"><\/div><img loading=\"lazy\" decoding=\"async\" width=\"1024\" height=\"891\" src=\"https:\/\/alpilink.it\/wp-content\/uploads\/2024\/06\/Rezija4-1024x891.jpg\" class=\"attachment-large size-large\" alt=\"\" srcset=\"https:\/\/alpilink.it\/wp-content\/uploads\/2024\/06\/Rezija4-1024x891.jpg 1024w, https:\/\/alpilink.it\/wp-content\/uploads\/2024\/06\/Rezija4-300x261.jpg 300w, https:\/\/alpilink.it\/wp-content\/uploads\/2024\/06\/Rezija4.jpg 1259w\" sizes=\"auto, (max-width: 1024px) 100vw, 1024px\" \/><\/div><\/div><\/div><\/div><div class=\"wpb_column vc_column_container\"><div class=\"vc_column-inner\"><div class=\"w-separator size_small\"><\/div><h2 class=\"w-text\"><span class=\"w-text-h\"><span class=\"w-text-value\">R\u00e9sian<\/span><\/span><\/h2><div class=\"wpb_text_column\"><div class=\"wpb_wrapper\"><p><span style=\"font-weight: 400\">Le r\u00e9sian fait partie des vari\u00e9t\u00e9s minoritaires slov\u00e8nes prot\u00e9g\u00e9es par la loi nationale italienne n\u00b0 482\/1999. Du point de vue de la dialectologie slov\u00e8ne, les variantes locales de la vall\u00e9e de la <\/span><i><span style=\"font-weight: 400\">Rosajanska Dolina<\/span><\/i><span style=\"font-weight: 400\"> (<\/span><i><span style=\"font-weight: 400\">Val Resia<\/span><\/i><span style=\"font-weight: 400\"> en italien) constituent le groupe le plus nord-occidental des dialectes du littoral (<\/span><i><span style=\"font-weight: 400\">primor\u0161\u010dino nare\u010dje<\/span><\/i><span style=\"font-weight: 400\">) (cfr. SLA, p 11-14). Contrairement aux autres vari\u00e9t\u00e9s slov\u00e8nes en Italie, les dialectes de la <i>Rosajanska Dolina<\/i> n&#8217;ont pas de continuit\u00e9 sur le territoire slov\u00e8ne ou autrichien (\u0160ekli 2024, p. 219). Cependant, la communaut\u00e9 de cette vall\u00e9e revendique depuis toujours un large degr\u00e9 d\u2019autonomie par rapport \u00e0 la Slov\u00e9nie. Aussi bien dans la tradition populaire locale que dans la culture de contact frioulane, il existe le mythe d\u2019une lointaine origine russe (cfr. Dapit 2001). Aussi bien la population de la <\/span><i><span style=\"font-weight: 400\">Rosajanska Dolina<\/span><\/i><span style=\"font-weight: 400\"> que la population frioulane voisine utilisent d\u2019ailleurs l\u2019ethnonyme <\/span><i><span style=\"font-weight: 400\">rose\u00e0ns<\/span><\/i><span style=\"font-weight: 400\"> \u2018r\u00e9sians\u2019 pour d\u00e9signer la population de ladite vall\u00e9e, plut\u00f4t que \u2018slov\u00e8nes\u2019 ou \u2018slaves\u2019 (Dapit 2001, p. 309). Dans les ann\u00e9es \u201890, l\u2019administration communale de <\/span><i><span style=\"font-weight: 400\">Re\u015bija<\/span><\/i><span style=\"font-weight: 400\"> a lanc\u00e9 l\u2019initiative de d\u00e9veloppement d\u2019une orthographie et d\u2019une grammaire normative et didactique du dialecte, afin d\u2019en faire une langue standard norm\u00e9e (voir \u00e0 ce sujet diverses publications ci-dessous; selon les d\u00e9clarations du responsable du projet Han Steenwijk, le projet est bloqu\u00e9 depuis 2020 pour des raisons politiques).<\/span><\/p>\n<\/div><\/div><\/div><\/div><\/div><\/div><\/section><section class=\"l-section wpb_row height_auto\"><div class=\"l-section-h i-cf\"><div class=\"g-cols vc_row via_grid cols_1 laptops-cols_inherit tablets-cols_inherit mobiles-cols_1 valign_top type_default stacking_default\"><div class=\"wpb_column vc_column_container\"><div class=\"vc_column-inner\"><div class=\"wpb_text_column\"><div class=\"wpb_wrapper\"><p><span style=\"font-weight: 400\">Les variantes dialectales locales sont encore utilis\u00e9es par environ 1300 personnes (Dapit 2001, p. 312). La langue slov\u00e8ne standard n\u2019est pas r\u00e9ellement utilis\u00e9e dans cette vall\u00e9e. <\/span>En contraste avec les r\u00e9gions qui appartenaient \u00e0 l&#8217;Autriche jusqu&#8217;en 1919 (surtout les provinces de Gorizia et de Trieste), il n&#8217;y a pas d&#8217;\u00e9coles bilingues slov\u00e8ne-italien. Le slov\u00e8ne standard n&#8217;est pas enseign\u00e9 dans les \u00e9coles publiques de la vall\u00e9e de Resia (\u0160ekli 2024, p. 222-223).<\/p>\n<p><em><span style=\"font-weight: 400\">R\u00e9f\u00e9rences bibliographiques<\/span><\/em><\/p>\n<ul>\n<li><span style=\"font-weight: 400\">Dapit, Roberto (2001): <\/span><a href=\"https:\/\/hdl.handle.net\/11390\/670640\"><span style=\"font-weight: 400\">Identit\u00e0 resiana fra mito e ideologia: gli effetti sulla lingua<\/span><\/a><span style=\"font-weight: 400\">. In: Slavica Tergestina 9, 301-319.<\/span><\/li>\n<li>\u0160ekli, Matej (2024): <a href=\"https:\/\/bop.unibe.ch\/linguistik-online\/article\/view\/11156\">Lo sloveno<\/a>. In: Linguistik online 130\/6, 211-233.<\/li>\n<\/ul>\n<p><strong>Pour approfondir<\/strong><\/p>\n<ul>\n<li><span style=\"font-weight: 400\">SLA = \u0160kofic, Jo\u017eica (dir.) (2011). <\/span><a href=\"https:\/\/isjfr.zrc-sazu.si\/sl\/publikacije\/slovenski-lingvisticni-atlas-1\"><span style=\"font-weight: 400\">Slovenski lingvisti\u010dni atlas 1: \u010clovek (telo, bolezni, dru\u017eina)<\/span><\/a><span style=\"font-weight: 400\">. Ljubljana: Zalo\u017eba ZRC.<\/span><\/li>\n<li><span style=\"font-weight: 400\">Steenwijk, Han (1999): Grammatica pratica resiana: il sostantivo. Padoue: CLEUP.<\/span><\/li>\n<li><span style=\"font-weight: 400\">Steenwijk, Han (2012): Ortografia resiana \/ T\u00f6 jost rozajansk\u00eb p\u00efsanj\u00eb. Seconde \u00e9dition. Padoue: CLEUP.<\/span><\/li>\n<\/ul>\n<p><strong>Sites web de la communaut\u00e9 r\u00e9siane<\/strong><\/p>\n<ul>\n<li><a href=\"https:\/\/rezija.com\/it\/circolo-culturale-resiano-rozajanski-dum\/chi-siamo\/\"><span style=\"font-weight: 400\">Circolo Culturale Resiano &#8220;Rozajanski dum&#8221;<\/span><\/a><\/li>\n<li><a href=\"https:\/\/www.istituto-cultura-resiana.it\/contatti\/\">Istituto di Cultura e Lingua Resiana<\/a><\/li>\n<\/ul>\n<div><\/div>\n<div><\/div>\n<\/div><\/div><div class=\"w-separator size_small\"><\/div><div class=\"w-btn-wrapper align_center\"><a class=\"w-btn us-btn-style_1\" title=\"Le nostre variet\u00e0\" href=\"https:\/\/alpilink.it\/fr\/le-nostre-varieta\/\"><span class=\"w-btn-label\">D\u00e9couvrez les autres vari\u00e9t\u00e9s<\/span><\/a><\/div><div class=\"w-separator size_small\"><\/div><\/div><\/div><\/div><\/div><\/section>\n","protected":false},"excerpt":{"rendered":"R\u00e9sianLe r\u00e9sian fait partie des vari\u00e9t\u00e9s minoritaires slov\u00e8nes prot\u00e9g\u00e9es par la loi nationale italienne n\u00b0 482\/1999. Du point de vue de la dialectologie slov\u00e8ne, les variantes locales de la vall\u00e9e de la Rosajanska Dolina (Val Resia en italien) constituent le groupe le plus nord-occidental des dialectes du littoral (primor\u0161\u010dino nare\u010dje) (cfr. SLA, p 11-14). Contrairement...","protected":false},"author":13,"featured_media":0,"parent":0,"menu_order":0,"comment_status":"closed","ping_status":"closed","template":"","meta":{"footnotes":""},"class_list":["post-4673","page","type-page","status-publish","hentry"],"_links":{"self":[{"href":"https:\/\/alpilink.it\/fr\/wp-json\/wp\/v2\/pages\/4673","targetHints":{"allow":["GET"]}}],"collection":[{"href":"https:\/\/alpilink.it\/fr\/wp-json\/wp\/v2\/pages"}],"about":[{"href":"https:\/\/alpilink.it\/fr\/wp-json\/wp\/v2\/types\/page"}],"author":[{"embeddable":true,"href":"https:\/\/alpilink.it\/fr\/wp-json\/wp\/v2\/users\/13"}],"replies":[{"embeddable":true,"href":"https:\/\/alpilink.it\/fr\/wp-json\/wp\/v2\/comments?post=4673"}],"version-history":[{"count":12,"href":"https:\/\/alpilink.it\/fr\/wp-json\/wp\/v2\/pages\/4673\/revisions"}],"predecessor-version":[{"id":5343,"href":"https:\/\/alpilink.it\/fr\/wp-json\/wp\/v2\/pages\/4673\/revisions\/5343"}],"wp:attachment":[{"href":"https:\/\/alpilink.it\/fr\/wp-json\/wp\/v2\/media?parent=4673"}],"curies":[{"name":"wp","href":"https:\/\/api.w.org\/{rel}","templated":true}]}}