{"id":4622,"date":"2024-01-08T11:16:16","date_gmt":"2024-01-08T10:16:16","guid":{"rendered":"https:\/\/alpilink.it\/?page_id=4622"},"modified":"2024-06-11T11:45:30","modified_gmt":"2024-06-11T09:45:30","slug":"sloveno-della-val-canale","status":"publish","type":"page","link":"https:\/\/alpilink.it\/fr\/sloveno-della-val-canale\/","title":{"rendered":"Slov\u00e8ne du Kanaltal"},"content":{"rendered":"<section class=\"l-section wpb_row height_medium\"><div class=\"l-section-h i-cf\"><div class=\"g-cols vc_row via_grid cols_2 laptops-cols_inherit tablets-cols_inherit mobiles-cols_1 valign_top type_default stacking_default\"><div class=\"wpb_column vc_column_container\"><div class=\"vc_column-inner\"><div class=\"w-image us_custom_447bff20 has_ratio align_none\"><div class=\"w-image-h\"><div style=\"padding-bottom:133.3333%\"><\/div><img loading=\"lazy\" decoding=\"async\" width=\"1024\" height=\"699\" src=\"https:\/\/alpilink.it\/wp-content\/uploads\/2024\/06\/1280px-Pontebba_panorama-1024x699.jpg\" class=\"attachment-large size-large\" alt=\"\" srcset=\"https:\/\/alpilink.it\/wp-content\/uploads\/2024\/06\/1280px-Pontebba_panorama-1024x699.jpg 1024w, https:\/\/alpilink.it\/wp-content\/uploads\/2024\/06\/1280px-Pontebba_panorama-300x205.jpg 300w, https:\/\/alpilink.it\/wp-content\/uploads\/2024\/06\/1280px-Pontebba_panorama.jpg 1280w\" sizes=\"auto, (max-width: 1024px) 100vw, 1024px\" \/><\/div><\/div><\/div><\/div><div class=\"wpb_column vc_column_container\"><div class=\"vc_column-inner\"><div class=\"w-separator size_small\"><\/div><h2 class=\"w-text\"><span class=\"w-text-h\"><span class=\"w-text-value\">Slov\u00e8ne du Kanaltal<\/span><\/span><\/h2><div class=\"wpb_text_column\"><div class=\"wpb_wrapper\"><p><span style=\"font-weight: 400\">Le slov\u00e8ne est une des langues minoritaires officiellement reconnues par la loi nationale italienne n\u00b0482\/1999. La r\u00e9gion la plus septentrionale en Italie o\u00f9 l\u2019on parle slov\u00e8ne est le <\/span><i><span style=\"font-weight: 400\">Kanaltal<\/span><\/i><span style=\"font-weight: 400\"> (<\/span><i><span style=\"font-weight: 400\">Val Canale<\/span><\/i><span style=\"font-weight: 400\"> en italien, <\/span><i><span style=\"font-weight: 400\">Kanalska dolina<\/span><\/i><span style=\"font-weight: 400\"> en slov\u00e8ne), qui est quadrilingue: le slov\u00e8ne fait partie des r\u00e9pertoires individuels de la population avec l\u2019allemand, l\u2019italien et le frioulan. La population slov\u00e8ne autochtone est aujourd\u2019hui en minorit\u00e9, comme la <\/span><a href=\"https:\/\/alpilink.it\/fr\/valcanale-tedesco\/\"><span style=\"font-weight: 400\">population germanophone du <\/span><i><span style=\"font-weight: 400\">Kanaltal<\/span><\/i><\/a><span style=\"font-weight: 400\">. Seulement environ 300 personnes y utilisent encore des dialectes slov\u00e8nes (Hasenauer et al. 2020, p. 37), principalement dans les villages de <\/span><i><span style=\"font-weight: 400\">Ukve<\/span><\/i><span style=\"font-weight: 400\"> (<\/span><i><span style=\"font-weight: 400\">Ugovizza<\/span><\/i><span style=\"font-weight: 400\"> en italien), dans la commune de <\/span><i><span style=\"font-weight: 400\">Naborjet-Ov\u010dja vas<\/span><\/i><span style=\"font-weight: 400\"> (<\/span><i><span style=\"font-weight: 400\">Malborghetto-Valbruna<\/span><\/i><span style=\"font-weight: 400\"> en italien), et <\/span><i><span style=\"font-weight: 400\">\u017dabnice<\/span><\/i><span style=\"font-weight: 400\"> (<\/span><i><span style=\"font-weight: 400\">Camporosso<\/span><\/i><span style=\"font-weight: 400\"> en italien), dans la commune de <\/span><i><span style=\"font-weight: 400\">Trbi\u017e<\/span><\/i><span style=\"font-weight: 400\"> (<\/span><i><span style=\"font-weight: 400\">Tarvisio<\/span><\/i><span style=\"font-weight: 400\"> en italien). Pour cette raison, seules ces deux communes sont consid\u00e9r\u00e9es officiellement comme des communes slov\u00e9nophones (voir le <\/span><a href=\"https:\/\/www.gazzettaufficiale.it\/atto\/serie_generale\/caricaDettaglioAtto\/originario?atto.dataPubblicazioneGazzetta=2007-11-27&amp;atto.codiceRedazionale=007A9946&amp;elenco30giorni=false\"><span style=\"font-weight: 400\">D\u00e9cret du Pr\u00e9sident de la R\u00e9publique, 12 septembre 2007<\/span><\/a><span style=\"font-weight: 400\">, en italien). Les locutrices et locuteurs du dialecte ont typiquement plus de 70 ans. Dans les autres localit\u00e9s, le dialecte a \u00e9t\u00e9 majoritairement abandonn\u00e9e, mais selon Hasenauer et al. (2020, p. 31), m\u00eame s\u2019il reste une \u201cethnicit\u00e9 symbolique\u201d \u00e0 travers laquelle les traditions et coutumes locales sont pr\u00e9serv\u00e9es au moins partiellement.<\/span><\/p>\n<div><\/div>\n<\/div><\/div><\/div><\/div><\/div><\/div><\/section><section class=\"l-section wpb_row height_auto\"><div class=\"l-section-h i-cf\"><div class=\"g-cols vc_row via_grid cols_1 laptops-cols_inherit tablets-cols_inherit mobiles-cols_1 valign_top type_default stacking_default\"><div class=\"wpb_column vc_column_container\"><div class=\"vc_column-inner\"><div class=\"wpb_text_column\"><div class=\"wpb_wrapper\"><p><span style=\"font-weight: 400\">Les variantes locales du <\/span><i><span style=\"font-weight: 400\">Kanaltal<\/span><\/i><span style=\"font-weight: 400\">, du point de vue de la dialectologie slov\u00e8ne, appartiennent au groupe des dialectes carinthiens (<\/span><i><span style=\"font-weight: 400\">koro\u0161ko nare\u010dje<\/span><\/i><span style=\"font-weight: 400\">, cfr. SLA, pp. 11-14), et sont plus pr\u00e9cis\u00e9ment classifi\u00e9s avec les dialectes slov\u00e8nes de la vall\u00e9e du <\/span><i><span style=\"font-weight: 400\">Gail<\/span><\/i><span style=\"font-weight: 400\"> (<em>ziljsko nare\u010dje<\/em>) qui sont \u00e9galement pr\u00e9sents dans les territoires autrichiens et slov\u00e8nes adjacents. Pour une description succincte des caract\u00e9ristiques linguistiques des dialectes de la vall\u00e9e de la Gail en Slov\u00e9nie, voir \u0160ekli (2024, p. 223-225). Pendant l\u2019\u00e8re communiste en Yougoslavie, les habitantes et habitants du <\/span><i><span style=\"font-weight: 400\">Kanaltal<\/span><\/i><span style=\"font-weight: 400\"> ne s\u2019identifiaient pas r\u00e9ellement comme membres de la Slov\u00e9nie, mais ont plut\u00f4t d\u00e9velopp\u00e9 une identit\u00e9 locale (Hasenauer et al. 2020, p. 37), comme le refl\u00e8te leur auto-d\u00e9signation <\/span><i><span style=\"font-weight: 400\">po na\u0161em<\/span><\/i><span style=\"font-weight: 400\">, qui signifie approximativement \u2018\u00e0 notre mani\u00e8re\u2019 et rappelle les auto-d\u00e9signations de beaucoup d\u2019autres \u00eeles linguistiques, comme par exemple <\/span><i><span style=\"font-weight: 400\">as be biar<\/span><\/i><span style=\"font-weight: 400\"> \u2018comme nous\u2019 chez les <\/span><a href=\"https:\/\/alpilink.it\/fr\/cimbro\/\"><span style=\"font-weight: 400\">cimbres<\/span><\/a><span style=\"font-weight: 400\">. Cependant, contrairement \u00e0 la situation dans la <a href=\"https:\/\/alpilink.it\/fr\/resiano\/\"><i>Rosajanska Dolina<\/i><\/a>, le slov\u00e8ne standard a toujours eu certains domaines fonctionnels, par exemple dans les m\u00e9dias et, plus r\u00e9cemment, \u00e9galement dans l&#8217;\u00e9cole publique (\u0160ekli 2024, p. 227).<br \/>\n<\/span><\/p>\n<p><em><span style=\"font-weight: 400\">R\u00e9f\u00e9rences bibliographiques<\/span><\/em><\/p>\n<ul>\n<li>Hasenauer, Leonie, Peter \u010cede, Igor Jelen &amp; Ernst Steinicke (2020): <a href=\"https:\/\/www.ageiweb.it\/geotema\/wp-content\/uploads\/2020\/06\/Geotema_Suppl2020_03_HasenauerCedeJelenSteinicke.pdf\">La \u201cpiccola Europa\u201d sulle Alpi orientali sta per scomparire? La Valcanale (Friuli) nella tarda et\u00e0 moderna<\/a>. In: AGEI \u2013 Geotema, <span style=\"font-weight: 400\">Suppl\u00e9ment<\/span>, 29\u201344.<\/li>\n<li>\u0160ekli, Matej (2024): <a href=\"https:\/\/bop.unibe.ch\/linguistik-online\/article\/view\/11156\">Lo sloveno<\/a>. In: Linguistik online 130\/6, 211-233.<\/li>\n<\/ul>\n<p><strong>Pour approfondir<\/strong><\/p>\n<ul>\n<li>SLA = \u0160kofic, Jo\u017eica (dir.). 2011. <a href=\"https:\/\/isjfr.zrc-sazu.si\/sl\/publikacije\/slovenski-lingvisticni-atlas-1\">Slovenski lingvisti\u010dni atlas 1: \u010clovek (telo, bolezni, dru\u017eina)<\/a>. Ljubljana: Zalo\u017eba ZRC.<\/li>\n<\/ul>\n<div><\/div>\n<div><\/div>\n<\/div><\/div><div class=\"w-separator size_small\"><\/div><div class=\"w-btn-wrapper align_center\"><a class=\"w-btn us-btn-style_1\" title=\"Le nostre variet\u00e0\" href=\"https:\/\/alpilink.it\/fr\/le-nostre-varieta\/\"><span class=\"w-btn-label\">D\u00e9couvrez les autres vari\u00e9t\u00e9s<\/span><\/a><\/div><div class=\"w-separator size_small\"><\/div><\/div><\/div><\/div><\/div><\/section>\n","protected":false},"excerpt":{"rendered":"Slov\u00e8ne du KanaltalLe slov\u00e8ne est une des langues minoritaires officiellement reconnues par la loi nationale italienne n\u00b0482\/1999. La r\u00e9gion la plus septentrionale en Italie o\u00f9 l\u2019on parle slov\u00e8ne est le Kanaltal (Val Canale en italien, Kanalska dolina en slov\u00e8ne), qui est quadrilingue: le slov\u00e8ne fait partie des r\u00e9pertoires individuels de la population avec l\u2019allemand, l\u2019italien...","protected":false},"author":13,"featured_media":0,"parent":0,"menu_order":0,"comment_status":"closed","ping_status":"closed","template":"","meta":{"footnotes":""},"class_list":["post-4622","page","type-page","status-publish","hentry"],"_links":{"self":[{"href":"https:\/\/alpilink.it\/fr\/wp-json\/wp\/v2\/pages\/4622","targetHints":{"allow":["GET"]}}],"collection":[{"href":"https:\/\/alpilink.it\/fr\/wp-json\/wp\/v2\/pages"}],"about":[{"href":"https:\/\/alpilink.it\/fr\/wp-json\/wp\/v2\/types\/page"}],"author":[{"embeddable":true,"href":"https:\/\/alpilink.it\/fr\/wp-json\/wp\/v2\/users\/13"}],"replies":[{"embeddable":true,"href":"https:\/\/alpilink.it\/fr\/wp-json\/wp\/v2\/comments?post=4622"}],"version-history":[{"count":10,"href":"https:\/\/alpilink.it\/fr\/wp-json\/wp\/v2\/pages\/4622\/revisions"}],"predecessor-version":[{"id":5252,"href":"https:\/\/alpilink.it\/fr\/wp-json\/wp\/v2\/pages\/4622\/revisions\/5252"}],"wp:attachment":[{"href":"https:\/\/alpilink.it\/fr\/wp-json\/wp\/v2\/media?parent=4622"}],"curies":[{"name":"wp","href":"https:\/\/api.w.org\/{rel}","templated":true}]}}