{"id":4430,"date":"2023-12-08T14:30:33","date_gmt":"2023-12-08T13:30:33","guid":{"rendered":"https:\/\/alpilink.it\/?page_id=4430"},"modified":"2024-06-11T11:43:45","modified_gmt":"2024-06-11T09:43:45","slug":"valcanale-tedesco","status":"publish","type":"page","link":"https:\/\/alpilink.it\/fr\/valcanale-tedesco\/","title":{"rendered":"Dialecte allemand du Kanaltal"},"content":{"rendered":"<section class=\"l-section wpb_row height_medium\"><div class=\"l-section-h i-cf\"><div class=\"g-cols vc_row via_grid cols_2 laptops-cols_inherit tablets-cols_inherit mobiles-cols_1 valign_top type_default stacking_default\"><div class=\"wpb_column vc_column_container\"><div class=\"vc_column-inner\"><div class=\"w-image us_custom_447bff20 has_ratio align_none\"><div class=\"w-image-h\"><div style=\"padding-bottom:133.3333%\"><\/div><img loading=\"lazy\" decoding=\"async\" width=\"1024\" height=\"699\" src=\"https:\/\/alpilink.it\/wp-content\/uploads\/2024\/06\/1280px-Pontebba_panorama-1024x699.jpg\" class=\"attachment-large size-large\" alt=\"\" srcset=\"https:\/\/alpilink.it\/wp-content\/uploads\/2024\/06\/1280px-Pontebba_panorama-1024x699.jpg 1024w, https:\/\/alpilink.it\/wp-content\/uploads\/2024\/06\/1280px-Pontebba_panorama-300x205.jpg 300w, https:\/\/alpilink.it\/wp-content\/uploads\/2024\/06\/1280px-Pontebba_panorama.jpg 1280w\" sizes=\"auto, (max-width: 1024px) 100vw, 1024px\" \/><\/div><\/div><\/div><\/div><div class=\"wpb_column vc_column_container\"><div class=\"vc_column-inner\"><div class=\"w-separator size_small\"><\/div><h2 class=\"w-text\"><span class=\"w-text-h\"><span class=\"w-text-value\">Dialecte allemand du Kanaltal<\/span><\/span><\/h2><div class=\"wpb_text_column\"><div class=\"wpb_wrapper\"><p><span style=\"font-weight: 400\">Le <\/span><i><span style=\"font-weight: 400\">Kanaltal<\/span><\/i><span style=\"font-weight: 400\"> (\u2018vall\u00e9e du canal\u2019 en allemand; <\/span><i><span style=\"font-weight: 400\">Val Canale<\/span><\/i><span style=\"font-weight: 400\"> en italien) est situ\u00e9 \u00e0 la fronti\u00e8re de l\u2019Italie, l\u2019Autriche et la Slov\u00e9nie. Cette vall\u00e9e fait partie de la R\u00e9gion Autonome du Frioul-V\u00e9n\u00e9tie-Julienne et marque l\u2019extr\u00e9mit\u00e9 nord-est de l\u2019Italie. L\u2019on y trouve des communaut\u00e9s plurilingues reconnues officiellement comme quadrilingues, surtout dans les communes de Tarvisio, Malborghetto-Valbruna et Pontebba. La population parle le dialecte allemand local de type bavarois m\u00e9ridional appartenant au groupe linguistique carinthien, aux c\u00f4t\u00e9s de l\u2019italien standard et de la vari\u00e9t\u00e9 r\u00e9gionale officielle du frioulan; \u00e0 cela s\u2019ajoute le slov\u00e8ne et, pour certaines locutrices et certains locuteurs, l\u2019allemand standard, ce qui s\u2019explique par la proximit\u00e9 g\u00e9ographique de l\u2019Autriche.<\/span><\/p>\n<p><span style=\"font-weight: 400\">Jusqu\u2019\u00e0 la fin de la Premi\u00e8re Guerre Mondiale, la r\u00e9gion a appartenu \u00e0 l\u2019Autriche. En cons\u00e9quence, l\u2019allemand y \u00e9tait la langue officielle et la majorit\u00e9 absolue de la population parlait le dialecte bavarois. Apr\u00e8s l\u2019annexion du <\/span><i><span style=\"font-weight: 400\">Kanaltal<\/span><\/i><span style=\"font-weight: 400\"> par l\u2019Italie, l\u2019arriv\u00e9e de nombreuses et nombreux italophones a men\u00e9 \u00e0 l\u2019\u00e9mergence de communaut\u00e9s plurilingues.\u00a0<\/span><\/p>\n<\/div><\/div><\/div><\/div><\/div><\/div><\/section><section class=\"l-section wpb_row height_auto\"><div class=\"l-section-h i-cf\"><div class=\"g-cols vc_row via_grid cols_1 laptops-cols_inherit tablets-cols_inherit mobiles-cols_1 valign_top type_default stacking_default\"><div class=\"wpb_column vc_column_container\"><div class=\"vc_column-inner\"><div class=\"wpb_text_column\"><div class=\"wpb_wrapper\"><p><span style=\"font-weight: 400\">De cette mani\u00e8re, les trois groupes linguistiques les plus nombreux \u00e0 l\u2019\u00e9chelle europ\u00e9enne (langues germaniques, slaves et romanes) sont repr\u00e9sent\u00e9s au sein de la m\u00eame vall\u00e9e. Ceci a valu \u00e0 cette zone g\u00e9ographique l\u2019appellation de \u201cPetite Europe\u201d (cfr. Hasenauer et al. 2020).<\/span><\/p>\n<p><span style=\"font-weight: 400\">La situation linguistique locale a chang\u00e9 drastiquement en 1939, avec l\u2019accord entre l\u2019Allemagne nazie et l\u2019Italie fasciste appel\u00e9 accord de \u201cl\u2019option\u201d, qui pr\u00e9voyait de laisser le choix aux familles non-italophones de la r\u00e9gion de s\u2019exiler dans le pays voisin correspondant \u00e0 leur langue principale, ou de rester et de s\u2019exposer ainsi \u00e0 l\u2019italianisation forc\u00e9e. Ceci eut naturellement pour cons\u00e9quence que la part de la population autochtone germanophone ou slov\u00e9nophone a fortement diminu\u00e9, en comparaison avec la population totale de la vall\u00e9e. \u00c0 cela s\u2019est ajout\u00e9 plus r\u00e9cemment un d\u00e9clin g\u00e9n\u00e9ral de la population, ce qui m\u00e8ne \u00e0 la r\u00e9duction du nombre de locutrices et locuteurs des vari\u00e9t\u00e9s susmentionn\u00e9es. Aujourd\u2019hui, seule une petite proportion de la population (typiquement plut\u00f4t \u00e2g\u00e9e) parle jusqu\u2019\u00e0 quatre langues dans le registre interpersonnel, tandis que les g\u00e9n\u00e9rations plus jeunes en parlent moins. Hasenauer et al. (2020, p. 37) d\u00e9nombrent moins de 100 personnes qui parlent le dialecte bavarois de type carinthien dans le <\/span><i><span style=\"font-weight: 400\">Kanaltal<\/span><\/i><span style=\"font-weight: 400\">, tandis que seulement 300 personnes utilisent une vari\u00e9t\u00e9 linguistique du slov\u00e8ne.<\/span><\/p>\n<p><span style=\"font-weight: 400\">De par la proximit\u00e9 g\u00e9ographique avec l\u2019Autriche, de nombreuses connexions culturelles et commerciales existent. De part et d\u2019autre de la fronti\u00e8re, l\u2019on retrouve les m\u00eames traditions, us et coutumes typiques de la Carinthie. C\u2019est aussi t\u00f4t qu\u2019en 1979 que fut fond\u00e9 le \u201cKanaltaler Kulturverein\u201d, l\u2019association culturelle du <\/span><i><span style=\"font-weight: 400\">Kanaltal<\/span><\/i><span style=\"font-weight: 400\"> qui \u0153uvre pour la promotion de la langue et de la culture allemande. Au sein de la g\u00e9n\u00e9ration plus jeune, il existe une conscience claire de la propre particularit\u00e9 culturelle et ethnolinguistique, ce qui refl\u00e8te l\u2019\u00e9mergence d\u2019une nouvelle identit\u00e9 r\u00e9gionale de la population du <\/span><i><span style=\"font-weight: 400\">Kanaltal<\/span><\/i><span style=\"font-weight: 400\">.<\/span><\/p>\n<p><i><span style=\"font-weight: 400\">R\u00e9f\u00e9rences bibliographiques<\/span><\/i><\/p>\n<ul>\n<li><span style=\"font-weight: 400\">Hasenauer, Leonie, Peter \u010cede, Igor Jelen &amp; Ernst Steinicke (2020):<a href=\"https:\/\/www.ageiweb.it\/geotema\/wp-content\/uploads\/2020\/06\/Geotema_Suppl2020_03_HasenauerCedeJelenSteinicke.pdf\"> La \u201cpiccola Europa\u201d sulle Alpi orientali sta per scomparire? La Valcanale (Friuli) nella tarda et\u00e0 moderna<\/a>. In: AGEI &#8211; Geotema, Supplemento, 29\u201344.<\/span><\/li>\n<\/ul>\n<p><strong>Pour approfondir<\/strong><\/p>\n<ul>\n<li><span style=\"font-weight: 400\">Comitato unitario delle isole linguistiche storiche germaniche in Italia (dir.) (2022): <a href=\"https:\/\/www.isolelinguistiche.it\/it\/le-isole-linguistiche-germaniche-fioriscono.html\">Le isole linguistiche germaniche fioriscono<\/a>: Comitato Unitario 2001-2021. Bozen-Bolzano: Athesia.\u00a0<\/span><\/li>\n<li><span style=\"font-weight: 400\">Heller, Karin, Luis Thomas Prader &amp; Christian Prezzi (dir.): <a href=\"https:\/\/www.isolelinguistiche.it\/files\/Sprachinseln\/Publikationen\/LebendigeSprachinseln\/Lebendige-Sprachinseln-dt-it.pdf\">Lebendige Sprachinseln<\/a>. 2a edizione. Bozen-Bolzano: Athesia.\u00a0<\/span><\/li>\n<li><span style=\"font-weight: 400\">Vavti, Stefanie (2006): <a href=\"http:\/\/www.qualitative-research.net\/index.php\/fqs\/article\/view\/78\/159\">\u201eWir sind Kanaltaler!\u201c \u2013 Regionale und lokale Identit\u00e4ten im viersprachigen Valcanale in Italien<\/a>. In: Forum Qualitative Sozialforschung (7\/1).<\/span><\/li>\n<\/ul>\n<p><strong>Site web de la comunit\u00e0 <b>communaut\u00e9 du <em>Kanaltal<\/em><\/b><\/strong><\/p>\n<ul>\n<li style=\"text-align: left\"><a href=\"https:\/\/kanaltalerkulturverein.wordpress.com\/news\/\">Kanaltaler Kulturverein<\/a><\/li>\n<\/ul>\n<\/div><\/div><div class=\"w-separator size_small\"><\/div><div class=\"w-btn-wrapper align_center\"><a class=\"w-btn us-btn-style_1\" title=\"Le nostre variet\u00e0\" href=\"https:\/\/alpilink.it\/fr\/le-nostre-varieta\/\"><span class=\"w-btn-label\">D\u00e9couvrez les autres vari\u00e9t\u00e9s<\/span><\/a><\/div><div class=\"w-separator size_small\"><\/div><\/div><\/div><\/div><\/div><\/section>\n","protected":false},"excerpt":{"rendered":"Dialecte allemand du KanaltalLe Kanaltal (\u2018vall\u00e9e du canal\u2019 en allemand; Val Canale en italien) est situ\u00e9 \u00e0 la fronti\u00e8re de l\u2019Italie, l\u2019Autriche et la Slov\u00e9nie. Cette vall\u00e9e fait partie de la R\u00e9gion Autonome du Frioul-V\u00e9n\u00e9tie-Julienne et marque l\u2019extr\u00e9mit\u00e9 nord-est de l\u2019Italie. L\u2019on y trouve des communaut\u00e9s plurilingues reconnues officiellement comme quadrilingues, surtout dans les communes...","protected":false},"author":13,"featured_media":0,"parent":0,"menu_order":0,"comment_status":"closed","ping_status":"closed","template":"","meta":{"footnotes":""},"class_list":["post-4430","page","type-page","status-publish","hentry"],"_links":{"self":[{"href":"https:\/\/alpilink.it\/fr\/wp-json\/wp\/v2\/pages\/4430","targetHints":{"allow":["GET"]}}],"collection":[{"href":"https:\/\/alpilink.it\/fr\/wp-json\/wp\/v2\/pages"}],"about":[{"href":"https:\/\/alpilink.it\/fr\/wp-json\/wp\/v2\/types\/page"}],"author":[{"embeddable":true,"href":"https:\/\/alpilink.it\/fr\/wp-json\/wp\/v2\/users\/13"}],"replies":[{"embeddable":true,"href":"https:\/\/alpilink.it\/fr\/wp-json\/wp\/v2\/comments?post=4430"}],"version-history":[{"count":16,"href":"https:\/\/alpilink.it\/fr\/wp-json\/wp\/v2\/pages\/4430\/revisions"}],"predecessor-version":[{"id":5247,"href":"https:\/\/alpilink.it\/fr\/wp-json\/wp\/v2\/pages\/4430\/revisions\/5247"}],"wp:attachment":[{"href":"https:\/\/alpilink.it\/fr\/wp-json\/wp\/v2\/media?parent=4430"}],"curies":[{"name":"wp","href":"https:\/\/api.w.org\/{rel}","templated":true}]}}