{"id":1833,"date":"2023-04-21T16:34:00","date_gmt":"2023-04-21T14:34:00","guid":{"rendered":"https:\/\/sites.dlls.univr.it\/alpilink\/vinko-2\/"},"modified":"2025-10-09T15:45:00","modified_gmt":"2025-10-09T13:45:00","slug":"vinko","status":"publish","type":"page","link":"https:\/\/alpilink.it\/fr\/vinko\/","title":{"rendered":"VinKo"},"content":{"rendered":"<section class=\"l-section wpb_row height_medium\" id=\"projects\"><div class=\"l-section-overlay\" style=\"background:#f5f5f5\"><\/div><div class=\"l-section-h i-cf\"><div class=\"g-cols vc_row via_grid cols_5-1 laptops-cols_inherit tablets-cols_inherit mobiles-cols_1 valign_top type_default stacking_default\"><div class=\"wpb_column vc_column_container\"><div class=\"vc_column-inner\"><h2 class=\"w-text us_custom_f963f329 has_text_color\"><span class=\"w-text-h\"><span class=\"w-text-value\">VinKo<\/span><\/span><\/h2><h5 class=\"w-text us_custom_b31e701b has_text_color\"><span class=\"w-text-h\"><span class=\"w-text-value\">Variet\u00e0 in Contatto\/Variet\u00e4ten im Kontakt\/Varieties in Contact<\/span><\/span><\/h5><\/div><\/div><div class=\"wpb_column vc_column_container\"><div class=\"vc_column-inner\"><div class=\"w-image align_none\"><div class=\"w-image-h\"><img loading=\"lazy\" decoding=\"async\" width=\"1024\" height=\"479\" src=\"https:\/\/alpilink.it\/wp-content\/uploads\/2023\/05\/VinKo-logo-1-1024x479.png\" class=\"attachment-large size-large\" alt=\"\" srcset=\"https:\/\/alpilink.it\/wp-content\/uploads\/2023\/05\/VinKo-logo-1-1024x479.png 1024w, https:\/\/alpilink.it\/wp-content\/uploads\/2023\/05\/VinKo-logo-1-300x140.png 300w\" sizes=\"auto, (max-width: 1024px) 100vw, 1024px\" \/><\/div><\/div><\/div><\/div><\/div><\/div><\/section><section class=\"l-section wpb_row height_small\"><div class=\"l-section-h i-cf\"><div class=\"g-cols vc_row via_grid cols_1 laptops-cols_inherit tablets-cols_inherit mobiles-cols_1 valign_top type_default stacking_default\"><div class=\"wpb_column vc_column_container\"><div class=\"vc_column-inner\"><div class=\"wpb_text_column\"><div class=\"wpb_wrapper\"><p><b>VinKo<\/b><span style=\"font-weight: 400;\"> est l\u2019acronyme de <\/span><i><span style=\"font-weight: 400;\">Varieties in Contact<\/span><\/i><span style=\"font-weight: 400;\"> (\u2018Vari\u00e9t\u00e9s en contact\u2019), un projet de recherche men\u00e9 en collaboration par les universit\u00e9s de V\u00e9rone, Trente et Bozen-Bolzano (2018-2022) qui constitue le point de d\u00e9part du projet AlpiLinK. VinKo \u00e9tait une infrastructure de recherche qui avait pour but de documenter et d\u2019analyser les dialectes et langues minoritaires de l\u2019Italie du Nord-Est (en particulier dans les r\u00e9gions de la V\u00e9n\u00e9tie, du Trentin et du Sud-Tyrol). Les vari\u00e9t\u00e9s en contact \u00e9taient, d\u2019une part, les <\/span><a href=\"http:\/\/alpilink.it\/fr\/tirolese\/\"><span style=\"font-weight: 400;\">dialectes tyroliens<\/span><\/a><span style=\"font-weight: 400;\"> et les langues minoritaires germaniques <\/span><a href=\"http:\/\/alpilink.it\/fr\/mocheno\/\"><i><span style=\"font-weight: 400;\">m\u00f2cheno<\/span><\/i><\/a><span style=\"font-weight: 400;\">, <\/span><a href=\"http:\/\/alpilink.it\/fr\/cimbro\/\"><span style=\"font-weight: 400;\">cimbre<\/span><\/a><span style=\"font-weight: 400;\"> ainsi que le <\/span><a href=\"http:\/\/alpilink.it\/fr\/saurano\/\"><span style=\"font-weight: 400;\">dialecte de Zahre<\/span><\/a><span style=\"font-weight: 400;\"> et celui <\/span><a href=\"http:\/\/alpilink.it\/fr\/sappadino\/\"><span style=\"font-weight: 400;\">de Plodn<\/span><\/a><span style=\"font-weight: 400;\">, et d\u2019autre part, les <\/span><a href=\"http:\/\/alpilink.it\/fr\/veneto\/\"><span style=\"font-weight: 400;\">vari\u00e9t\u00e9s v\u00e9nitiennes<\/span><\/a><span style=\"font-weight: 400;\">, <\/span><a href=\"http:\/\/alpilink.it\/fr\/trentino\/\"><span style=\"font-weight: 400;\">v\u00e9n\u00e9to-lombardes<\/span><\/a><span style=\"font-weight: 400;\"> et <\/span><a href=\"http:\/\/alpilink.it\/fr\/ladino\/\"><span style=\"font-weight: 400;\">ladines<\/span><\/a><span style=\"font-weight: 400;\">. L\u2019infrastructure comprenait une plateforme internet pour <\/span><span style=\"color: #00ccff;\"><b>la collecte et la repr\u00e9sentation des donn\u00e9es linguistiques<\/b><\/span><span style=\"font-weight: 400;\">, une <\/span><span style=\"color: #008000;\"><b>archive<\/b><\/span> <span style=\"font-weight: 400;\">pour la conservation permanente des donn\u00e9es et diff\u00e9rentes initiatives de sensibilisation du public, en particulier un projet avec les \u00e9coles secondaires de la V\u00e9n\u00e9tie appel\u00e9 <\/span><a href=\"http:\/\/alpilink.it\/fr\/vinkiamo\/\"><span style=\"font-weight: 400;\">VinKiamo<\/span><\/a><span style=\"font-weight: 400;\">.<\/span><\/p>\n<p><span style=\"font-weight: 400;\">L\u2019objectif de VinKo \u00e9tait de rendre possible la comparaison des structures linguistiques de l\u2019italien et de l\u2019allemand. Actuellement, des analyses g\u00e9olinguistiques syst\u00e9matiques sont disponibles portant sur les th\u00e8mes suivants: la morphologie des articles et pronoms (Kruijt 2022), l\u2019usage de sujets expl\u00e9tifs avec des verbes m\u00e9t\u00e9orologiques (Tomaselli &amp; Bidese 2023) et l\u2019usage de l\u2019article expl\u00e9tif avec des noms propres (Rabanus 2023). Par exemple, la phrase suivante peut \u00eatre utilis\u00e9e pour \u00e9tudier l\u2019usage de l\u2019article d\u00e9fini avec un nom propre (par ex. <em><u>le<\/u> Jean<\/em>, <em><u>la<\/u> Marie <\/em><\/span><span style=\"font-weight: 400;\">plut\u00f4t que <\/span><i><span style=\"font-weight: 400;\">Jean<\/span><\/i><span style=\"font-weight: 400;\"> et <\/span><i><span style=\"font-weight: 400;\">Marie<\/span><\/i><span style=\"font-weight: 400;\">): <\/span><i><span style=\"font-weight: 400;\">In diesem Saal ist Maria die sch\u00f6nste\/In questa stanza Maria \u00e8 la pi\u00f9 bella<\/span><\/i><span style=\"font-weight: 400;\"> (S0015; \u201cDans cette salle, c\u2019est Marie qui est la plus belle\u201d).<\/span><\/p>\n<p><span style=\"font-weight: 400;\">Dans le dialecte tyrolien de V\u00f6ls am Schlern (BZ), cette phrase est r\u00e9alis\u00e9e comme suit<\/span>: <em>In dem Saal isch <u>die<\/u> Maria die schianschte<\/em>.<\/p>\n<audio class=\"wp-audio-shortcode\" id=\"audio-1833-1\" preload=\"none\" style=\"width: 100%;\" controls=\"controls\"><source type=\"audio\/flac\" src=\"https:\/\/alpilink.it\/wp-content\/uploads\/2024\/08\/S0015_tir_U0372.flac?_=1\" \/><a href=\"https:\/\/alpilink.it\/wp-content\/uploads\/2024\/08\/S0015_tir_U0372.flac\">https:\/\/alpilink.it\/wp-content\/uploads\/2024\/08\/S0015_tir_U0372.flac<\/a><\/audio>\n<p>&nbsp;<\/p>\n<p><em><span style=\"font-weight: 400;\">Dans le dialecte v\u00e9nitien de Grezzana, dans la province de V\u00e9rone, l\u2019on dit:<\/span> In questo locale <u>la<\/u> Maria l&#8217;\u00e8 la pi\u00f9 bela<\/em>.<\/p>\n<audio class=\"wp-audio-shortcode\" id=\"audio-1833-2\" preload=\"none\" style=\"width: 100%;\" controls=\"controls\"><source type=\"audio\/flac\" src=\"https:\/\/alpilink.it\/wp-content\/uploads\/2024\/08\/S0015_vec_U0556.flac?_=2\" \/><a href=\"https:\/\/alpilink.it\/wp-content\/uploads\/2024\/08\/S0015_vec_U0556.flac\">https:\/\/alpilink.it\/wp-content\/uploads\/2024\/08\/S0015_vec_U0556.flac<\/a><\/audio>\n<p>&nbsp;<\/p>\n<p><span style=\"font-weight: 400;\">En se basant sur les donn\u00e9es collect\u00e9es au moyen de VinKo, Rabanus (2023) a montr\u00e9 que dans la province de Trente, les noms propres sont accompagn\u00e9s par l\u2019article expl\u00e9tif dans 74% des cas, tandis que ce nombre ne s\u2019\u00e9l\u00e8ve qu\u2019\u00e0 22% dans la r\u00e9gion de V\u00e9n\u00e9tie. Ceci montre que, en ce qui concerne l\u2019usage de l\u2019article expl\u00e9tif, la fronti\u00e8re entre les provinces de Trente et V\u00e9rone en V\u00e9n\u00e9tie est plus pertinente que celle entre Trente et Bozen-Bolzano au Sud-Tyrol, o\u00f9 l\u2019usage de l\u2019article expl\u00e9tif atteint environ 90%, malgr\u00e9 la fronti\u00e8re linguistique germano-italophone entre ces deux derni\u00e8res villes. (Note: Trente se situe <\/span><i><span style=\"font-weight: 400;\">grosso modo<\/span><\/i><span style=\"font-weight: 400;\"> \u00e0 mi-distance entre V\u00e9rone et Bozen-Bolzano). Une description plus d\u00e9taill\u00e9e des r\u00e9sultats est disponible dans la section &#8220;<a href=\"https:\/\/alpilink.it\/fr\/risultati\/\">R\u00e9sultats<\/a>&#8220;.<br \/>\n<\/span><\/p>\n<\/div><\/div><\/div><\/div><\/div><\/div><\/section><section class=\"l-section wpb_row height_small\"><div class=\"l-section-h i-cf\"><div class=\"g-cols vc_row via_grid cols_2-1 laptops-cols_inherit tablets-cols_inherit mobiles-cols_1 valign_top type_default stacking_default\"><div class=\"wpb_column vc_column_container\"><div class=\"vc_column-inner\"><h3 class=\"w-text us_custom_f4bd5706 has_text_color\"><span class=\"w-text-h\"><span class=\"w-text-value\">Collecte de donn\u00e9es au moyen du crowdsourcing<\/span><\/span><\/h3><div class=\"wpb_text_column\"><div class=\"wpb_wrapper\"><p><span style=\"font-weight: 400;\">Le projet VinKo a collect\u00e9 des donn\u00e9es par le biais de la plateforme internet multilingue (italo-germano-anglophone) <i>vinko.it<\/i>, o\u00f9 les participant.e.s ont fourni des donn\u00e9es linguistiques sous forme de fichiers audio, en enregistrant leur propres r\u00e9ponses aux stimuli d\u2019un questionnaire en ligne. Le questionnaire avait trois objectifs sp\u00e9cifiques: la prononciation de mots en dialecte, la traduction par les participant.e.s de phrases en italien ou allemand standard vers leur dialecte ou langue minoritaire (soit des phrases isol\u00e9es, soit des phrases ins\u00e9r\u00e9es dans le contexte narratif d\u2019une histoire illustr\u00e9e), et troisi\u00e8mement, la production libre de phrases li\u00e9es au contenu des histoires illustr\u00e9es (voir Kruijt, Cordin &amp; Rabanus 2023 pour plus de d\u00e9tails sur la collecte de donn\u00e9es). Au total<\/span><span style=\"font-weight: 400;\">, <\/span><span style=\"color: #00ccff;\"><b>189.679 fichiers audio <\/b><\/span><b><span style=\"font-weight: 400;\">de mots et phrases ont \u00e9t\u00e9 enregistr\u00e9s par<\/span><\/b><span style=\"font-weight: 400;\">\u00a0<\/span><span style=\"color: #00ccff;\"><b>1.439 informateurs <\/b><\/span><span style=\"font-weight: 400;\">provenant de <\/span><span style=\"color: #00ccff;\"><b>387 <\/b><\/span><b><span style=\"font-weight: 400;\">localit\u00e9s diff\u00e9rentes. La collaboration entre les communaut\u00e9s linguistiques locales, la population en g\u00e9n\u00e9ral et l\u2019\u00e9quipe de recherche scientifique est un aspect fondamental de la m\u00e9thodologie du crowdsourcing. Pour les communaut\u00e9s linguistiques, le projet avait pour but de contribuer \u00e0 accro\u00eetre la conscience de la richesse linguistique et culturelle, en documentant les dialectes et langues minoritaires en tant que patrimoine culturel immat\u00e9riel dans l\u2019espace digital. Une carte en acc\u00e8s libre a permis \u00e0 tout le monde de d\u00e9couvrir les vari\u00e9t\u00e9s linguistiques locales et, ainsi, de prendre conscience de la valeur du patrimoine culturel immat\u00e9riel de la r\u00e9gion dite &#8220;des Trois V\u00e9n\u00e9ties&#8221;. La carte &#8220;VinKo&#8221; dans sa forme originale (comme illustr\u00e9e ci-contre) n&#8217;est plus en ligne. Cependant, toutes les donn\u00e9es de la carte &#8220;VinKo&#8221; ont \u00e9t\u00e9 int\u00e9gr\u00e9es dans la carte disponible sur le site &#8220;AlpiLink&#8221; dans la section &#8220;<a href=\"http:\/\/alpilink.it\/fr\/ascoltaeesplora\/\">\u00c9couter &amp; Explorer<\/a>&#8220;, et sont donc toujours accessibles du point de vue g\u00e9ographique.<\/span><\/b><\/p>\n<\/div><\/div><\/div><\/div><div class=\"wpb_column vc_column_container\"><div class=\"vc_column-inner\"><div class=\"w-separator size_medium\"><\/div><div class=\"w-image align_none\"><div class=\"w-image-h\"><img loading=\"lazy\" decoding=\"async\" width=\"590\" height=\"678\" src=\"https:\/\/alpilink.it\/wp-content\/uploads\/2023\/04\/Capture.png\" class=\"attachment-large size-large\" alt=\"\" srcset=\"https:\/\/alpilink.it\/wp-content\/uploads\/2023\/04\/Capture.png 590w, https:\/\/alpilink.it\/wp-content\/uploads\/2023\/04\/Capture-261x300.png 261w\" sizes=\"auto, (max-width: 590px) 100vw, 590px\" \/><\/div><\/div><div class=\"wpb_text_column\"><div class=\"wpb_wrapper\"><p style=\"text-align: center;\"><em>Carte VinKo (non plus en ligne)<\/em><\/p>\n<\/div><\/div><\/div><\/div><\/div><\/div><\/section><section class=\"l-section wpb_row height_small\"><div class=\"l-section-h i-cf\"><div class=\"g-cols vc_row via_grid cols_1 laptops-cols_inherit tablets-cols_inherit mobiles-cols_1 valign_top type_default stacking_default\"><div class=\"wpb_column vc_column_container\"><div class=\"vc_column-inner\"><h3 class=\"w-text us_custom_1266ccb2 has_text_color\"><span class=\"w-text-h\"><span class=\"w-text-value\">Donn\u00e9es de recherche FAIR: archive<\/span><\/span><\/h3><div class=\"wpb_text_column\"><div class=\"wpb_wrapper\"><p><span style=\"font-weight: 400;\">Pour la communaut\u00e9 des chercheuses et des chercheurs, les donn\u00e9es ont \u00e9t\u00e9 sauvegard\u00e9es dans le <i>VinKo Corpus<\/i> (Rabanus et al. 2023; handle:<a href=\"http:\/\/hdl.handle.net\/20.500.12124\/74\"> http:\/\/hdl.handle.net\/20.500.12124\/74<\/a><\/span><span style=\"font-weight: 400;\">), \u00a0qui est une archive en acc\u00e8s libre (licence: CC BY-NC-SA 4.0 International), en prenant soin de respecter au mieux possible les <\/span><a href=\"https:\/\/www.go-fair.org\/fair-principles\/\"><span style=\"font-weight: 400;\">principes FAIR<\/span><\/a><span style=\"font-weight: 400;\">. Les donn\u00e9es ont \u00e9t\u00e9 r\u00e9organis\u00e9es et archiv\u00e9es dans cette base de donn\u00e9es externe et ind\u00e9pendante de l\u2019universit\u00e9, afin de garantir leur conservation \u00e0 long terme et le libre acc\u00e8s \u00e0 tout moment, m\u00eame apr\u00e8s la date de cl\u00f4ture du projet. L\u2019archive est g\u00e9r\u00e9e par le Centre de Recherche Eurac Clarin (ERCC) situ\u00e9 \u00e0 Bozen-Bolzano (Sud-Tyrol). En tant que membre de l\u2019infrastructure europ\u00e9enne <\/span><a href=\"https:\/\/www.clarin.eu\/\"><span style=\"font-weight: 400;\">CLARIN<\/span><\/a><span style=\"font-weight: 400;\">, <\/span><span style=\"font-weight: 400;\">le centre adh\u00e8re \u00e0 des standards internationaux bien d\u00e9finis pour la gestion et la conservation de donn\u00e9es.<\/span><\/p>\n<p><span style=\"font-weight: 400;\">Ceci signifie qu\u2019il est par exemple possible d\u2019avoir acc\u00e8s directement aux fichiers audio des phrases-exemple ci-dessus, en utilisant les ID correspondants: <\/span><span style=\"color: #008000;\"><b>S0015_tir_U0372<\/b><\/span><span style=\"font-weight: 400;\"> (V\u00f6ls am Schlern) et <\/span><span style=\"color: #008000;\"><b>S0015_vec_U0556<\/b><\/span><span style=\"font-weight: 400;\"> (Grezzana).<\/span><\/p>\n<p><span style=\"font-weight: 400;\">Pour approfondir la logique de la d\u00e9nomination et les modalit\u00e9s de recherche des enregistrements audio de l\u2019archive, voir Kruijt, Rabanus &amp; Tagliani (2023, pp. 212-214). Au moment de la r\u00e9daction de ces lignes, le corpus VinKo contient 12.511 enregistrements audio pour les dialectes trentins, 502 pour le <\/span><i><span style=\"font-weight: 400;\">m\u00f2cheno<\/span><\/i><span style=\"font-weight: 400;\">, 683 pour le cimbre, 7.133 pour les diff\u00e9rentes vari\u00e9t\u00e9s ladines (la vari\u00e9t\u00e9 de la vall\u00e9e de Gherd\u00ebina et celle de Badia, la vari\u00e9t\u00e9 de la vall\u00e9e de Fascia, la vari\u00e9t\u00e9 de la vall\u00e9e de Fodom, ainsi que celle de Anpezo), 158 pour la langue minoritaire parl\u00e9e \u00e0 Plodn\/Sappada, 268 pour la langue minoritaire parl\u00e9e \u00e0 Zahre\/Sauris, 20.659 pour les dialectes tyroliens et 147.765 pour les dialectes v\u00e9nitiens, repr\u00e9sentant ainsi plus des 3\/4 du corpus total de 189.679 fichiers audio.<\/span><\/p>\n<\/div><\/div><div class=\"w-separator size_small\"><\/div><p class=\"w-text us_custom_a7fee978 has_text_color\"><span class=\"w-text-h\"><span class=\"w-text-value\">Pour approfondir<\/span><\/span><\/p><div class=\"wpb_text_column\"><div class=\"wpb_wrapper\"><ul>\n<li style=\"font-weight: 400;\"><span style=\"font-weight: 400;\">Kruijt, Anne (2022): <\/span><a href=\"https:\/\/hdl.handle.net\/11562\/1064706\"><i><span style=\"font-weight: 400;\">Crowdsourcing language contact: pronoun and article morphology in Trentino-South Tyrol and Veneto<\/span><\/i><\/a><span style=\"font-weight: 400;\">. Th\u00e8se de doctorat, Universit\u00e9 de V\u00e9rone.<\/span><\/li>\n<li style=\"font-weight: 400;\"><span style=\"font-weight: 400;\">Kruijt, Anne, Patrizia Cordin &amp; Stefan Rabanus (2023): On the validity of crowdsourced data. In Elissa Pustka, Carmen Quijada Van den Berghe &amp; Verena Weiland (dir.): <\/span><i><span style=\"font-weight: 400;\">Corpus Dialectology<\/span><\/i><span style=\"font-weight: 400;\">. Amsterdam\/Philadelphie: Benjamins, 10-33.<\/span><\/li>\n<li style=\"font-weight: 400;\"><span style=\"font-weight: 400;\">Kruijt, Anne, Stefan Rabanus &amp; Marta Tagliani (2023). The VinKo-Corpus: Oral data from Romance and Germanic local varieties of Northern Italy. In Marc Kupietz &amp; Thomas Schmidt (dir.): <\/span><i><span style=\"font-weight: 400;\">Neue Entwicklungen in der Korpuslandschaft der Germanistik: Beitr\u00e4ge zur IDS-Methodenmesse 2022<\/span><\/i><span style=\"font-weight: 400;\">. (= Korpuslinguistik und interdisziplin\u00e4re Perspektiven auf Sprache (CLIP) 11). T\u00fcbingen: Narr, 203-212.<\/span><\/li>\n<li style=\"font-weight: 400;\"><span style=\"font-weight: 400;\">Rabanus, Stefan (2023): Nome di battesimo e articolo espletivo \u2013 crowdsourcing e cartografica linguistica nello studio della variazione linguistica in Trentino-Alto Adige e Veneto. In Robert Sch\u00f6ntag &amp; Laura Linzmeier (dir.): <\/span><em>Neue Ans\u00e4tze und Perspektiven zur sprachlichen Raumkonzeption und Geolinguistik<\/em>. <em>Fallstudien aus der Romania und der Germania. <\/em>Lausanne: Lang, 93-134.<\/li>\n<li style=\"font-weight: 400;\"><span style=\"font-weight: 400;\">Rabanus, Stefan, Anne Kruijt, Marta Tagliani, Alessandra Tomaselli, Andrea Padovan, Birgit Alber, Patrizia Cordin, Roberto Zamparelli &amp; Barbara Maria Vogt (2023): <\/span><a href=\"http:\/\/hdl.handle.net\/20.500.12124\/74\"><i><span style=\"font-weight: 400;\">VinKo (Varieties in Contact) Corpus v1.2<\/span><\/i><\/a><i><span style=\"font-weight: 400;\">.<\/span><\/i><span style=\"font-weight: 400;\"> Bozen-Bolzano: ERCC.<\/span><\/li>\n<li style=\"font-weight: 400;\"><span style=\"font-weight: 400;\">Tomaselli, Alessandra &amp; Ermenegildo Bidese (2023): <\/span><a href=\"https:\/\/www.mdpi.com\/2226-471X\/8\/1\/44\"><span style=\"font-weight: 400;\">Fortune and decay of lexical expletives in Germanic and Romance along the Adige River<\/span><\/a><span style=\"font-weight: 400;\">. <\/span><i><span style=\"font-weight: 400;\">Languages 8(1), 44<\/span><\/i><span style=\"font-weight: 400;\">.<\/span><\/li>\n<\/ul>\n<\/div><\/div><div class=\"w-separator size_medium\"><\/div><\/div><\/div><\/div><\/div><\/section>\n","protected":false},"excerpt":{"rendered":"VinKoVariet\u00e0 in Contatto\/Variet\u00e4ten im Kontakt\/Varieties in ContactVinKo est l\u2019acronyme de Varieties in Contact (\u2018Vari\u00e9t\u00e9s en contact\u2019), un projet de recherche men\u00e9 en collaboration par les universit\u00e9s de V\u00e9rone, Trente et Bozen-Bolzano (2018-2022) qui constitue le point de d\u00e9part du projet AlpiLinK. VinKo \u00e9tait une infrastructure de recherche qui avait pour but de documenter et d\u2019analyser...","protected":false},"author":1,"featured_media":0,"parent":0,"menu_order":0,"comment_status":"closed","ping_status":"closed","template":"","meta":{"footnotes":""},"class_list":["post-1833","page","type-page","status-publish","hentry"],"_links":{"self":[{"href":"https:\/\/alpilink.it\/fr\/wp-json\/wp\/v2\/pages\/1833","targetHints":{"allow":["GET"]}}],"collection":[{"href":"https:\/\/alpilink.it\/fr\/wp-json\/wp\/v2\/pages"}],"about":[{"href":"https:\/\/alpilink.it\/fr\/wp-json\/wp\/v2\/types\/page"}],"author":[{"embeddable":true,"href":"https:\/\/alpilink.it\/fr\/wp-json\/wp\/v2\/users\/1"}],"replies":[{"embeddable":true,"href":"https:\/\/alpilink.it\/fr\/wp-json\/wp\/v2\/comments?post=1833"}],"version-history":[{"count":37,"href":"https:\/\/alpilink.it\/fr\/wp-json\/wp\/v2\/pages\/1833\/revisions"}],"predecessor-version":[{"id":7162,"href":"https:\/\/alpilink.it\/fr\/wp-json\/wp\/v2\/pages\/1833\/revisions\/7162"}],"wp:attachment":[{"href":"https:\/\/alpilink.it\/fr\/wp-json\/wp\/v2\/media?parent=1833"}],"curies":[{"name":"wp","href":"https:\/\/api.w.org\/{rel}","templated":true}]}}