{"id":1427,"date":"2023-04-21T16:06:29","date_gmt":"2023-04-21T14:06:29","guid":{"rendered":"https:\/\/sites.dlls.univr.it\/alpilink\/partner-di-collaborazione\/"},"modified":"2025-06-18T15:20:28","modified_gmt":"2025-06-18T13:20:28","slug":"partner","status":"publish","type":"page","link":"https:\/\/alpilink.it\/fr\/partner\/","title":{"rendered":"Partenaires"},"content":{"rendered":"<section class=\"l-section wpb_row height_medium\"><div class=\"l-section-h i-cf\"><div class=\"g-cols vc_row via_grid cols_1 laptops-cols_inherit tablets-cols_inherit mobiles-cols_1 valign_top type_default stacking_default\"><div class=\"wpb_column vc_column_container\"><div class=\"vc_column-inner\"><h2 class=\"w-text us_custom_635068bb has_text_color\"><span class=\"w-text-h\"><span class=\"w-text-value\">R\u00e9seau de partenaires<\/span><\/span><\/h2><div class=\"wpb_text_column\"><div class=\"wpb_wrapper\"><p><span style=\"font-weight: 400\">Il existe des accords de coop\u00e9ration avec les institutions, personnes et\/ou projets suivants:<\/span><\/p>\n<\/div><\/div><\/div><\/div><\/div><\/div><\/section><section class=\"l-section wpb_row height_small\"><div class=\"l-section-h i-cf\"><div class=\"g-cols vc_row via_grid cols_1-5 laptops-cols_inherit tablets-cols_inherit mobiles-cols_1 valign_top type_default stacking_default\"><div class=\"wpb_column vc_column_container\"><div class=\"vc_column-inner\"><div class=\"w-image align_center\"><div class=\"w-image-h\"><img loading=\"lazy\" decoding=\"async\" width=\"110\" height=\"85\" src=\"https:\/\/alpilink.it\/wp-content\/uploads\/2023\/05\/verbaalpina-e1688715864581.png\" class=\"attachment-full size-full\" alt=\"\" \/><\/div><\/div><\/div><\/div><div class=\"wpb_column vc_column_container\"><div class=\"vc_column-inner\"><div class=\"w-separator size_small\"><\/div><div class=\"wpb_text_column\"><div class=\"wpb_wrapper\"><p><a href=\"https:\/\/dx.doi.org\/10.5282\/verba-alpina\">VerbaAlpina<\/a>; Ludwig-Maximilians-Universit\u00e4t M\u00fcnchen (<span class=\"vaabr\" data-vaabr=\"LMU\" data-hasqtip=\"5\" aria-describedby=\"qtip-5\">LMU<\/span>), Thomas Krefeld &amp; Stephan L\u00fccke.<\/p>\n<div><\/div>\n<\/div><\/div><\/div><\/div><\/div><\/div><\/section><section class=\"l-section wpb_row height_auto\"><div class=\"l-section-h i-cf\"><div class=\"g-cols vc_row via_grid cols_1-5 laptops-cols_inherit tablets-cols_inherit mobiles-cols_1 valign_top type_default stacking_default\"><div class=\"wpb_column vc_column_container\"><div class=\"vc_column-inner\"><div class=\"w-image align_none\"><div class=\"w-image-h\"><img loading=\"lazy\" decoding=\"async\" width=\"267\" height=\"84\" src=\"https:\/\/alpilink.it\/wp-content\/uploads\/2023\/05\/rede.png\" class=\"attachment-full size-full\" alt=\"\" \/><\/div><\/div><\/div><\/div><div class=\"wpb_column vc_column_container\"><div class=\"vc_column-inner\"><div class=\"wpb_text_column\"><div class=\"wpb_wrapper\"><p><a href=\"https:\/\/www.regionalsprache.de\/\">Regionalsprache.de<\/a>;\u00a0 Forschungszentrum Deutscher Sprachatlas, Philipps-Universit\u00e4t Marburg, Alfred Lameli.<\/p>\n<div><\/div>\n<\/div><\/div><\/div><\/div><\/div><\/div><\/section><section class=\"l-section wpb_row height_small\"><div class=\"l-section-h i-cf\"><div class=\"g-cols vc_row via_grid cols_1-5 laptops-cols_inherit tablets-cols_inherit mobiles-cols_1 valign_top type_default stacking_default\"><div class=\"wpb_column vc_column_container\"><div class=\"vc_column-inner\"><div class=\"w-image align_center\"><div class=\"w-image-h\"><img loading=\"lazy\" decoding=\"async\" width=\"100\" height=\"100\" src=\"https:\/\/alpilink.it\/wp-content\/uploads\/2023\/05\/cropped-Icon_Complete_web-1-e1688715905575.png\" class=\"attachment-full size-full\" alt=\"\" \/><\/div><\/div><\/div><\/div><div class=\"wpb_column vc_column_container\"><div class=\"vc_column-inner\"><div class=\"w-separator size_small\"><\/div><div class=\"wpb_text_column\"><div class=\"wpb_wrapper\"><p><a href=\"https:\/\/lingscape.uni.lu\/\">Lingscape<\/a>; Universit\u00e9 du Luxembourg, Christoph Purschke.<\/p>\n<div><\/div>\n<\/div><\/div><\/div><\/div><\/div><\/div><\/section><section class=\"l-section wpb_row height_small\"><div class=\"l-section-h i-cf\"><div class=\"g-cols vc_row via_grid cols_1-5 laptops-cols_inherit tablets-cols_inherit mobiles-cols_1 valign_top type_default stacking_default\"><div class=\"wpb_column vc_column_container\"><div class=\"vc_column-inner\"><div class=\"w-image align_center\"><div class=\"w-image-h\"><img loading=\"lazy\" decoding=\"async\" width=\"195\" height=\"70\" src=\"https:\/\/alpilink.it\/wp-content\/uploads\/2025\/06\/Logo_eurac-klein.png\" class=\"attachment-full size-full\" alt=\"\" \/><\/div><\/div><\/div><\/div><div class=\"wpb_column vc_column_container\"><div class=\"vc_column-inner\"><div class=\"w-separator size_small\"><\/div><div class=\"wpb_text_column\"><div class=\"wpb_wrapper\"><div><a href=\"https:\/\/www.eurac.edu\/de\/institutes-centers\/institut-fuer-angewandte-sprachforschung\">Institut f\u00fcr Angewandte Sprachforschung<\/a>, Eurac Research, Bozen.<\/div>\n<\/div><\/div><\/div><\/div><\/div><\/div><\/section><section class=\"l-section wpb_row height_small\"><div class=\"l-section-h i-cf\"><div class=\"g-cols vc_row via_grid cols_1-5 laptops-cols_inherit tablets-cols_inherit mobiles-cols_1 valign_top type_default stacking_default\"><div class=\"wpb_column vc_column_container\"><div class=\"vc_column-inner\"><div class=\"w-image align_center\"><div class=\"w-image-h\"><img loading=\"lazy\" decoding=\"async\" width=\"248\" height=\"91\" src=\"https:\/\/alpilink.it\/wp-content\/uploads\/2023\/06\/climalp_icon.png\" class=\"attachment-full size-full\" alt=\"\" \/><\/div><\/div><\/div><\/div><div class=\"wpb_column vc_column_container\"><div class=\"vc_column-inner\"><div class=\"w-separator size_small\"><\/div><div class=\"wpb_text_column\"><div class=\"wpb_wrapper\"><p><a href=\"https:\/\/www.climalp.org\/\">CLiMAlp<\/a>; Universit\u00e9 de Turin, Livio Gaeta.<\/p>\n<\/div><\/div><\/div><\/div><\/div><\/div><\/section>\n","protected":false},"excerpt":{"rendered":"R\u00e9seau de partenairesIl existe des accords de coop\u00e9ration avec les institutions, personnes et\/ou projets suivants: VerbaAlpina; Ludwig-Maximilians-Universit\u00e4t M\u00fcnchen (LMU), Thomas Krefeld &amp; Stephan L\u00fccke. Regionalsprache.de;\u00a0 Forschungszentrum Deutscher Sprachatlas, Philipps-Universit\u00e4t Marburg, Alfred Lameli. Lingscape; Universit\u00e9 du Luxembourg, Christoph Purschke. Institut f\u00fcr Angewandte Sprachforschung, Eurac Research, Bozen. CLiMAlp; Universit\u00e9 de Turin, Livio Gaeta.","protected":false},"author":13,"featured_media":0,"parent":0,"menu_order":0,"comment_status":"closed","ping_status":"closed","template":"","meta":{"footnotes":""},"class_list":["post-1427","page","type-page","status-publish","hentry"],"_links":{"self":[{"href":"https:\/\/alpilink.it\/fr\/wp-json\/wp\/v2\/pages\/1427","targetHints":{"allow":["GET"]}}],"collection":[{"href":"https:\/\/alpilink.it\/fr\/wp-json\/wp\/v2\/pages"}],"about":[{"href":"https:\/\/alpilink.it\/fr\/wp-json\/wp\/v2\/types\/page"}],"author":[{"embeddable":true,"href":"https:\/\/alpilink.it\/fr\/wp-json\/wp\/v2\/users\/13"}],"replies":[{"embeddable":true,"href":"https:\/\/alpilink.it\/fr\/wp-json\/wp\/v2\/comments?post=1427"}],"version-history":[{"count":15,"href":"https:\/\/alpilink.it\/fr\/wp-json\/wp\/v2\/pages\/1427\/revisions"}],"predecessor-version":[{"id":7044,"href":"https:\/\/alpilink.it\/fr\/wp-json\/wp\/v2\/pages\/1427\/revisions\/7044"}],"wp:attachment":[{"href":"https:\/\/alpilink.it\/fr\/wp-json\/wp\/v2\/media?parent=1427"}],"curies":[{"name":"wp","href":"https:\/\/api.w.org\/{rel}","templated":true}]}}