{"id":1268,"date":"2022-12-13T14:02:38","date_gmt":"2022-12-13T13:02:38","guid":{"rendered":"https:\/\/sites.dlls.univr.it\/alpilink\/partecipa\/"},"modified":"2024-02-07T16:40:04","modified_gmt":"2024-02-07T15:40:04","slug":"partecipa","status":"publish","type":"page","link":"https:\/\/alpilink.it\/fr\/partecipa\/","title":{"rendered":"Participer"},"content":{"rendered":"<section class=\"l-section wpb_row height_medium\"><div class=\"l-section-overlay\" style=\"background:#f5f5f5\"><\/div><div class=\"l-section-h i-cf\"><div class=\"g-cols vc_row via_grid cols_1 laptops-cols_inherit tablets-cols_inherit mobiles-cols_1 valign_top type_default stacking_default\"><div class=\"wpb_column vc_column_container\"><div class=\"vc_column-inner\"><div class=\"w-text us_custom_16e22688\"><span class=\"w-text-h\"><span class=\"w-text-value\">AlpiLinK<\/span><\/span><\/div><h2 class=\"w-text us_custom_e2674237 has_text_color\"><span class=\"w-text-h\"><span class=\"w-text-value\">La collecte de donn\u00e9es<\/span><\/span><\/h2><div class=\"wpb_text_column\"><div class=\"wpb_wrapper\"><p><span style=\"font-weight: 400\">Sur la plateforme AlpiLinK, les donn\u00e9es linguistiques sont collect\u00e9es au moyen de l\u2019enregistrement vocal des participant.e.s avec le microphone int\u00e9gr\u00e9 du dispositif \u00e9lectronique que celles-ci et ceux-ci utilisent pour se connecter au site web. Apr\u00e8s avoir pris connaissance des informations sur le traitement des donn\u00e9es \u00e0 caract\u00e8re personnel et avoir accept\u00e9 les termes et conditions, il vous sera propos\u00e9 de compl\u00e9ter quelques t\u00e2ches simples dans votre langue minoritaire locale ou votre dialecte: d\u00e9crire ce qui se passe dans une sc\u00e8ne illustr\u00e9e, transformer ou traduire des phrases et des mots.<\/span><\/p>\n<\/div><\/div><\/div><\/div><\/div><\/div><\/section><section class=\"l-section wpb_row height_small\"><div class=\"l-section-h i-cf\"><div class=\"g-cols vc_row via_grid cols_1 laptops-cols_inherit tablets-cols_inherit mobiles-cols_1 valign_top type_default stacking_default\"><div class=\"wpb_column vc_column_container\"><div class=\"vc_column-inner\"><div class=\"w-image hide_on_tablets hide_on_mobiles align_center\"><a target=\"_blank\" href=\"https:\/\/survey.phonic.ai\/63ed07834ec225fa096a4b21?lang=it\" rel=\"noopener\" aria-label=\"Link\" class=\"w-image-h\"><img loading=\"lazy\" decoding=\"async\" width=\"609\" height=\"467\" src=\"https:\/\/alpilink.it\/wp-content\/uploads\/2024\/02\/Screenshotit.png\" class=\"attachment-large size-large\" alt=\"\" srcset=\"https:\/\/alpilink.it\/wp-content\/uploads\/2024\/02\/Screenshotit.png 609w, https:\/\/alpilink.it\/wp-content\/uploads\/2024\/02\/Screenshotit-300x230.png 300w\" sizes=\"auto, (max-width: 609px) 100vw, 609px\" \/><\/a><\/div><div class=\"w-image hide_on_default hide_on_laptops align_none\"><a target=\"_blank\" href=\"https:\/\/survey.phonic.ai\/63ed07834ec225fa096a4b21?lang=it\" rel=\"noopener\" aria-label=\"Link\" class=\"w-image-h\"><img loading=\"lazy\" decoding=\"async\" width=\"670\" height=\"570\" src=\"https:\/\/alpilink.it\/wp-content\/uploads\/2024\/02\/Screenshot-2024-02-07-153703-e1707317034422.png\" class=\"attachment-large size-large\" alt=\"\" \/><\/a><\/div><\/div><\/div><\/div><\/div><\/section><section class=\"l-section wpb_row height_medium\"><div class=\"l-section-h i-cf\"><div class=\"g-cols vc_row via_grid cols_1 laptops-cols_inherit tablets-cols_inherit mobiles-cols_1 valign_top type_default stacking_default\"><div class=\"wpb_column vc_column_container\"><div class=\"vc_column-inner\">[vc_custom_heading text=&#8221;Pr\u00e9requis techniques&#8221; font_container=&#8221;tag:h4|text_align:left&#8221; css=&#8221;%7B%22default%22%3A%7B%22color%22%3A%22%23114c5e%22%2C%22font-family%22%3A%22body%22%2C%22font-weight%22%3A%22700%22%7D%7D&#8221;]<div class=\"wpb_text_column\"><div class=\"wpb_wrapper\"><p><span style=\"font-weight: 400\">La participation \u00e0 l\u2019enqu\u00eate linguistique est possible au moyen de presque tous les dispositifs \u00e9lectroniques, syst\u00e8mes d\u2019exploitation et navigateurs web. Cependant, quelques aspects probl\u00e9matiques ont \u00e9t\u00e9 recens\u00e9s avec certains navigateurs et certaines combinaisons de navigateurs et syst\u00e8mes d\u2019exploitation.<\/span><\/p>\n<ul>\n<li style=\"font-weight: 400\"><b>Appareils Apple iOS (iPhone, iPad etc.) &amp; navigateurs web diff\u00e9rents de Safari. <\/b><span style=\"font-weight: 400\">Apple bloque l\u2019acc\u00e8s au microphone pour tous les navigateurs iOS \u00e0 l\u2019exception de Safari. Les enregistrements effectu\u00e9s avec Safari sont parfois perturb\u00e9s par des craquements ind\u00e9sirables.<\/span><\/li>\n<li style=\"font-weight: 400\"><b>Ouverture du lien \u00e0 l\u2019int\u00e9rieur d\u2019autres applications<\/b><span style=\"font-weight: 400\">, comme par exemple Facebook Messenger. L\u2019acc\u00e8s au microphone est possible seulement quand le lien du site est ouvert directement dans le navigateur web.<\/span><\/li>\n<li style=\"font-weight: 400\"><b>Versions de navigateurs web plus anciennes<\/b><span style=\"font-weight: 400\">, comme par exemple Internet Explorer 6-11 ou Edge 12-18. La liste compl\u00e8te des navigateurs web compatibles avec AlpiLinK est consultable <\/span><a href=\"https:\/\/caniuse.com\/#feat=mediarecorder\"><span style=\"font-weight: 400\">ici<\/span><\/a><span style=\"font-weight: 400\">.<\/span><\/li>\n<\/ul>\n<\/div><\/div><\/div><\/div><\/div><\/div><\/section>\n","protected":false},"excerpt":{"rendered":"AlpiLinKLa collecte de donn\u00e9esSur la plateforme AlpiLinK, les donn\u00e9es linguistiques sont collect\u00e9es au moyen de l\u2019enregistrement vocal des participant.e.s avec le microphone int\u00e9gr\u00e9 du dispositif \u00e9lectronique que celles-ci et ceux-ci utilisent pour se connecter au site web. Apr\u00e8s avoir pris connaissance des informations sur le traitement des donn\u00e9es \u00e0 caract\u00e8re personnel et avoir accept\u00e9 les...","protected":false},"author":15,"featured_media":0,"parent":0,"menu_order":0,"comment_status":"closed","ping_status":"closed","template":"","meta":{"footnotes":""},"class_list":["post-1268","page","type-page","status-publish","hentry"],"_links":{"self":[{"href":"https:\/\/alpilink.it\/fr\/wp-json\/wp\/v2\/pages\/1268","targetHints":{"allow":["GET"]}}],"collection":[{"href":"https:\/\/alpilink.it\/fr\/wp-json\/wp\/v2\/pages"}],"about":[{"href":"https:\/\/alpilink.it\/fr\/wp-json\/wp\/v2\/types\/page"}],"author":[{"embeddable":true,"href":"https:\/\/alpilink.it\/fr\/wp-json\/wp\/v2\/users\/15"}],"replies":[{"embeddable":true,"href":"https:\/\/alpilink.it\/fr\/wp-json\/wp\/v2\/comments?post=1268"}],"version-history":[{"count":30,"href":"https:\/\/alpilink.it\/fr\/wp-json\/wp\/v2\/pages\/1268\/revisions"}],"predecessor-version":[{"id":4865,"href":"https:\/\/alpilink.it\/fr\/wp-json\/wp\/v2\/pages\/1268\/revisions\/4865"}],"wp:attachment":[{"href":"https:\/\/alpilink.it\/fr\/wp-json\/wp\/v2\/media?parent=1268"}],"curies":[{"name":"wp","href":"https:\/\/api.w.org\/{rel}","templated":true}]}}