{"id":832,"date":"2023-03-17T15:51:23","date_gmt":"2023-03-17T14:51:23","guid":{"rendered":"https:\/\/sites.dlls.univr.it\/alpilink\/mocheno\/"},"modified":"2026-02-19T11:03:37","modified_gmt":"2026-02-19T10:03:37","slug":"mocheno","status":"publish","type":"page","link":"https:\/\/alpilink.it\/en\/mocheno\/","title":{"rendered":"M\u00f2cheno"},"content":{"rendered":"<section class=\"l-section wpb_row height_medium\"><div class=\"l-section-h i-cf\"><div class=\"g-cols vc_row via_grid cols_2 laptops-cols_inherit tablets-cols_inherit mobiles-cols_1 valign_top type_default stacking_default\"><div class=\"wpb_column vc_column_container\"><div class=\"vc_column-inner\"><div class=\"w-image us_custom_447bff20 has_ratio align_none\"><div class=\"w-image-h\"><div style=\"padding-bottom:133.3333%\"><\/div><img loading=\"lazy\" decoding=\"async\" width=\"1024\" height=\"768\" src=\"https:\/\/alpilink.it\/wp-content\/uploads\/2024\/06\/Valle_dei_Mocheni_-_SantOrsola_Terme-1024x768.jpg\" class=\"attachment-large size-large\" alt=\"\" srcset=\"https:\/\/alpilink.it\/wp-content\/uploads\/2024\/06\/Valle_dei_Mocheni_-_SantOrsola_Terme-1024x768.jpg 1024w, https:\/\/alpilink.it\/wp-content\/uploads\/2024\/06\/Valle_dei_Mocheni_-_SantOrsola_Terme-300x225.jpg 300w, https:\/\/alpilink.it\/wp-content\/uploads\/2024\/06\/Valle_dei_Mocheni_-_SantOrsola_Terme.jpg 1200w\" sizes=\"auto, (max-width: 1024px) 100vw, 1024px\" \/><\/div><\/div><\/div><\/div><div class=\"wpb_column vc_column_container\"><div class=\"vc_column-inner\"><div class=\"w-separator size_small\"><\/div><h2 class=\"w-text\"><span class=\"w-text-h\"><span class=\"w-text-value\">M\u00f2cheno<\/span><\/span><\/h2><div class=\"wpb_text_column\"><div class=\"wpb_wrapper\"><p><span style=\"font-weight: 400;\">M\u00f2cheno is a Germanic variety spoken in Trentino, in the Fersina Valley, ca. 20 km east of the city of Trento. Speakers, in addition to the term <\/span><i><span style=\"font-weight: 400;\">M\u00f2cheno<\/span><\/i><span style=\"font-weight: 400;\"> also use <\/span><i><span style=\"font-weight: 400;\">de inger sproch<\/span><\/i><span style=\"font-weight: 400;\"> (&#8216;our language&#8217;) to refer to their own variety. The first German settlers established themselves in the Fersina Valley around the 13th century and were originally from Tyrol and from areas next to the Fersina Valley that were already colonized by German-speaking communities. <\/span><\/p>\n<p><span style=\"font-weight: 400;\">Today M\u00f2cheno is a Germanic language island comprising the three municipalities of Pal\u00f9 del Fersina (Palai en Bersntol), Fierozzo (Vlarotz) and Frassilongo\/Roveda (Garait\/Oachlait). The speakers of M\u00f2cheno are usually at least trilingual: in addition to M\u00f2cheno and standard Italian (the language of schooling) they also speak the local <a href=\"https:\/\/alpilink.it\/en\/trentino\/\">Trentino dialect<\/a>. Until recently, M\u00f2cheno was only used orally. In 2003, the M\u00f2cheno Cultural Institute (BKI) published a normative grammar of the language that also contains an orthography proposal (Rowley 2003, based on Rowley 1986, 2010).<\/span><\/p>\n<\/div><\/div><\/div><\/div><\/div><\/div><\/section><section class=\"l-section wpb_row height_auto\"><div class=\"l-section-h i-cf\"><div class=\"g-cols vc_row via_grid cols_1 laptops-cols_inherit tablets-cols_inherit mobiles-cols_1 valign_top type_default stacking_default\"><div class=\"wpb_column vc_column_container\"><div class=\"vc_column-inner\"><div class=\"wpb_text_column\"><div class=\"wpb_wrapper\"><p><span style=\"font-weight: 400;\">\u00a0In recent years, the BKI has also coordinated various activities to protect this endangered minority language, such as publishing a dictionary (s&#8217;kloa be.be, also available in an online version at <a href=\"http:\/\/kib.ladintal.it\/\">http:\/\/kib.ladintal.it\/<\/a>) and the standardization of the orthography used for place names which, in accordance with provincial law, must be rendered in M\u00f2cheno. In the dialectological classification M\u00f2cheno belongs to the group of the Southern Bavarian dialects (see articles in Bideses and Cognola 2013 as well as Rabanus 2017). Along with <a href=\"https:\/\/alpilink.it\/en\/ladino\/\">Ladin<\/a> and <a href=\"https:\/\/alpilink.it\/en\/cimbro\/\">Cimbrian<\/a>, it is part of the minority languages protected by the legislation of the Autonomous Province of Trento as well as by State law 482\/1999.<\/span><\/p>\n<p><em>References<\/em><\/p>\n<ul>\n<li>Rabanus, Stefan (2017): Die Grenze zwischen S\u00fcdbairisch und Zimbrisch. In Alexandra Lenz et al. (eds.): <em>Bayerisch-\u00d6sterreichische Variet\u00e4ten zu Beginn des 21. Jahrhunderts &#8211; Dynamik, Struktur, Funktion. Akten der 12. Bayerische-\u00d6sterreichischen Dialektologentagung<\/em>. Stuttgart: Steiner, pp. 407-422.<\/li>\n<li>Rowley, Anthony (1986): <em>Fersental (val F\u00e8rsina bei Trient\/Oberitalien). Untersuchung einer Sprachinselmundart<\/em>. T\u00fcbingen: Niemeyer.<\/li>\n<li>S kloa\u2019be.be = <em>S kloa\u2019 bersntoler Beirterpuach. Piccolo vocabolario m\u00f2cheno. Das kleine Fersentaler W\u00f6rterbuch<\/em> (2009). Pal\u00f9 del F\u00e8rsina: Istituto Culturale M\u00f2cheno.<\/li>\n<\/ul>\n<p><span style=\"font-weight: 400;\">Codice: ISO 639-3 mhn<\/span><\/p>\n<p><b>Further reading<\/b><\/p>\n<ul>\n<li style=\"font-weight: 400;\"><span style=\"font-weight: 400;\">Bidese, Ermenegildo &amp; Federica Cognola (eds.) (2013): <a href=\"https:\/\/www.rosenbergesellier.it\/ita\/scheda-libro?aaref=104\">Introduzione alla linguistica del m\u00f2cheno<\/a>. Turin: Rosenberg &amp; Sellier.<\/span><\/li>\n<li style=\"font-weight: 400;\"><span style=\"font-weight: 400;\">Rowley, Anthony (2003): <em><a href=\"https:\/\/www.libreriauniversitaria.it\/liacht-as-de-sproch-grammatica\/libro\/9788894253610\">Liacht as de sproch. Grammatica della lingua m\u00f2chena\/Grammatik des Deutsch-Fersentalerischen<\/a><\/em>. Pal\u00f9 del F\u00e8rsina: Istituto Culturale m\u00f2cheno cimbro\/Kulturinsitut Bersntol-Lus\u00e9rn.<\/span><\/li>\n<li style=\"font-weight: 400;\"><span style=\"font-weight: 400;\">Rowley, Anthony (2010):<\/span><a href=\"http:\/\/publikationen.ub.uni-frankfurt.de\/frontdoor\/index\/index\/docId\/14831\"> <span style=\"font-weight: 400;\">Deskriptive Grammatik des Deutsch-Fersentalerischen (M\u00f2cheno). <\/span><\/a><span dir=\"ltr\">Universit\u00e4tsbibliothek Johann Christian Senckenberg.<\/span><\/li>\n<li>Schweizer, Bruno &amp; Stefan Rabanus (2012):<a href=\"https:\/\/iris.univr.it\/retrieve\/handle\/11562\/429137\/26152\/ZSA_ridotto.pdf\">\u00a0Z<em>imbrischer und fersentalerischer Sprachatlas. Atlante linguistico cimbro e m\u00f2cheno<\/em><\/a>. Lus\u00e9rn: Kulturinstitut Lus\u00e9rn\/Palai en Bersntol: Bernstoler Kulturinstitut.<\/li>\n<\/ul>\n<p><strong>Additional online resources<\/strong><\/p>\n<ul>\n<li><a href=\"http:\/\/kib.ladintal.it\/\">Bersntoler Beirterp\u00f2nk<\/a> (Dictionary M\u00f2cheno &#8211; Italian\/German)<\/li>\n<li><a href=\"https:\/\/clam2021.unitn.it\/\">CLAM 2021<\/a> (Cimbro Ladino Mocheno 2021: investigates language use and attitudes of minority language speakers in the provinces of Trento, Bolzano and Belluno)<\/li>\n<\/ul>\n<p><b>Website of the M\u00f2cheno community<\/b><\/p>\n<ul>\n<li style=\"font-weight: 400;\"><a href=\"http:\/\/www.bersntol.it\/\"><span style=\"font-weight: 400;\">Bersntoler Kulturinstitut<\/span><\/a><\/li>\n<\/ul>\n<\/div><\/div><div class=\"w-separator size_small\"><\/div><div class=\"w-btn-wrapper align_center\"><a class=\"w-btn us-btn-style_1\" title=\"Our varieties\" href=\"https:\/\/alpilink.it\/en\/le-nostre-varieta\/\"><span class=\"w-btn-label\">Discover the other varieties<\/span><\/a><\/div><div class=\"w-separator size_small\"><\/div><\/div><\/div><\/div><\/div><\/section>\n","protected":false},"excerpt":{"rendered":"M\u00f2chenoM\u00f2cheno is a Germanic variety spoken in Trentino, in the Fersina Valley, ca. 20 km east of the city of Trento. Speakers, in addition to the term M\u00f2cheno also use de inger sproch (&#8216;our language&#8217;) to refer to their own variety. The first German settlers established themselves in the Fersina Valley around the 13th century...","protected":false},"author":1,"featured_media":0,"parent":0,"menu_order":0,"comment_status":"closed","ping_status":"closed","template":"","meta":{"footnotes":""},"class_list":["post-832","page","type-page","status-publish","hentry"],"_links":{"self":[{"href":"https:\/\/alpilink.it\/en\/wp-json\/wp\/v2\/pages\/832","targetHints":{"allow":["GET"]}}],"collection":[{"href":"https:\/\/alpilink.it\/en\/wp-json\/wp\/v2\/pages"}],"about":[{"href":"https:\/\/alpilink.it\/en\/wp-json\/wp\/v2\/types\/page"}],"author":[{"embeddable":true,"href":"https:\/\/alpilink.it\/en\/wp-json\/wp\/v2\/users\/1"}],"replies":[{"embeddable":true,"href":"https:\/\/alpilink.it\/en\/wp-json\/wp\/v2\/comments?post=832"}],"version-history":[{"count":19,"href":"https:\/\/alpilink.it\/en\/wp-json\/wp\/v2\/pages\/832\/revisions"}],"predecessor-version":[{"id":7220,"href":"https:\/\/alpilink.it\/en\/wp-json\/wp\/v2\/pages\/832\/revisions\/7220"}],"wp:attachment":[{"href":"https:\/\/alpilink.it\/en\/wp-json\/wp\/v2\/media?parent=832"}],"curies":[{"name":"wp","href":"https:\/\/api.w.org\/{rel}","templated":true}]}}