{"id":4621,"date":"2024-01-08T11:16:16","date_gmt":"2024-01-08T10:16:16","guid":{"rendered":"https:\/\/alpilink.it\/?page_id=4621"},"modified":"2024-06-11T11:45:16","modified_gmt":"2024-06-11T09:45:16","slug":"sloveno-della-val-canale","status":"publish","type":"page","link":"https:\/\/alpilink.it\/en\/sloveno-della-val-canale\/","title":{"rendered":"Val Canale Slovenian"},"content":{"rendered":"<section class=\"l-section wpb_row height_medium\"><div class=\"l-section-h i-cf\"><div class=\"g-cols vc_row via_grid cols_2 laptops-cols_inherit tablets-cols_inherit mobiles-cols_1 valign_top type_default stacking_default\"><div class=\"wpb_column vc_column_container\"><div class=\"vc_column-inner\"><div class=\"w-image us_custom_447bff20 has_ratio align_none\"><div class=\"w-image-h\"><div style=\"padding-bottom:133.3333%\"><\/div><img loading=\"lazy\" decoding=\"async\" width=\"1024\" height=\"699\" src=\"https:\/\/alpilink.it\/wp-content\/uploads\/2024\/06\/1280px-Pontebba_panorama-1024x699.jpg\" class=\"attachment-large size-large\" alt=\"\" srcset=\"https:\/\/alpilink.it\/wp-content\/uploads\/2024\/06\/1280px-Pontebba_panorama-1024x699.jpg 1024w, https:\/\/alpilink.it\/wp-content\/uploads\/2024\/06\/1280px-Pontebba_panorama-300x205.jpg 300w, https:\/\/alpilink.it\/wp-content\/uploads\/2024\/06\/1280px-Pontebba_panorama.jpg 1280w\" sizes=\"auto, (max-width: 1024px) 100vw, 1024px\" \/><\/div><\/div><\/div><\/div><div class=\"wpb_column vc_column_container\"><div class=\"vc_column-inner\"><div class=\"w-separator size_small\"><\/div><h2 class=\"w-text\"><span class=\"w-text-h\"><span class=\"w-text-value\">Val Canale Slovenian<\/span><\/span><\/h2><div class=\"wpb_text_column\"><div class=\"wpb_wrapper\"><p><span style=\"font-weight: 400\">Slovenian is one of the minority languages officially recognized by Italy through law 482\/1999. The northernmost region in Italy where Slovenian is spoken is the Val Canale (Slovenian: <\/span><i><span style=\"font-weight: 400\">Kanalska dolina<\/span><\/i><span style=\"font-weight: 400\">), which is quadrilingual: Slovenian is part of speaker\u2019s individual repertoires alongside German, Italian and Friulian. The indigenous Slovenian population today is a small minority, similar to the <a href=\"https:\/\/alpilink.it\/en\/valcanale-tedesco\/\">Germans in the Val Canale<\/a>. Only about 300 people still use Slovenian dialects today (Hasenauer et al. 2020, p. 37), mainly in the villages of Ugovizza (Ukve) in the municipality of Malborghetto-Valbruna (Naborjet-Ov\u010dja vas) and Camporosso (\u017dabnice) in the municipality of Tarvisio (Trbi\u017e). Therefore, only these two municipalities are officially considered Slovenian-speaking (<a href=\"https:\/\/www.gazzettaufficiale.it\/atto\/serie_generale\/caricaDettaglioAtto\/originario?atto.dataPubblicazioneGazzetta=2007-11-27&amp;atto.codiceRedazionale=007A9946&amp;elenco30giorni=false\"><i>Decreto del Presidente della Repubblica<\/i><\/a>, September 12, 2007). Dialect speakers are over 70 years old. In the other localities the dialect is largely abandoned, but according to Hasenauer et al. (2020, p. 31) a &#8220;symbolic ethnicity&#8221; remains, through which local traditions and customs are preserved to some extent.<br \/>\n<\/span><\/p>\n<div><\/div>\n<\/div><\/div><\/div><\/div><\/div><\/div><\/section><section class=\"l-section wpb_row height_auto\"><div class=\"l-section-h i-cf\"><div class=\"g-cols vc_row via_grid cols_1 laptops-cols_inherit tablets-cols_inherit mobiles-cols_1 valign_top type_default stacking_default\"><div class=\"wpb_column vc_column_container\"><div class=\"vc_column-inner\"><div class=\"wpb_text_column\"><div class=\"wpb_wrapper\"><p><span style=\"font-weight: 400\">The local varieties of the Val Canale, from the point of view of Slovenian dialectology, belong to the Carinthian dialects (<i>koro\u0161ko nare\u010dje<\/i>, cf. SLA, pp. 11-14), more specifically to the Slovenian Gail Valley dialects (<em>ziljsko nare\u010dje<\/em>) which are also present in the adjacent Austrian and Slovenian territories. For a compact description of the linguistic features of the Slovenian Gail Valley dialects see \u0160ekli (2024, p. 223-225). During the era of communism in Yugoslavia, the residents of the Val Canale did not identify with Slovenia, but developed a &#8220;diffused ethnicity&#8221; (Hasenauer et al. 2020, p. 37), which is perhaps best expressed in their self-designation <\/span><i><span style=\"font-weight: 400\">po na\u0161em<\/span><\/i><span style=\"font-weight: 400\">, which roughly means &#8216;in our own way&#8217; and closely resembles self-designations in other linguistic islands, such as <\/span><i><span style=\"font-weight: 400\">as be biar<\/span><\/i><span style=\"font-weight: 400\"> &#8216;like us\u201d&#8217; of the <a href=\"https:\/\/alpilink.it\/en\/cimbro\/\">Cimbrians<\/a>. However, differently from the situation in the <a href=\"https:\/\/alpilink.it\/en\/resiano\/\">Resia Valley<\/a>, standard Slovenian always had some functional domains, for example in the media and, since recently, also in the public school (see \u0160ekli 2024, p. 227).<br \/>\n<\/span><\/p>\n<p><em>References<\/em><\/p>\n<ul>\n<li>Hasenauer, Leonie, Peter \u010cede, Igor Jelen &amp; Ernst Steinicke (2020): <a href=\"https:\/\/www.ageiweb.it\/geotema\/wp-content\/uploads\/2020\/06\/Geotema_Suppl2020_03_HasenauerCedeJelenSteinicke.pdf\">La \u201cpiccola Europa\u201d sulle Alpi orientali sta per scomparire? La Valcanale (Friuli) nella tarda et\u00e0 moderna<\/a>. In: AGEI \u2013 Geotema, Supplemento, 29\u201344.<\/li>\n<li>\u0160ekli, Matej (2024): <a href=\"https:\/\/bop.unibe.ch\/linguistik-online\/article\/view\/11156\">Lo sloveno<\/a>. In: Linguistik online 130\/6, 211-233.<\/li>\n<\/ul>\n<p><strong>Further reading<\/strong><\/p>\n<ul>\n<li>SLA = \u0160kofic, Jo\u017eica (eds.). 2011. <a href=\"https:\/\/isjfr.zrc-sazu.si\/sl\/publikacije\/slovenski-lingvisticni-atlas-1\">Slovenski lingvisti\u010dni atlas 1: \u010clovek (telo, bolezni, dru\u017eina)<\/a>. Ljubljana: Zalo\u017eba ZRC.<\/li>\n<\/ul>\n<div><\/div>\n<div><\/div>\n<\/div><\/div><div class=\"w-separator size_small\"><\/div><div class=\"w-btn-wrapper align_center\"><a class=\"w-btn us-btn-style_1\" title=\"Le nostre variet\u00e0\" href=\"https:\/\/alpilink.it\/en\/le-nostre-varieta\/\"><span class=\"w-btn-label\">Discover the other varieties<\/span><\/a><\/div><div class=\"w-separator size_small\"><\/div><\/div><\/div><\/div><\/div><\/section>\n","protected":false},"excerpt":{"rendered":"Val Canale SlovenianSlovenian is one of the minority languages officially recognized by Italy through law 482\/1999. The northernmost region in Italy where Slovenian is spoken is the Val Canale (Slovenian: Kanalska dolina), which is quadrilingual: Slovenian is part of speaker\u2019s individual repertoires alongside German, Italian and Friulian. The indigenous Slovenian population today is a small...","protected":false},"author":13,"featured_media":0,"parent":0,"menu_order":0,"comment_status":"closed","ping_status":"closed","template":"","meta":{"footnotes":""},"class_list":["post-4621","page","type-page","status-publish","hentry"],"_links":{"self":[{"href":"https:\/\/alpilink.it\/en\/wp-json\/wp\/v2\/pages\/4621","targetHints":{"allow":["GET"]}}],"collection":[{"href":"https:\/\/alpilink.it\/en\/wp-json\/wp\/v2\/pages"}],"about":[{"href":"https:\/\/alpilink.it\/en\/wp-json\/wp\/v2\/types\/page"}],"author":[{"embeddable":true,"href":"https:\/\/alpilink.it\/en\/wp-json\/wp\/v2\/users\/13"}],"replies":[{"embeddable":true,"href":"https:\/\/alpilink.it\/en\/wp-json\/wp\/v2\/comments?post=4621"}],"version-history":[{"count":14,"href":"https:\/\/alpilink.it\/en\/wp-json\/wp\/v2\/pages\/4621\/revisions"}],"predecessor-version":[{"id":5251,"href":"https:\/\/alpilink.it\/en\/wp-json\/wp\/v2\/pages\/4621\/revisions\/5251"}],"wp:attachment":[{"href":"https:\/\/alpilink.it\/en\/wp-json\/wp\/v2\/media?parent=4621"}],"curies":[{"name":"wp","href":"https:\/\/api.w.org\/{rel}","templated":true}]}}