{"id":1503,"date":"2023-04-21T16:48:39","date_gmt":"2023-04-21T14:48:39","guid":{"rendered":"https:\/\/sites.dlls.univr.it\/alpilink\/vinkiamo\/"},"modified":"2025-07-09T18:05:51","modified_gmt":"2025-07-09T16:05:51","slug":"vinkiamo","status":"publish","type":"page","link":"https:\/\/alpilink.it\/en\/vinkiamo\/","title":{"rendered":"VinKiamo"},"content":{"rendered":"<section class=\"l-section wpb_row height_medium\" id=\"projects\"><div class=\"l-section-overlay\" style=\"background:#f5f5f5\"><\/div><div class=\"l-section-h i-cf\"><div class=\"g-cols vc_row via_grid cols_5-1 laptops-cols_inherit tablets-cols_inherit mobiles-cols_1 valign_top type_default stacking_default\"><div class=\"wpb_column vc_column_container\"><div class=\"vc_column-inner\"><h2 class=\"w-text us_custom_539611eb has_text_color\"><span class=\"w-text-h\"><span class=\"w-text-value\">VinKiamo<\/span><\/span><\/h2><h5 class=\"w-text us_custom_789ecda9 has_text_color\"><span class=\"w-text-h\"><span class=\"w-text-value\">Collaboration with schools and their students<\/span><\/span><\/h5><\/div><\/div><div class=\"wpb_column vc_column_container\"><div class=\"vc_column-inner\"><div class=\"w-image align_none\"><div class=\"w-image-h\"><img loading=\"lazy\" decoding=\"async\" width=\"512\" height=\"512\" src=\"https:\/\/alpilink.it\/wp-content\/uploads\/2023\/05\/educator-e1683110060521.png\" class=\"attachment-large size-large\" alt=\"\" \/><\/div><\/div><\/div><\/div><\/div><\/div><\/section><section class=\"l-section wpb_row height_small\"><div class=\"l-section-h i-cf\"><div class=\"g-cols vc_row via_grid cols_1 laptops-cols_inherit tablets-cols_inherit mobiles-cols_1 valign_top type_default stacking_default\"><div class=\"wpb_column vc_column_container\"><div class=\"vc_column-inner\"><div class=\"wpb_text_column\"><div class=\"wpb_wrapper\"><p>The term &#8216;VinKiamo&#8217; originates from a collaboration between the University of Verona and the Regional School Office for Veneto in 2021 and it is now used to cover all AlpiLinK activities carried out in collaboration with schools, regardless of region. VinKiamo constitutes the most important part of the participatory aspect of AlpiLinK and the project works with numerous schools in Veneto, Friuli-Venezia Giulia, South Tyrol, Trentino and Aosta Valley (please find the links to region-dedicated websites at the end of the page). Three types of interconnected activities are offered:<\/p>\n<\/div><\/div><\/div><\/div><\/div><\/div><\/section><section class=\"l-section wpb_row height_small\"><div class=\"l-section-h i-cf\"><div class=\"g-cols vc_row via_grid cols_2-1 laptops-cols_inherit tablets-cols_inherit mobiles-cols_1 valign_top type_default stacking_default\"><div class=\"wpb_column vc_column_container\"><div class=\"vc_column-inner\"><h5 class=\"w-text us_custom_064d3121\"><span class=\"w-text-h\"><span class=\"w-text-value\">Raising awareness of multilingualism\/plurilingualism<\/span><\/span><\/h5><div class=\"wpb_text_column\"><div class=\"wpb_wrapper\"><p>All activities in the VinKiamo context include raising the students&#8217; awareness of historic multilingualism and its value for the territory and of individual plurilingualism and its cognitive benefits. One way of achieving this is via an activity called &#8216;linguistic autobiography&#8217;. In this activity students are challenged to think more critically about their own linguistic repertoire. Students are presented with a human silhouette and asked to color it in, using a different color for every different language in their repertoire. The first step is to think about the languages they know, which can range from the languages learnt at school to local dialects and minority languages or include languages of recent migration. The second step is to think about the role of each language in their lives and their competency and then decide how this affects the placement of the language on the silhouette (see this <a href=\"https:\/\/alpilink.it\/wp-content\/uploads\/2024\/06\/FlyerAutobiografiaLinguistica.pdf\">flyer<\/a> for an example of a unit of teacher training and workshops in class). Another Vinkiamo activity aimed at raising awareness was done in cooperation with a primary school located in a Veneto highland area. It explored the benefits of plurilingualism on language skill development in typically developing learners and learners with developmental dyslexia. The project consisted of the assessment of reading skill development in monolingual and bilingual children, the implementation of a learning path to strengthen the children\u2019s morphological skills (useful for comprehending written texts), and teacher training. The main goal was to promote local multilingualism, in this area typically of Italian and local\/minority languages, and raising awareness of the benefits of multilingualism for language skill development in typically and atypically developing learners.<\/p>\n<\/div><\/div><\/div><\/div><div class=\"wpb_column vc_column_container\"><div class=\"vc_column-inner\"><div class=\"w-separator size_medium\"><\/div><div class=\"w-image has_ratio align_none\"><div class=\"w-image-h\"><div style=\"padding-bottom:133.3333%\"><\/div><img loading=\"lazy\" decoding=\"async\" width=\"1024\" height=\"768\" src=\"https:\/\/alpilink.it\/wp-content\/uploads\/2024\/06\/36-1024x768.jpg\" class=\"attachment-large size-large\" alt=\"\" srcset=\"https:\/\/alpilink.it\/wp-content\/uploads\/2024\/06\/36-1024x768.jpg 1024w, https:\/\/alpilink.it\/wp-content\/uploads\/2024\/06\/36-300x225.jpg 300w, https:\/\/alpilink.it\/wp-content\/uploads\/2024\/06\/36-scaled.jpg 2040w\" sizes=\"auto, (max-width: 1024px) 100vw, 1024px\" \/><\/div><\/div><\/div><\/div><\/div><\/div><\/section><section class=\"l-section wpb_row height_small\"><div class=\"l-section-h i-cf\"><div class=\"g-cols vc_row via_grid cols_2-1 laptops-cols_inherit tablets-cols_inherit mobiles-cols_1 valign_top type_default stacking_default\"><div class=\"wpb_column vc_column_container\"><div class=\"vc_column-inner\"><h5 class=\"w-text us_custom_064d3121\"><span class=\"w-text-h\"><span class=\"w-text-value\">Data collection and active citizenship<\/span><\/span><\/h5><div class=\"wpb_text_column\"><div class=\"wpb_wrapper\"><p>The VinKiamo activities are originally intended for students in secondary school and are aimed at making students take active part in scientific data collection. Through the data collection, VinKiamo is deeply intertwined with the AlpiLinK project, just as it was in the past with the <a href=\"https:\/\/alpilink.it\/en\/vinko\/\">VinKo<\/a> project (hence the name \u201cVinKiamo\u201d). Participation in the data collection allows students to improve their digital, linguistic and active citizenship skills. By meeting speakers from different generations and acting as intermediaries between the AlpiLinK crowdsourcing platform and the informants themselves, who may not be able to use IT tools independently, they also develop their interpersonal skills. In 2024 the data collection activities have been extended to the collection of visual representations of language in the public sphere (&#8220;Linguistic Landscaping&#8221;), e.g. street signs or advertisements. By documenting (photographing), discussing, and analyzing the signs found, the students become more aware of the presence of minority languages, foreign languages (German, English etc.) and dialects in their everyday surroundings. They are also asked to reflect on what the signs are meant to communicate and what they can tell us about local linguistic identities. The collected photographs enrich the &#8220;<a href=\"https:\/\/alpilink.it\/en\/linguistic-landscape\/\">Linguistic Landscape<\/a>&#8221; section of the AlpiLink web portal. The activities contribute to the recognition and preservation of the linguistic minorities and multilingualism that characterizes our territory and to safeguard the intangible linguistic heritage of the Italian Alps.<\/p>\n<\/div><\/div><\/div><\/div><div class=\"wpb_column vc_column_container\"><div class=\"vc_column-inner\"><div class=\"w-separator size_medium\"><\/div><div class=\"w-image has_ratio align_none\"><div class=\"w-image-h\"><div style=\"padding-bottom:133.3333%\"><\/div><img loading=\"lazy\" decoding=\"async\" width=\"1024\" height=\"598\" src=\"https:\/\/alpilink.it\/wp-content\/uploads\/2022\/12\/eeae4de9-22f3-4830-9375-2289dba2d0a9-1024x598-1.jpg\" class=\"attachment-large size-large\" alt=\"\" srcset=\"https:\/\/alpilink.it\/wp-content\/uploads\/2022\/12\/eeae4de9-22f3-4830-9375-2289dba2d0a9-1024x598-1.jpg 1024w, https:\/\/alpilink.it\/wp-content\/uploads\/2022\/12\/eeae4de9-22f3-4830-9375-2289dba2d0a9-1024x598-1-300x175.jpg 300w, https:\/\/alpilink.it\/wp-content\/uploads\/2022\/12\/eeae4de9-22f3-4830-9375-2289dba2d0a9-1024x598-1-768x449.jpg 768w\" sizes=\"auto, (max-width: 1024px) 100vw, 1024px\" \/><\/div><\/div><\/div><\/div><\/div><\/div><\/section><section class=\"l-section wpb_row height_small\"><div class=\"l-section-h i-cf\"><div class=\"g-cols vc_row via_grid cols_2-1 laptops-cols_inherit tablets-cols_inherit mobiles-cols_1 valign_top type_default stacking_default\"><div class=\"wpb_column vc_column_container\"><div class=\"vc_column-inner\"><h5 class=\"w-text us_custom_cca8328a has_text_color\"><span class=\"w-text-h\"><span class=\"w-text-value\">Data analysis and the scientific method<\/span><\/span><\/h5><div class=\"wpb_text_column\"><div class=\"wpb_wrapper\"><p>Building on the data collected (partly) through VinKiamo, available in the \u201c<a href=\"https:\/\/alpilink.it\/en\/ascoltaeesplora\/\">Listen &amp; Explore<\/a>\u201d section of the web portal, the AlpiLinK team offers further training that creates a link between linguistic research and education in secondary schools. The training aims to promote the use of innovative teaching methodologies that make use of databases and primary source language materials.<\/p>\n<p>The training highlights how the students\u2019 participation with the data collection contributes significantly to scientific research and to gaining a better understanding of how languages work. Specifically, the activities focus on the use of the scientific method for the analysis of linguistic data and the promotion of pluri- and multilingualism. The training consists of meetings with teachers on the one hand and interactive workshops for students held by AlpiLinK team members on the other.<\/p>\n<p>The pilot project entitled \u201c<a href=\"https:\/\/alpilink.it\/wp-content\/uploads\/sites\/4\/2023\/12\/FlyerEsplorazioniLingueVeneto.pdf\">La tosa, la buteleta o la fiola? Explorations in the languages of Veneto<\/a>\u201d took place in the school year 2023\/2024. The teaching materials developed for the workshops can be requested from the AlpiLinK team (see contact information in <a href=\"https:\/\/alpilink.it\/en\/team-e-contatti\/\">Team and Contact<\/a>) and are freely available for use by interested teachers.<\/p>\n<\/div><\/div><\/div><\/div><div class=\"wpb_column vc_column_container\"><div class=\"vc_column-inner\"><div class=\"w-image align_none\"><a target=\"_blank\" href=\"https:\/\/alpilink.it\/wp-content\/uploads\/sites\/4\/2023\/12\/FlyerEsplorazioniLingueVeneto.pdf\" rel=\"noopener\" aria-label=\"Link\" class=\"w-image-h\"><img loading=\"lazy\" decoding=\"async\" width=\"432\" height=\"877\" src=\"https:\/\/alpilink.it\/wp-content\/uploads\/2023\/10\/Screenshot-2023-10-18-111146.png\" class=\"attachment-large size-large\" alt=\"\" srcset=\"https:\/\/alpilink.it\/wp-content\/uploads\/2023\/10\/Screenshot-2023-10-18-111146.png 432w, https:\/\/alpilink.it\/wp-content\/uploads\/2023\/10\/Screenshot-2023-10-18-111146-148x300.png 148w\" sizes=\"auto, (max-width: 432px) 100vw, 432px\" \/><\/a><\/div><\/div><\/div><\/div><\/div><\/section><section class=\"l-section wpb_row height_small\"><div class=\"l-section-h i-cf\"><div class=\"g-cols vc_row via_grid cols_1 laptops-cols_inherit tablets-cols_inherit mobiles-cols_1 valign_top type_default stacking_default\"><div class=\"wpb_column vc_column_container\"><div class=\"vc_column-inner\"><div class=\"wpb_text_column\"><div class=\"wpb_wrapper\"><div>\n<p><strong>Further reading<\/strong><\/p>\n<ul>\n<li>Bertollo, Sabrina &amp; Stefan Rabanus (2023): <a href=\"https:\/\/journals.openedition.org\/alsic\/7076\">VinKiamo: ein Citizen-Science-Projekt f\u00fcr Schulen zur F\u00f6rderung von (sprach)\u00fcbergreifenden Kompetenzen<\/a>. <em>ALSIC<\/em> 26(1).<\/li>\n<\/ul>\n<\/div>\n<div><\/div>\n<\/div><\/div><\/div><\/div><\/div><\/div><\/section><section class=\"l-section wpb_row height_small\"><div class=\"l-section-h i-cf\"><div class=\"g-cols vc_row via_grid cols_1 laptops-cols_inherit tablets-cols_inherit mobiles-cols_1 valign_top type_default stacking_default\"><div class=\"wpb_column vc_column_container\"><div class=\"vc_column-inner\"><div class=\"w-hwrapper align_center valign_top\" style=\"--hwrapper-gap:1.20rem\"><div class=\"w-btn-wrapper align_center\"><a class=\"w-btn us-btn-style_1 us_custom_6ff700dc has_text_color\" target=\"_blank\" href=\"https:\/\/sites.hss.univr.it\/vinkiamo\/\" rel=\"noopener\"><span class=\"w-btn-label\">Visit the VinKiamo Veneto and Friuli Venezia Giulia website<\/span><\/a><\/div><div class=\"w-btn-wrapper align_center\"><a class=\"w-btn us-btn-style_1 us_custom_d5034f6c has_text_color\" target=\"_blank\" href=\"https:\/\/vinkiamo.projects.unibz.it\/#italiano\" rel=\"noopener\"><span class=\"w-btn-label\">Visit the VinKiamo S\u00fcdtirol website<\/span><\/a><\/div><div class=\"w-btn-wrapper align_center\"><a class=\"w-btn us-btn-style_1 us_custom_d5034f6c has_text_color\" target=\"_blank\" href=\"https:\/\/vinkiamo.unitn.it\/\" rel=\"noopener\"><span class=\"w-btn-label\">Visit the VinKiamo Trentino website<\/span><\/a><\/div><\/div><\/div><\/div><\/div><\/div><\/section><section class=\"l-section wpb_row height_medium\"><div class=\"l-section-h i-cf\"><div class=\"g-cols vc_row via_grid cols_1 laptops-cols_inherit tablets-cols_inherit mobiles-cols_1 valign_top type_default stacking_default\"><div class=\"wpb_column vc_column_container\"><div class=\"vc_column-inner\"><div class=\"wpb_text_column\"><div class=\"wpb_wrapper\"><div><\/div>\n<\/div><\/div><\/div><\/div><\/div><\/div><\/section>\n","protected":false},"excerpt":{"rendered":"VinKiamoCollaboration with schools and their studentsThe term &#8216;VinKiamo&#8217; originates from a collaboration between the University of Verona and the Regional School Office for Veneto in 2021 and it is now used to cover all AlpiLinK activities carried out in collaboration with schools, regardless of region. VinKiamo constitutes the most important part of the participatory aspect...","protected":false},"author":1,"featured_media":0,"parent":0,"menu_order":0,"comment_status":"closed","ping_status":"closed","template":"","meta":{"footnotes":""},"class_list":["post-1503","page","type-page","status-publish","hentry"],"_links":{"self":[{"href":"https:\/\/alpilink.it\/en\/wp-json\/wp\/v2\/pages\/1503","targetHints":{"allow":["GET"]}}],"collection":[{"href":"https:\/\/alpilink.it\/en\/wp-json\/wp\/v2\/pages"}],"about":[{"href":"https:\/\/alpilink.it\/en\/wp-json\/wp\/v2\/types\/page"}],"author":[{"embeddable":true,"href":"https:\/\/alpilink.it\/en\/wp-json\/wp\/v2\/users\/1"}],"replies":[{"embeddable":true,"href":"https:\/\/alpilink.it\/en\/wp-json\/wp\/v2\/comments?post=1503"}],"version-history":[{"count":64,"href":"https:\/\/alpilink.it\/en\/wp-json\/wp\/v2\/pages\/1503\/revisions"}],"predecessor-version":[{"id":7089,"href":"https:\/\/alpilink.it\/en\/wp-json\/wp\/v2\/pages\/1503\/revisions\/7089"}],"wp:attachment":[{"href":"https:\/\/alpilink.it\/en\/wp-json\/wp\/v2\/media?parent=1503"}],"curies":[{"name":"wp","href":"https:\/\/api.w.org\/{rel}","templated":true}]}}