{"id":879,"date":"2023-01-23T14:25:00","date_gmt":"2023-01-23T13:25:00","guid":{"rendered":"https:\/\/sites.dlls.univr.it\/alpilink\/occitan\/"},"modified":"2024-06-11T11:28:41","modified_gmt":"2024-06-11T09:28:41","slug":"occitano","status":"publish","type":"page","link":"https:\/\/alpilink.it\/de\/occitano\/","title":{"rendered":"Okzitanisch"},"content":{"rendered":"<section class=\"l-section wpb_row height_medium\"><div class=\"l-section-h i-cf\"><div class=\"g-cols vc_row via_grid cols_2 laptops-cols_inherit tablets-cols_inherit mobiles-cols_1 valign_top type_default stacking_default\"><div class=\"wpb_column vc_column_container\"><div class=\"vc_column-inner\"><div class=\"w-image us_custom_447bff20 has_ratio align_none\"><div class=\"w-image-h\"><div style=\"padding-bottom:133.3333%\"><\/div><img loading=\"lazy\" decoding=\"async\" width=\"1024\" height=\"657\" src=\"https:\/\/alpilink.it\/wp-content\/uploads\/2024\/06\/La_Sacra_ammantata_dalla_neve-e1718098382921-1024x657.jpg\" class=\"attachment-large size-large\" alt=\"\" srcset=\"https:\/\/alpilink.it\/wp-content\/uploads\/2024\/06\/La_Sacra_ammantata_dalla_neve-e1718098382921-1024x657.jpg 1024w, https:\/\/alpilink.it\/wp-content\/uploads\/2024\/06\/La_Sacra_ammantata_dalla_neve-e1718098382921-300x192.jpg 300w, https:\/\/alpilink.it\/wp-content\/uploads\/2024\/06\/La_Sacra_ammantata_dalla_neve-e1718098382921.jpg 1395w\" sizes=\"auto, (max-width: 1024px) 100vw, 1024px\" \/><\/div><\/div><\/div><\/div><div class=\"wpb_column vc_column_container\"><div class=\"vc_column-inner\"><div class=\"w-separator size_small\"><\/div><h2 class=\"w-text\"><span class=\"w-text-h\"><span class=\"w-text-value\">Okzitanisch<\/span><\/span><\/h2><div class=\"wpb_text_column\"><div class=\"wpb_wrapper\"><p><span style=\"font-weight: 400\">Okzitanische Variet\u00e4ten haben 10-15.000 Sprecher in den piemontesischen T\u00e4lern der Provinzen Cuneo und Turin zwischen dem oberen Susatal im Norden und dem Vermenagatal im S\u00fcden. Dieses Gebiet bildet den \u00f6stlichen Ausl\u00e4ufer eines ausgedehnten Raums im S\u00fcden Frankreichs. Die okzitanischen Variet\u00e4ten Piemonts, von der Sprechergemeinschaft als <em>patois<\/em> oder <em>parlar a nostro modo<\/em> (&#8216;auf unsere Weise sprechen&#8217;) bezeichnet, sind von einer erheblichen geographischen Variation gekennzeichnet: Weder hat sich eine vereinheitlichendes Zentrum herausgebildet, noch ist eine allgemeine Bezugsvariet\u00e4t entstanden (Rivoira 2024:288).<br \/>\n<\/span><\/p>\n<p>Historische Zeugnisse eines konsistenten schriftlichen Gebrauchs des Okzitanischen sind auf ein Korpus waldensischer Texte des 15. und 16. Jahrhunderts beschr\u00e4nkt, die in den von dieser religi\u00f6sen Minderheit bewohnen Alpent\u00e4lern aufgefunden wurden. Diese Texte wurden in der Hochsprache der Waldenser verfasst, die als &#8220;valdese&#8221; bezeichnet wird.<\/p>\n<\/div><\/div><\/div><\/div><\/div><\/div><\/section><section class=\"l-section wpb_row height_auto\"><div class=\"l-section-h i-cf\"><div class=\"g-cols vc_row via_grid cols_1 laptops-cols_inherit tablets-cols_inherit mobiles-cols_1 valign_top type_default stacking_default\"><div class=\"wpb_column vc_column_container\"><div class=\"vc_column-inner\"><div class=\"wpb_text_column\"><div class=\"wpb_wrapper\"><p>In j\u00fcngerer Zeit haben haben die Initiativen zur Bewahrung der Sprache auf der Grundlage zun\u00e4chst von regionalen Gesetzen und dann des Staatsgesetzes 482 von 1999 zu einer Zunahme des schriftlichen Gebrauchs des Okzitanischen\u00a0 gef\u00fchrt: nicht nur in der poetischen Sprache, sondern auch in der Internet-Kommunikation.<\/p>\n<p><span style=\"font-weight: 400\">Die Repertoires der okzitanischen Gemeinschaften umfassen neben den lokalen Variet\u00e4ten und dem Italienischen auch das <a href=\"https:\/\/alpilink.it\/de\/piemontese\/\">Piemontesische<\/a> und, beschr\u00e4nkt auf die T\u00e4ler der Provinz Turin, das Franz\u00f6sische, besonders in den Waldensert\u00e4lern\u00a0 (Val Pellice, Valle Germanasca und unteres Val Chisone).<\/span><\/p>\n<p>ISO-Code: 639-3 oci<\/p>\n<p><em>Literaturhinweise<\/em><\/p>\n<ul>\n<li>Rivoira, Matteo (2024):\u00a0<a href=\"http:\/\/dx.doi.org\/10.13092\/lo.129.11159\">L\u2019occitano<\/a>. In: Linguistik online 130\/6, 281-307.<\/li>\n<\/ul>\n<p><b>Zur Vertiefung<\/b><\/p>\n<ul>\n<li><span style=\"font-weight: 400\">Regis, Riccardo (2020): <\/span><a href=\"https:\/\/publicacions.iec.cat\/repository\/pdf\/00000283\/00000066.pdf\"><span style=\"font-weight: 400\">Profilo dell\u2019occitano in Piemonte: aspetti sociolinguistici<\/span><i><span style=\"font-weight: 400\">.<\/span><\/i><\/a><span style=\"font-weight: 400\"> <i>Estudis Romanics,<\/i> 42, S. 101-125. DOI: 10.2436\/20.2500.01.287.<\/span><\/li>\n<li><span style=\"font-weight: 400\">Regis, Riccardo &amp; Matteo Rivoira (im Druck): <\/span><i><span style=\"font-weight: 400\">Il Piemonte e la valle d\u2019Aosta<\/span><\/i><span style=\"font-weight: 400\">. Rom: Carocci.<\/span><\/li>\n<li><span style=\"font-weight: 400\">Telmon, Tullio (1992): <\/span><i><span style=\"font-weight: 400\">Le minoranze linguistiche in Italia.<\/span><\/i><span style=\"font-weight: 400\"> Alessandria: Edizioni dell\u2019Orso.<\/span><\/li>\n<li><span style=\"font-weight: 400\">Telmon, Tullio (2001): <\/span><i><span style=\"font-weight: 400\">Piemonte e Valle d\u2019Aosta<\/span><\/i><span style=\"font-weight: 400\">. Rom-Bari: Laterza.<\/span><\/li>\n<li><span style=\"font-weight: 400\">Toso, Fiorenzo (2008): <\/span><i><span style=\"font-weight: 400\">Le minoranze linguistiche in Italia<\/span><\/i><span style=\"font-weight: 400\">. Mailand: Il Mulino.<\/span><\/li>\n<li><a href=\"https:\/\/www.alepo.unito.it\/il-progetto\"><em>Atlante Linguistico ed Etnografico del Piemonte Occidentale<\/em>\u00a0(ALEPO)<\/a>. Verschiedene Autoren, Herausgeber und Verlage. Der erste Band,\u00a0<em>Presentazione e guida alla lettura<\/em>, ist 2003 erschienen.<\/li>\n<\/ul>\n<p><strong>Andere Internet-Ressourcen<\/strong><\/p>\n<ul>\n<li><a href=\"https:\/\/www.atpmtoponimi.it\/\"><em>Atlante\u00a0Toponomastico del Piemonte Montano<\/em>\u00a0(ATPM)<\/a><\/li>\n<li><a href=\"https:\/\/www.climalp.org\/\">CLiMALp<\/a> (Webseite des Projekts zu den germanischen und romanischen Minderheitensprache des Aostatals und des Piemonts)<\/li>\n<li class=\"active\"><a href=\"http:\/\/www.chambradoc.it\/tresorDeLenga.page\"><em>Tres\u00f2r de lenga:100 paraulas<\/em><\/a><\/li>\n<\/ul>\n<\/div><\/div><div class=\"w-separator size_small\"><\/div><div class=\"w-btn-wrapper align_center\"><a class=\"w-btn us-btn-style_1\" title=\"Unsere Variet\u00e4ten\" href=\"https:\/\/alpilink.it\/de\/le-nostre-varieta\/\"><span class=\"w-btn-label\">Entdecken Sie die anderen Variet\u00e4ten<\/span><\/a><\/div><div class=\"w-separator size_small\"><\/div><\/div><\/div><\/div><\/div><\/section>\n","protected":false},"excerpt":{"rendered":"OkzitanischOkzitanische Variet\u00e4ten haben 10-15.000 Sprecher in den piemontesischen T\u00e4lern der Provinzen Cuneo und Turin zwischen dem oberen Susatal im Norden und dem Vermenagatal im S\u00fcden. Dieses Gebiet bildet den \u00f6stlichen Ausl\u00e4ufer eines ausgedehnten Raums im S\u00fcden Frankreichs. Die okzitanischen Variet\u00e4ten Piemonts, von der Sprechergemeinschaft als patois oder parlar a nostro modo (&#8216;auf unsere Weise sprechen&#8217;)...","protected":false},"author":13,"featured_media":0,"parent":0,"menu_order":0,"comment_status":"closed","ping_status":"closed","template":"","meta":{"footnotes":""},"class_list":["post-879","page","type-page","status-publish","hentry"],"_links":{"self":[{"href":"https:\/\/alpilink.it\/de\/wp-json\/wp\/v2\/pages\/879","targetHints":{"allow":["GET"]}}],"collection":[{"href":"https:\/\/alpilink.it\/de\/wp-json\/wp\/v2\/pages"}],"about":[{"href":"https:\/\/alpilink.it\/de\/wp-json\/wp\/v2\/types\/page"}],"author":[{"embeddable":true,"href":"https:\/\/alpilink.it\/de\/wp-json\/wp\/v2\/users\/13"}],"replies":[{"embeddable":true,"href":"https:\/\/alpilink.it\/de\/wp-json\/wp\/v2\/comments?post=879"}],"version-history":[{"count":28,"href":"https:\/\/alpilink.it\/de\/wp-json\/wp\/v2\/pages\/879\/revisions"}],"predecessor-version":[{"id":5232,"href":"https:\/\/alpilink.it\/de\/wp-json\/wp\/v2\/pages\/879\/revisions\/5232"}],"wp:attachment":[{"href":"https:\/\/alpilink.it\/de\/wp-json\/wp\/v2\/media?parent=879"}],"curies":[{"name":"wp","href":"https:\/\/api.w.org\/{rel}","templated":true}]}}