{"id":864,"date":"2023-03-17T16:00:40","date_gmt":"2023-03-17T15:00:40","guid":{"rendered":"https:\/\/sites.dlls.univr.it\/alpilink\/sappadino-2\/"},"modified":"2025-08-19T18:02:00","modified_gmt":"2025-08-19T16:02:00","slug":"sappadino","status":"publish","type":"page","link":"https:\/\/alpilink.it\/de\/sappadino\/","title":{"rendered":"Plodarisch"},"content":{"rendered":"<section class=\"l-section wpb_row height_medium\"><div class=\"l-section-h i-cf\"><div class=\"g-cols vc_row via_grid cols_2 laptops-cols_inherit tablets-cols_inherit mobiles-cols_1 valign_top type_default stacking_default\"><div class=\"wpb_column vc_column_container\"><div class=\"vc_column-inner\"><div class=\"w-image us_custom_447bff20 has_ratio align_none\"><div class=\"w-image-h\"><div style=\"padding-bottom:133.3333%\"><\/div><img loading=\"lazy\" decoding=\"async\" width=\"1024\" height=\"733\" src=\"https:\/\/alpilink.it\/wp-content\/uploads\/2024\/06\/Sappada_001-1024x733.jpg\" class=\"attachment-large size-large\" alt=\"\" srcset=\"https:\/\/alpilink.it\/wp-content\/uploads\/2024\/06\/Sappada_001-1024x733.jpg 1024w, https:\/\/alpilink.it\/wp-content\/uploads\/2024\/06\/Sappada_001-300x215.jpg 300w, https:\/\/alpilink.it\/wp-content\/uploads\/2024\/06\/Sappada_001.jpg 1200w\" sizes=\"auto, (max-width: 1024px) 100vw, 1024px\" \/><\/div><\/div><\/div><\/div><div class=\"wpb_column vc_column_container\"><div class=\"vc_column-inner\"><div class=\"w-separator size_small\"><\/div><h2 class=\"w-text\"><span class=\"w-text-h\"><span class=\"w-text-value\">Plodarisch<\/span><\/span><\/h2><div class=\"wpb_text_column\"><div class=\"wpb_wrapper\"><p><span style=\"font-weight: 400;\">Die Ortschaft Plodn (ital. <\/span><i><span style=\"font-weight: 400;\">Sappada<\/span><\/i><span style=\"font-weight: 400;\">, dt. <\/span><i><span style=\"font-weight: 400;\">Pladen<\/span><\/i><span style=\"font-weight: 400;\">), in der die deutsche Minderheitensprache <\/span><i><span style=\"font-weight: 400;\">Plodarisch<\/span><\/i><span style=\"font-weight: 400;\"> gesprochen wird, liegt am Oberlauf des Flusses Piave in den Karnischen Alpen. In der ersten ausf\u00fchrlicheren, schriftlichen Quelle \u2013 einer Urkunde aus dem Jahr 1296 \u2013 wird auf eine bereits &#8220;von alters her&#8221; bestehende Besiedelung verwiesen, die demnach jahrzehntelang vorher erfolgt sein muss. Sprachhistorikern zufolge deuten Merkmale des Dialekts darauf hin, dass die Siedler aus dem Osttiroler Pustertal zugewandert sind. <\/span><\/p>\n<p><span style=\"font-weight: 400;\">Von 1852 bis 2017 geh\u00f6rte die Ortschaft zur Provinz Belluno in der Region Venetien; bei einem Volksentscheid (im Jahr 2008) entschied sich die Bev\u00f6lkerung jedoch daf\u00fcr, sich der Provinz Udine in der autonomen Region Friaul-Julisch Venetien anzuschlie\u00dfen. Die Siedler lebten zun\u00e4chst weitgehend isoliert und hatten wenig Kontakt zum Binnendeutschen oder zu den romanischen Kontaktvariet\u00e4ten, was dazu gef\u00fchrt hat, dass die deutsche Minderheitensprache alttirolisch-s\u00fcdbairischen Ursprungs Merkmale des \u00e4lteren Sprachstandes bewahrt hat.<\/span><\/p>\n<\/div><\/div><\/div><\/div><\/div><\/div><\/section><section class=\"l-section wpb_row height_auto\"><div class=\"l-section-h i-cf\"><div class=\"g-cols vc_row via_grid cols_1 laptops-cols_inherit tablets-cols_inherit mobiles-cols_1 valign_top type_default stacking_default\"><div class=\"wpb_column vc_column_container\"><div class=\"vc_column-inner\"><div class=\"wpb_text_column\"><div class=\"wpb_wrapper\"><p><span style=\"font-weight: 400;\">Mit Beginn des 20. Jahrhunderts \u00f6ffnete sich Plodn mehr und mehr der Au\u00dfenwelt, was u.a. mit dem Aufschwung des Tourismus in den Alpen zusammenhing. Gleichzeitig f\u00fchrte der Schulunterricht auf Italienisch sowie die Verbreitung italienischsprachiger Medien dazu, dass Plodarisch in der Gemeinschaft immer weniger verwendet wurde. Dennoch sind die \u00e4lteren Bewohner auch heute noch h\u00e4ufig zwei- oder dreisprachig: Die Sprache der \u00d6ffentlichkeit ist Italienisch, w\u00e4hrend im privaten Bereich oder auf der Arbeit als Umgangssprache auch (karnisches) <a href=\"https:\/\/alpilink.it\/de\/friulano\/\">Friulanisch<\/a> verwendet wird. Im h\u00e4uslichen Bereich, in der Familie, wird Plodarisch gesprochen. Dank verschiedener Gesetze zum Minderheitenschutz (v.a. das Staatsgesetz 482 von 1999 zum Schutz der historischen Sprachminderheiten in Italien) hat sich die Situation des Plodarischen wieder verbessert. So gibt es beispielsweise in der Schule und im Kindergarten Projekte, die die Sprache und die Kultur der deutschbasierten Minderheit f\u00f6rdern. Au\u00dferdem tragen Publikationen, die auch eine Verschriftung der Sprache bewirkt haben, zu ihrem Erhalt und ihrer Aufwertung bei.<\/span><\/p>\n<p><b>Zur Vertiefung<\/b><\/p>\n<ul>\n<li style=\"font-weight: 400;\"><span style=\"font-weight: 400;\">Benedetti, Marcella &amp; Cristina Kratter (2010): <em>Plodar Berterpuich. Vocabolario sappadino \u2013 italiano, italiano \u2013 sappadino<\/em>. Comune di Sappada\/Associazione Plodar: Grafiche Antiga srl.<br \/>\n<\/span><\/li>\n<li style=\"font-weight: 400;\"><span style=\"font-weight: 400;\">Franz, Sebastian (2021): <em>Mehrsprachigkeit und Identit\u00e4t. Die alpindeutsche Siedlung Sappada\/Pladen\/Plodn<\/em>. Stuttgart: Franz Steiner.<\/span><\/li>\n<li style=\"font-weight: 400;\"><span style=\"font-weight: 400;\">Geyer, Ingeborg (2018): Wortschatzentwicklung in den Sprachinseln Sappada\/Pladen, Sauris\/Zahre und Timau\/Tischelwang im historischen Friaul. <a href=\"https:\/\/alpilink.it\/wp-content\/uploads\/2024\/05\/GL_239-240_E-Book.pdf\"><em>Germanistische Linguistik<\/em> 239-240<\/a>, 325\u2013343.<\/span><\/li>\n<li style=\"font-weight: 400;\"><span style=\"font-weight: 400;\">Hornung, Maria (1995): <em>Pladner W\u00f6rterbuch. Glossario Sappadino. Revisione italiana di Anna Gasser<\/em>. Wien: Edition Praesens.<\/span><\/li>\n<\/ul>\n<p><strong>Internet-Ressourcen<\/strong><\/p>\n<ul>\n<li><a href=\"http:\/\/vocabolario.plodn.info\"><em>Plodar Berterpuich<\/em><\/a>: W\u00f6rterbuch Plodarisch &gt; Deutsch, Italienisch<\/li>\n<li><a href=\"https:\/\/www.plodn.info\/frasario\/\">Satzbeispiele, Grundgrammatik sowie Orthographie und Aussprache des Plodarischen<\/a><\/li>\n<\/ul>\n<div>\n<p><b>Webseite der plodarischen Gemeinschaft<br \/>\n<\/b><\/p>\n<ul>\n<li><a href=\"https:\/\/www.plodn.info\/de-de\/home-deutsch\/\">Associazione Plodar<\/a><\/li>\n<\/ul>\n<\/div>\n<\/div><\/div><div class=\"w-separator size_small\"><\/div><div class=\"w-btn-wrapper align_center\"><a class=\"w-btn us-btn-style_1\" title=\"Unsere Variet\u00e4ten\" href=\"https:\/\/alpilink.it\/de\/le-nostre-varieta\/\"><span class=\"w-btn-label\">Entdecken Sie die anderen Variet\u00e4ten<\/span><\/a><\/div><div class=\"w-separator size_small\"><\/div><\/div><\/div><\/div><\/div><\/section><section class=\"l-section wpb_row height_medium\"><div class=\"l-section-h i-cf\"><div class=\"g-cols vc_row via_grid cols_1 laptops-cols_inherit tablets-cols_inherit mobiles-cols_1 valign_top type_default stacking_default\"><div class=\"wpb_column vc_column_container\"><div class=\"vc_column-inner\"><div class=\"wpb_text_column\"><div class=\"wpb_wrapper\"><div><\/div>\n<\/div><\/div><\/div><\/div><\/div><\/div><\/section>\n","protected":false},"excerpt":{"rendered":"PlodarischDie Ortschaft Plodn (ital. Sappada, dt. Pladen), in der die deutsche Minderheitensprache Plodarisch gesprochen wird, liegt am Oberlauf des Flusses Piave in den Karnischen Alpen. In der ersten ausf\u00fchrlicheren, schriftlichen Quelle \u2013 einer Urkunde aus dem Jahr 1296 \u2013 wird auf eine bereits &#8220;von alters her&#8221; bestehende Besiedelung verwiesen, die demnach jahrzehntelang vorher erfolgt sein...","protected":false},"author":1,"featured_media":0,"parent":0,"menu_order":0,"comment_status":"closed","ping_status":"closed","template":"","meta":{"footnotes":""},"class_list":["post-864","page","type-page","status-publish","hentry"],"_links":{"self":[{"href":"https:\/\/alpilink.it\/de\/wp-json\/wp\/v2\/pages\/864","targetHints":{"allow":["GET"]}}],"collection":[{"href":"https:\/\/alpilink.it\/de\/wp-json\/wp\/v2\/pages"}],"about":[{"href":"https:\/\/alpilink.it\/de\/wp-json\/wp\/v2\/types\/page"}],"author":[{"embeddable":true,"href":"https:\/\/alpilink.it\/de\/wp-json\/wp\/v2\/users\/1"}],"replies":[{"embeddable":true,"href":"https:\/\/alpilink.it\/de\/wp-json\/wp\/v2\/comments?post=864"}],"version-history":[{"count":24,"href":"https:\/\/alpilink.it\/de\/wp-json\/wp\/v2\/pages\/864\/revisions"}],"predecessor-version":[{"id":7107,"href":"https:\/\/alpilink.it\/de\/wp-json\/wp\/v2\/pages\/864\/revisions\/7107"}],"wp:attachment":[{"href":"https:\/\/alpilink.it\/de\/wp-json\/wp\/v2\/media?parent=864"}],"curies":[{"name":"wp","href":"https:\/\/api.w.org\/{rel}","templated":true}]}}