{"id":853,"date":"2023-03-17T16:01:30","date_gmt":"2023-03-17T15:01:30","guid":{"rendered":"https:\/\/sites.dlls.univr.it\/alpilink\/saurano-2\/"},"modified":"2026-01-15T16:41:05","modified_gmt":"2026-01-15T15:41:05","slug":"saurano","status":"publish","type":"page","link":"https:\/\/alpilink.it\/de\/saurano\/","title":{"rendered":"Sauranisch"},"content":{"rendered":"<section class=\"l-section wpb_row height_medium\"><div class=\"l-section-h i-cf\"><div class=\"g-cols vc_row via_grid cols_2 laptops-cols_inherit tablets-cols_inherit mobiles-cols_1 valign_top type_default stacking_default\"><div class=\"wpb_column vc_column_container\"><div class=\"vc_column-inner\"><div class=\"w-image us_custom_447bff20 has_ratio align_none\"><div class=\"w-image-h\"><div style=\"padding-bottom:133.3333%\"><\/div><img loading=\"lazy\" decoding=\"async\" width=\"1024\" height=\"685\" src=\"https:\/\/alpilink.it\/wp-content\/uploads\/2023\/04\/1200px-Sauris_di_sotto_07102007_44-1024x685.jpg\" class=\"attachment-large size-large\" alt=\"Sauris di sotto with the church of Saint Oswald in the community Sauris, region Friuli Venezia-Giulia, Italy.\" srcset=\"https:\/\/alpilink.it\/wp-content\/uploads\/2023\/04\/1200px-Sauris_di_sotto_07102007_44-1024x685.jpg 1024w, https:\/\/alpilink.it\/wp-content\/uploads\/2023\/04\/1200px-Sauris_di_sotto_07102007_44-300x201.jpg 300w, https:\/\/alpilink.it\/wp-content\/uploads\/2023\/04\/1200px-Sauris_di_sotto_07102007_44.jpg 1200w\" sizes=\"auto, (max-width: 1024px) 100vw, 1024px\" \/><\/div><\/div><\/div><\/div><div class=\"wpb_column vc_column_container\"><div class=\"vc_column-inner\"><div class=\"w-separator size_small\"><\/div><h2 class=\"w-text\"><span class=\"w-text-h\"><span class=\"w-text-value\">Sauranisch<\/span><\/span><\/h2><div class=\"wpb_text_column\"><div class=\"wpb_wrapper\"><p><span style=\"font-weight: 400;\">Die Eigenbezeichnung der deutschen Minderheitsprache der Zahre (ital. <\/span><i><span style=\"font-weight: 400;\">Sauris<\/span><\/i><span style=\"font-weight: 400;\">) lautet <\/span><i><span style=\"font-weight: 400;\">de zahrar sproche<\/span><\/i><span style=\"font-weight: 400;\"> &#8216;die Zahrer Sprache&#8217;. Der Ort liegt in der historischen Kulturlandschaft Friaul, heute Provinz Udine in der autonomen Region Friaul-Julisch Venetien. Die Zahre befindet sich auf ca. 1300 Meter H\u00f6he \u00fcber dem Tagliamento-Tal. Den vorhandenen Quellen zufolge ist die Landnahme im 13. Jahrhundert durch Siedler aus Osttirol oder K\u00e4rnten erfolgt. Die Siedler, die eine mittelhochdeutsche Auspr\u00e4gung des S\u00fcdbairischen sprachen, lebten anfangs sehr isoliert, erst im 16. Jahrhundert intensivierte sich aufgrund des Kults um den heiligen Osvald der Kontakt zu den benachbarten D\u00f6rfern, in denen romanische Variet\u00e4ten gesprochen wurden. <\/span><\/p>\n<p><span style=\"font-weight: 400;\">Gegenw\u00e4rtig z\u00e4hlt die Zahre ca. 400 Einwohner, darunter ca. 200 Personen, die Sauranisch sprechen. Die Bewohner der Zahre sind seit dem 19. Jahrhundert \u00fcberwiegend dreisprachig. \u00dcber die deutsche Minderheitsprache hinaus sprechen sie infolge des Schulunterrichts eine norditalienische Umgangssprache. Au\u00dferdem steht ihnen eine Variet\u00e4t des <a href=\"https:\/\/alpilink.it\/de\/friulano\/\">Friulanischen<\/a> (karnisches Friulanisch) zur Verf\u00fcgung. Schriftsprache ist Italienisch, auch wenn die jetzt vorhandene Verschriftungsm\u00f6glichkeit dazu f\u00fchrt, dass auch Sauranisch von den Sprechern sporadisch schriftlich verwendet wird (z.B. in Whatsapp-Nachrichten). <\/span><\/p>\n<\/div><\/div><\/div><\/div><\/div><\/div><\/section><section class=\"l-section wpb_row height_auto\"><div class=\"l-section-h i-cf\"><div class=\"g-cols vc_row via_grid cols_1 laptops-cols_inherit tablets-cols_inherit mobiles-cols_1 valign_top type_default stacking_default\"><div class=\"wpb_column vc_column_container\"><div class=\"vc_column-inner\"><div class=\"wpb_text_column\"><div class=\"wpb_wrapper\"><p><span style=\"font-weight: 400;\">Ein Kontakt zur deutschen Schriftsprache besteht in wenigen F\u00e4llen \u00fcber Unterricht in Deutsch als Fremdsprache. In den letzten Jahren ist ein wachsendes Interesse an der Bewahrung der &#8220;Zahrer Sprache&#8221; zu verzeichnen: Es werden Sprachkurse angeboten, und auch in der Grundschule gibt es fakultativ Unterricht in Sauranisch. Dies ist auch auf das Staatsgesetz 482 aus dem Jahr 1999 zur\u00fcckzuf\u00fchren, das den Schutz historischer Sprachminderheiten zum Inhalt hat und durch das in Friaul-Julisch Venetien die Sprachen <a href=\"https:\/\/alpilink.it\/de\/friulano\/\">Friulanisch<\/a>, Slowenisch und Deutsch als historische Sprachminderheiten anerkannt sind.<\/span><\/p>\n<p><b>Zur Vertiefung<\/b><\/p>\n<ul>\n<li><span style=\"font-weight: 400;\">Baum, Wilhelm (1983): <em>Deutsche Sprachinseln in Friaul<\/em>. Klagenfurt: Carinthia.<\/span><\/li>\n<li>Costantini, Francesco (2019): Aspetti di linguistica saurana. Rom: Il Calamo.<\/li>\n<li style=\"font-weight: 400;\"><span style=\"font-weight: 400;\">Denison, Norman (1994): Diachrone und synchrone Aspekte der Mundart der deutschen Sprachinsel Zahre. In Maria Hornung (Hrsg.): <em>Die deutschen Sprachinseln in den S\u00fcdalpen. Mundarten und Volkstum<\/em>. Hildesheim\/Z\u00fcrich\/New York: Olms, 223-236.<\/span><\/li>\n<li style=\"font-weight: 400;\"><span style=\"font-weight: 400;\">Denison, Norman &amp; Hans Grassegger (2007):<em> Zahrer W\u00f6rterbuch. Vocabolario saurano<\/em>. Udine: Amaro.<\/span><\/li>\n<li style=\"font-weight: 400;\"><span style=\"font-weight: 400;\">Geyer, Ingeborg (2018): Wortschatzentwicklung in den Sprachinseln Sappada\/Pladen, Sauris\/Zahre und Timau\/Tischelwang im historischen Friaul. <a href=\"https:\/\/alpilink.it\/wp-content\/uploads\/sites\/4\/2024\/05\/GL_239-240_E-Book.pdf\"><em>Germanistische Linguistik<\/em> 239-240<\/a>, 325\u2013343.<\/span><\/li>\n<li style=\"font-weight: 400;\"><span style=\"font-weight: 400;\">Protto, Lucia (2004): Zahre-Sauris. Deutschsprachige Gemeinschaft in der Provinz Udine. In Karin, Heller, Luis Thomas Prader &amp; Christian Prezzi (Hrsg.):<em> Lebendige Sprachinseln. Beitr\u00e4ge aus den historischen deutschen Minderheiten in Italien<\/em>. Lus\u00e9rn, 255-289.<\/span><\/li>\n<li style=\"font-weight: 400;\"><span style=\"font-weight: 400;\">Wurzer, Bernhard (1973): <em>Die deutschen Sprachinseln in Oberitalien<\/em>. Bozen: Athesia.<\/span><\/li>\n<\/ul>\n<p><strong>Internet-Ressourcen<\/strong><\/p>\n<ul>\n<li style=\"font-weight: 400;\">Online-Version des<a href=\"http:\/\/saurano.claap.org\/\"> Zahrer W\u00f6rterbuchs<\/a> von\u00a0Denison &amp; Grassegger (2007)<\/li>\n<li><a href=\"https:\/\/archiviosauris.uniud.it\/\">Digital-archif van der zahrar sproche<\/a><\/li>\n<\/ul>\n<p><strong>Webseite der Zahrer Gemeinschaft<\/strong><\/p>\n<ul>\n<li><a href=\"https:\/\/www.sauris-zahre.org\/\" target=\"_blank\" rel=\"noopener noreferrer\">Circolo Citurale Saurano\/Zahrar Kulturzirkul &#8220;Fulgenzio Schneider&#8221;<\/a><\/li>\n<\/ul>\n<\/div><\/div><div class=\"w-separator size_small\"><\/div><div class=\"w-btn-wrapper align_center\"><a class=\"w-btn us-btn-style_1\" title=\"Unsere Variet\u00e4ten\" href=\"https:\/\/alpilink.it\/de\/le-nostre-varieta\/\"><span class=\"w-btn-label\">Entdecken Sie die anderen Variet\u00e4ten<\/span><\/a><\/div><div class=\"w-separator size_small\"><\/div><\/div><\/div><\/div><\/div><\/section>\n","protected":false},"excerpt":{"rendered":"SauranischDie Eigenbezeichnung der deutschen Minderheitsprache der Zahre (ital. Sauris) lautet de zahrar sproche &#8216;die Zahrer Sprache&#8217;. Der Ort liegt in der historischen Kulturlandschaft Friaul, heute Provinz Udine in der autonomen Region Friaul-Julisch Venetien. Die Zahre befindet sich auf ca. 1300 Meter H\u00f6he \u00fcber dem Tagliamento-Tal. Den vorhandenen Quellen zufolge ist die Landnahme im 13. Jahrhundert...","protected":false},"author":1,"featured_media":0,"parent":0,"menu_order":0,"comment_status":"closed","ping_status":"closed","template":"","meta":{"footnotes":""},"class_list":["post-853","page","type-page","status-publish","hentry"],"_links":{"self":[{"href":"https:\/\/alpilink.it\/de\/wp-json\/wp\/v2\/pages\/853","targetHints":{"allow":["GET"]}}],"collection":[{"href":"https:\/\/alpilink.it\/de\/wp-json\/wp\/v2\/pages"}],"about":[{"href":"https:\/\/alpilink.it\/de\/wp-json\/wp\/v2\/types\/page"}],"author":[{"embeddable":true,"href":"https:\/\/alpilink.it\/de\/wp-json\/wp\/v2\/users\/1"}],"replies":[{"embeddable":true,"href":"https:\/\/alpilink.it\/de\/wp-json\/wp\/v2\/comments?post=853"}],"version-history":[{"count":28,"href":"https:\/\/alpilink.it\/de\/wp-json\/wp\/v2\/pages\/853\/revisions"}],"predecessor-version":[{"id":7194,"href":"https:\/\/alpilink.it\/de\/wp-json\/wp\/v2\/pages\/853\/revisions\/7194"}],"wp:attachment":[{"href":"https:\/\/alpilink.it\/de\/wp-json\/wp\/v2\/media?parent=853"}],"curies":[{"name":"wp","href":"https:\/\/api.w.org\/{rel}","templated":true}]}}