{"id":786,"date":"2023-01-23T14:15:44","date_gmt":"2023-01-23T13:15:44","guid":{"rendered":"https:\/\/sites.dlls.univr.it\/alpilink\/ladino\/"},"modified":"2026-03-15T19:08:44","modified_gmt":"2026-03-15T18:08:44","slug":"ladino","status":"publish","type":"page","link":"https:\/\/alpilink.it\/de\/ladino\/","title":{"rendered":"Ladinisch"},"content":{"rendered":"<section class=\"l-section wpb_row height_medium\"><div class=\"l-section-h i-cf\"><div class=\"g-cols vc_row via_grid cols_2 laptops-cols_inherit tablets-cols_inherit mobiles-cols_1 valign_top type_default stacking_default\"><div class=\"wpb_column vc_column_container\"><div class=\"vc_column-inner\"><div class=\"wpb_text_column\"><div class=\"wpb_wrapper\"><p><!-- \/wp:post-content --><\/p>\n<\/div><\/div><div class=\"w-image us_custom_447bff20 has_ratio align_none\"><div class=\"w-image-h\"><div style=\"padding-bottom:133.3333%\"><\/div><img loading=\"lazy\" decoding=\"async\" width=\"1024\" height=\"768\" src=\"https:\/\/alpilink.it\/wp-content\/uploads\/2024\/06\/StLeonhard-Abtei-Plangsarores-1024x768.jpg\" class=\"attachment-large size-large\" alt=\"\" srcset=\"https:\/\/alpilink.it\/wp-content\/uploads\/2024\/06\/StLeonhard-Abtei-Plangsarores-1024x768.jpg 1024w, https:\/\/alpilink.it\/wp-content\/uploads\/2024\/06\/StLeonhard-Abtei-Plangsarores-300x225.jpg 300w, https:\/\/alpilink.it\/wp-content\/uploads\/2024\/06\/StLeonhard-Abtei-Plangsarores.jpg 1200w\" sizes=\"auto, (max-width: 1024px) 100vw, 1024px\" \/><\/div><\/div><\/div><\/div><div class=\"wpb_column vc_column_container\"><div class=\"vc_column-inner\"><div class=\"w-separator size_small\"><\/div><h2 class=\"w-text\"><span class=\"w-text-h\"><span class=\"w-text-value\">Ladinisch<\/span><\/span><\/h2><div class=\"wpb_text_column\"><div class=\"wpb_wrapper\"><p><!-- wp:paragraph --><\/p>\n<p><span style=\"font-weight: 400;\">Ladinisch wird in Teilen der Regionen Trentino-S\u00fcdtirol und Venetien gesprochen, wo es die direkte Weiterentwicklung der regionalen Varianten des gesprochenen Lateinischen darstellt.<br \/><\/span><\/p>\n<p><span style=\"font-weight: 400;\">Auf der Grundlage historischer und kultureller Faktoren kann man ein tirolisches und ein venetisches Ladinisch unterscheiden. Unter <\/span><i><span style=\"font-weight: 400;\">tirolischem Ladinisch<\/span><\/i><span style=\"font-weight: 400;\"> versteht man die Variet\u00e4ten, die in den f\u00fcnf T\u00e4lern gesprochen werden, die bis 1919 Teil von \u00d6sterreich-Ungarn waren: das Gr\u00f6dnertal und das Gadertal in der Provinz Bozen, das Fassatal in der Provinz Trient, sowie Buchenstein (Fodom) und Cortina d\u2018Ampezzo in der Provinz Belluno. <\/span><i><span style=\"font-weight: 400;\">Venetisches Ladinisch<\/span><\/i><span style=\"font-weight: 400;\"> wird dagegen in den Gebieten gesprochen, die zur Republik Venedig geh\u00f6rten (vgl. Pellegrini 1977): Die Gebiete, die sich als ladinisch verstehen, sind das Comelico, das Cadore, die Val Pettorina, Agordino und Zoldo. Schlie\u00dflich werden im Nonsberg und in der Val di Sole \u00dcbergangsvariet\u00e4ten mit einerseits ladinischen und andererseits trentinischen Merkmalen verwendet.<\/span><\/p>\n<\/div><\/div><\/div><\/div><\/div><\/div><\/section><section class=\"l-section wpb_row height_auto\"><div class=\"l-section-h i-cf\"><div class=\"g-cols vc_row via_grid cols_1 laptops-cols_inherit tablets-cols_inherit mobiles-cols_1 valign_top type_default stacking_default\"><div class=\"wpb_column vc_column_container\"><div class=\"vc_column-inner\"><div class=\"wpb_text_column\"><div class=\"wpb_wrapper\"><p><!-- wp:paragraph --><\/p>\n<p><span style=\"font-weight: 400;\">Manche Variet\u00e4ten sind intern weiter untergliedert. Im Gadertal gibt es mindestens drei verschiedene Dialekte: <\/span><i><span style=\"font-weight: 400;\">badiot<\/span><\/i><span style=\"font-weight: 400;\"> (im oberen Teil des Tals), <\/span><i><span style=\"font-weight: 400;\">badiot de mesaval<\/span><\/i><span style=\"font-weight: 400;\"> (im mittleren und unteren Teil), und <\/span><i><span style=\"font-weight: 400;\">mareo<\/span><\/i><span style=\"font-weight: 400;\"> (im benachbarten Tal von Enneberg). Auch das Fassanische ist in drei Dialekte gegliedert: <\/span><i><span style=\"font-weight: 400;\">caz\u00e9t<\/span><\/i><span style=\"font-weight: 400;\"> (im oberen Teil des Tals), <\/span><i><span style=\"font-weight: 400;\">brach<\/span><\/i><span style=\"font-weight: 400;\"> (im mittleren Teil) und <\/span><i><span style=\"font-weight: 400;\">moenat<\/span><\/i><span style=\"font-weight: 400;\"> (in Moena). Dank des <\/span><i><span style=\"font-weight: 400;\">Atlant linguistich dl ladin dolomitich y di dialec vejins<\/span><\/i><span style=\"font-weight: 400;\"> (ALD) existiert eine detaillierte Dokumentation der Merkmale der einzelnen Dialekte.<\/span><\/p>\n<p><span style=\"font-weight: 400;\">Die Vitalit\u00e4t des Ladinischen variiert stark je nach Tal: das Gadertal besitzt die h\u00f6chsten Prozentwerte f\u00fcr den Gebrauch des Ladinischen, mit einer (Fast-)Allgegenw\u00e4rtigkeit des Ladinischen in den meisten Kommunikationsbereichen des Alltags der lokalen Bev\u00f6lkerung. Der Anteil der Bev\u00f6lkerung, der angibt, ladinisch zu sein und\/oder zu sprechen, nimmt allm\u00e4hlich ab, wenn man sich nach Gr\u00f6den, dann ins Fassatal, nach Buchenstein und schlie\u00dflich nach Cortina d\u2019Ampezzo begibt (wo die Ladiner eine Minderheit sind). F\u00fcr das venetische Ladinisch ist j\u00fcngst eine soziolinguistische Untersuchung durchgef\u00fchrt worden, deren Ergebnisse in K\u00fcrze publiziert werden (vgl. Melchior 2023).<\/span><\/p>\n<p><span style=\"font-weight: 400;\">ISO-Code: 639-3 lld<\/span><\/p>\n<p><em>Literaturangaben<\/em><\/p>\n<ul>\n<li>ALD = Goebl, Hans (Hrsg.) (1998-2012):\u00a0<a href=\"https:\/\/www.ald.gwi.uni-muenchen.de\/it\/?db=ald1\"><em>Atlant linguistich dl ladin dolomitich y di dialec vejins. Atlante linguistico del ladino dolomitico e dei dialetti limitrofi. Sprachatlas des Dolomitenladinischen und angrenzender Dialekte<\/em><\/a>. 2 Teile. 11 vols. Wiesbaden: Reichert.<\/li>\n<li><span style=\"font-weight: 400;\">Melchior, Luca (2023): <\/span><i><span style=\"font-weight: 400;\">Indagine sulle comunit\u00e0 linguistiche del Veneto<\/span><\/i><span style=\"font-weight: 400;\">. Udine\/Venedig: Societ\u00e0 Filologica Friulana\/Regione del Veneto.<\/span><\/li>\n<li>Pellegrini, Giovan Battista. 1977. <a href=\"https:\/\/phaidra.cab.unipd.it\/detail\/o:318149\"><em>Carta dei dialetti d&#8217;Italia<\/em><\/a>. Pisa: Pacini.<\/li>\n<\/ul>\n<p><strong>Zur Vertiefung<br \/><\/strong><\/p>\n<ul>\n<li><span class=\"itg_tools_quotation\">Casalicchio, Jan (2020): <a href=\"http:\/\/www.kit.gwi.uni-muenchen.de\/?p=16035&amp;v=1\">Ladinia dolomitica, Versione 1 <\/a>(18.05.2020, 18:37). In Roland Bauer &amp; Thomas Krefeld (Hrsg.) (2020): <em>Lo spazio comunicativo dell\u2019Italia e delle variet\u00e0 italiane<\/em>, Versione 88. Korpus im Text<\/span>.<\/li>\n<li><span style=\"font-weight: 400;\">Dell\u2019Aquila, Vittorio &amp; Gabriele Iann\u00e0ccaro (2006):<\/span><a href=\"https:\/\/www.academia.edu\/1635334\/SURVEY_LADINS_USI_LINGUISTICI_NELLE_VALLI_LADINE\"> <i><span style=\"font-weight: 400;\">Survey Ladins. Usi linguistici nelle valli ladine<\/span><\/i><\/a><span style=\"font-weight: 400;\">. Trient: Regione Autonoma Trentino-Alto Adige\/S\u00fcdtirol.<\/span><\/li>\n<li style=\"font-weight: 400;\"><span style=\"font-weight: 400;\">Dell\u2019Aquila, Vittorio, Fernando Ramallo &amp; Sabrina Rasom (Hrsg.) (2022). <\/span><a href=\"https:\/\/www.istladin.net\/images\/public\/cms\/files\/cod_1177491943.pdf?_gl=1*1kynruo*_up*MQ..*_ga*NzU3NDUyNjczLjE3MDcyMjc2NDk.*_ga_DL9SGFYS60*MTcwNzIyNzY0OS4xLjEuMTcwNzIyNzY2OS4wLjAuMA\"><i><span style=\"font-weight: 400;\">CLAM 2021. Cimbri, ladini, m\u00f2cheni. I dati<\/span><\/i><\/a><span style=\"font-weight: 400;\">. Numero monografico di <\/span><i><span style=\"font-weight: 400;\">Mondo ladino <\/span><\/i><span style=\"font-weight: 400;\">46.<\/span><\/li>\n<li><span style=\"font-weight: 400;\">Dell&#8217;Aquila, Vittorio, Sabrina Rasom &amp; Nadia\u00a0 Chiocchetti (Hrsg.) (2023).<\/span><i><span style=\"font-weight: 400;\">CLAM 2021. Cimbri, ladini, m\u00f2cheni. Analisi dei dati: restituzione alla popolazione e indicazioni di politica linguistica. <\/span><\/i><span style=\"font-weight: 400;\">Numero monografico di <\/span><i><span style=\"font-weight: 400;\">Mondo ladino <\/span><\/i><span style=\"font-weight: 400;\">47.<\/span><\/li>\n<li><span style=\"font-weight: 400;\">Videsott, Paul, Ruth Videsott &amp; Jan Casalicchio (2020): <a href=\"https:\/\/iris.unipa.it\/handle\/10447\/371554\"><em>Manuale di linguistica ladina<\/em><\/a>. Berlin\/Boston: De Gruyter.<\/span><\/li>\n<li>Videsott, Ruth (2025): <em>Gramatica dl ladin scrit dla Val Badia<\/em>. San Martin de Tor: Istitut Ladin &#8220;Micur\u00e1 de R\u00fc&#8221;.<\/li>\n<\/ul>\n<p><strong>Andere Internet-Ressourcen<\/strong><\/p>\n<ul>\n<li>W\u00f6rterb\u00fccher (<a href=\"https:\/\/itavalbadia.ladinternet.it\/\">Gadertal Ladinisch &#8211; Italienisch\/Italienisch &#8211; Gadertal Ladinisch,\u00a0<\/a><a href=\"https:\/\/forniita.ladinternet.it\/\">Gr\u00f6dnertal Ladinisch &#8211; Italienisch\/Italienisch &#8211; Gr\u00f6dnertal Ladinisch,\u00a0<\/a><a href=\"http:\/\/dilf2.ladintal.it\/\">Fassatal Ladinisch-Italienisch\/Italienisch &#8211; Fassatal Ladinisch)<\/a><\/li>\n<li><a href=\"http:\/\/vll.ladintal.it\/applications\/textanalysis\/search.jsp?_VP_V_ID=161378492\">Korpus <\/a><a href=\"http:\/\/vll.ladintal.it\/applications\/textanalysis\/search.jsp?_VP_V_ID=161378492\">des literarischen Ladinisch<\/a><\/li>\n<li><a href=\"http:\/\/vll.smallcodes.com\/\">W\u00f6rterbuch des literarischen Ladinisch<\/a><\/li>\n<li><a href=\"https:\/\/clam2021.unitn.it\/\">CLAM 2021<\/a> (Cimbro Ladino Mocheno 2021: Untersuchung zum Gebrauch und zu den Einstellungen zu den Minderheitensprachen unter den Bewohnern der Gemeinden der Sprachminderheiten in den Provinzen Trient, Bozen und Belluno)<\/li>\n<li><span style=\"font-weight: 400;\"> Digitale Version des <\/span><a href=\"https:\/\/www.ald.gwi.uni-muenchen.de\/?db=ald1\"><span style=\"font-weight: 400;\">ALD (<\/span><i><span style=\"font-weight: 400;\">digitALD<\/span><\/i><span style=\"font-weight: 400;\">)<\/span><\/a><\/li>\n<li><a href=\"https:\/\/museodolom.it\/filo-ladin\/\">Fil\u00f2 Ladin: Museo dolom.it<\/a><\/li>\n<\/ul>\n<p><strong>Webseiten der ladinischen Gemeinschaften<\/strong><\/p>\n<ul>\n<li style=\"font-weight: 400;\"><a href=\"https:\/\/www.istladin.net\/it\/home\"><span style=\"font-weight: 400;\">Istitut Cultural Ladin &#8220;Majon di Fascegn&#8221;<\/span><\/a><\/li>\n<li style=\"font-weight: 400;\"><a href=\"https:\/\/www.micura.it\/it\/\"><span style=\"font-weight: 400;\">Istitut Ladin &#8220;Micur\u00e0 de R\u00fc&#8221;<\/span><\/a><\/li>\n<li style=\"font-weight: 400;\"><a href=\"https:\/\/www.istitutoladino.org\/\"><span style=\"font-weight: 400;\">Istitut Cultural Ladin &#8220;Cesa de Jan&#8221;<\/span><\/a><\/li>\n<li><a href=\"https:\/\/www.istitutoladino.it\/\">Istituto Ladin de la Dolomites<\/a>\u00a0(geschlossen am\u00a0<a href=\"https:\/\/www.ilgazzettino.it\/pay\/belluno_pay\/borca_di_cadore_l_istituto_ladin_de_la_dolomites_di_borca_chiude_dopo_17_anni-5632146.html\">1. Dezember 2020<\/a>)<\/li>\n<li>Unionen (<a href=\"http:\/\/www.uniongenerela.it\/it\/\">Union Generela di Ladins dla Dolomites,\u00a0<\/a><a href=\"https:\/\/www.ulg.it\/\"><span style=\"font-weight: 400;\">Union Ladins Gherd\u00ebina,\u00a0<\/span><\/a><a href=\"https:\/\/www.uniunladins.it\/\"><span style=\"font-weight: 400;\">Uniun Ladins Val Badia,\u00a0<\/span><\/a><a href=\"https:\/\/www.ladinsdefascia.it\/\"><span style=\"font-weight: 400;\">Union di Ladins de Fascia,\u00a0<\/span><\/a><a href=\"http:\/\/www.ladins.it\/it\/\"><span style=\"font-weight: 400;\">Union Ladins de Fodom, <\/span><\/a><a href=\"https:\/\/www.facebook.com\/unionladisdeanpezo\/\"><span style=\"font-weight: 400;\">Union Ladis de Anpezo,\u00a0<\/span><\/a><a href=\"https:\/\/www.facebook.com\/uniondeiladigndacol\/\"><span style=\"font-weight: 400;\">Union dei Ladign da Col, <\/span><\/a><a href=\"http:\/\/www.unionladina.it\/sito\/unioni-ladine\">Liste der ladinischen Unionen in Venetien)<\/a><\/li>\n<\/ul>\n<\/div><\/div><div class=\"w-separator size_small\"><\/div><div class=\"w-btn-wrapper align_center\"><a class=\"w-btn us-btn-style_1\" title=\"Unsere Variet\u00e4ten\" href=\"https:\/\/alpilink.it\/de\/le-nostre-varieta\/\"><span class=\"w-btn-label\">Entdecken Sie die anderen Variet\u00e4ten<\/span><\/a><\/div><div class=\"w-separator size_small\"><\/div><\/div><\/div><\/div><\/div><\/section><!-- \/wp:paragraph -->","protected":false},"excerpt":{"rendered":"Ladinisch Ladinisch wird in Teilen der Regionen Trentino-S\u00fcdtirol und Venetien gesprochen, wo es die direkte Weiterentwicklung der regionalen Varianten des gesprochenen Lateinischen darstellt. Auf der Grundlage historischer und kultureller Faktoren kann man ein tirolisches und ein venetisches Ladinisch unterscheiden. Unter tirolischem Ladinisch versteht man die Variet\u00e4ten, die in den f\u00fcnf T\u00e4lern gesprochen werden, die bis...","protected":false},"author":1,"featured_media":0,"parent":0,"menu_order":0,"comment_status":"closed","ping_status":"closed","template":"","meta":{"footnotes":""},"class_list":["post-786","page","type-page","status-publish","hentry"],"_links":{"self":[{"href":"https:\/\/alpilink.it\/de\/wp-json\/wp\/v2\/pages\/786","targetHints":{"allow":["GET"]}}],"collection":[{"href":"https:\/\/alpilink.it\/de\/wp-json\/wp\/v2\/pages"}],"about":[{"href":"https:\/\/alpilink.it\/de\/wp-json\/wp\/v2\/types\/page"}],"author":[{"embeddable":true,"href":"https:\/\/alpilink.it\/de\/wp-json\/wp\/v2\/users\/1"}],"replies":[{"embeddable":true,"href":"https:\/\/alpilink.it\/de\/wp-json\/wp\/v2\/comments?post=786"}],"version-history":[{"count":58,"href":"https:\/\/alpilink.it\/de\/wp-json\/wp\/v2\/pages\/786\/revisions"}],"predecessor-version":[{"id":7399,"href":"https:\/\/alpilink.it\/de\/wp-json\/wp\/v2\/pages\/786\/revisions\/7399"}],"wp:attachment":[{"href":"https:\/\/alpilink.it\/de\/wp-json\/wp\/v2\/media?parent=786"}],"curies":[{"name":"wp","href":"https:\/\/api.w.org\/{rel}","templated":true}]}}