{"id":773,"date":"2022-12-01T15:13:44","date_gmt":"2022-12-01T14:13:44","guid":{"rendered":"https:\/\/sites.dlls.univr.it\/alpilink\/ascoltaeesplora\/"},"modified":"2026-02-22T10:12:59","modified_gmt":"2026-02-22T09:12:59","slug":"ascoltaeesplora","status":"publish","type":"page","link":"https:\/\/alpilink.it\/de\/ascoltaeesplora\/","title":{"rendered":"Anh\u00f6ren &amp; Entdecken"},"content":{"rendered":"<section class=\"l-section wpb_row height_small\"><div class=\"l-section-h i-cf\"><div class=\"g-cols vc_row via_grid cols_1 laptops-cols_inherit tablets-cols_inherit mobiles-cols_1 valign_top type_default stacking_default\"><div class=\"wpb_column vc_column_container\"><div class=\"vc_column-inner\"><div class=\"wpb_text_column\"><div class=\"wpb_wrapper\"><p>Die unten abgebildete Karte gibt Zugang zu einem wesentlich Teil der Daten, die im <strong><a href=\"https:\/\/alpilink.it\/de\/progetto\/\">AlpiLinK<\/a><\/strong>-Projekt 2023-2025 und im vorhergehenden <strong><a href=\"https:\/\/alpilink.it\/de\/vinko\/\">VinKo<\/a><\/strong>-Projekt 2018-2022 gesammelt worden sind, und zwar zu insgesamt mehr als 113.000 Audio-Dateien (VinKo: 65.415 Dateien; AlpiLinK am 4. Februar 2026: 48.028 Dateien) . Die Karte erlaubt freie Navigation und freies Zoomen. Nach Auswahl eines Stimulus \u00fcber das Dropdwon-Men\u00fc links oben, z.B. Beispiel in der Sektion &#8220;S\u00e4tze&#8221; der Satz &#8220;Martin hat gestern lange mit Sara getanzt&#8221;, wird nach dem Mausklick auf einen Orte (dargestellt in den Grenzen der administrativen Gemeinde) die Liste der Audiodateien angezeigt, die abgespielt werden k\u00f6nnen. Die Grenzlinien der Gemeinden haben die Farbe der jeweiligen Variet\u00e4t (Gelbt\u00f6ne stehen f\u00fcr germanisch-deutsche Variet\u00e4ten, Blaut\u00f6ne f\u00fcr romanische und Gr\u00fcnt\u00f6ne f\u00fcr slawische Variet\u00e4ten). Im Men\u00fc rechts kann nach Variet\u00e4ten gefiltert werden, d.h., die einzelne Variet\u00e4ten k\u00f6nnen auf der Karte ein- und ausgeblendet werden. Wenn der Mauszeiger ein Gebiet ber\u00fchrt, f\u00fcllt es sich mit der Farbe der jeweiligen Variet\u00e4t und der Ortsnamen wird angezeigt, ggf. in mehreren Sprachen. Orte, f\u00fcr die Audiodaten in mehreren Variet\u00e4ten vorliegen, werden gestreift dargestellt, z.B. Tischlbong\/Paluce\/Paluzza im Friaul: F\u00fcr diese Gemeinde sind tischelwangerische und friulanische Audiodateien vorhanden.<\/p>\n<p>Die AlpiLinK-Daten befinden sich in den Sektionen &#8220;S\u00e4tze&#8221; und &#8220;Bilder&#8221;, VinKo-Daten in den Sektionen &#8220;S\u00e4tze&#8221;, &#8220;Geschichten&#8221; und &#8220;Laute&#8221; (nur f\u00fcr die Regionen Trentino-S\u00fcdtirol und Venetien sowie die heute im Friaul gelegenen Gemeinden Plodn\/Sappada und Zahre\/Sauris).<\/p>\n<p>Die Gesamtheit der mit AlpiLinK gesammelten Daten ist im<strong> <a href=\"https:\/\/doi.org\/10.5281\/zenodo.8360169\">AlpiLinK-Korpus<\/a><\/strong> frei zug\u00e4nglich.<\/p>\n<\/div><\/div><\/div><\/div><\/div><\/div><\/section><section class=\"l-section wpb_row height_auto\"><div class=\"l-section-h i-cf\"><div class=\"g-cols vc_row via_grid cols_1 laptops-cols_inherit tablets-cols_inherit mobiles-cols_1 valign_top type_default stacking_default\"><div class=\"wpb_column vc_column_container\"><div class=\"vc_column-inner\"><div class=\"wpb_text_column\"><div class=\"wpb_wrapper\"><div class=\"wp-block-columns alignfull is-layout-flex wp-container-core-columns-is-layout-9d6595d7 wp-block-columns-is-layout-flex\">\n<div class=\"wp-block-column is-layout-flow wp-block-column-is-layout-flow\"> \n<!-- iframe plugin v.6.0 wordpress.org\/plugins\/iframe\/ -->\n<iframe loading=\"lazy\" src=\"https:\/\/atlantilinguistici.smallcodes.com\/index.html?prj=alpilink&#038;lang=DEU&#038;v=121\" height=\"800\" width=\"100%\" scrolling=\"yes\" class=\"iframe-class\" frameborder=\"0\"><\/iframe>\n <\/div>\n<\/div>\n<p>&nbsp;<\/p>\n<\/div><\/div><\/div><\/div><\/div><\/div><\/section>","protected":false},"excerpt":{"rendered":"Die unten abgebildete Karte gibt Zugang zu einem wesentlich Teil der Daten, die im AlpiLinK-Projekt 2023-2025 und im vorhergehenden VinKo-Projekt 2018-2022 gesammelt worden sind, und zwar zu insgesamt mehr als 113.000 Audio-Dateien (VinKo: 65.415 Dateien; AlpiLinK am 4. Februar 2026: 48.028 Dateien) . Die Karte erlaubt freie Navigation und freies Zoomen. Nach Auswahl eines Stimulus...","protected":false},"author":1,"featured_media":0,"parent":0,"menu_order":0,"comment_status":"closed","ping_status":"closed","template":"","meta":{"footnotes":""},"class_list":["post-773","page","type-page","status-publish","hentry"],"_links":{"self":[{"href":"https:\/\/alpilink.it\/de\/wp-json\/wp\/v2\/pages\/773","targetHints":{"allow":["GET"]}}],"collection":[{"href":"https:\/\/alpilink.it\/de\/wp-json\/wp\/v2\/pages"}],"about":[{"href":"https:\/\/alpilink.it\/de\/wp-json\/wp\/v2\/types\/page"}],"author":[{"embeddable":true,"href":"https:\/\/alpilink.it\/de\/wp-json\/wp\/v2\/users\/1"}],"replies":[{"embeddable":true,"href":"https:\/\/alpilink.it\/de\/wp-json\/wp\/v2\/comments?post=773"}],"version-history":[{"count":30,"href":"https:\/\/alpilink.it\/de\/wp-json\/wp\/v2\/pages\/773\/revisions"}],"predecessor-version":[{"id":7246,"href":"https:\/\/alpilink.it\/de\/wp-json\/wp\/v2\/pages\/773\/revisions\/7246"}],"wp:attachment":[{"href":"https:\/\/alpilink.it\/de\/wp-json\/wp\/v2\/media?parent=773"}],"curies":[{"name":"wp","href":"https:\/\/api.w.org\/{rel}","templated":true}]}}