{"id":680,"date":"2023-03-17T15:58:04","date_gmt":"2023-03-17T14:58:04","guid":{"rendered":"https:\/\/sites.dlls.univr.it\/alpilink\/friulano\/"},"modified":"2024-11-07T15:16:44","modified_gmt":"2024-11-07T14:16:44","slug":"friulano","status":"publish","type":"page","link":"https:\/\/alpilink.it\/de\/friulano\/","title":{"rendered":"Friulanisch"},"content":{"rendered":"<section class=\"l-section wpb_row height_medium\"><div class=\"l-section-h i-cf\"><div class=\"g-cols vc_row via_grid cols_2 laptops-cols_inherit tablets-cols_inherit mobiles-cols_1 valign_top type_default stacking_default\"><div class=\"wpb_column vc_column_container\"><div class=\"vc_column-inner\"><div class=\"w-image us_custom_447bff20 has_ratio align_none\"><div class=\"w-image-h\"><div style=\"padding-bottom:133.3333%\"><\/div><img loading=\"lazy\" decoding=\"async\" width=\"551\" height=\"700\" src=\"https:\/\/alpilink.it\/wp-content\/uploads\/2023\/04\/Udine_aquileia2.jpg\" class=\"attachment-large size-large\" alt=\"\" srcset=\"https:\/\/alpilink.it\/wp-content\/uploads\/2023\/04\/Udine_aquileia2.jpg 551w, https:\/\/alpilink.it\/wp-content\/uploads\/2023\/04\/Udine_aquileia2-236x300.jpg 236w\" sizes=\"auto, (max-width: 551px) 100vw, 551px\" \/><\/div><\/div><\/div><\/div><div class=\"wpb_column vc_column_container\"><div class=\"vc_column-inner\"><div class=\"w-separator size_small\"><\/div><h2 class=\"w-text\"><span class=\"w-text-h\"><span class=\"w-text-value\">Friulanisch<\/span><\/span><\/h2><div class=\"wpb_text_column\"><div class=\"wpb_wrapper\"><p><span style=\"font-weight: 400\">Friulanisch (auch Friaulisch oder Furlanisch) wird in der historischen Kulturlandschaft Friaul an der Grenze zu \u00d6sterreich (im Norden), Slowenien (im Osten) und Venetien (im Westen) gesprochen. Es hat sich um das Jahr 1000 aus dem in der Gegend um Aquileia gesprochenen Vulg\u00e4rlatein entwickelt und bewahrt z.B. im Plural den Auslaut auf &#8211;<\/span><i><span style=\"font-weight: 400\">s, <\/span><\/i><span style=\"font-weight: 400\">vgl. z. B. <\/span><i><span style=\"font-weight: 400\">cjan<\/span><\/i><span style=\"font-weight: 400\"> (Sg.) &#8216;Hund&#8217; vs. <\/span><i><span style=\"font-weight: 400\">cjans<\/span><\/i><span style=\"font-weight: 400\"> (Pl.)<\/span> <span style=\"font-weight: 400\">&#8216;Hunde&#8217; (Italienisch: <\/span><i><span style=\"font-weight: 400\">cane<\/span><\/i><span style=\"font-weight: 400\"> vs. <\/span><i><span style=\"font-weight: 400\">cani<\/span><\/i><span style=\"font-weight: 400\">) sowie Konsonantenverbindungen wie <\/span><i><span style=\"font-weight: 400\">cl, gl, bl, pl, fl<\/span><\/i><span style=\"font-weight: 400\">; siehe beispielsweise<\/span><i><span style=\"font-weight: 400\"> cl\u00e2f<\/span><\/i><span style=\"font-weight: 400\">\u00a0 &#8216;Schl\u00fcssel&#8217; (Latein: <\/span><i><span style=\"font-weight: 400\">clavem<\/span><\/i><span style=\"font-weight: 400\">; Italienisch: <\/span><i><span style=\"font-weight: 400\">chiave<\/span><\/i><span style=\"font-weight: 400\">). Innerhalb der Sprache lassen sich drei gro\u00dfe Gruppen unterscheiden: westliches Friulanisch (<em>friulano occidentale<\/em>), zentral-\u00f6stliches Friulanisch (<em>friulano centro-orientale<\/em>), und im Norden, in Karnien, karnisches Friulanisch.\u00a0\u00a0<\/span><\/p>\n<p><span style=\"font-weight: 400\">In der Grenzregion Friaul sind die Sprecherinnen und Sprecher kontinuierlich mit anderen Sprachen und Variet\u00e4ten in Ber\u00fchrung gekommen. Auf dem Gebiet der autonomen Region Friaul-Julisch Venetien sind neben Friulanisch weitere historische Minderheitensprachen anzutreffen, etwa deutsche Variet\u00e4ten in Sprachinseln wie z.B. <a href=\"https:\/\/alpilink.it\/de\/saurano\/\">Zahre\/Sauris<\/a> oder <a href=\"https:\/\/alpilink.it\/de\/sappadino\/\">Pladen\/Sappada<\/a>, die auf eine mittelalterliche Mundart des S\u00fcdbairischen zur\u00fcckgehen, sowie slowenische Variet\u00e4ten in den Provinzen Triest, G\u00f6rz und Udine.<\/span><\/p>\n<\/div><\/div><\/div><\/div><\/div><\/div><\/section><section class=\"l-section wpb_row height_auto\"><div class=\"l-section-h i-cf\"><div class=\"g-cols vc_row via_grid cols_1 laptops-cols_inherit tablets-cols_inherit mobiles-cols_1 valign_top type_default stacking_default\"><div class=\"wpb_column vc_column_container\"><div class=\"vc_column-inner\"><div class=\"wpb_text_column\"><div class=\"wpb_wrapper\"><p>Das Friulanische wurde durch das italienische Staatsgesetz Nr. 482 aus dem Jahr 1999, die Regionalgesetze Nr. 15 aus dem Jahr 1996 sowie Nr. 29 aus dem Jahr 2007 durch die Region Friaul-Julisch Venetien und durch das Regionalgesetz Nr. 30 aus dem Jahr 2021 durch die Region Venetien offiziell als Minderheitensprache anerkannt.<\/p>\n<p>Seit 2005 besteht eine Regionalagentur f\u00fcr Friulanisch, die <i><span style=\"font-weight: 400\">Agjenzie Regjon\u00e2l pe lenghe furlane<\/span><\/i><span style=\"font-weight: 400\"> (<a href=\"https:\/\/www.arlef.it\">ARLeF<\/a>), die die regional anerkannte Amtssprache f\u00f6rdert und Aktivit\u00e4ten zu ihrem Schutz koordiniert. <\/span>ARLeF ist der Referenzpunkt f\u00fcr die Wortschatzstandardisierung und die Sprachzertifizierung und stellt dabei auch digitale Tools f\u00fcr das Schreiben auf Friulanisch zur Verf\u00fcgung. Laut einer von der ARLeF gemeinsam mit dem <em>Istituto di Ricerche Economiche e Sociali del Friuli-Venezia Giulia<\/em> (Forschungsinstitut f\u00fcr Wirtschaft und Soziales der Autonomen Region Friaul-Julisch Venetien) im Jahr 2023 durchgef\u00fchrten Studie gibt es ca. 450.000 Sprecher und Sprecherinnen des Friulanischen im friulanischsprachigen Teil von Friaul-Julisch Venetien und von Venetien (180 Gemeinden). Au\u00dferdem sind viele Sprecherinnen und Sprechen ausgewandert und leben nun vor allem in Australien, Nord- und S\u00fcdamerika oder in S\u00fcdafrika.<\/p>\n<p><span style=\"font-weight: 400\">Das Friulanische hat auch eine lange Tradition als Schriftsprache. Die \u00e4ltesten literarischen Texte stammen aus dem 14. Jahrhundert. Im 17. Jahrhundert schuf der Dichter Ermes di Colloredo (1622-1692) einen Standard, der auf dem zentral-\u00f6stlichen Friulanisch (<em>friulano centro-orientale<\/em>)<\/span>, das haupts\u00e4chlich in der Umgebung der Stadt Udine gesprochen wird, aufbaut und in der Folgezeit von vielen Schriftstellern als Literatursprache verwendet wurde. Mit dem Regionalgesetz Nr. 15 aus dem Jahr 1996 hat die Autonome Region Friaul-Julisch Venetien eine offizielle Orthographienorm bestimmt, die seitdem in Beh\u00f6rden, Schulen und Medien gilt.<\/p>\n<p><span style=\"font-weight: 400\">ISO-Code 639-2: fur\u00a0<\/span><\/p>\n<p><b>Zur Vertiefung<\/b><\/p>\n<ul>\n<li>Turello, Davide (2007):<a href=\"https:\/\/fis.uni-bamberg.de\/bitstream\/uniba\/101\/2\/Dokument_1.pdf\">\u00a0<em>Sprachplanung des Friaulischen: eine Untersuchung der Standardisierungsprozesse<\/em><\/a>. Bamberg: Otto-Friedrich-Universit\u00e4t.<\/li>\n<li><span style=\"font-weight: 400\">Beninc\u00e0, Paola &amp; Laura Vanelli (2016): Friulian. In Adam Ledgeway &amp; Martin Maiden (Hrsg.): <em>The Oxford Guide to the Romance Languages,<\/em> Oxford: University Press, S. 139-153.\u00a0<\/span><\/li>\n<li><span style=\"font-weight: 400\">Frau, Giovanni (1984): <em>I dialetti del Friuli<\/em>. Udine: Societ\u00e0 Filologica Friulano.\u00a0<\/span><\/li>\n<li><span style=\"font-weight: 400\">Heinemann, Sabine &amp; Luca Melchior (Hrsg.) (2015): <em>Manuale di linguistica friulana<\/em> (=Manuals of Romance Linguistics 3). Berlin: de Gruyter.\u00a0<\/span><\/li>\n<li><span style=\"font-weight: 400\">Marcato, Carla (2001): <a href=\"https:\/\/www.laterza.it\/scheda-libro\/?isbn=9788842105817\"><em>Friuli Venezia Giulia<\/em> <\/a>(=Alberto A. Sobrero [Hrsg.]: Profili linguistici delle regioni). Bari: Laterza.\u00a0<\/span><\/li>\n<li><span style=\"font-weight: 400\">Rizzolatti, Piera (1981): <em>Elementi di linguistica friulana<\/em>. Udine: Societ\u00e0 Filologica Friulano.\u00a0<\/span><\/li>\n<\/ul>\n<p><strong>Andere Internet-Ressourcen<\/strong><\/p>\n<ul>\n<li><a href=\"https:\/\/arlef.it\/grant-dizionari-bilenghe-talian-furlan\/search\/\">W\u00f6rterbuch Friulanisch-Italienisch\/Italienisch-Friulanisch<\/a><\/li>\n<li><a href=\"https:\/\/www.arlef.it\"><span style=\"font-weight: 400\"> Regionalagentur f\u00fcr Friulanisch<\/span><\/a><\/li>\n<li><span style=\"font-weight: 400\"><a href=\"https:\/\/www.regione.fvg.it\/rafvg\/cms\/RAFVG\/cultura-sport\/patrimonio-culturale\/comunita-linguistiche\">Comunit\u00e0 linguistiche regionali<\/a><\/span><\/li>\n<\/ul>\n<\/div><\/div><div class=\"w-separator size_small\"><\/div><div class=\"w-btn-wrapper align_center\"><a class=\"w-btn us-btn-style_1\" title=\"Unsere Variet\u00e4ten\" href=\"https:\/\/alpilink.it\/de\/le-nostre-varieta\/\"><span class=\"w-btn-label\">Entdecken Sie die anderen Variet\u00e4ten<\/span><\/a><\/div><div class=\"w-separator size_small\"><\/div><\/div><\/div><\/div><\/div><\/section>\n","protected":false},"excerpt":{"rendered":"FriulanischFriulanisch (auch Friaulisch oder Furlanisch) wird in der historischen Kulturlandschaft Friaul an der Grenze zu \u00d6sterreich (im Norden), Slowenien (im Osten) und Venetien (im Westen) gesprochen. Es hat sich um das Jahr 1000 aus dem in der Gegend um Aquileia gesprochenen Vulg\u00e4rlatein entwickelt und bewahrt z.B. im Plural den Auslaut auf &#8211;s, vgl. z. B....","protected":false},"author":13,"featured_media":0,"parent":0,"menu_order":0,"comment_status":"closed","ping_status":"closed","template":"","meta":{"footnotes":""},"class_list":["post-680","page","type-page","status-publish","hentry"],"_links":{"self":[{"href":"https:\/\/alpilink.it\/de\/wp-json\/wp\/v2\/pages\/680","targetHints":{"allow":["GET"]}}],"collection":[{"href":"https:\/\/alpilink.it\/de\/wp-json\/wp\/v2\/pages"}],"about":[{"href":"https:\/\/alpilink.it\/de\/wp-json\/wp\/v2\/types\/page"}],"author":[{"embeddable":true,"href":"https:\/\/alpilink.it\/de\/wp-json\/wp\/v2\/users\/13"}],"replies":[{"embeddable":true,"href":"https:\/\/alpilink.it\/de\/wp-json\/wp\/v2\/comments?post=680"}],"version-history":[{"count":24,"href":"https:\/\/alpilink.it\/de\/wp-json\/wp\/v2\/pages\/680\/revisions"}],"predecessor-version":[{"id":6435,"href":"https:\/\/alpilink.it\/de\/wp-json\/wp\/v2\/pages\/680\/revisions\/6435"}],"wp:attachment":[{"href":"https:\/\/alpilink.it\/de\/wp-json\/wp\/v2\/media?parent=680"}],"curies":[{"name":"wp","href":"https:\/\/api.w.org\/{rel}","templated":true}]}}