{"id":660,"date":"2023-03-17T15:25:34","date_gmt":"2023-03-17T14:25:34","guid":{"rendered":"https:\/\/sites.dlls.univr.it\/alpilink\/dialetti-veneti\/"},"modified":"2023-06-27T11:01:09","modified_gmt":"2023-06-27T09:01:09","slug":"veneto","status":"publish","type":"page","link":"https:\/\/alpilink.it\/de\/veneto\/","title":{"rendered":"Venetisch"},"content":{"rendered":"<div class=\"wpb_column vc_column_container\"><div class=\"vc_column-inner\"><\/div><\/div><section class=\"l-section wpb_row height_medium\"><div class=\"l-section-h i-cf\"><div class=\"g-cols vc_row via_grid cols_2 laptops-cols_inherit tablets-cols_inherit mobiles-cols_1 valign_top type_default stacking_default\"><div class=\"wpb_column vc_column_container\"><div class=\"vc_column-inner\"><div class=\"w-image us_custom_447bff20 has_ratio align_none\"><div class=\"w-image-h\"><div style=\"padding-bottom:133.3333%\"><\/div><img loading=\"lazy\" decoding=\"async\" width=\"1024\" height=\"678\" src=\"https:\/\/alpilink.it\/wp-content\/uploads\/2022\/12\/stone-bridge-gd4fa3de9e_1920-1024x678.jpg\" class=\"attachment-large size-large\" alt=\"\" srcset=\"https:\/\/alpilink.it\/wp-content\/uploads\/2022\/12\/stone-bridge-gd4fa3de9e_1920-1024x678.jpg 1024w, https:\/\/alpilink.it\/wp-content\/uploads\/2022\/12\/stone-bridge-gd4fa3de9e_1920-300x199.jpg 300w, https:\/\/alpilink.it\/wp-content\/uploads\/2022\/12\/stone-bridge-gd4fa3de9e_1920-768x509.jpg 768w, https:\/\/alpilink.it\/wp-content\/uploads\/2022\/12\/stone-bridge-gd4fa3de9e_1920-1536x1018.jpg 1536w, https:\/\/alpilink.it\/wp-content\/uploads\/2022\/12\/stone-bridge-gd4fa3de9e_1920.jpg 1920w\" sizes=\"auto, (max-width: 1024px) 100vw, 1024px\" \/><\/div><\/div><\/div><\/div><div class=\"wpb_column vc_column_container\"><div class=\"vc_column-inner\"><div class=\"w-separator size_small\"><\/div><h2 class=\"w-text us_custom_c1b4c343 has_text_color\"><span class=\"w-text-h\"><span class=\"w-text-value\">Venetisch<\/span><\/span><\/h2><div class=\"wpb_text_column us_custom_c1b4c343 has_text_color\"><div class=\"wpb_wrapper\"><p align=\"justify\"><span style=\"font-weight: 400\">Die venetischen Dialekte werden in einem gro\u00dfen Teil Nordost-Italiens gesprochen, vor allem in der Region Venetien, aber auch in gro\u00dfen Teilen des Trentinos und im Friaul. Zus\u00e4tzlich gibt es bedeutende Sprechergruppen in von italienischen Auswanderern besiedelten \u00dcberseegebieten. In der g\u00e4ngigen dialektologischen Klassifikation bilden die venetischen Dialekte eine Gruppe erster Ordnung zwischen Gallo-Italisch im Westen und S\u00fcden (<a href=\"https:\/\/alpilink.it\/de\/lombardo\/\">Lombardisch<\/a>, Emilianisch), <a href=\"https:\/\/alpilink.it\/de\/ladino\/\">Ladinisch<\/a> im Norden und <a href=\"https:\/\/alpilink.it\/de\/friulano\/\">Friulanisch<\/a> im Osten. Die Unterschiede zwischen den einzelnen venetischen Dialekten sind erheblich, normalerweise werden sie unterschieden in (1) Venezianisch, (2) zentrales Venetisch, (3) westliches Venetisch (Veronesisch), (4) nord\u00f6stliches Venetisch e (5) trentinisches Venetisch. <\/span><\/p>\n<p align=\"justify\">Als Beispiel f\u00fcr die Variation k\u00f6nnen hier verschiedene Aussprachen\u00a0 von &lt;l&gt; und &lt;z&gt; angeh\u00f6rt werden.<\/p>\n<\/div><\/div><\/div><\/div><\/div><\/div><\/section><section class=\"l-section wpb_row height_auto\"><div class=\"l-section-h i-cf\"><div class=\"g-cols vc_row via_grid cols_1 laptops-cols_inherit tablets-cols_inherit mobiles-cols_1 valign_top type_default stacking_default\"><div class=\"wpb_column vc_column_container\"><div class=\"vc_column-inner\"><div class=\"g-cols wpb_row via_grid cols_2 laptops-cols_inherit tablets-cols_inherit mobiles-cols_1 valign_top type_default stacking_default\"><div class=\"wpb_column vc_column_container\"><div class=\"vc_column-inner\"><h3 class=\"w-text us_custom_68759f29 has_text_color\"><span class=\"w-text-h\"><span class=\"w-text-value\">stala &#8216;Stall&#8217;<\/span><\/span><\/h3><div class=\"wpb_text_column\"><div class=\"wpb_wrapper\"><p class=\"wp-block-column\" style=\"text-align: left\">San Don\u00e0 di Piave<\/p>\n<div class=\"wp-block-column\">\n<audio class=\"wp-audio-shortcode\" id=\"audio-660-1\" preload=\"none\" style=\"width: 100%;\" controls=\"controls\"><source type=\"audio\/flac\" src=\"https:\/\/sites.dlls.univr.it\/alpilink\/wp-content\/uploads\/sites\/4\/2022\/12\/W0495_vec_U0425.flac?_=1\" \/><a href=\"https:\/\/sites.dlls.univr.it\/alpilink\/wp-content\/uploads\/sites\/4\/2022\/12\/W0495_vec_U0425.flac\">https:\/\/sites.dlls.univr.it\/alpilink\/wp-content\/uploads\/sites\/4\/2022\/12\/W0495_vec_U0425.flac<\/a><\/audio><\/p>\n<p><sub>(W0495_vec_U0425)<\/sub> <!-- \/wp:post-content --><\/p>\n<p style=\"text-align: left\"><!-- wp:paragraph --> Chioggia<\/p>\n<audio class=\"wp-audio-shortcode\" id=\"audio-660-2\" preload=\"none\" style=\"width: 100%;\" controls=\"controls\"><source type=\"audio\/flac\" src=\"https:\/\/sites.dlls.univr.it\/alpilink\/wp-content\/uploads\/sites\/4\/2022\/12\/W0495_vec_U0817.flac?_=2\" \/><a href=\"https:\/\/sites.dlls.univr.it\/alpilink\/wp-content\/uploads\/sites\/4\/2022\/12\/W0495_vec_U0817.flac\">https:\/\/sites.dlls.univr.it\/alpilink\/wp-content\/uploads\/sites\/4\/2022\/12\/W0495_vec_U0817.flac<\/a><\/audio>\n<p><sub>(W0495_vec_U0817)<\/sub><!-- \/wp:paragraph --><\/p>\n<p style=\"text-align: left\"><!-- wp:paragraph -->Valdagno<\/p>\n<audio class=\"wp-audio-shortcode\" id=\"audio-660-3\" preload=\"none\" style=\"width: 100%;\" controls=\"controls\"><source type=\"audio\/flac\" src=\"https:\/\/sites.dlls.univr.it\/alpilink\/wp-content\/uploads\/sites\/4\/2022\/12\/W0495_vec_U0573.flac?_=3\" \/><a href=\"https:\/\/sites.dlls.univr.it\/alpilink\/wp-content\/uploads\/sites\/4\/2022\/12\/W0495_vec_U0573.flac\">https:\/\/sites.dlls.univr.it\/alpilink\/wp-content\/uploads\/sites\/4\/2022\/12\/W0495_vec_U0573.flac<\/a><\/audio>\n<p><sub> (W0495_vec_U0573)<\/sub> <!-- \/wp:paragraph --><\/p>\n<p style=\"text-align: left\"><!-- wp:paragraph --> Belluno<\/p>\n<audio class=\"wp-audio-shortcode\" id=\"audio-660-4\" preload=\"none\" style=\"width: 100%;\" controls=\"controls\"><source type=\"audio\/flac\" src=\"https:\/\/sites.dlls.univr.it\/alpilink\/wp-content\/uploads\/sites\/4\/2022\/12\/W0495_vec_U0815.flac?_=4\" \/><a href=\"https:\/\/sites.dlls.univr.it\/alpilink\/wp-content\/uploads\/sites\/4\/2022\/12\/W0495_vec_U0815.flac\">https:\/\/sites.dlls.univr.it\/alpilink\/wp-content\/uploads\/sites\/4\/2022\/12\/W0495_vec_U0815.flac<\/a><\/audio>\n<p><sub>(W0495_vec_U0815)<\/sub><\/p>\n<\/div>\n<p><!-- \/wp:paragraph --><\/p>\n<\/div><\/div><\/div><\/div><div class=\"wpb_column vc_column_container\"><div class=\"vc_column-inner\"><h3 class=\"w-text us_custom_68759f29 has_text_color\"><span class=\"w-text-h\"><span class=\"w-text-value\">mezo &#8216;halb&#8217;<\/span><\/span><\/h3><div class=\"wpb_text_column\"><div class=\"wpb_wrapper\"><div class=\"wp-block-column\">\n<p class=\"has-text-align-right\">Longarone<\/p>\n<audio class=\"wp-audio-shortcode\" id=\"audio-660-5\" preload=\"none\" style=\"width: 100%;\" controls=\"controls\"><source type=\"audio\/flac\" src=\"https:\/\/sites.dlls.univr.it\/alpilink\/wp-content\/uploads\/sites\/4\/2022\/12\/W0494_vec_U1269.flac?_=5\" \/><a href=\"https:\/\/sites.dlls.univr.it\/alpilink\/wp-content\/uploads\/sites\/4\/2022\/12\/W0494_vec_U1269.flac\">https:\/\/sites.dlls.univr.it\/alpilink\/wp-content\/uploads\/sites\/4\/2022\/12\/W0494_vec_U1269.flac<\/a><\/audio>\n<p class=\"has-text-align-right\">\u00a0<sub>(W0494_vec_U1269)<\/sub><\/p>\n<p><!-- \/wp:paragraph --><\/p>\n<p><!-- wp:paragraph {\"align\":\"right\"} --><\/p>\n<p class=\"has-text-align-right\">Verona<\/p>\n<audio class=\"wp-audio-shortcode\" id=\"audio-660-6\" preload=\"none\" style=\"width: 100%;\" controls=\"controls\"><source type=\"audio\/flac\" src=\"https:\/\/sites.dlls.univr.it\/alpilink\/wp-content\/uploads\/sites\/4\/2022\/12\/W0494_vec_U0439a-1.flac?_=6\" \/><a href=\"https:\/\/sites.dlls.univr.it\/alpilink\/wp-content\/uploads\/sites\/4\/2022\/12\/W0494_vec_U0439a-1.flac\">https:\/\/sites.dlls.univr.it\/alpilink\/wp-content\/uploads\/sites\/4\/2022\/12\/W0494_vec_U0439a-1.flac<\/a><\/audio>\n<p class=\"has-text-align-right\">\u00a0<sub>(W0494_vec_U0439a)<\/sub><\/p>\n<p><!-- \/wp:paragraph --><\/p>\n<p><!-- wp:paragraph {\"align\":\"right\"} --><\/p>\n<p class=\"has-text-align-right\">Fiera di Primiero<\/p>\n<audio class=\"wp-audio-shortcode\" id=\"audio-660-7\" preload=\"none\" style=\"width: 100%;\" controls=\"controls\"><source type=\"audio\/flac\" src=\"https:\/\/sites.dlls.univr.it\/alpilink\/wp-content\/uploads\/sites\/4\/2022\/12\/W0010_tre_U0084.flac?_=7\" \/><a href=\"https:\/\/sites.dlls.univr.it\/alpilink\/wp-content\/uploads\/sites\/4\/2022\/12\/W0010_tre_U0084.flac\">https:\/\/sites.dlls.univr.it\/alpilink\/wp-content\/uploads\/sites\/4\/2022\/12\/W0010_tre_U0084.flac<\/a><\/audio>\n<p class=\"has-text-align-right\">\u00a0<sub>(W0010_tre_U0084)<\/sub><\/p>\n<p><!-- \/wp:paragraph --><\/p>\n<p><!-- wp:paragraph {\"align\":\"right\"} --><\/p>\n<p class=\"has-text-align-right\">Codogn\u00e8<\/p>\n<audio class=\"wp-audio-shortcode\" id=\"audio-660-8\" preload=\"none\" style=\"width: 100%;\" controls=\"controls\"><source type=\"audio\/flac\" src=\"https:\/\/sites.dlls.univr.it\/alpilink\/wp-content\/uploads\/sites\/4\/2022\/12\/W0494_vec_U0687.flac?_=8\" \/><a href=\"https:\/\/sites.dlls.univr.it\/alpilink\/wp-content\/uploads\/sites\/4\/2022\/12\/W0494_vec_U0687.flac\">https:\/\/sites.dlls.univr.it\/alpilink\/wp-content\/uploads\/sites\/4\/2022\/12\/W0494_vec_U0687.flac<\/a><\/audio>\n<p class=\"has-text-align-right\">\u00a0<sub>(W0494_vec_U0687)<\/sub><\/p>\n<\/div>\n<\/div><\/div><\/div><\/div><\/div><\/div><\/div><\/div><\/div><\/section><section class=\"l-section wpb_row height_medium\"><div class=\"l-section-h i-cf\"><div class=\"g-cols vc_row via_grid cols_2 laptops-cols_inherit tablets-cols_inherit mobiles-cols_1 valign_top type_default stacking_default\"><div class=\"wpb_column vc_column_container\"><div class=\"vc_column-inner\"><div class=\"w-image us_custom_447bff20 has_ratio align_none\"><div class=\"w-image-h\"><div style=\"padding-bottom:133.3333%\"><\/div><img loading=\"lazy\" decoding=\"async\" width=\"1024\" height=\"768\" src=\"https:\/\/alpilink.it\/wp-content\/uploads\/2022\/12\/canal-g9410a6532_1920-1024x768.jpg\" class=\"attachment-large size-large\" alt=\"\" srcset=\"https:\/\/alpilink.it\/wp-content\/uploads\/2022\/12\/canal-g9410a6532_1920-1024x768.jpg 1024w, https:\/\/alpilink.it\/wp-content\/uploads\/2022\/12\/canal-g9410a6532_1920-300x225.jpg 300w, https:\/\/alpilink.it\/wp-content\/uploads\/2022\/12\/canal-g9410a6532_1920-768x576.jpg 768w, https:\/\/alpilink.it\/wp-content\/uploads\/2022\/12\/canal-g9410a6532_1920-1536x1152.jpg 1536w, https:\/\/alpilink.it\/wp-content\/uploads\/2022\/12\/canal-g9410a6532_1920.jpg 1920w\" sizes=\"auto, (max-width: 1024px) 100vw, 1024px\" \/><\/div><\/div><\/div><\/div><div class=\"wpb_column vc_column_container\"><div class=\"vc_column-inner\"><div class=\"wpb_text_column\"><div class=\"wpb_wrapper\"><p><!-- wp:columns {\"align\":\"wide\"} --><\/p>\n<div class=\"wp-block-columns alignwide\"><!-- wp:column --><\/div>\n<p>Die venetischen Dialekte sind auch sehr reich an Variation im Lexikon: So gibt es f\u00fcr &#8216;Kinder&#8217; (ital. <em>bambini<\/em>) die Bezeichnungen <em>butini<\/em>, <em>t\u00f3si<\/em>, <em>b\u00f2ce<\/em>, <em>c\u00e8i<\/em>, <em>tosatei<\/em>, <em>put\u00e9i,<\/em> <em>buteleti<\/em> und weitere.<\/p>\n<div class=\"wp-block-columns alignwide\">\n<div class=\"wp-block-column\">\n<p><span style=\"font-weight: 400\">Die venetischen Dialekte sind bis heute sehr lebendig, au\u00dferdem haben sie eine bedeutende und ununterbrochene Tradion als Schriftsprache seit dem 15. Jahrhundert. Das gilt vor allem f\u00fcr die venezianischen Variet\u00e4t. Aus diesem Grund gibt es eine aktive Bewegung, die sich f\u00fcr die Anerkennung des Venetischen als Sprache einsetzt (gleichgestellt mit dem Italienischen). Dessen ungeachtet geh\u00f6rt das Venetische nicht zu den Sprachen, die vom Staatsgesetz Nr. 482 des Jahres 1999 gesch\u00fctzt werden.<\/span><\/p>\n<p><span style=\"font-weight: 400\">ISO-Code: 639-3 vec<\/span><\/p>\n<p><b>Zur Vertiefung<\/b><\/p>\n<ul>\n<li>Basso, Walter (2020):\u00a0<a href=\"https:\/\/www.libreriauniversitaria.it\/dizionario-scarsea-veneto-italiano-basso\/libro\/9788866434122\"><em>Dizionario da scars\u00e8a veneto-italiano<\/em><\/a>. Treviso: Editoriale Programma.<\/li>\n<li style=\"font-weight: 400\"><span style=\"font-weight: 400\">Zamboni, Alberto (1974): <\/span><em>Veneto<\/em><span style=\"font-weight: 400\">. Pisa: Pacini. (Profilo dei dialetti italiani. 5)<\/span><\/li>\n<\/ul>\n<p><strong>Andere Internet-Ressourcen<\/strong><\/p>\n<ul>\n<li><a href=\"http:\/\/www.linguaveneta.net\/\"><span style=\"font-weight: 400\">Webseite<\/span><span style=\"font-weight: 400\"> mit Informationen zur &#8220;Lingua Veneta&#8221;<\/span><\/a>, betrieben vom Consiglio Regionale Venetiens<\/li>\n<\/ul>\n<\/div>\n<\/div>\n<\/div><\/div><div class=\"w-separator size_small\"><\/div><div class=\"w-btn-wrapper align_none\"><a class=\"w-btn us-btn-style_1\" title=\"Unsere Variet\u00e4ten\" href=\"https:\/\/alpilink.it\/de\/le-nostre-varieta\/\"><span class=\"w-btn-label\">Entdecken Sie die anderen Variet\u00e4ten<\/span><\/a><\/div><div class=\"w-separator size_small\"><\/div><\/div><\/div><\/div><\/div><\/section>","protected":false},"excerpt":{"rendered":"Venetisch Die venetischen Dialekte werden in einem gro\u00dfen Teil Nordost-Italiens gesprochen, vor allem in der Region Venetien, aber auch in gro\u00dfen Teilen des Trentinos und im Friaul. Zus\u00e4tzlich gibt es bedeutende Sprechergruppen in von italienischen Auswanderern besiedelten \u00dcberseegebieten. In der g\u00e4ngigen dialektologischen Klassifikation bilden die venetischen Dialekte eine Gruppe erster Ordnung zwischen Gallo-Italisch im Westen...","protected":false},"author":13,"featured_media":0,"parent":0,"menu_order":0,"comment_status":"closed","ping_status":"closed","template":"","meta":{"footnotes":""},"class_list":["post-660","page","type-page","status-publish","hentry"],"_links":{"self":[{"href":"https:\/\/alpilink.it\/de\/wp-json\/wp\/v2\/pages\/660","targetHints":{"allow":["GET"]}}],"collection":[{"href":"https:\/\/alpilink.it\/de\/wp-json\/wp\/v2\/pages"}],"about":[{"href":"https:\/\/alpilink.it\/de\/wp-json\/wp\/v2\/types\/page"}],"author":[{"embeddable":true,"href":"https:\/\/alpilink.it\/de\/wp-json\/wp\/v2\/users\/13"}],"replies":[{"embeddable":true,"href":"https:\/\/alpilink.it\/de\/wp-json\/wp\/v2\/comments?post=660"}],"version-history":[{"count":39,"href":"https:\/\/alpilink.it\/de\/wp-json\/wp\/v2\/pages\/660\/revisions"}],"predecessor-version":[{"id":3886,"href":"https:\/\/alpilink.it\/de\/wp-json\/wp\/v2\/pages\/660\/revisions\/3886"}],"wp:attachment":[{"href":"https:\/\/alpilink.it\/de\/wp-json\/wp\/v2\/media?parent=660"}],"curies":[{"name":"wp","href":"https:\/\/api.w.org\/{rel}","templated":true}]}}