{"id":5969,"date":"2024-08-01T14:49:10","date_gmt":"2024-08-01T12:49:10","guid":{"rendered":"https:\/\/alpilink.it\/resultati\/"},"modified":"2024-08-23T16:50:13","modified_gmt":"2024-08-23T14:50:13","slug":"risultati","status":"publish","type":"page","link":"https:\/\/alpilink.it\/de\/risultati\/","title":{"rendered":"Ergebnisse"},"content":{"rendered":"<section class=\"l-section wpb_row height_medium\"><div class=\"l-section-overlay\" style=\"background:#f5f5f5\"><\/div><div class=\"l-section-h i-cf\"><div class=\"g-cols vc_row via_grid cols_1 laptops-cols_inherit tablets-cols_inherit mobiles-cols_1 valign_top type_default stacking_default\"><div class=\"wpb_column vc_column_container\"><div class=\"vc_column-inner\"><h2 class=\"w-text us_custom_c5cb2a2d has_text_color\"><span class=\"w-text-h\"><span class=\"w-text-value\">Ergebnisse<\/span><\/span><\/h2><h5 class=\"w-text us_custom_5faff542 has_text_color\"><span class=\"w-text-h\"><span class=\"w-text-value\">Forschungsergebnisse, Projektfortschritt und gesammelte Daten<\/span><\/span><\/h5><div class=\"wpb_text_column\"><div class=\"wpb_wrapper\"><p align=\"justify\">In den folgenden Beitr\u00e4gen erfahren Sie mehr \u00fcber den Fortschritt des Projekts und die Forschungsarbeiten, die mit den gesammelten Daten durchgef\u00fchrt werden.<\/p>\n<\/div><\/div><\/div><\/div><\/div><\/div><\/section><section class=\"l-section wpb_row height_medium\"><div class=\"l-section-h i-cf\"><div class=\"g-cols vc_row via_grid cols_1 laptops-cols_inherit tablets-cols_inherit mobiles-cols_1 valign_top type_default stacking_default\"><div class=\"wpb_column vc_column_container\"><div class=\"vc_column-inner\"><div class=\"w-grid type_carousel layout_blog_tiles cols_2 overflow_hidden\" id=\"us_grid_1\"><style>#us_grid_1 .w-grid-item{padding:1.5rem}#us_grid_1 .w-grid-list{margin:-1.5rem}.w-grid + #us_grid_1 .w-grid-list,.w-grid-none + #us_grid_1 .w-grid-list{margin-top:1.5rem}.layout_blog_tiles .w-grid-item-h{}.layout_blog_tiles .usg_post_image_1{transition-duration:0.3s;transform-origin:50% 50%;transform:scale(1) translate(0%,0%)}.layout_blog_tiles .w-grid-item-h:hover .usg_post_image_1{transform:scale(1.1) translate(0%,0%);opacity:1}.layout_blog_tiles .usg_vwrapper_1{position:absolute!important;right:0!important;bottom:0!important;left:0!important;background:linear-gradient(transparent,rgba(30,30,30,0.8))!important;padding:5rem 8% 1.5rem 8%!important}.layout_blog_tiles .usg_post_title_1{color:#fff!important;font-size:1.2rem!important;font-weight:700!important;margin-bottom:0.3rem!important}.layout_blog_tiles .usg_post_date_1{color:#fff!important;font-size:0.9rem!important}.layout_blog_tiles .usg_post_taxonomy_1{font-weight:700!important;text-transform:uppercase!important;font-size:10px!important}<\/style><div class=\"w-grid-list owl-carousel navstyle_circle navpos_outside\" style=\"--arrows-size:1.8rem;\">\t<article class=\"w-grid-item post-7429 post type-post status-publish format-standard has-post-thumbnail hentry category-results-de\" data-id=\"7429\">\r\n\t\t<div class=\"w-grid-item-h\">\r\n\t\t\t\t\t\t<div class=\"w-post-elm post_image usg_post_image_1 stretched\"><a href=\"https:\/\/alpilink.it\/de\/2026\/03\/20\/schaufenster-der-regionalsprachen-norditaliens-vordere-gerundete-vokale\/\" aria-label=\"Schaufenster der Regionalsprachen Norditaliens: vordere gerundete Vokale\"><img loading=\"lazy\" decoding=\"async\" width=\"900\" height=\"675\" src=\"https:\/\/alpilink.it\/wp-content\/uploads\/2026\/03\/IPAChartVowels.png\" class=\"attachment-large size-large wp-post-image\" alt=\"\" srcset=\"https:\/\/alpilink.it\/wp-content\/uploads\/2026\/03\/IPAChartVowels.png 900w, https:\/\/alpilink.it\/wp-content\/uploads\/2026\/03\/IPAChartVowels-300x225.png 300w\" sizes=\"auto, (max-width: 900px) 100vw, 900px\" \/><\/a><\/div><div class=\"w-vwrapper usg_vwrapper_1 align_none valign_bottom\"><div class=\"w-post-elm post_taxonomy usg_post_taxonomy_1 style_badge color_link_inherit\"><a class=\"w-btn us-btn-style_badge term-53 term-results-de\" href=\"https:\/\/alpilink.it\/de\/category\/results-de\/\"><span class=\"w-btn-label\">Ergebnisse<\/span><\/a><\/div><h2 class=\"w-post-elm post_title usg_post_title_1 has_text_color entry-title color_link_inherit\"><a href=\"https:\/\/alpilink.it\/de\/2026\/03\/20\/schaufenster-der-regionalsprachen-norditaliens-vordere-gerundete-vokale\/\">Schaufenster der Regionalsprachen Norditaliens: vordere gerundete Vokale<\/a><\/h2><time class=\"w-post-elm post_date usg_post_date_1 has_text_color entry-date published\" datetime=\"2026-03-20T15:35:25+01:00\" title=\"20 March 2026 at 15:35:25 Europe\/Rome\">2 weeks ago<\/time><\/div>\t\t<\/div>\r\n\t<\/article>\r\n\t<article class=\"w-grid-item post-5996 post type-post status-publish format-standard has-post-thumbnail hentry category-project-de\" data-id=\"5996\">\r\n\t\t<div class=\"w-grid-item-h\">\r\n\t\t\t\t\t\t<div class=\"w-post-elm post_image usg_post_image_1 stretched\"><a href=\"https:\/\/alpilink.it\/de\/2025\/05\/30\/5560\/\" aria-label=\"Zwei Jahre Datenerhebung\"><img loading=\"lazy\" decoding=\"async\" width=\"1024\" height=\"598\" src=\"https:\/\/alpilink.it\/wp-content\/uploads\/2022\/12\/eeae4de9-22f3-4830-9375-2289dba2d0a9-1024x598-1.jpg\" class=\"attachment-large size-large wp-post-image\" alt=\"\" srcset=\"https:\/\/alpilink.it\/wp-content\/uploads\/2022\/12\/eeae4de9-22f3-4830-9375-2289dba2d0a9-1024x598-1.jpg 1024w, https:\/\/alpilink.it\/wp-content\/uploads\/2022\/12\/eeae4de9-22f3-4830-9375-2289dba2d0a9-1024x598-1-300x175.jpg 300w, https:\/\/alpilink.it\/wp-content\/uploads\/2022\/12\/eeae4de9-22f3-4830-9375-2289dba2d0a9-1024x598-1-768x449.jpg 768w\" sizes=\"auto, (max-width: 1024px) 100vw, 1024px\" \/><\/a><\/div><div class=\"w-vwrapper usg_vwrapper_1 align_none valign_bottom\"><div class=\"w-post-elm post_taxonomy usg_post_taxonomy_1 style_badge color_link_inherit\"><a class=\"w-btn us-btn-style_badge term-55 term-project-de\" href=\"https:\/\/alpilink.it\/de\/category\/project-de\/\"><span class=\"w-btn-label\">Projektfortschritt<\/span><\/a><\/div><h2 class=\"w-post-elm post_title usg_post_title_1 has_text_color entry-title color_link_inherit\"><a href=\"https:\/\/alpilink.it\/de\/2025\/05\/30\/5560\/\">Zwei Jahre Datenerhebung<\/a><\/h2><time class=\"w-post-elm post_date usg_post_date_1 has_text_color entry-date published\" datetime=\"2025-05-30T09:28:39+02:00\" title=\"30 May 2025 at 09:28:39 Europe\/Rome\">10 months ago<\/time><\/div>\t\t<\/div>\r\n\t<\/article>\r\n\t<article class=\"w-grid-item post-5959 post type-post status-publish format-standard has-post-thumbnail hentry category-results-de\" data-id=\"5959\">\r\n\t\t<div class=\"w-grid-item-h\">\r\n\t\t\t\t\t\t<div class=\"w-post-elm post_image usg_post_image_1 stretched\"><a href=\"https:\/\/alpilink.it\/de\/2024\/08\/01\/nome-di-battesimo-e-articolo-espletivo-nei-dialetti-del-trentino-alto-adige-e-del-veneto\/\" aria-label=\"Rufname und expletiver Artikel in den Dialekten von Trentino-S\u00fcdtirol und Venetien\"><img loading=\"lazy\" decoding=\"async\" width=\"726\" height=\"432\" src=\"https:\/\/alpilink.it\/wp-content\/uploads\/2024\/11\/GivenNamesCloud.png\" class=\"attachment-large size-large wp-post-image\" alt=\"\" srcset=\"https:\/\/alpilink.it\/wp-content\/uploads\/2024\/11\/GivenNamesCloud.png 726w, https:\/\/alpilink.it\/wp-content\/uploads\/2024\/11\/GivenNamesCloud-300x179.png 300w\" sizes=\"auto, (max-width: 726px) 100vw, 726px\" \/><\/a><\/div><div class=\"w-vwrapper usg_vwrapper_1 align_none valign_bottom\"><div class=\"w-post-elm post_taxonomy usg_post_taxonomy_1 style_badge color_link_inherit\"><a class=\"w-btn us-btn-style_badge term-53 term-results-de\" href=\"https:\/\/alpilink.it\/de\/category\/results-de\/\"><span class=\"w-btn-label\">Ergebnisse<\/span><\/a><\/div><h2 class=\"w-post-elm post_title usg_post_title_1 has_text_color entry-title color_link_inherit\"><a href=\"https:\/\/alpilink.it\/de\/2024\/08\/01\/nome-di-battesimo-e-articolo-espletivo-nei-dialetti-del-trentino-alto-adige-e-del-veneto\/\">Rufname und expletiver Artikel in den Dialekten von Trentino-S\u00fcdtirol und Venetien<\/a><\/h2><time class=\"w-post-elm post_date usg_post_date_1 has_text_color entry-date published\" datetime=\"2024-08-01T10:13:32+02:00\" title=\"1 August 2024 at 10:13:32 Europe\/Rome\">2 years ago<\/time><\/div>\t\t<\/div>\r\n\t<\/article>\r\n\t<article class=\"w-grid-item post-6016 post type-post status-publish format-standard has-post-thumbnail hentry category-results-de\" data-id=\"6016\">\r\n\t\t<div class=\"w-grid-item-h\">\r\n\t\t\t\t\t\t<div class=\"w-post-elm post_image usg_post_image_1 stretched\"><a href=\"https:\/\/alpilink.it\/de\/2024\/07\/29\/expletives_weather\/\" aria-label=\"Es schneit! Expletive mit Witterungsverben in den Trentiner und venetischen Dialekten\"><img loading=\"lazy\" decoding=\"async\" width=\"1024\" height=\"768\" src=\"https:\/\/alpilink.it\/wp-content\/uploads\/2024\/07\/06-1024x768.jpg\" class=\"attachment-large size-large wp-post-image\" alt=\"\" srcset=\"https:\/\/alpilink.it\/wp-content\/uploads\/2024\/07\/06-1024x768.jpg 1024w, https:\/\/alpilink.it\/wp-content\/uploads\/2024\/07\/06-300x225.jpg 300w, https:\/\/alpilink.it\/wp-content\/uploads\/2024\/07\/06-scaled.jpg 2040w\" sizes=\"auto, (max-width: 1024px) 100vw, 1024px\" \/><\/a><\/div><div class=\"w-vwrapper usg_vwrapper_1 align_none valign_bottom\"><div class=\"w-post-elm post_taxonomy usg_post_taxonomy_1 style_badge color_link_inherit\"><a class=\"w-btn us-btn-style_badge term-53 term-results-de\" href=\"https:\/\/alpilink.it\/de\/category\/results-de\/\"><span class=\"w-btn-label\">Ergebnisse<\/span><\/a><\/div><h2 class=\"w-post-elm post_title usg_post_title_1 has_text_color entry-title color_link_inherit\"><a href=\"https:\/\/alpilink.it\/de\/2024\/07\/29\/expletives_weather\/\">Es schneit! Expletive mit Witterungsverben in den Trentiner und venetischen Dialekten<\/a><\/h2><time class=\"w-post-elm post_date usg_post_date_1 has_text_color entry-date published\" datetime=\"2024-07-29T09:27:37+02:00\" title=\"29 July 2024 at 09:27:37 Europe\/Rome\">2 years ago<\/time><\/div>\t\t<\/div>\r\n\t<\/article>\r\n<\/div><div class=\"g-preloader type_1\">\r\n\t<div><\/div>\r\n<\/div>\r\n\t<div class=\"w-grid-json hidden\" onclick='return {&quot;action&quot;:&quot;us_ajax_grid&quot;,&quot;ajax_url&quot;:&quot;https:\\\/\\\/alpilink.it\\\/wp-admin\\\/admin-ajax.php&quot;,&quot;infinite_scroll&quot;:0,&quot;max_num_pages&quot;:1,&quot;pagination&quot;:&quot;none&quot;,&quot;permalink_url&quot;:&quot;https:\\\/\\\/alpilink.it\\\/de\\\/wp-json\\\/wp\\\/v2\\\/pages\\\/5969\\\/&quot;,&quot;template_vars&quot;:{&quot;columns&quot;:&quot;2&quot;,&quot;exclude_items&quot;:&quot;none&quot;,&quot;img_size&quot;:&quot;large&quot;,&quot;ignore_items_size&quot;:0,&quot;items_layout&quot;:&quot;blog_tiles&quot;,&quot;items_offset&quot;:&quot;1&quot;,&quot;load_animation&quot;:&quot;none&quot;,&quot;overriding_link&quot;:&quot;none&quot;,&quot;post_id&quot;:5969,&quot;query_args&quot;:{&quot;post_type&quot;:[&quot;post&quot;],&quot;post_status&quot;:[&quot;publish&quot;],&quot;posts_per_page&quot;:&quot;10&quot;},&quot;orderby_query_args&quot;:{&quot;orderby&quot;:{&quot;date&quot;:&quot;DESC&quot;}},&quot;type&quot;:&quot;carousel&quot;,&quot;us_grid_ajax_index&quot;:1,&quot;us_grid_filter_params&quot;:null,&quot;us_grid_index&quot;:1,&quot;_us_grid_post_type&quot;:&quot;post&quot;,&quot;lang&quot;:&quot;de&quot;},&quot;carousel_settings&quot;:{&quot;autoHeight&quot;:0,&quot;autoplay&quot;:1,&quot;carousel_fade&quot;:0,&quot;center&quot;:0,&quot;dots&quot;:0,&quot;items&quot;:&quot;2&quot;,&quot;loop&quot;:false,&quot;nav&quot;:1,&quot;slideby&quot;:&quot;1&quot;,&quot;smooth_play&quot;:0,&quot;speed&quot;:250,&quot;timeout&quot;:3000,&quot;transition&quot;:&quot;&quot;},&quot;carousel_breakpoints&quot;:{&quot;0&quot;:{&quot;autoHeight&quot;:0,&quot;autoplay&quot;:1,&quot;autoplayHoverPause&quot;:1,&quot;items&quot;:1,&quot;loop&quot;:true,&quot;stagePadding&quot;:0},&quot;600&quot;:{&quot;autoHeight&quot;:0,&quot;autoplay&quot;:1,&quot;autoplayHoverPause&quot;:1,&quot;items&quot;:2,&quot;loop&quot;:false,&quot;stagePadding&quot;:0},&quot;900&quot;:{&quot;autoHeight&quot;:0,&quot;autoplay&quot;:1,&quot;autoplayHoverPause&quot;:1,&quot;items&quot;:&quot;2&quot;,&quot;loop&quot;:false,&quot;stagePadding&quot;:0},&quot;1200&quot;:{&quot;items&quot;:2,&quot;stagePadding&quot;:0}}}'><\/div>\r\n\t<\/div><\/div><\/div><\/div><\/div><\/section>\n","protected":false},"excerpt":{"rendered":"Es schneit!Expletive mit Witterungsverben in den Trentiner und venetischen DialektenEiner der bemerkenswertesten syntaktischen Unterschiede zwischen dem Standard-Italienischen und den Dialekten betrifft das unpers\u00f6nliche Subjekt (auch \u201eExpletiv\u201c genannt) mit Witterungsverben. In diesem Beitrag wird die Syntax des unpers\u00f6nlichen Subjekts in den in der Region Venetien und in der autonomen Provinz Trient gesprochenen Dialekten basierend auf dem...","protected":false},"author":13,"featured_media":0,"parent":0,"menu_order":0,"comment_status":"closed","ping_status":"closed","template":"","meta":{"footnotes":""},"class_list":["post-5969","page","type-page","status-publish","hentry"],"_links":{"self":[{"href":"https:\/\/alpilink.it\/de\/wp-json\/wp\/v2\/pages\/5969","targetHints":{"allow":["GET"]}}],"collection":[{"href":"https:\/\/alpilink.it\/de\/wp-json\/wp\/v2\/pages"}],"about":[{"href":"https:\/\/alpilink.it\/de\/wp-json\/wp\/v2\/types\/page"}],"author":[{"embeddable":true,"href":"https:\/\/alpilink.it\/de\/wp-json\/wp\/v2\/users\/13"}],"replies":[{"embeddable":true,"href":"https:\/\/alpilink.it\/de\/wp-json\/wp\/v2\/comments?post=5969"}],"version-history":[{"count":4,"href":"https:\/\/alpilink.it\/de\/wp-json\/wp\/v2\/pages\/5969\/revisions"}],"predecessor-version":[{"id":6335,"href":"https:\/\/alpilink.it\/de\/wp-json\/wp\/v2\/pages\/5969\/revisions\/6335"}],"wp:attachment":[{"href":"https:\/\/alpilink.it\/de\/wp-json\/wp\/v2\/media?parent=5969"}],"curies":[{"name":"wp","href":"https:\/\/api.w.org\/{rel}","templated":true}]}}