{"id":4980,"date":"2024-02-06T09:38:41","date_gmt":"2024-02-06T08:38:41","guid":{"rendered":"https:\/\/alpilink.it\/rassegna-stampa\/"},"modified":"2024-07-30T09:04:09","modified_gmt":"2024-07-30T07:04:09","slug":"rassegna-stampa","status":"publish","type":"page","link":"https:\/\/alpilink.it\/de\/rassegna-stampa\/","title":{"rendered":"Pressespiegel"},"content":{"rendered":"<section class=\"l-section wpb_row height_medium\"><div class=\"l-section-h i-cf\"><div class=\"g-cols vc_row via_grid cols_1 laptops-cols_inherit tablets-cols_inherit mobiles-cols_1 valign_top type_default stacking_default\"><div class=\"wpb_column vc_column_container\"><div class=\"vc_column-inner\"><h2 class=\"w-text us_custom_635068bb has_text_color\"><span class=\"w-text-h\"><span class=\"w-text-value\">Pressespiegel<\/span><\/span><\/h2><div class=\"wpb_text_column\"><div class=\"wpb_wrapper\"><p>Untenstehend eine kleine Auswahl aus den zahlreichen Artikeln, die in der Presse zu AlpiLinK erschienen sind. Die Auswahl ist so gestaltet, dass das breite Spektrum der Beteiligung der \u00d6ffentlichkeit am Projekt und die verschiedenen von AlpiLinK ber\u00fccksichtigten Regionen und Sprachvariet\u00e4ten\u00a0 sichtbar werden.<\/p>\n<div><\/div>\n<div><\/div>\n<\/div><\/div><div class=\"w-tabs style_default switch_click accordion has_scrolling\" style=\"--sections-title-size:inherit\"><div class=\"w-tabs-sections titles-align_none icon_chevron cpos_right\"><div class=\"w-tabs-section\" id=\"k51a\"><button class=\"w-tabs-section-header\" aria-controls=\"content-k51a\" aria-expanded=\"false\"><div class=\"w-tabs-section-title\">La Cronaca di Verona: Google Translate supera (a met\u00e0) l\u2019esame di dialetto veneto<\/div><div class=\"w-tabs-section-control\"><\/div><\/button><div  class=\"w-tabs-section-content\" id=\"content-k51a\"><div class=\"w-tabs-section-content-h i-cf\"><div class=\"w-image align_none\"><a target=\"_blank\" href=\"https:\/\/www.cronacadiverona.com\/google-translate-supera-a-meta-lesame-di-dialetto-veneto\/\" rel=\"noopener\" aria-label=\"Link\" class=\"w-image-h\"><img loading=\"lazy\" decoding=\"async\" width=\"836\" height=\"599\" src=\"https:\/\/alpilink.it\/wp-content\/uploads\/2024\/07\/google_translate_article.png\" class=\"attachment-large size-large\" alt=\"\" srcset=\"https:\/\/alpilink.it\/wp-content\/uploads\/2024\/07\/google_translate_article.png 836w, https:\/\/alpilink.it\/wp-content\/uploads\/2024\/07\/google_translate_article-300x215.png 300w\" sizes=\"auto, (max-width: 836px) 100vw, 836px\" \/><\/a><\/div><\/div><\/div><\/div><div class=\"w-tabs-section\" id=\"a8fa\"><button class=\"w-tabs-section-header\" aria-controls=\"content-a8fa\" aria-expanded=\"false\"><div class=\"w-tabs-section-title\">Meteoweb: Lingue walser, un\u2019audiomappa digitale per salvarle dal rischio estinzione<\/div><div class=\"w-tabs-section-control\"><\/div><\/button><div  class=\"w-tabs-section-content\" id=\"content-a8fa\"><div class=\"w-tabs-section-content-h i-cf\"><div class=\"w-image align_none\"><a target=\"_blank\" href=\"https:\/\/www.meteoweb.eu\/2024\/07\/lingue-walser-audiomappa-digitale-salvarle-rischio-estinzione\/1001519844\/\" rel=\"noopener\" aria-label=\"Link\" class=\"w-image-h\"><img loading=\"lazy\" decoding=\"async\" width=\"610\" height=\"624\" src=\"https:\/\/alpilink.it\/wp-content\/uploads\/2024\/07\/Screenshot-2024-07-08-155804.png\" class=\"attachment-large size-large\" alt=\"Screenshot 2024-07-08 155804\" srcset=\"https:\/\/alpilink.it\/wp-content\/uploads\/2024\/07\/Screenshot-2024-07-08-155804.png 610w, https:\/\/alpilink.it\/wp-content\/uploads\/2024\/07\/Screenshot-2024-07-08-155804-293x300.png 293w\" sizes=\"auto, (max-width: 610px) 100vw, 610px\" \/><\/a><\/div><\/div><\/div><\/div><div class=\"w-tabs-section\" id=\"jd1b\"><button class=\"w-tabs-section-header\" aria-controls=\"content-jd1b\" aria-expanded=\"false\"><div class=\"w-tabs-section-title\">Brainfactor: AlpiLink, alla scoperta della nostra ricchezza linguistica<\/div><div class=\"w-tabs-section-control\"><\/div><\/button><div  class=\"w-tabs-section-content\" id=\"content-jd1b\"><div class=\"w-tabs-section-content-h i-cf\"><div class=\"w-image align_none\"><a target=\"_blank\" href=\"https:\/\/www.brainfactor.it\/alpilink-alla-scoperta-della-nostra-ricchezza-linguistica\/\" rel=\"noopener\" aria-label=\"Link\" class=\"w-image-h\"><img loading=\"lazy\" decoding=\"async\" width=\"992\" height=\"646\" src=\"https:\/\/alpilink.it\/wp-content\/uploads\/2024\/05\/Screenshot-2024-05-22-110549.png\" class=\"attachment-large size-large\" alt=\"\" srcset=\"https:\/\/alpilink.it\/wp-content\/uploads\/2024\/05\/Screenshot-2024-05-22-110549.png 992w, https:\/\/alpilink.it\/wp-content\/uploads\/2024\/05\/Screenshot-2024-05-22-110549-300x195.png 300w\" sizes=\"auto, (max-width: 992px) 100vw, 992px\" \/><\/a><\/div><\/div><\/div><\/div><div class=\"w-tabs-section\" id=\"c104\"><button class=\"w-tabs-section-header\" aria-controls=\"content-c104\" aria-expanded=\"false\"><div class=\"w-tabs-section-title\">Heraldo: Multilinguismo in classe: limite o opportunit\u00e0?<\/div><div class=\"w-tabs-section-control\"><\/div><\/button><div  class=\"w-tabs-section-content\" id=\"content-c104\"><div class=\"w-tabs-section-content-h i-cf\"><div class=\"w-image align_none\"><a target=\"_blank\" href=\"https:\/\/www.heraldo.it\/2024\/05\/03\/multilinguismo-in-classe-limite-o-opportunita\/\" rel=\"noopener\" aria-label=\"Link\" class=\"w-image-h\"><img loading=\"lazy\" decoding=\"async\" width=\"1024\" height=\"564\" src=\"https:\/\/alpilink.it\/wp-content\/uploads\/2024\/05\/Screenshot-2024-05-03-175736-1024x564.png\" class=\"attachment-large size-large\" alt=\"\" srcset=\"https:\/\/alpilink.it\/wp-content\/uploads\/2024\/05\/Screenshot-2024-05-03-175736-1024x564.png 1024w, https:\/\/alpilink.it\/wp-content\/uploads\/2024\/05\/Screenshot-2024-05-03-175736-300x165.png 300w, https:\/\/alpilink.it\/wp-content\/uploads\/2024\/05\/Screenshot-2024-05-03-175736.png 1221w\" sizes=\"auto, (max-width: 1024px) 100vw, 1024px\" \/><\/a><\/div><\/div><\/div><\/div><div class=\"w-tabs-section\" id=\"p4c3\"><button class=\"w-tabs-section-header\" aria-controls=\"content-p4c3\" aria-expanded=\"false\"><div class=\"w-tabs-section-title\">Salto: Alexa und der Dialekt<\/div><div class=\"w-tabs-section-control\"><\/div><\/button><div  class=\"w-tabs-section-content\" id=\"content-p4c3\"><div class=\"w-tabs-section-content-h i-cf\"><div class=\"w-image align_none\"><a target=\"_blank\" href=\"https:\/\/salto.bz\/de\/article\/10042024\/alexa-und-der-dialekt\" rel=\"noopener\" aria-label=\"Link\" class=\"w-image-h\"><img loading=\"lazy\" decoding=\"async\" width=\"1024\" height=\"367\" src=\"https:\/\/alpilink.it\/wp-content\/uploads\/2024\/04\/Screenshot-2024-04-15-090511-1024x367.png\" class=\"attachment-large size-large\" alt=\"\" srcset=\"https:\/\/alpilink.it\/wp-content\/uploads\/2024\/04\/Screenshot-2024-04-15-090511-1024x367.png 1024w, https:\/\/alpilink.it\/wp-content\/uploads\/2024\/04\/Screenshot-2024-04-15-090511-300x107.png 300w, https:\/\/alpilink.it\/wp-content\/uploads\/2024\/04\/Screenshot-2024-04-15-090511.png 1243w\" sizes=\"auto, (max-width: 1024px) 100vw, 1024px\" \/><\/a><\/div><\/div><\/div><\/div><div class=\"w-tabs-section\" id=\"f87d\"><button class=\"w-tabs-section-header\" aria-controls=\"content-f87d\" aria-expanded=\"false\"><div class=\"w-tabs-section-title\">S\u00fcdtirol News: Audio-Landkarte der S\u00fcdtiroler Dialekte<\/div><div class=\"w-tabs-section-control\"><\/div><\/button><div  class=\"w-tabs-section-content\" id=\"content-f87d\"><div class=\"w-tabs-section-content-h i-cf\"><div class=\"w-image align_none\"><a target=\"_blank\" href=\"https:\/\/www.suedtirolnews.it\/unterhaltung\/wer-haette-das-gedacht\/audio-landkarte-der-suedtiroler-dialekte\" rel=\"noopener\" aria-label=\"Link\" class=\"w-image-h\"><img loading=\"lazy\" decoding=\"async\" width=\"867\" height=\"455\" src=\"https:\/\/alpilink.it\/wp-content\/uploads\/2024\/02\/Screenshot-2024-02-05-155157.png\" class=\"attachment-large size-large\" alt=\"\" srcset=\"https:\/\/alpilink.it\/wp-content\/uploads\/2024\/02\/Screenshot-2024-02-05-155157.png 867w, https:\/\/alpilink.it\/wp-content\/uploads\/2024\/02\/Screenshot-2024-02-05-155157-300x157.png 300w\" sizes=\"auto, (max-width: 867px) 100vw, 867px\" \/><\/a><\/div><\/div><\/div><\/div><div class=\"w-tabs-section\" id=\"c09a\"><button class=\"w-tabs-section-header\" aria-controls=\"content-c09a\" aria-expanded=\"false\"><div class=\"w-tabs-section-title\">L&#8217;Arena: \u00abAlpiLink\u00bb, nasce l&#8217;audio-mappa dei dialetti del nord<\/div><div class=\"w-tabs-section-control\"><\/div><\/button><div  class=\"w-tabs-section-content\" id=\"content-c09a\"><div class=\"w-tabs-section-content-h i-cf\"><div class=\"w-image align_none\"><a target=\"_blank\" href=\"https:\/\/www.larena.it\/territorio-veronese\/citta\/alpilink-nasce-l-audio-mappa-dei-dialetti-del-nord-1.10548417\" rel=\"noopener\" aria-label=\"Link\" class=\"w-image-h\"><img loading=\"lazy\" decoding=\"async\" width=\"1024\" height=\"456\" src=\"https:\/\/alpilink.it\/wp-content\/uploads\/2024\/02\/Screenshot-2024-02-05-154509-1024x456.png\" class=\"attachment-large size-large\" alt=\"\" srcset=\"https:\/\/alpilink.it\/wp-content\/uploads\/2024\/02\/Screenshot-2024-02-05-154509-1024x456.png 1024w, https:\/\/alpilink.it\/wp-content\/uploads\/2024\/02\/Screenshot-2024-02-05-154509-300x133.png 300w, https:\/\/alpilink.it\/wp-content\/uploads\/2024\/02\/Screenshot-2024-02-05-154509.png 1063w\" sizes=\"auto, (max-width: 1024px) 100vw, 1024px\" \/><\/a><\/div><\/div><\/div><\/div><div class=\"w-tabs-section\" id=\"k4a1\"><button class=\"w-tabs-section-header\" aria-controls=\"content-k4a1\" aria-expanded=\"false\"><div class=\"w-tabs-section-title\">Corriere Torino: Dialetti che scompaiono, nasce AlpiLink, la banca dati per salvare il piemontese e le altre \u00abLingue alpine\u00bb<\/div><div class=\"w-tabs-section-control\"><\/div><\/button><div  class=\"w-tabs-section-content\" id=\"content-k4a1\"><div class=\"w-tabs-section-content-h i-cf\"><div class=\"w-image align_none\"><a target=\"_blank\" href=\"https:\/\/torino.corriere.it\/notizie\/cultura\/24_gennaio_30\/dialetti-che-scompaiono-nasce-alpilink-la-banca-dati-per-salvare-il-piemontese-e-le-altre-lingue-alpine-9c90974b-b303-47d7-8758-4ffa2ea58xlk.shtml\" rel=\"noopener\" aria-label=\"Link\" class=\"w-image-h\"><img loading=\"lazy\" decoding=\"async\" width=\"1024\" height=\"691\" src=\"https:\/\/alpilink.it\/wp-content\/uploads\/2024\/02\/Screenshot-2024-02-09-164233-1024x691.png\" class=\"attachment-large size-large\" alt=\"\" srcset=\"https:\/\/alpilink.it\/wp-content\/uploads\/2024\/02\/Screenshot-2024-02-09-164233-1024x691.png 1024w, https:\/\/alpilink.it\/wp-content\/uploads\/2024\/02\/Screenshot-2024-02-09-164233-300x202.png 300w, https:\/\/alpilink.it\/wp-content\/uploads\/2024\/02\/Screenshot-2024-02-09-164233.png 1292w\" sizes=\"auto, (max-width: 1024px) 100vw, 1024px\" \/><\/a><\/div><\/div><\/div><\/div><div class=\"w-tabs-section\" id=\"ubd5\"><button class=\"w-tabs-section-header\" aria-controls=\"content-ubd5\" aria-expanded=\"false\"><div class=\"w-tabs-section-title\">Aosta Cronaca: L&#8217;audio-mappa digitale dei dialetti della Valle d&#8217;Aosta<\/div><div class=\"w-tabs-section-control\"><\/div><\/button><div  class=\"w-tabs-section-content\" id=\"content-ubd5\"><div class=\"w-tabs-section-content-h i-cf\"><div class=\"w-image align_none\"><a target=\"_blank\" href=\"https:\/\/www.valledaostaglocal.it\/2024\/01\/30\/leggi-notizia\/argomenti\/cultura-2\/articolo\/laudio-mappa-digitale-dei-dialetti-della-valle-daosta.html\" rel=\"noopener\" aria-label=\"Link\" class=\"w-image-h\"><img loading=\"lazy\" decoding=\"async\" width=\"884\" height=\"470\" src=\"https:\/\/alpilink.it\/wp-content\/uploads\/2024\/02\/Screenshot-2024-02-09-164727.png\" class=\"attachment-large size-large\" alt=\"\" srcset=\"https:\/\/alpilink.it\/wp-content\/uploads\/2024\/02\/Screenshot-2024-02-09-164727.png 884w, https:\/\/alpilink.it\/wp-content\/uploads\/2024\/02\/Screenshot-2024-02-09-164727-300x160.png 300w\" sizes=\"auto, (max-width: 884px) 100vw, 884px\" \/><\/a><\/div><\/div><\/div><\/div><\/div><\/div><\/div><\/div><\/div><\/div><\/section><section class=\"l-section wpb_row height_medium\"><div class=\"l-section-h i-cf\"><div class=\"g-cols vc_row via_grid cols_1 laptops-cols_inherit tablets-cols_inherit mobiles-cols_1 valign_top type_default stacking_default\"><div class=\"wpb_column vc_column_container\"><div class=\"vc_column-inner\"><div class=\"wpb_text_column\"><div class=\"wpb_wrapper\"><div><\/div>\n<\/div><\/div><\/div><\/div><\/div><\/div><\/section>\n","protected":false},"excerpt":{"rendered":"PressespiegelUntenstehend eine kleine Auswahl aus den zahlreichen Artikeln, die in der Presse zu AlpiLinK erschienen sind. Die Auswahl ist so gestaltet, dass das breite Spektrum der Beteiligung der \u00d6ffentlichkeit am Projekt und die verschiedenen von AlpiLinK ber\u00fccksichtigten Regionen und Sprachvariet\u00e4ten\u00a0 sichtbar werden. La Cronaca di Verona: Google Translate supera (a met\u00e0) l\u2019esame di dialetto venetoMeteoweb:...","protected":false},"author":13,"featured_media":0,"parent":0,"menu_order":0,"comment_status":"closed","ping_status":"closed","template":"","meta":{"footnotes":""},"class_list":["post-4980","page","type-page","status-publish","hentry"],"_links":{"self":[{"href":"https:\/\/alpilink.it\/de\/wp-json\/wp\/v2\/pages\/4980","targetHints":{"allow":["GET"]}}],"collection":[{"href":"https:\/\/alpilink.it\/de\/wp-json\/wp\/v2\/pages"}],"about":[{"href":"https:\/\/alpilink.it\/de\/wp-json\/wp\/v2\/types\/page"}],"author":[{"embeddable":true,"href":"https:\/\/alpilink.it\/de\/wp-json\/wp\/v2\/users\/13"}],"replies":[{"embeddable":true,"href":"https:\/\/alpilink.it\/de\/wp-json\/wp\/v2\/comments?post=4980"}],"version-history":[{"count":9,"href":"https:\/\/alpilink.it\/de\/wp-json\/wp\/v2\/pages\/4980\/revisions"}],"predecessor-version":[{"id":5619,"href":"https:\/\/alpilink.it\/de\/wp-json\/wp\/v2\/pages\/4980\/revisions\/5619"}],"wp:attachment":[{"href":"https:\/\/alpilink.it\/de\/wp-json\/wp\/v2\/media?parent=4980"}],"curies":[{"name":"wp","href":"https:\/\/api.w.org\/{rel}","templated":true}]}}