{"id":4674,"date":"2024-01-08T12:38:39","date_gmt":"2024-01-08T11:38:39","guid":{"rendered":"https:\/\/alpilink.it\/resiano\/"},"modified":"2024-06-12T12:34:10","modified_gmt":"2024-06-12T10:34:10","slug":"resiano","status":"publish","type":"page","link":"https:\/\/alpilink.it\/de\/resiano\/","title":{"rendered":"Resianisch"},"content":{"rendered":"<section class=\"l-section wpb_row height_medium\"><div class=\"l-section-h i-cf\"><div class=\"g-cols vc_row via_grid cols_2 laptops-cols_inherit tablets-cols_inherit mobiles-cols_1 valign_top type_default stacking_default\"><div class=\"wpb_column vc_column_container\"><div class=\"vc_column-inner\"><div class=\"w-image us_custom_447bff20 has_ratio align_none\"><div class=\"w-image-h\"><div style=\"padding-bottom:133.3333%\"><\/div><img loading=\"lazy\" decoding=\"async\" width=\"1024\" height=\"891\" src=\"https:\/\/alpilink.it\/wp-content\/uploads\/2024\/06\/Rezija4-1024x891.jpg\" class=\"attachment-large size-large\" alt=\"\" srcset=\"https:\/\/alpilink.it\/wp-content\/uploads\/2024\/06\/Rezija4-1024x891.jpg 1024w, https:\/\/alpilink.it\/wp-content\/uploads\/2024\/06\/Rezija4-300x261.jpg 300w, https:\/\/alpilink.it\/wp-content\/uploads\/2024\/06\/Rezija4.jpg 1259w\" sizes=\"auto, (max-width: 1024px) 100vw, 1024px\" \/><\/div><\/div><\/div><\/div><div class=\"wpb_column vc_column_container\"><div class=\"vc_column-inner\"><div class=\"w-separator size_small\"><\/div><h2 class=\"w-text\"><span class=\"w-text-h\"><span class=\"w-text-value\">Resianisch<\/span><\/span><\/h2><div class=\"wpb_text_column\"><div class=\"wpb_wrapper\"><p><span style=\"font-weight: 400\">Resianisch geh\u00f6rt zu den durch das Staatsgesetz 482 von 1999 offiziell anerkannten slowenischen Minderheitssprachen Italiens. Aus Sicht der slowenischen Dialektologie bilden die lokalen Variet\u00e4ten des Resiatals die nordwestlichste Gruppe der K\u00fcstenland-Dialekte (<\/span><i><span style=\"font-weight: 400\">primor\u0161\u010dino nare\u010dje<\/span><\/i><span style=\"font-weight: 400\">) (vgl. SLA, S. 11-14). Im Unterschied zu den anderen slowenischen Variet\u00e4ten in Italien findet sie keine Fortsetzung in Slowenien oder \u00d6sterreich (vgl. \u0160ekli 2024, S. 219). Die Gemeinschaft des Resiatals beansprucht aber einen hohen Grad an Autonomie von Slowenien. Sowohl in der eigene Volkstradition als auch in der friulanische Kontaktkultur gibt es den Mythos einer russischen Abstammung (vgl. Dapit 2001). Als Ethnonym wird von Friulanern wie von der Gemeinschaft selbst <\/span><i><span style=\"font-weight: 400\">rose\u00e0ns<\/span><\/i><span style=\"font-weight: 400\"> &#8216;Resianer&#8217; verwendet, nicht etwa &#8216;Slowenen&#8217; und auch nicht &#8216;Slawen&#8217; (Dapit 2001, S. 309). Seit den 1990er Jahren wird im Auftrag der Gemeindeverwaltung Resia eine Orthographie und eine normativ-didaktischer Grammatik als Ausdruck einer resianischen Standardsprache entwickelt (verschiedene Publikationen, siehe unten; nach Angaben des Projektverantwortlichen Han Steenwijk ist das Projekt seit 2020 aus politischen Gr\u00fcnden blockiert).<\/span><\/p>\n<div><\/div>\n<div><\/div>\n<div><\/div>\n<\/div><\/div><\/div><\/div><\/div><\/div><\/section><section class=\"l-section wpb_row height_auto\"><div class=\"l-section-h i-cf\"><div class=\"g-cols vc_row via_grid cols_1 laptops-cols_inherit tablets-cols_inherit mobiles-cols_1 valign_top type_default stacking_default\"><div class=\"wpb_column vc_column_container\"><div class=\"vc_column-inner\"><div class=\"wpb_text_column\"><div class=\"wpb_wrapper\"><p><span style=\"font-weight: 400\">Die lokalen Variet\u00e4ten werden noch von ca. 1300 Personen verwendet (Dapit 2001, S. 312). Die slowenische Standardsprache hat im Resiatal keine Funktionsdom\u00e4nen. Im Unterschied zu den vor dem Ersten Weltkrieg zu \u00d6sterreich geh\u00f6rigen Gebieten (v.a. die Provinzen G\u00f6rz und Triest) gibt es weder eine zweisprachige italienisch-slowenische Schule, noch wird in der \u00f6ffentlichen Schule Slowenisch als Fremdsprache unterrichtet (vgl. \u0160ekli 2024, S. 222-223).<\/span><\/p>\n<p><em><span style=\"font-weight: 400\">Literaturhinweise<\/span><\/em><\/p>\n<ul>\n<li><span style=\"font-weight: 400\">Dapit, Roberto (2001): <\/span><a href=\"https:\/\/hdl.handle.net\/11390\/670640\"><span style=\"font-weight: 400\">Identit\u00e0 resiana fra mito e ideologia: gli effetti sulla lingua<\/span><\/a><span style=\"font-weight: 400\">. In: Slavica Tergestina 9, 301-319.<\/span><\/li>\n<li>\u0160ekli, Matej (2024): <a href=\"https:\/\/bop.unibe.ch\/linguistik-online\/article\/view\/11156\">Lo sloveno<\/a>. In: Linguistik online 130\/6, 211-233.<\/li>\n<\/ul>\n<p><strong>Zur Vertiefung<\/strong><\/p>\n<ul>\n<li><span style=\"font-weight: 400\">SLA = \u0160ko\ufb01c, Jo\u017eica (Hrsg.) (2011). <\/span><a href=\"https:\/\/isjfr.zrc-sazu.si\/sl\/publikacije\/slovenski-lingvisticni-atlas-1\"><span style=\"font-weight: 400\">Slovenski lingvisti\u010dni atlas 1: \u010clovek (telo, bolezni, dru\u017eina)<\/span><\/a><span style=\"font-weight: 400\">.\u00a0<\/span><span style=\"font-weight: 400\">Ljubljana: Zalo\u017eba ZRC.<\/span><\/li>\n<li><span style=\"font-weight: 400\">Steenwijk, Han (1999): Grammatica pratica resiana : il sostantivo. Padua: CLEUP.<\/span><\/li>\n<li><span style=\"font-weight: 400\">Steenwijk, Han (2012): Ortografia resiana \/ T\u00f6 jost rozajansk\u00eb p\u00efsanj\u00eb. 2. Ausgabe. Padua: CLEUP.<\/span><\/li>\n<\/ul>\n<p><strong>Webseiten der resianischen Gemeinschaft<\/strong><\/p>\n<ul>\n<li><a href=\"https:\/\/rezija.com\/de\/circolo-culturale-resiano-rozajanski-dum\/chi-siamo\/\"><span style=\"font-weight: 400\">Kulturverein &#8220;Rozajanski dum&#8221;<\/span><\/a><\/li>\n<li><a href=\"https:\/\/www.istituto-cultura-resiana.it\/contatti\/\">Istituto di Cultura e Lingua Resiana<\/a><\/li>\n<\/ul>\n<div><\/div>\n<div><\/div>\n<div><\/div>\n<\/div><\/div><div class=\"w-separator size_small\"><\/div><div class=\"w-btn-wrapper align_center\"><a class=\"w-btn us-btn-style_1\" title=\"Le nostre variet\u00e0\" href=\"https:\/\/alpilink.it\/de\/le-nostre-varieta\/\"><span class=\"w-btn-label\">Entdecken Sie die anderen Variet\u00e4ten<\/span><\/a><\/div><div class=\"w-separator size_small\"><\/div><\/div><\/div><\/div><\/div><\/section>\n","protected":false},"excerpt":{"rendered":"ResianischResianisch geh\u00f6rt zu den durch das Staatsgesetz 482 von 1999 offiziell anerkannten slowenischen Minderheitssprachen Italiens. Aus Sicht der slowenischen Dialektologie bilden die lokalen Variet\u00e4ten des Resiatals die nordwestlichste Gruppe der K\u00fcstenland-Dialekte (primor\u0161\u010dino nare\u010dje) (vgl. SLA, S. 11-14). Im Unterschied zu den anderen slowenischen Variet\u00e4ten in Italien findet sie keine Fortsetzung in Slowenien oder \u00d6sterreich (vgl....","protected":false},"author":13,"featured_media":0,"parent":0,"menu_order":0,"comment_status":"closed","ping_status":"closed","template":"","meta":{"footnotes":""},"class_list":["post-4674","page","type-page","status-publish","hentry"],"_links":{"self":[{"href":"https:\/\/alpilink.it\/de\/wp-json\/wp\/v2\/pages\/4674","targetHints":{"allow":["GET"]}}],"collection":[{"href":"https:\/\/alpilink.it\/de\/wp-json\/wp\/v2\/pages"}],"about":[{"href":"https:\/\/alpilink.it\/de\/wp-json\/wp\/v2\/types\/page"}],"author":[{"embeddable":true,"href":"https:\/\/alpilink.it\/de\/wp-json\/wp\/v2\/users\/13"}],"replies":[{"embeddable":true,"href":"https:\/\/alpilink.it\/de\/wp-json\/wp\/v2\/comments?post=4674"}],"version-history":[{"count":14,"href":"https:\/\/alpilink.it\/de\/wp-json\/wp\/v2\/pages\/4674\/revisions"}],"predecessor-version":[{"id":5342,"href":"https:\/\/alpilink.it\/de\/wp-json\/wp\/v2\/pages\/4674\/revisions\/5342"}],"wp:attachment":[{"href":"https:\/\/alpilink.it\/de\/wp-json\/wp\/v2\/media?parent=4674"}],"curies":[{"name":"wp","href":"https:\/\/api.w.org\/{rel}","templated":true}]}}