{"id":4623,"date":"2024-01-08T11:16:16","date_gmt":"2024-01-08T10:16:16","guid":{"rendered":"https:\/\/alpilink.it\/?page_id=4623"},"modified":"2024-06-11T11:45:05","modified_gmt":"2024-06-11T09:45:05","slug":"kanaltal-slowenisch","status":"publish","type":"page","link":"https:\/\/alpilink.it\/de\/kanaltal-slowenisch\/","title":{"rendered":"Kanaltal-Slowenisch"},"content":{"rendered":"<section class=\"l-section wpb_row height_medium\"><div class=\"l-section-h i-cf\"><div class=\"g-cols vc_row via_grid cols_2 laptops-cols_inherit tablets-cols_inherit mobiles-cols_1 valign_top type_default stacking_default\"><div class=\"wpb_column vc_column_container\"><div class=\"vc_column-inner\"><div class=\"w-image us_custom_447bff20 has_ratio align_none\"><div class=\"w-image-h\"><div style=\"padding-bottom:133.3333%\"><\/div><img loading=\"lazy\" decoding=\"async\" width=\"1024\" height=\"699\" src=\"https:\/\/alpilink.it\/wp-content\/uploads\/2024\/06\/1280px-Pontebba_panorama-1024x699.jpg\" class=\"attachment-large size-large\" alt=\"\" srcset=\"https:\/\/alpilink.it\/wp-content\/uploads\/2024\/06\/1280px-Pontebba_panorama-1024x699.jpg 1024w, https:\/\/alpilink.it\/wp-content\/uploads\/2024\/06\/1280px-Pontebba_panorama-300x205.jpg 300w, https:\/\/alpilink.it\/wp-content\/uploads\/2024\/06\/1280px-Pontebba_panorama.jpg 1280w\" sizes=\"auto, (max-width: 1024px) 100vw, 1024px\" \/><\/div><\/div><\/div><\/div><div class=\"wpb_column vc_column_container\"><div class=\"vc_column-inner\"><div class=\"w-separator size_small\"><\/div><h2 class=\"w-text\"><span class=\"w-text-h\"><span class=\"w-text-value\">Kanaltal-Slowenisch<\/span><\/span><\/h2><div class=\"wpb_text_column\"><div class=\"wpb_wrapper\"><p><span style=\"font-weight: 400\">Slowenisch geh\u00f6rt zu den durch das Staatsgesetz 482 von 1999 offiziell anerkannten Minderheitssprachen Italiens. Das n\u00f6rdlichste Gebiet des Slowenischen in Italien ist das viersprachige Kanaltal (slow. <\/span><i><span style=\"font-weight: 400\">Kanalska dolina<\/span><\/i><span style=\"font-weight: 400\">), wo Slowenisch zusammen mit Deutsch, Italienisch und Friulanisch Teil individueller Repertoires ist. Die alteingesessene slowenische Bev\u00f6lkerung ist wie diejenige der <\/span><a href=\"https:\/\/alpilink.it\/de\/kanaltal-deutsch\/\"><span style=\"font-weight: 400\">Kanaltal-Deutschen<\/span><\/a><span style=\"font-weight: 400\"> allerdings heute nur mehr eine kleine Minderheit. Nur noch ca. 300 Personen verwenden Dialekte des Slowenischen (Steinicke et al. 2019, S. 29), vor allem in den Ortschaften Uggowitz (Ukve) in der Gemeinde Malborgeth-Wolfsbach (Naborjet-Ov\u010dja vas) und Saifnitz (\u017dabnice) in der Gemeinde Tarvis (Trbi\u017e), weshalb auch nur diese beiden Gemeinden als offiziell slowenischsprachig gelten. Die Sprecher der lokalen Dialekte sind \u00fcber 70 Jahre alt. In den anderen Orten ist der Dialekt weitgehend aufgegeben worden, nach Steinecke et al. (2019, S. 17-19) bleibt aber eine &#8220;symbolische Ethnizit\u00e4t&#8221;, in der Brauchtum und lokale Traditionen in gewissem Ma\u00dfe gepflegt werden.<\/span><\/p>\n<div><\/div>\n<\/div><\/div><\/div><\/div><\/div><\/div><\/section><section class=\"l-section wpb_row height_auto\"><div class=\"l-section-h i-cf\"><div class=\"g-cols vc_row via_grid cols_1 laptops-cols_inherit tablets-cols_inherit mobiles-cols_1 valign_top type_default stacking_default\"><div class=\"wpb_column vc_column_container\"><div class=\"vc_column-inner\"><div class=\"wpb_text_column\"><div class=\"wpb_wrapper\"><p><span style=\"font-weight: 400\">Die lokalen Variet\u00e4ten im Kanaltal geh\u00f6ren aus Sicht der slowenischen Dialektologie zu den K\u00e4rntner Dialekten (<\/span><i><span style=\"font-weight: 400\">koro\u0161ko nare\u010dje<\/span><\/i><span style=\"font-weight: 400\">, vgl. SLA, S. 11-14), genauer gesagt zu den Gailtaler slowenischen Dialekten (<em>ziljsko nare\u010dje<\/em>), die auch die angrenzenden \u00f6sterreichischen und slowenischen Gebieten charakterisieren. \u0160ekli (2024, S. 223-225) liefert eine kompakte Beschreibung der linguistischen Merkmale dieser Dialekte. <\/span><span style=\"font-weight: 400\">Gerade zur Zeit des kommunistischen Jugoslawien identifizierten sich aber die Kanaltaler nicht mit Slowenien, sondern entwickelten eine &#8220;diffuse Ethnizit\u00e4t&#8221;, die sich vielleicht am besten in der Eigenbezeichnung <\/span><i><span style=\"font-weight: 400\">po na\u0161em<\/span><\/i><span style=\"font-weight: 400\"> ausdr\u00fcckt, was etwa &#8216;auf unsere Art&#8221; bedeutet und sehr den Eigenbezeichnungen in anderen Sprachinseln \u00e4hnelt, etwa dem <\/span><i><span style=\"font-weight: 400\">as be biar<\/span><\/i><span style=\"font-weight: 400\"> &#8216;so wie wir&#8217; der <\/span><a href=\"https:\/\/alpilink.it\/de\/cimbro\/\"><span style=\"font-weight: 400\">Zimbern<\/span><\/a><span style=\"font-weight: 400\">. Im Unterschied zur Situation im <a href=\"https:\/\/alpilink.it\/de\/resiano\/\">Resiatal<\/a> hatte das literarische oder Standardslowenische im Kanaltal allerdings immer gewissen Funktionsdom\u00e4nen, zum Beispiel in den Medien und, neuerdings, auch in der \u00f6ffentlichen Schule (vgl. \u0160ekli 2024, S. 227).<br \/>\n<\/span><\/p>\n<p><em>Literaturhinweise<\/em><\/p>\n<ul>\n<li><span style=\"font-weight: 400\">Steinicke, Ernst, Peter \u010cede &amp; Igor Jelen (2019): \u201e<\/span><a href=\"https:\/\/arts.units.it\/retrieve\/e2913fdd-6ed9-f688-e053-3705fe0a67e0\/200402%20MOeGG161_009-034_Steinecke_et%20al.pdf\"><span style=\"font-weight: 400\">Klein-Europa\u201c vor dem Verschwinden? Das Kanaltal hundert Jahre bei Italien<\/span><\/a><span style=\"font-weight: 400\">. In: Mitteilungen der \u00d6sterreichischen Geographischen Gesellschaft 161, 9\u201334.<\/span><\/li>\n<li>\u0160ekli, Matej (2024): <a href=\"https:\/\/bop.unibe.ch\/linguistik-online\/article\/view\/11156\">Lo sloveno<\/a>. In: Linguistik online 130\/6, 211-233.<\/li>\n<\/ul>\n<p><strong>Zur Vertiefung<\/strong><\/p>\n<ul>\n<li><span style=\"font-weight: 400\">SLA = \u0160ko\ufb01c, Jo\u017eica (Hrsg.). 2011. <\/span><a href=\"https:\/\/isjfr.zrc-sazu.si\/sl\/publikacije\/slovenski-lingvisticni-atlas-1\"><span style=\"font-weight: 400\">Slovenski lingvisti\u010dni atlas 1: \u010clovek (telo, bolezni, dru\u017eina)<\/span><\/a><span style=\"font-weight: 400\">. Ljubljana: Zalo\u017eba ZRC.\u00a0<\/span><\/li>\n<\/ul>\n<div><\/div>\n<div><\/div>\n<\/div><\/div><div class=\"w-separator size_small\"><\/div><div class=\"w-btn-wrapper align_center\"><a class=\"w-btn us-btn-style_1\" title=\"Unsere Variet\u00e4ten\" href=\"https:\/\/alpilink.it\/de\/le-nostre-varieta\/\"><span class=\"w-btn-label\">Entdecken Sie die anderen Variet\u00e4ten<\/span><\/a><\/div><div class=\"w-separator size_small\"><\/div><\/div><\/div><\/div><\/div><\/section><section class=\"l-section wpb_row height_medium\"><div class=\"l-section-h i-cf\"><div class=\"g-cols vc_row via_grid cols_1 laptops-cols_inherit tablets-cols_inherit mobiles-cols_1 valign_top type_default stacking_default\"><div class=\"wpb_column vc_column_container\"><div class=\"vc_column-inner\"><div class=\"wpb_text_column\"><div class=\"wpb_wrapper\"><div><\/div>\n<\/div><\/div><\/div><\/div><\/div><\/div><\/section>\n","protected":false},"excerpt":{"rendered":"Kanaltal-SlowenischSlowenisch geh\u00f6rt zu den durch das Staatsgesetz 482 von 1999 offiziell anerkannten Minderheitssprachen Italiens. Das n\u00f6rdlichste Gebiet des Slowenischen in Italien ist das viersprachige Kanaltal (slow. Kanalska dolina), wo Slowenisch zusammen mit Deutsch, Italienisch und Friulanisch Teil individueller Repertoires ist. Die alteingesessene slowenische Bev\u00f6lkerung ist wie diejenige der Kanaltal-Deutschen allerdings heute nur mehr eine kleine...","protected":false},"author":13,"featured_media":0,"parent":0,"menu_order":0,"comment_status":"closed","ping_status":"closed","template":"","meta":{"footnotes":""},"class_list":["post-4623","page","type-page","status-publish","hentry"],"_links":{"self":[{"href":"https:\/\/alpilink.it\/de\/wp-json\/wp\/v2\/pages\/4623","targetHints":{"allow":["GET"]}}],"collection":[{"href":"https:\/\/alpilink.it\/de\/wp-json\/wp\/v2\/pages"}],"about":[{"href":"https:\/\/alpilink.it\/de\/wp-json\/wp\/v2\/types\/page"}],"author":[{"embeddable":true,"href":"https:\/\/alpilink.it\/de\/wp-json\/wp\/v2\/users\/13"}],"replies":[{"embeddable":true,"href":"https:\/\/alpilink.it\/de\/wp-json\/wp\/v2\/comments?post=4623"}],"version-history":[{"count":11,"href":"https:\/\/alpilink.it\/de\/wp-json\/wp\/v2\/pages\/4623\/revisions"}],"predecessor-version":[{"id":5250,"href":"https:\/\/alpilink.it\/de\/wp-json\/wp\/v2\/pages\/4623\/revisions\/5250"}],"wp:attachment":[{"href":"https:\/\/alpilink.it\/de\/wp-json\/wp\/v2\/media?parent=4623"}],"curies":[{"name":"wp","href":"https:\/\/api.w.org\/{rel}","templated":true}]}}