{"id":4394,"date":"2023-12-08T14:26:14","date_gmt":"2023-12-08T13:26:14","guid":{"rendered":"https:\/\/alpilink.it\/?page_id=4394"},"modified":"2025-12-07T14:47:01","modified_gmt":"2025-12-07T13:47:01","slug":"timavese","status":"publish","type":"page","link":"https:\/\/alpilink.it\/de\/timavese\/","title":{"rendered":"Tischelwangerisch"},"content":{"rendered":"<section class=\"l-section wpb_row height_medium\"><div class=\"l-section-h i-cf\"><div class=\"g-cols vc_row via_grid cols_2 laptops-cols_inherit tablets-cols_inherit mobiles-cols_1 valign_top type_default stacking_default\"><div class=\"wpb_column vc_column_container\"><div class=\"vc_column-inner\"><div class=\"w-image us_custom_447bff20 has_ratio align_none\"><div class=\"w-image-h\"><div style=\"padding-bottom:133.3333%\"><\/div><img loading=\"lazy\" decoding=\"async\" width=\"1024\" height=\"768\" src=\"https:\/\/alpilink.it\/wp-content\/uploads\/2023\/12\/Timau-1024x768.jpg\" class=\"attachment-large size-large\" alt=\"\" srcset=\"https:\/\/alpilink.it\/wp-content\/uploads\/2023\/12\/Timau-1024x768.jpg 1024w, https:\/\/alpilink.it\/wp-content\/uploads\/2023\/12\/Timau-300x225.jpg 300w, https:\/\/alpilink.it\/wp-content\/uploads\/2023\/12\/Timau.jpg 1280w\" sizes=\"auto, (max-width: 1024px) 100vw, 1024px\" \/><\/div><\/div><\/div><\/div><div class=\"wpb_column vc_column_container\"><div class=\"vc_column-inner\"><div class=\"w-separator size_small\"><\/div><h2 class=\"w-text\"><span class=\"w-text-h\"><span class=\"w-text-value\">Tischelwangerisch<\/span><\/span><\/h2><div class=\"wpb_text_column\"><div class=\"wpb_wrapper\"><p><span style=\"font-weight: 400;\">Tischelwang (Eigenbezeichnung:<\/span><i><span style=\"font-weight: 400;\"> Tischlbong<\/span><\/i><span style=\"font-weight: 400;\">) liegt auf 820 m H\u00f6he im Nordosten Italiens an der Grenze zu \u00d6sterreich. Bergleute aus dem K\u00e4rntner Gailtal und vom Wei\u00dfensee sollen sich der m\u00fcndlichen \u00dcberlieferung zufolge vor dem Ende des 13. Jahrhunderts dort niedergelassen haben \u2013 unweit der alten R\u00f6merstra\u00dfe Via Julia Augusta, die von Aquileia nach Norden f\u00fchrte und Karnien und K\u00e4rnten verband. Sprachgeschichtliche \u00dcberlegungen und Hinweise aus der Ortsnamenforschung sprechen f\u00fcr diese Datierung. <\/span><span style=\"font-weight: 400;\">Die ersten schriftlichen Urkunden, die den Namen Tischelwang in der deutschen Form <\/span><i><span style=\"font-weight: 400;\">Teschilbang<\/span><\/i><span style=\"font-weight: 400;\"> und <\/span><i><span style=\"font-weight: 400;\">Teschelwanch<\/span><\/i><span style=\"font-weight: 400;\"> enthalten, stammen aus den Jahren 1342 und 1375.\u00a0<\/span><\/p>\n<p><span style=\"font-weight: 400;\">Tischelwang geh\u00f6rt seit Beginn des 19. Jahrhunderts zu der in der heutigen Provinz Udine gelegenen, gr\u00f6\u00dferen Gemeinde Paluzza in der autonomen Region Friaul Julisch Venetien und z\u00e4hlt heute nur noch etwas mehr als 400 Einwohner.\u00a0<\/span><\/p>\n<\/div><\/div><\/div><\/div><\/div><\/div><\/section><section class=\"l-section wpb_row height_auto\"><div class=\"l-section-h i-cf\"><div class=\"g-cols vc_row via_grid cols_1 laptops-cols_inherit tablets-cols_inherit mobiles-cols_1 valign_top type_default stacking_default\"><div class=\"wpb_column vc_column_container\"><div class=\"vc_column-inner\"><div class=\"wpb_text_column\"><div class=\"wpb_wrapper\"><p><span style=\"font-weight: 400;\">Die dort gesprochene historische Minderheitensprache, das <i>Tischlbongerische<\/i>, beruht auf dem S\u00fcdbairischen in einer K\u00e4rntner Auspr\u00e4gung und war bis in die 50er Jahre des vergangenen Jahrhunderts in der Sprechergemeinschaft das wichtigste Kommunikationsmittel. Im Laufe der Zeit hat sich das sprachliche Repertoire der Sprecher um die Sprachen Italienisch und Friulanisch erweitert, die als Staatssprache bzw. regional anerkannte Amtssprache die Verwendung des <em>Tischlbongerischen<\/em> zur\u00fcckgedr\u00e4ngt haben. Heute liegen nur noch in der \u00e4lteren und erwachsenen Generation Sprachkenntnisse in allen drei Sprachen vor, die j\u00fcngere Generation beherrscht die s\u00fcdbairische Mundart kaum noch.\u00a0<\/span><\/p>\n<p><span style=\"font-weight: 400;\">Auch die historische Sprachminderheit in Tischelwang f\u00e4llt \u2013 wie die anderen deutschbasierten Sprachinseln in der autonomen Region Friaul Julisch Venetien \u2013 unter den Schutz des Staatsgesetzes 482 aus dem Jahr 1999. Seit vielen Jahren zeugen verschiedene Projekte zur F\u00f6rderung der Minderheitensprache von dem Bem\u00fchen, das mit der Sprache verbundene kulturelle Erbe zu erhalten, das \u00fcber Jahrhunderte hinweg auch eine wichtige identit\u00e4tsstiftende Rolle ausge\u00fcbt hat. Kulturelle Initiativen (verschiedene Folkloregruppen und Kulturvereine, der Chor \u201eTeresina Unfer\u201c sowie Schulprojekte und Publikationen) sollen dabei helfen, das Tischlbongerische zu erhalten, eventuell als Sprache der Privatsph\u00e4re, zumindest aber als Identifikations- bzw. Symbolsprache.\u00a0\u00a0<\/span><\/p>\n<p><strong>Zur Vertiefung<\/strong><\/p>\n<ul>\n<li><span style=\"font-weight: 400;\">Baum, Wilhelm (1983): Deutsche Sprachinseln in Friaul. Klagenfurt: Carinthia Verlag.<\/span><\/li>\n<li><span style=\"font-weight: 400;\">Cattarin, Francesca (2009):Tischlbongarisch learnan. Udine: Consorzio Universitario del Friuli.<\/span><\/li>\n<li><span style=\"font-weight: 400;\">De Franceschi, Cristina (1990): L\u2019elemento friulano nel dialetto tedesco di Timau, Tesi di laurea, Universit\u00e0 degli Studi di Udine.<\/span><\/li>\n<li><span style=\"font-weight: 400;\">Einheitskomitee der historischen deutschen Sprachinseln in Italien (Hrsg.) (2022): <a href=\"http:\/\/www.isolelinguistiche.it\/de\/die-deutschen-sprachinseln-im-aufbluehen.html\">Die deutschen Sprachinseln im Aufbl\u00fchen<\/a>. Sprachinselkomitee 2001-2021. Bozen: Athesia.<\/span><\/li>\n<li><span style=\"font-weight: 400;\">Francescato, Giuseppe &amp; Paola Solari Francescato (2012): Timau. Tre lingue per un paese. Riedizione a cura di Vincenzo Orioles. Galatina: Congedo Editore.<\/span><\/li>\n<li><span style=\"font-weight: 400;\">Geyer, Ingeborg (2018): Wortschatzentwicklung in den Sprachinseln Sappada\/Pladen, Sauris\/Zahre und Timau\/Tischelwang im historischen Friaul. <a href=\"https:\/\/alpilink.it\/wp-content\/uploads\/2024\/05\/GL_239-240_E-Book.pdf\"><em>Germanistische Linguistik<\/em> 239-240<\/a>, 325\u2013343.<br \/>\n<\/span><\/li>\n<li><span style=\"font-weight: 400;\">Geyer, Ingeborg (1984): Die deutsche Mundart von Tischelwang in Karnien. Wien: VWG\u00d6.<\/span><\/li>\n<li><span style=\"font-weight: 400;\">Geyer, Ingeborg, Marco Angster &amp; Marcella Benedetti (Hrsg.) (2014): Wortschatz aus den deutschen Sprachinseln in Italien. Lusern: Einheitskomitee der historischen deutschen Sprachinseln in Italien.<\/span><\/li>\n<li><span style=\"font-weight: 400;\">Geyer, Ingeborg &amp; Anna Gasser (2002): Vocabolario Timavese \u2013 Bartarpuach va Tischlbong \u2013 W\u00f6rterbuch der deutschen Mundart von Tischelwang\/Timau. Vienna: Praesens.\u00a0<\/span><\/li>\n<li><span style=\"font-weight: 400;\">Heller, Karin, Luis Thomas Prader &amp; Christian Prezzi (Hrsg.) (2006):\u00a0<a href=\"https:\/\/www.isolelinguistiche.it\/files\/Sprachinseln\/Publikationen\/LebendigeSprachinseln\/Lebendige-Sprachinseln-dt-it.pdf\">Lebendige Sprachinseln<\/a>. 2. Auflage. Bozen: Athesia.\u00a0<\/span><\/li>\n<li><span style=\"font-weight: 400;\">Wurzer, Bernhard (1973): Die deutschen Sprachinseln in Oberitalien, Bozen: Athesia.<\/span><\/li>\n<\/ul>\n<p><strong>Weitere Internet-Ressourcen<\/strong><\/p>\n<ul>\n<li><a href=\"https:\/\/archiviotimavese.uniud.it\/\">Digital-archif van der tischlbong sproche<\/a><\/li>\n<li><a href=\"https:\/\/www.taicinvriaul.org\/timau\/ted\/pubblicazioni\/asou-geats.html\">Digitales Archiv der Zeitschrift <em>asou geats&#8230;<\/em><\/a><\/li>\n<\/ul>\n<\/div><\/div><div class=\"w-separator size_small\"><\/div><div class=\"w-btn-wrapper align_center\"><a class=\"w-btn us-btn-style_1\" title=\"Le nostre variet\u00e0\" href=\"https:\/\/alpilink.it\/de\/le-nostre-varieta\/\"><span class=\"w-btn-label\">Entdecken Sie die anderen Variet\u00e4ten<\/span><\/a><\/div><div class=\"w-separator size_small\"><\/div><\/div><\/div><\/div><\/div><\/section>\n","protected":false},"excerpt":{"rendered":"TischelwangerischTischelwang (Eigenbezeichnung: Tischlbong) liegt auf 820 m H\u00f6he im Nordosten Italiens an der Grenze zu \u00d6sterreich. Bergleute aus dem K\u00e4rntner Gailtal und vom Wei\u00dfensee sollen sich der m\u00fcndlichen \u00dcberlieferung zufolge vor dem Ende des 13. Jahrhunderts dort niedergelassen haben \u2013 unweit der alten R\u00f6merstra\u00dfe Via Julia Augusta, die von Aquileia nach Norden f\u00fchrte und Karnien...","protected":false},"author":1,"featured_media":0,"parent":0,"menu_order":0,"comment_status":"closed","ping_status":"closed","template":"","meta":{"footnotes":""},"class_list":["post-4394","page","type-page","status-publish","hentry"],"_links":{"self":[{"href":"https:\/\/alpilink.it\/de\/wp-json\/wp\/v2\/pages\/4394","targetHints":{"allow":["GET"]}}],"collection":[{"href":"https:\/\/alpilink.it\/de\/wp-json\/wp\/v2\/pages"}],"about":[{"href":"https:\/\/alpilink.it\/de\/wp-json\/wp\/v2\/types\/page"}],"author":[{"embeddable":true,"href":"https:\/\/alpilink.it\/de\/wp-json\/wp\/v2\/users\/1"}],"replies":[{"embeddable":true,"href":"https:\/\/alpilink.it\/de\/wp-json\/wp\/v2\/comments?post=4394"}],"version-history":[{"count":21,"href":"https:\/\/alpilink.it\/de\/wp-json\/wp\/v2\/pages\/4394\/revisions"}],"predecessor-version":[{"id":7180,"href":"https:\/\/alpilink.it\/de\/wp-json\/wp\/v2\/pages\/4394\/revisions\/7180"}],"wp:attachment":[{"href":"https:\/\/alpilink.it\/de\/wp-json\/wp\/v2\/media?parent=4394"}],"curies":[{"name":"wp","href":"https:\/\/api.w.org\/{rel}","templated":true}]}}