{"id":3529,"date":"2023-05-24T11:02:02","date_gmt":"2023-05-24T09:02:02","guid":{"rendered":"https:\/\/sites.dlls.univr.it\/alpilink\/linguistic-landscape\/"},"modified":"2025-07-09T18:15:48","modified_gmt":"2025-07-09T16:15:48","slug":"linguistic-landscape","status":"publish","type":"page","link":"https:\/\/alpilink.it\/de\/linguistic-landscape\/","title":{"rendered":"Linguistic Landscape"},"content":{"rendered":"<section class=\"l-section wpb_row height_medium\" id=\"projects\"><div class=\"l-section-overlay\" style=\"background:#f5f5f5\"><\/div><div class=\"l-section-h i-cf\"><div class=\"g-cols vc_row via_grid cols_5-1 laptops-cols_inherit tablets-cols_inherit mobiles-cols_1 valign_top type_default stacking_default\"><div class=\"wpb_column vc_column_container\"><div class=\"vc_column-inner\"><h2 class=\"w-text us_custom_87960748 has_text_color\"><span class=\"w-text-h\"><span class=\"w-text-value\">Linguistic landscape<\/span><\/span><\/h2><h5 class=\"w-text us_custom_4048c33e has_text_color\"><span class=\"w-text-h\"><span class=\"w-text-value\">Geschriebene Sprache im \u00f6ffentlichen Raum<\/span><\/span><\/h5><\/div><\/div><div class=\"wpb_column vc_column_container\"><div class=\"vc_column-inner\"><div class=\"w-image has_ratio align_none\"><div class=\"w-image-h\"><div style=\"padding-bottom:100%\"><\/div><img loading=\"lazy\" decoding=\"async\" width=\"512\" height=\"512\" src=\"https:\/\/alpilink.it\/wp-content\/uploads\/2023\/06\/camera.png\" class=\"attachment-large size-large\" alt=\"\" srcset=\"https:\/\/alpilink.it\/wp-content\/uploads\/2023\/06\/camera.png 512w, https:\/\/alpilink.it\/wp-content\/uploads\/2023\/06\/camera-300x300.png 300w, https:\/\/alpilink.it\/wp-content\/uploads\/2023\/06\/camera-150x150.png 150w\" sizes=\"auto, (max-width: 512px) 100vw, 512px\" \/><\/div><\/div><\/div><\/div><\/div><\/div><\/section><section class=\"l-section wpb_row height_small\"><div class=\"l-section-h i-cf\"><div class=\"g-cols vc_row via_grid cols_2-1 laptops-cols_inherit tablets-cols_inherit mobiles-cols_1 valign_top type_default stacking_default\"><div class=\"wpb_column vc_column_container\"><div class=\"vc_column-inner\"><div class=\"wpb_text_column\"><div class=\"wpb_wrapper\"><h3><strong>Was bedeutet<em> linguistic landscape<\/em>?<\/strong><\/h3>\n<p>Der \u00f6ffentliche Raum, durch den wir uns t\u00e4glich bewegen und in dem wir handeln, ist voll von sprachlichen Zeichen: das Stra\u00dfenschild an der Ecke, die Angabe zu den Parkgeb\u00fchren, der Aushang an der Bushaltestelle, der Werbung f\u00fcr die Neuer\u00f6fffnung des Caf\u00e9s am Ende der Stra\u00dfe macht, das Graffiti am Garagentor mit einem Slogan gegen die Regierung. All das sind Beispiele f\u00fcr die visuelle Repr\u00e4sentation von Sprache im \u00f6ffentlichen Raum, und die Gesamtheit dieser Repr\u00e4sentationen schafft die &#8220;sprachliche Landschaft&#8221; &#8211; <em>linguistic landscape<\/em>. Das Ziel der Erforschung der sprachlichen Landschaft ist es, diese Repr\u00e4sentationen zu dokumentieren und zu analysieren und dadurch zu verstehen, wie verschiedene Sprachen, offizielle Sprachpolitik und der konkrete Gebrauch der Sprachen im \u00f6ffentlichen Raum miteinander interagieren. Im Kontext von AlpiLinK sind wir besonders an den <em>linguistic landscapes<\/em> der Regionen Norditaliens interessiert. Daher wollen wir hier so viel im \u00f6ffentlichen Raum geschriebene Sprache wie m\u00f6glich dokumentieren.<\/p>\n<\/div><\/div><\/div><\/div><div class=\"wpb_column vc_column_container\"><div class=\"vc_column-inner\"><div class=\"w-image align_center\"><div class=\"w-image-h\"><img loading=\"lazy\" decoding=\"async\" width=\"1024\" height=\"768\" src=\"https:\/\/alpilink.it\/wp-content\/uploads\/2024\/06\/IMG_20230708_135024-1024x768.jpg\" class=\"attachment-large size-large\" alt=\"\" srcset=\"https:\/\/alpilink.it\/wp-content\/uploads\/2024\/06\/IMG_20230708_135024-1024x768.jpg 1024w, https:\/\/alpilink.it\/wp-content\/uploads\/2024\/06\/IMG_20230708_135024-300x225.jpg 300w, https:\/\/alpilink.it\/wp-content\/uploads\/2024\/06\/IMG_20230708_135024-scaled.jpg 2040w\" sizes=\"auto, (max-width: 1024px) 100vw, 1024px\" \/><\/div><\/div><div class=\"wpb_text_column us_custom_72d5d8ae\"><div class=\"wpb_wrapper\"><p style=\"text-align: center;\"><em>Abb. 1: Zweisprachiges Schild (Italienisch\/Zimbrisch) am Ortsausgang von Giazza\/Ljetzan (Provinz Verona, Venetien)<\/em><\/p>\n<div><\/div>\n<\/div><\/div><\/div><\/div><\/div><\/div><\/section><section class=\"l-section wpb_row height_auto\"><div class=\"l-section-h i-cf\"><div class=\"g-cols vc_row via_grid cols_1 laptops-cols_inherit tablets-cols_inherit mobiles-cols_1 valign_top type_default stacking_default\"><div class=\"wpb_column vc_column_container\"><div class=\"vc_column-inner\"><div class=\"wpb_text_column\"><div class=\"wpb_wrapper\"><p>Sie k\u00f6nnen uns helfen, indem Sie uns Ihre eigenen Photos zur Verf\u00fcgung stellen. Sie m\u00fcssen dazu die Photos einfach \u00fcber das untenstehende Formular hochladen und den Ort angeben, an dem das Photo gemacht worden ist (je genauer, desto besser, gerne auch mit den geographischen Koordinaten, wenn Sie sie zum Beispiel \u00fcber Ihr Mobiltelephon zur Verf\u00fcgung haben). Wenn Sie wollen, k\u00f6nnen Sie Kommentare hinzuf\u00fcgen (zu den Sprachen, den Urhebern der Schriften etc.), danach einfach &#8220;Submit&#8221; klicken. Sie k\u00f6nnen so viele Photos hochladen, wie Sie wollen. Uns ist jedes Photo willkommen, das geschriebene Sprache im \u00f6ffentlichen Raum der Regionen Norditaliens abbildet (jede Sprache, sowohl einsprachige als auch mehrsprachige Schriftzeugnisse), weil jedes Photo dazu beitr\u00e4gt, die Dynamik des Gebrauchs der geschriebenen Sprache und die Pr\u00e4senz der Sprachen im \u00f6ffentlichen Raum besser zu verstehen. Zur Inspiration finden Sie noch zwei Beispiele weiter unten auf dieser Seite.<\/p>\n<\/div><\/div><div class=\"w-separator size_small\"><\/div><h3 class=\"w-text us_custom_9de87d4e\"><span class=\"w-text-h\"><span class=\"w-text-value\">Photo hochladen<\/span><\/span><\/h3><form class=\"w-form  layout_ver for_cform us_form_1\" autocomplete=\"off\" action=\"https:\/\/alpilink.it\/de\/wp-json\/wp\/v2\/pages\/3529\" method=\"post\" enctype=\"multipart\/form-data\"><div class=\"w-form-h\"><div class=\"w-form-row for_file has_label required\">\r\n\t\t\t<div class=\"w-form-row-label\">\r\n\t\t\t<span>Datei hochladen *<\/span>\r\n\t\t<\/div>\r\n\t\t<div class=\"w-form-row-field\">\r\n\t\t\t\t\t\t<input aria-label=\"Datei hochladen\" type=\"file\" name=\"us_form_1_file_1\" accept=\"image\/*,pdf\" data-std=\"10MB\" data-max_size=\"10\" data-required=\"true\" aria-required=\"true\"\/>\r\n\t\t\t<\/div>\r\n\t\t<div class=\"w-form-row-state\">Bitte f\u00fcllen Sie dieses Feld aus.<\/div>\r\n<\/div>\r\n<div class=\"w-form-row for_text has_label required\">\r\n\t\t\t<div class=\"w-form-row-label\">\r\n\t\t\t<span>Wo ist das Photo gemacht worden? Bitte geben Sie die geographischen Koordinaten oder die genaue Adresse an (Gemeinde, Stra\u00dfe, Hausnummer). Ohne diese Angaben kann das Photo nicht hochgeladen werden. *<\/span>\r\n\t\t<\/div>\r\n\t\t<div class=\"w-form-row-field\">\r\n\t\t\t\t\t\t<input aria-label=\"Wo ist das Photo gemacht worden? Bitte geben Sie die geographischen Koordinaten oder die genaue Adresse an (Gemeinde, Stra\u00dfe, Hausnummer). Ohne diese Angaben kann das Photo nicht hochgeladen werden.\" type=\"text\" name=\"us_form_1_text_1\" value placeholder=\"Ort (geographische Koordinaten oder Adresse)\" data-required=\"true\" aria-required=\"true\"\/>\r\n\t\t\t<\/div>\r\n\t\t\t<div class=\"w-form-row-description\">\r\n\t\t\tBeispiel: 45.43841645957216, 11.004091173989142 oder Via dell'Artigliere 8 - Verona (VR)\t\t<\/div>\r\n\t\t<div class=\"w-form-row-state\">Bitte f\u00fcllen Sie dieses Feld aus.<\/div>\r\n<\/div>\r\n<div class=\"w-form-row for_textarea has_label\">\r\n\t\t\t<div class=\"w-form-row-label\">\r\n\t\t\t<span>Schreiben Sie etwas \u00fcber das Photo (freiwillig)<\/span>\r\n\t\t<\/div>\r\n\t\t<div class=\"w-form-row-field\">\r\n\t\t\t\t\t\t<textarea aria-label=\"Schreiben Sie etwas \u00fcber das Photo (freiwillig)\" name=\"us_form_1_textarea_1\" placeholder=\"Zum Beispiel: Welche Sprachen sind auf dem Schild abgebildet, wer hat es aufgestellt, was ist der Zweck des Schilds?\"><\/textarea>\r\n\t\t\t<\/div>\r\n\t\t<div class=\"w-form-row-state\">Bitte f\u00fcllen Sie dieses Feld aus.<\/div>\r\n<\/div>\r\n<input type=\"hidden\" name=\"action\" value=\"us_ajax_cform\" \/>\r\n<input type=\"hidden\" name=\"post_id\" value=\"0\" \/>\r\n<input type=\"hidden\" name=\"form_index\" value=\"1\" \/>\r\n<div class=\"w-form-row for_submit  align_none\">\r\n\t<button class=\"w-btn  us-btn-style_1\" aria-label=\"Submit\" type=\"submit\">\r\n\t\t<span class=\"g-preloader type_1\"><\/span>\r\n\t\t\t\t<span class=\"w-btn-label\">Submit<\/span>\r\n\t\t\t<\/button>\r\n\t<\/div>\r\n<\/div><div class=\"w-form-message\"><\/div><div class=\"w-form-json hidden\" onclick='return {&quot;ajaxurl&quot;:&quot;https:\\\/\\\/alpilink.it\\\/wp-admin\\\/admin-ajax.php&quot;,&quot;messages&quot;:{&quot;err_empty&quot;:&quot;Bitte f\\u00fcllen Sie dieses Feld aus.&quot;,&quot;err_size&quot;:&quot;Die Dateigr\\u00f6\\u00dfe darf %s MB nicht \\u00fcberschreiten&quot;,&quot;err_extension&quot;:&quot;Dateityp %s ist nicht zul\\u00e4ssig&quot;}}'><\/div><\/form><div class=\"w-separator size_small\"><\/div><div class=\"wpb_text_column us_custom_054b0a5e\"><div class=\"wpb_wrapper\"><p>Die hochgeladenen Photos werden von uns auf ihre Eignung \u00fcberpr\u00fcft (nur geschriebene Sprache im \u00f6ffentlichen Raum, d.h., keine Photos von Personen oder Photos aus dem privaten Raum) und dann der Datenbank des <a href=\"https:\/\/lingscape.uni.lu\/\">Lingscape<\/a>-Projekts (Purschke &amp; Gilles 2016 ff.) hinzugef\u00fcgt. Alle Photos werden \u00f6ffentlich \u00fcber die unten stehende Karte sowohl auf AlpiLinK als auch auf Lingscape zug\u00e4nglich sein. Sie k\u00f6nnen aber jederzeit die L\u00f6schung von Photos veranlassen, indem Sie das von Lingscape vorgesehene Verfahren anwenden. Durch das Klicken von &#8220;Senden&#8221; erkl\u00e4ren Sie sich mit den <a href=\"https:\/\/lingscape-app.uni.lu\/mobile\/en\/terms.html\"><strong>Nutzungsbedingungen<\/strong><\/a> des Lingscape-Projekts einverstanden.<\/p>\n<\/div><\/div><div class=\"w-separator size_small\"><\/div><h3 class=\"w-text us_custom_9de87d4e\"><span class=\"w-text-h\"><span class=\"w-text-value\">Karte<\/span><\/span><\/h3><div class=\"wpb_text_column\"><div class=\"wpb_wrapper\">\n<!-- iframe plugin v.6.0 wordpress.org\/plugins\/iframe\/ -->\n<iframe loading=\"lazy\" src=\"https:\/\/pinea.app.carto.com\/map\/10d86d95-e455-4d2f-beb8-3a63222d420d\" style=\"border: 3px solid green;\" width=\"100%\" height=\"500\" scrolling=\"yes\" class=\"iframe-class\" frameborder=\"0\"><\/iframe>\n\n<\/div><\/div><\/div><\/div><\/div><\/div><\/section><section class=\"l-section wpb_row height_medium\"><div class=\"l-section-h i-cf\"><div class=\"g-cols vc_row via_grid cols_2-1 laptops-cols_inherit tablets-cols_inherit mobiles-cols_1 valign_top type_default stacking_default\"><div class=\"wpb_column vc_column_container\"><div class=\"vc_column-inner\"><h5 class=\"w-text us_custom_aa553ba9\"><span class=\"w-text-h\"><span class=\"w-text-value\">Beispiele<\/span><\/span><\/h5><div class=\"wpb_text_column\"><div class=\"wpb_wrapper\"><p>Geschriebene Sprache ist im \u00f6ffentliche Raum in vielerlei Form pr\u00e4sent: Stra\u00dfenschilder, Werbeplakate, Graffitis, \u00f6ffentliche Aush\u00e4nge, Namen von Gesch\u00e4ften, Aufkleber, Gedenktafeln etc. Die Schriften k\u00f6nnen einsprachig oder mehrsprachig sein, autorisiert oder illegal, sie k\u00f6nnen Regeln und Verbote mitteilen oder gerade Protest gegen staatliche oder gesellschaftliche Regeln ausdr\u00fccken.<\/p>\n<p>Mehrsprachige Zeichen (wie in Abb. 2) k\u00f6nnen \u00dcbersetzungen oder Code-Switching zur Vermittlung von Zusatzinformationen innerhalb des Schriftzeugnisses enthalten. Au\u00dferdem k\u00f6nnen sie die lokale Hierarchie von Sprachen verdeutlichen. Die Art, in der Sprachen auf einem Schild verwendet werden, kann explizite (d.h. graphisch ausgedr\u00fcckte) oder implizite soziale Dominanz anzeigen: Dominante Sprachen nehmen in der Regel mehr Raum auf dem Schild in Anspruch oder sie sind in anderer Weise auff\u00e4lliger, zum Beispiel durch Schrifttyp oder Farbe. Manche Schriften sind dialogisch, d.h., sie reagieren auf andere Schriften, kommentieren oder korrigieren sie (Purschke &amp; Gilles 2016 ff.). Zum Beispiel dr\u00fcckt die (nicht autorisierte) Korrektur der Schreibung auf dem Stra\u00dfenschild in Abb. 3 die Ablehnung der offiziellen (aber nicht venezianischen) Schreibung aus.<\/p>\n<p><em>Zur Vertiefung<\/em><\/p>\n<ul>\n<li>Purschke, Christoph &amp; Gilles, Peter (2016 ff.): <em>Lingscape \u2013\u00a0Citizen science meets linguistic landscaping.<\/em> Esch-sur-Alzette: Universit\u00e4t Luxemburg. <a href=\"https:\/\/lingscape.uni.lu\">https:\/\/lingscape.uni.lu<\/a>.<\/li>\n<\/ul>\n<\/div><\/div><\/div><\/div><div class=\"wpb_column vc_column_container\"><div class=\"vc_column-inner\"><div class=\"w-image align_none\"><div class=\"w-image-h\"><img loading=\"lazy\" decoding=\"async\" width=\"483\" height=\"392\" src=\"https:\/\/alpilink.it\/wp-content\/uploads\/2024\/06\/Trilingual_road_sign_in_Val_Gardena-e1718195925906.jpg\" class=\"attachment-large size-large\" alt=\"\" srcset=\"https:\/\/alpilink.it\/wp-content\/uploads\/2024\/06\/Trilingual_road_sign_in_Val_Gardena-e1718195925906.jpg 483w, https:\/\/alpilink.it\/wp-content\/uploads\/2024\/06\/Trilingual_road_sign_in_Val_Gardena-e1718195925906-300x243.jpg 300w\" sizes=\"auto, (max-width: 483px) 100vw, 483px\" \/><\/div><\/div><div class=\"wpb_text_column us_custom_72d5d8ae\"><div class=\"wpb_wrapper\"><p style=\"text-align: center;\"><em>Abb. 2: Dreisprachiges Stra\u00dfenschild (Ladinisch\/Italienisch\/Deutsch) in Gr\u00f6den (Provinz Bozen, Bozen-S\u00fcdtirol)<\/em><\/p>\n<div><\/div>\n<\/div><\/div><div class=\"w-separator size_small\"><\/div><div class=\"w-image align_none\"><div class=\"w-image-h\"><img loading=\"lazy\" decoding=\"async\" width=\"800\" height=\"450\" src=\"https:\/\/alpilink.it\/wp-content\/uploads\/2023\/05\/venezia2.jpg\" class=\"attachment-large size-large\" alt=\"\" srcset=\"https:\/\/alpilink.it\/wp-content\/uploads\/2023\/05\/venezia2.jpg 800w, https:\/\/alpilink.it\/wp-content\/uploads\/2023\/05\/venezia2-300x169.jpg 300w\" sizes=\"auto, (max-width: 800px) 100vw, 800px\" \/><\/div><\/div><div class=\"wpb_text_column us_custom_eb849559\"><div class=\"wpb_wrapper\"><p style=\"text-align: center;\"><em>Abb. 3: &#8220;Vandalismus&#8221; auf einem Stra\u00dfenschild in Venedig: Die Beseitigung der Doppelkonsonanten korrigiert den Namen zu der dem venezianischen Dialekt entsprechenden Form.<\/em><\/p>\n<div><\/div>\n<div><\/div>\n<\/div><\/div><\/div><\/div><\/div><\/div><\/section>\n","protected":false},"excerpt":{"rendered":"Linguistic landscapeGeschriebene Sprache im \u00f6ffentlichen RaumWas bedeutet linguistic landscape? Der \u00f6ffentliche Raum, durch den wir uns t\u00e4glich bewegen und in dem wir handeln, ist voll von sprachlichen Zeichen: das Stra\u00dfenschild an der Ecke, die Angabe zu den Parkgeb\u00fchren, der Aushang an der Bushaltestelle, der Werbung f\u00fcr die Neuer\u00f6fffnung des Caf\u00e9s am Ende der Stra\u00dfe macht,...","protected":false},"author":1,"featured_media":0,"parent":0,"menu_order":0,"comment_status":"closed","ping_status":"closed","template":"","meta":{"footnotes":""},"class_list":["post-3529","page","type-page","status-publish","hentry"],"_links":{"self":[{"href":"https:\/\/alpilink.it\/de\/wp-json\/wp\/v2\/pages\/3529","targetHints":{"allow":["GET"]}}],"collection":[{"href":"https:\/\/alpilink.it\/de\/wp-json\/wp\/v2\/pages"}],"about":[{"href":"https:\/\/alpilink.it\/de\/wp-json\/wp\/v2\/types\/page"}],"author":[{"embeddable":true,"href":"https:\/\/alpilink.it\/de\/wp-json\/wp\/v2\/users\/1"}],"replies":[{"embeddable":true,"href":"https:\/\/alpilink.it\/de\/wp-json\/wp\/v2\/comments?post=3529"}],"version-history":[{"count":51,"href":"https:\/\/alpilink.it\/de\/wp-json\/wp\/v2\/pages\/3529\/revisions"}],"predecessor-version":[{"id":7092,"href":"https:\/\/alpilink.it\/de\/wp-json\/wp\/v2\/pages\/3529\/revisions\/7092"}],"wp:attachment":[{"href":"https:\/\/alpilink.it\/de\/wp-json\/wp\/v2\/media?parent=3529"}],"curies":[{"name":"wp","href":"https:\/\/api.w.org\/{rel}","templated":true}]}}