{"id":1835,"date":"2023-04-21T16:34:00","date_gmt":"2023-04-21T14:34:00","guid":{"rendered":"https:\/\/sites.dlls.univr.it\/alpilink\/vinko-2\/"},"modified":"2025-10-09T15:46:50","modified_gmt":"2025-10-09T13:46:50","slug":"vinko","status":"publish","type":"page","link":"https:\/\/alpilink.it\/de\/vinko\/","title":{"rendered":"VinKo"},"content":{"rendered":"<section class=\"l-section wpb_row height_medium\" id=\"projects\"><div class=\"l-section-overlay\" style=\"background:#f5f5f5\"><\/div><div class=\"l-section-h i-cf\"><div class=\"g-cols vc_row via_grid cols_5-1 laptops-cols_inherit tablets-cols_inherit mobiles-cols_1 valign_top type_default stacking_default\"><div class=\"wpb_column vc_column_container\"><div class=\"vc_column-inner\"><h2 class=\"w-text us_custom_f963f329 has_text_color\"><span class=\"w-text-h\"><span class=\"w-text-value\">VinKo<\/span><\/span><\/h2><h5 class=\"w-text us_custom_b31e701b has_text_color\"><span class=\"w-text-h\"><span class=\"w-text-value\">Variet\u00e4ten im Kontakt\/Variet\u00e0 in Contatto\/Varieties in Contact<\/span><\/span><\/h5><\/div><\/div><div class=\"wpb_column vc_column_container\"><div class=\"vc_column-inner\"><div class=\"w-image align_none\"><div class=\"w-image-h\"><img loading=\"lazy\" decoding=\"async\" width=\"1024\" height=\"479\" src=\"https:\/\/alpilink.it\/wp-content\/uploads\/2023\/05\/VinKo-logo-1-1024x479.png\" class=\"attachment-large size-large\" alt=\"\" srcset=\"https:\/\/alpilink.it\/wp-content\/uploads\/2023\/05\/VinKo-logo-1-1024x479.png 1024w, https:\/\/alpilink.it\/wp-content\/uploads\/2023\/05\/VinKo-logo-1-300x140.png 300w\" sizes=\"auto, (max-width: 1024px) 100vw, 1024px\" \/><\/div><\/div><\/div><\/div><\/div><\/div><\/section><section class=\"l-section wpb_row height_small\"><div class=\"l-section-h i-cf\"><div class=\"g-cols vc_row via_grid cols_1 laptops-cols_inherit tablets-cols_inherit mobiles-cols_1 valign_top type_default stacking_default\"><div class=\"wpb_column vc_column_container\"><div class=\"vc_column-inner\"><div class=\"wpb_text_column\"><div class=\"wpb_wrapper\"><p>Das Akronym <strong>VinKo<\/strong> steht f\u00fcr <em>Variet\u00e4ten im Kontakt<\/em>, ein gemeinsam von den Universit\u00e4ten Verona, Trient und Bozen 2018-2022 durchgef\u00fchrtes Forschungsprojekt, welches den Ausgangspunkt f\u00fcr AlpiLinK bildet. VinKo war eine Forschungsinfrastruktur mit dem Zweck der Dokumentation und Untersuchung der Dialekte und Minderheitensprachen in Nordost-Italien (Regionen Trentino-S\u00fcdtirol und Venetien). Die Variet\u00e4ten im Kontakt waren die <a href=\"https:\/\/alpilink.it\/de\/tirolese\/\">Tiroler Dialekte<\/a> und die deutschen Minderheitensprachen <a href=\"https:\/\/alpilink.it\/de\/mocheno\/\">Fersentalerisch<\/a>, <a href=\"https:\/\/alpilink.it\/de\/cimbro\/\">Zimbrisch<\/a>, <a href=\"https:\/\/alpilink.it\/de\/saurano\/\">Sauranisch<\/a> und <a href=\"https:\/\/alpilink.it\/de\/sappadino\/\">Plodarisch<\/a> auf der einen Seite und <a href=\"https:\/\/alpilink.it\/de\/veneto\/\">venetische<\/a>, <a href=\"https:\/\/alpilink.it\/de\/trentino\/\">venetisch-lombardische<\/a> und <a href=\"https:\/\/alpilink.it\/de\/ladino\/\">ladinische<\/a> Variet\u00e4ten auf der anderen. Die Infrastruktur umfasste eine Internet-Plattform f\u00fcr die <span style=\"color: #00ccff;\"><strong>Sammlung und Darstellung der Sprachdaten<\/strong><\/span>, ein <strong><span style=\"color: #008000;\">Repositorium<\/span> <\/strong>f\u00fcr die dauerhafte Sicherung der Daten und verschiedene Public Outreach-Initiativen, vor allem ein Projekt mit den Oberschulen der Region Venetien mit dem Namen <a href=\"https:\/\/alpilink.it\/de\/vinkiamo\/\"><strong>VinKiamo<\/strong><\/a>.<\/p>\n<p>Das Ziel von VinKo war es, Vergleiche von deutscher und italienischer Sprachstruktur zu erm\u00f6glichen. Systematische geolinguistische Analysen liegen bisher zur Morphologie von Artikeln und Pronomen (Kruijt 2022), zu Subjektexpletiven bei Wetterverben (Tomaselli &amp; Bidese 2023) und zum Expletivartikel bei Personennamen vor (Rabanus 2023). Als Beispiel f\u00fcr die Variation bez\u00fcglich des Gebrauchs von Expletivartikeln mit Personennamen (z.B. <em><u>der<\/u> Hans<\/em>, <em><u>die<\/u> Maria<\/em> statt <em>Hans<\/em> und <em>Maria<\/em>) k\u00f6nnen die folgenden S\u00e4tze dienen: <em>In diesem Saal ist Maria die sch\u00f6nste\/In questa stanza Maria \u00e8 la pi\u00f9 bella<\/em> (S0015)<em>.<\/em><\/p>\n<p>Im Tiroler Dialekt von V\u00f6ls am Schlern lautet der Satz <em>In dem Saal isch <u>die<\/u> Maria die schianschte<\/em>.<\/p>\n<audio class=\"wp-audio-shortcode\" id=\"audio-1835-1\" preload=\"none\" style=\"width: 100%;\" controls=\"controls\"><source type=\"audio\/flac\" src=\"https:\/\/alpilink.it\/wp-content\/uploads\/2024\/08\/S0015_tir_U0372.flac?_=1\" \/><a href=\"https:\/\/alpilink.it\/wp-content\/uploads\/2024\/08\/S0015_tir_U0372.flac\">https:\/\/alpilink.it\/wp-content\/uploads\/2024\/08\/S0015_tir_U0372.flac<\/a><\/audio>\n<p>&nbsp;<\/p>\n<p>Im venetischen Dialekt von Grezzana in der Provinz Verona lautet er:<em> In questo locale <u>la<\/u> Maria l&#8217;\u00e8 la pi\u00f9 bela<\/em>.<\/p>\n<audio class=\"wp-audio-shortcode\" id=\"audio-1835-2\" preload=\"none\" style=\"width: 100%;\" controls=\"controls\"><source type=\"audio\/flac\" src=\"https:\/\/alpilink.it\/wp-content\/uploads\/2024\/08\/S0015_vec_U0556.flac?_=2\" \/><a href=\"https:\/\/alpilink.it\/wp-content\/uploads\/2024\/08\/S0015_vec_U0556.flac\">https:\/\/alpilink.it\/wp-content\/uploads\/2024\/08\/S0015_vec_U0556.flac<\/a><\/audio>\n<p>&nbsp;<\/p>\n<p>Rabanus (2023) kann mit VinKo-Daten zeigen, dass in der Provinz Trient Personennamen in 74% der F\u00e4lle mit Expletivartikeln auftreten, in der Region Venetien dagegen nur in 22% der F\u00e4lle. Das bedeutet, dass interessanterweise f\u00fcr den Gebrauch des Expletivartikels die Grenze zwischen den Provinzen Trient und Verona (als Teil Venetiens) relevanter ist als die Grenze zwischen den Provinzen Trient und Bozen (wo Expletivartikel in ca. 90% der F\u00e4lle auftreten), obwohl diese Grenze der deutsch-italienischen Sprachgrenze entspricht. Eine ausf\u00fchrlichere Beschreibung der Ergebnisse dieser Studie finden Sie in der Sektion &#8220;<a href=\"https:\/\/alpilink.it\/de\/risultati\/\">Ergebnisse<\/a>&#8221; , und zwar <a href=\"https:\/\/alpilink.it\/de\/2024\/08\/01\/nome-di-battesimo-e-articolo-espletivo-nei-dialetti-del-trentino-alto-adige-e-del-veneto\/\">hier<\/a>.<\/p>\n<\/div><\/div><\/div><\/div><\/div><\/div><\/section><section class=\"l-section wpb_row height_small\"><div class=\"l-section-h i-cf\"><div class=\"g-cols vc_row via_grid cols_2-1 laptops-cols_inherit tablets-cols_inherit mobiles-cols_1 valign_top type_default stacking_default\"><div class=\"wpb_column vc_column_container\"><div class=\"vc_column-inner\"><h3 class=\"w-text us_custom_f4bd5706 has_text_color\"><span class=\"w-text-h\"><span class=\"w-text-value\">Datensammlung per Crowdsourcing<\/span><\/span><\/h3><div class=\"wpb_text_column\"><div class=\"wpb_wrapper\"><p>Die Datensammlung wurde in VinKo mit der mehrsprachigen (Deutsch-Italienisch-Englisch) Internet-Plattform <em>vinko.it<\/em> durchgef\u00fchrt, auf der Informanten Sprachdaten lieferten, indem sie Reaktionen auf Stimuli eines Online-Fragebogens als Audiodateien aufzeichneten. Der Fragebogen umfasste drei Typen von Aufgaben: Aussprache von Dialektw\u00f6rtern, \u00dcbersetzung von S\u00e4tzen aus der Standardsprache (Deutsch oder Italienisch) in den Dialekt oder die Minderheitensprache (manche S\u00e4tze wurden isoliert pr\u00e4sentiert, andere eingebettet in Bildergeschichten) und freie Sprachproduktion durch die Vervollst\u00e4ndigung von Stimuluss\u00e4tzen auf der Grundlage des Inhalts der Bildergeschichten (zu den Details der Datensammlung vgl. Kruijt, Cordin &amp; Rabanus 2023). Insgesamt wurden so <strong><span style=\"color: #00ccff;\">189.679<\/span> <span style=\"color: #00ccff;\">Audiodateien<\/span> <\/strong>von S\u00e4tzen und Einzelw\u00f6rtern von <span style=\"color: #00ccff;\"><strong>1.439 Informanten<\/strong><\/span> aus <strong><span style=\"color: #00ccff;\">387 verschiedenen Orten<\/span><\/strong> aufgezeichnet. Die Zusammenarbeit zwischen den lokalen Sprachgemeinschaften, der allgemeinen \u00d6ffentlichkeit und der Forschungsgruppe ist ein wesentlicher Teil der Crowdsourcing-Methode. F\u00fcr die Sprachgemeinschaften sollte das Projekt zur Erh\u00f6hung des eigenen sprachlich-kulturellen Selbstbewusstseins beitragen, indem die Dialekte und Minderheitensprachen als immaterielles Kulturerbe im digitalen Raum dokumentiert wurden. F\u00fcr die allgemeine \u00d6ffentlichkeit gab eine frei zug\u00e4ngliche Karte die M\u00f6glichkeit, die lokalen sprachlichen Diversit\u00e4ten zu entdecken und ein Bewusstsein vom Wert des immateriellen Kulturerbes der sog. &#8220;Triveneto&#8221;-Region zu bekommen. Die VinKo-Karte in ihrer urspr\u00fcnglichen Form (wie hier nebenstehend abgebildet) ist nicht mehr online. Allerdings sind alle Daten der VinKo-Karte in die Karte eingegangen, die sich auf dieser AlpiLink-Webseite in der Sektion &#8220;<a href=\"https:\/\/alpilink.it\/de\/ascoltaeesplora\/\">Anh\u00f6ren und Entdecken<\/a>&#8221; befindet. Damit kann weiterhin mit einem geographischen Instrument auf die Daten zugegriffen werden.<\/p>\n<\/div><\/div><\/div><\/div><div class=\"wpb_column vc_column_container\"><div class=\"vc_column-inner\"><div class=\"w-separator size_medium\"><\/div><div class=\"w-image align_none\"><div class=\"w-image-h\"><img loading=\"lazy\" decoding=\"async\" width=\"590\" height=\"678\" src=\"https:\/\/alpilink.it\/wp-content\/uploads\/2023\/04\/Capture.png\" class=\"attachment-large size-large\" alt=\"\" srcset=\"https:\/\/alpilink.it\/wp-content\/uploads\/2023\/04\/Capture.png 590w, https:\/\/alpilink.it\/wp-content\/uploads\/2023\/04\/Capture-261x300.png 261w\" sizes=\"auto, (max-width: 590px) 100vw, 590px\" \/><\/div><\/div><div class=\"wpb_text_column\"><div class=\"wpb_wrapper\"><p style=\"text-align: center;\"><em>VinKo-Karte (nicht mehr online)<\/em><\/p>\n<\/div><\/div><\/div><\/div><\/div><\/div><\/section><section class=\"l-section wpb_row height_small\"><div class=\"l-section-h i-cf\"><div class=\"g-cols vc_row via_grid cols_1 laptops-cols_inherit tablets-cols_inherit mobiles-cols_1 valign_top type_default stacking_default\"><div class=\"wpb_column vc_column_container\"><div class=\"vc_column-inner\"><h3 class=\"w-text us_custom_1266ccb2 has_text_color\"><span class=\"w-text-h\"><span class=\"w-text-value\">FAIRe Forschungsdaten: Repositorium<\/span><\/span><\/h3><div class=\"wpb_text_column\"><div class=\"wpb_wrapper\"><p>F\u00fcr die Forschungsgemeinschaft sind die Daten im <em>VinKo Corpus<\/em> (Rabanus et al. 2023; Handle: <a href=\"http:\/\/hdl.handle.net\/20.500.12124\/74\">http:\/\/hdl.handle.net\/20.500.12124\/74<\/a><a href=\"http:\/\/hdl.handle.net\/20.500.12124\/74\">)<\/a>, einem frei zug\u00e4nglichen Repositorium (Lizenz: CC BY-NC-SA 4.0 International) archiviert worden, wobei so weit wie m\u00f6glich die <a href=\"https:\/\/www.go-fair.org\/fair-principles\/\">FAIR-Prinzipien<\/a> befolgt wurden. Die Reorganisation und Archivierung der Daten in einer externen, von der Universit\u00e4t unabh\u00e4ngigen Datenbank dient dazu, die Langzeit-Sicherung und den freien Zugang zu den Daten auch nach Projektende sicherzustellen. Das Repositorium wird vom Eurac Research Clarin Centre (ERCC) in Bozen verwaltet. Als Teil der europ\u00e4ischen <a href=\"https:\/\/www.clarin.eu\/\">CLARIN<\/a>-Infrastruktur folgt das Zentrum den internationalen Standards f\u00fcr den Umgang mit Daten.<\/p>\n<p>Das bedeutet, dass f\u00fcr Beispiele wie die oben zitierten ein direkter Zugriff auf die Audiodateien m\u00f6glich ist, indem man die entsprechenden IDs verwendet: <span style=\"color: #008000;\"><strong>S0015_tir_U0372<\/strong><\/span> (V\u00f6ls) und <strong><span style=\"color: #008000;\">S0015_vec_U0556<\/span><\/strong> (Grezzana). F\u00fcr die Logik der Benennungen und dazu, wie man die Audiodateien im Repositorium findet, siehe Kruijt, Rabanus &amp; Tagliani (2023, S. 212-214). Insgesamt enth\u00e4lt das Vinko-Korpus 12.511 Audiodateien f\u00fcr die Trentiner Dialekte, 502 f\u00fcr Fersentalerisch, 683 f\u00fcr Zimbrisch, 7.133 f\u00fcr die verschiedenen ladinischen Variet\u00e4ten (Gadertalerisch, Gr\u00f6dnerisch, Fassanisch, Buchensteinerisch, Ampezzo-Ladinisch), 158 f\u00fcr Plodarisch, 268 f\u00fcr Zahrerisch, 20.659 f\u00fcr die tirolischen Dialekte und 147.765 f\u00fcr die venetischen Dialekte, die damit mehr als 3\/4 des Gesamtkorpus mit 189.679 Audiodateien repr\u00e4sentieren.<\/p>\n<p>Im Rahmen von VinKo sind auch die Daten in einem Repositorium zug\u00e4nglich gemacht worden, die in traditionaller Feldforschung im Projekt <strong>AThEME<\/strong> erhoben wurden, in dem der Prototyp von VinKo entwickelt worden war (siehe Cordin et al. 2019). Das <em>AThEME Verona-Trento Corpus<\/em> (Tomaselli et al. 2022; handle <a href=\"http:\/\/hdl.handle.net\/20.500.12124\/53\">http:\/\/hdl.handle.net\/20.500.12124\/53<\/a>) hat genau dieselbe Struktur wie das <em>VinKo Corpus<\/em> und erlaubt also das Auffinden, Konsultieren und Zitieren der Daten genau so, wie es oben f\u00fcr das <em>VinKo Corpus<\/em> beschrieben ist. F\u00fcr Anwendungsbeispiele und einen Vergleich der Validit\u00e4t von in traditioneller Feldforschung und per Crowdsourcing erhobenen Daten siehe Kruijt, Cordin &amp; Rabanus (2023).<\/p>\n<\/div><\/div><div class=\"w-separator size_small\"><\/div><p class=\"w-text us_custom_a7fee978 has_text_color\"><span class=\"w-text-h\"><span class=\"w-text-value\">Literaturangaben<\/span><\/span><\/p><div class=\"wpb_text_column\"><div class=\"wpb_wrapper\"><ul>\n<li>Cordin, Patrizia, Stefan Rabanus, Birgit Alber, Antonio Mattei, Jan Casalicchio, Alessandra Tomaselli, Ermenegildo Bidese &amp; Andrea Padovan. <a href=\"http:\/\/www.kit.gwi.uni-muenchen.de\/?p=13739&amp;v=2\">VinKo<\/a>. 2. In Thomas Krefeld &amp; Roland Bauer (Hrsg.) (2019): <em>Lo spazio comunicativo dell\u2019Italia e delle variet\u00e0 italiane<\/em>, Versione 67. Korpus im Text.<\/li>\n<li><span style=\"font-weight: 400;\">Kruijt, Anne (2022): <a href=\"https:\/\/hdl.handle.net\/11562\/1064706\"><em>Crowdsourcing language contact: pronoun and article morphology in Trentino-South Tyrol and Veneto<\/em><\/a>. Dissertation, Universit\u00e4t Verona.<\/span><\/li>\n<li><span style=\"font-weight: 400;\">Kruijt, Anne, Patrizia Cordin &amp; Stefan Rabanus (2023): On the validity of crowdsourced data. In Elissa Pustka, Carmen Quijada Van den Berghe &amp; Verena Weiland (Hrsg.): <em>Corpus Dialectology<\/em>. Amsterdam\/Philadelphia: Benjamins, 10-33.<\/span><\/li>\n<li><span style=\"font-weight: 400;\">Kruijt, Anne, Stefan Rabanus &amp; Marta Tagliani (2023). The VinKo-Corpus: Oral data from Romance and Germanic local varieties of Northern Italy. In Marc Kupietz &amp; Thomas Schmidt (Hrsg.): N<em>eue Entwicklungen in der Korpuslandschaft der Germanistik: Beitr\u00e4ge zur IDS-Methodenmesse 2022. (= Korpuslinguistik und interdisziplin\u00e4re Perspektiven auf Sprache<\/em> (CLIP) 11). T\u00fcbingen: Narr, 203-212.<\/span><\/li>\n<li><span style=\"font-weight: 400;\">Rabanus, Stefan (2023): Nome di battesimo e articolo espletivo \u2013 crowdsourcing e cartografica linguistica nello studio della variazione linguistica in Trentino-Alto Adige e Veneto. In Robert Sch\u00f6ntag &amp; Laura Linzmeier (Hrsg.):\u00a0<\/span><span style=\"font-weight: 400;\"><span style=\"font-weight: 400;\"> <em>Neue Ans\u00e4tze und Perspektiven zur sprachlichen Raumkonzeption und Geolinguistik<\/em>. <em>Fallstudien aus der Romania und der Germania. <\/em><\/span><\/span><span style=\"font-weight: 400;\">Lausanne: Lang, 93-134.\u00a0<\/span><\/li>\n<li>Rabanus, Stefan, Anne Kruijt, Marta Tagliani, Alessandra Tomaselli, Andrea Padovan, Birgit Alber, Patrizia Cordin, Roberto Zamparelli &amp; Barbara Maria Vogt (2023): <em><a href=\"https:\/\/clarin.eurac.edu\/repository\/xmlui\/handle\/20.500.12124\/74\">VinKo (Varieties in Contact) Corpus v1.2<\/a>.<\/em> Bozen: ERCC.<\/li>\n<li>Tomaselli, Alessandra &amp; Ermenegildo Bidese (2023): <a href=\"https:\/\/www.mdpi.com\/2226-471X\/8\/1\/44\">Fortune and decay of lexical expletives in Germanic and Romance along the Adige River<\/a>. <em>Languages 8(1), 44.<\/em><\/li>\n<li>Tomaselli, Alessandra, Anne Kruijt, Birgit Alber, Ermenegildo Bidese, Jan Casalicchio, Patrizia Cordin, Joachim Kokkelmans, Andrea Padovan, Stefan Rabanus &amp; Francesco Zuin (2022), <a href=\"http:\/\/hdl.handle.net\/20.500.12124\/53\"><em>AThEME Verona-Trento Corpus<\/em><\/a>. Bozen: ERCC.<\/li>\n<\/ul>\n<\/div><\/div><div class=\"w-separator size_medium\"><\/div><\/div><\/div><\/div><\/div><\/section>\n","protected":false},"excerpt":{"rendered":"VinKoVariet\u00e4ten im Kontakt\/Variet\u00e0 in Contatto\/Varieties in ContactDas Akronym VinKo steht f\u00fcr Variet\u00e4ten im Kontakt, ein gemeinsam von den Universit\u00e4ten Verona, Trient und Bozen 2018-2022 durchgef\u00fchrtes Forschungsprojekt, welches den Ausgangspunkt f\u00fcr AlpiLinK bildet. VinKo war eine Forschungsinfrastruktur mit dem Zweck der Dokumentation und Untersuchung der Dialekte und Minderheitensprachen in Nordost-Italien (Regionen Trentino-S\u00fcdtirol und Venetien). Die Variet\u00e4ten...","protected":false},"author":1,"featured_media":0,"parent":0,"menu_order":0,"comment_status":"closed","ping_status":"closed","template":"","meta":{"footnotes":""},"class_list":["post-1835","page","type-page","status-publish","hentry"],"_links":{"self":[{"href":"https:\/\/alpilink.it\/de\/wp-json\/wp\/v2\/pages\/1835","targetHints":{"allow":["GET"]}}],"collection":[{"href":"https:\/\/alpilink.it\/de\/wp-json\/wp\/v2\/pages"}],"about":[{"href":"https:\/\/alpilink.it\/de\/wp-json\/wp\/v2\/types\/page"}],"author":[{"embeddable":true,"href":"https:\/\/alpilink.it\/de\/wp-json\/wp\/v2\/users\/1"}],"replies":[{"embeddable":true,"href":"https:\/\/alpilink.it\/de\/wp-json\/wp\/v2\/comments?post=1835"}],"version-history":[{"count":47,"href":"https:\/\/alpilink.it\/de\/wp-json\/wp\/v2\/pages\/1835\/revisions"}],"predecessor-version":[{"id":7164,"href":"https:\/\/alpilink.it\/de\/wp-json\/wp\/v2\/pages\/1835\/revisions\/7164"}],"wp:attachment":[{"href":"https:\/\/alpilink.it\/de\/wp-json\/wp\/v2\/media?parent=1835"}],"curies":[{"name":"wp","href":"https:\/\/api.w.org\/{rel}","templated":true}]}}