{"id":1505,"date":"2023-04-21T16:48:39","date_gmt":"2023-04-21T14:48:39","guid":{"rendered":"https:\/\/sites.dlls.univr.it\/alpilink\/vinkiamo\/"},"modified":"2025-07-09T18:05:12","modified_gmt":"2025-07-09T16:05:12","slug":"vinkiamo","status":"publish","type":"page","link":"https:\/\/alpilink.it\/de\/vinkiamo\/","title":{"rendered":"VinKiamo"},"content":{"rendered":"<section class=\"l-section wpb_row height_medium\" id=\"projects\"><div class=\"l-section-overlay\" style=\"background:#f5f5f5\"><\/div><div class=\"l-section-h i-cf\"><div class=\"g-cols vc_row via_grid cols_5-1 laptops-cols_inherit tablets-cols_inherit mobiles-cols_1 valign_top type_default stacking_default\"><div class=\"wpb_column vc_column_container\"><div class=\"vc_column-inner\"><h2 class=\"w-text us_custom_539611eb has_text_color\"><span class=\"w-text-h\"><span class=\"w-text-value\">VinKiamo<\/span><\/span><\/h2><h5 class=\"w-text us_custom_789ecda9 has_text_color\"><span class=\"w-text-h\"><span class=\"w-text-value\">Zusammenarbeit mit den Schulen und den Sch\u00fclerinnen und Sch\u00fclern<\/span><\/span><\/h5><\/div><\/div><div class=\"wpb_column vc_column_container\"><div class=\"vc_column-inner\"><div class=\"w-image align_none\"><div class=\"w-image-h\"><img loading=\"lazy\" decoding=\"async\" width=\"512\" height=\"512\" src=\"https:\/\/alpilink.it\/wp-content\/uploads\/2023\/05\/educator-e1683110060521.png\" class=\"attachment-large size-large\" alt=\"\" \/><\/div><\/div><\/div><\/div><\/div><\/div><\/section><section class=\"l-section wpb_row height_small\"><div class=\"l-section-h i-cf\"><div class=\"g-cols vc_row via_grid cols_1 laptops-cols_inherit tablets-cols_inherit mobiles-cols_1 valign_top type_default stacking_default\"><div class=\"wpb_column vc_column_container\"><div class=\"vc_column-inner\"><div class=\"wpb_text_column\"><div class=\"wpb_wrapper\"><p>VinKiamo ist 2021 als Kooperationsprojekt der Universit\u00e4t Verona und des Schulamts der Region Venetien entstanden. Heute umfasst VinKiamo alle Aktivit\u00e4ten von AlpiLinK, die in Zusammenarbeit mit Schulen stattfinden. VinKiamo ist der wichtigste Ausdruck des partizipativen Aspekts von AlpiLinK. Es bestehen Kooperationen mit zahlreichen Schulen in Venetien, Friaul-Julisch Venetien, S\u00fcdtirol, Trentino und Aostatal. Die Aktionen sind in drei Typen organisiert, welche miteinander verzahnt sind (f\u00fcr die Details siehe die am Ende dieser Seite angegebenen spezifischen Webseiten).<\/p>\n<\/div><\/div><\/div><\/div><\/div><\/div><\/section><section class=\"l-section wpb_row height_small\"><div class=\"l-section-h i-cf\"><div class=\"g-cols vc_row via_grid cols_2-1 laptops-cols_inherit tablets-cols_inherit mobiles-cols_1 valign_top type_default stacking_default\"><div class=\"wpb_column vc_column_container\"><div class=\"vc_column-inner\"><h5 class=\"w-text us_custom_064d3121\"><span class=\"w-text-h\"><span class=\"w-text-value\">Sensibilisierung im Bereich Multilinguismus\/Plurilinguismus<\/span><\/span><\/h5><div class=\"wpb_text_column\"><div class=\"wpb_wrapper\"><p>Alle im Rahmen von VinKiamo unternommenen Aktionen schlie\u00dfen eine Sensibilisierung der Sch\u00fclerinnen und Sch\u00fcler bez\u00fcglich des historischen Multilinguismus und des Wertes ein, den dieser f\u00fcr das Territorium hat, sowie f\u00fcr den individuellen Plurilinguismus und seine kognitiven Vorteile. Ein wichtiges Thema ist die linguistische Autobiographie: Mit Mittel wie der Sprachsilhouette werden sich die Sch\u00fcler ihres eigenen Sprachrepertoires bewusst, das in der heutigen schulischen Realit\u00e4t neben den Unterrichtssprachen und lokalen Dialekten und Minderheitensprachen auch die Sprachen der rezenten Immigration umfassen kann (hier der <a href=\"https:\/\/alpilink.it\/wp-content\/uploads\/2024\/06\/FlyerAutobiografiaLinguistica.pdf\">Flyer<\/a> eines Beispiels eines didaktischen Pakets bestehend aus Lehrerfortbildung und Workshops in den Schulklassen). In einer Verbundschule in alpiner Lage ist ein spezifisches Projekt zu den Vorteilen des Plurilinguismus beim Spracherwerb von Grundschulkindern mit Legasthenie durchgef\u00fchrt worden. Das Projekt umfasste eine Bestandsaufnahme der Lesef\u00e4higkeit von einsprachigen und mehrsprachigen Kindern, die Durchf\u00fchrung von Unterrichtseinheiten zur Verbesserung derjenigen morphologischen Kompetenzen der Kinder, die f\u00fcr das Textverstehen n\u00f6tig sind, und Fortbildungsveranstaltungen f\u00fcr die Lehrer. Ziel des Projekts war die F\u00f6rderung des Multilinguismus, der in dieser Gegend typischerweise Italienisch und lokale Dialekte und Minderheitensprachen umfasst, und die Verbreitung des Wissens um seine Vorteile bei der Ausbildung der Sprachkompetenz sowohl bei Kindern mit normaler Entwicklung als auch bei Kindern mit entwicklungsbedingter Legasthenie.<\/p>\n<\/div><\/div><\/div><\/div><div class=\"wpb_column vc_column_container\"><div class=\"vc_column-inner\"><div class=\"w-separator size_medium\"><\/div><div class=\"w-image has_ratio align_none\"><div class=\"w-image-h\"><div style=\"padding-bottom:133.3333%\"><\/div><img loading=\"lazy\" decoding=\"async\" width=\"1024\" height=\"768\" src=\"https:\/\/alpilink.it\/wp-content\/uploads\/2024\/06\/36-1024x768.jpg\" class=\"attachment-large size-large\" alt=\"\" srcset=\"https:\/\/alpilink.it\/wp-content\/uploads\/2024\/06\/36-1024x768.jpg 1024w, https:\/\/alpilink.it\/wp-content\/uploads\/2024\/06\/36-300x225.jpg 300w, https:\/\/alpilink.it\/wp-content\/uploads\/2024\/06\/36-scaled.jpg 2040w\" sizes=\"auto, (max-width: 1024px) 100vw, 1024px\" \/><\/div><\/div><\/div><\/div><\/div><\/div><\/section><section class=\"l-section wpb_row height_small\"><div class=\"l-section-h i-cf\"><div class=\"g-cols vc_row via_grid cols_2-1 laptops-cols_inherit tablets-cols_inherit mobiles-cols_1 valign_top type_default stacking_default\"><div class=\"wpb_column vc_column_container\"><div class=\"vc_column-inner\"><h5 class=\"w-text us_custom_064d3121\"><span class=\"w-text-h\"><span class=\"w-text-value\">Datensammlung und aktive B\u00fcrgerschaft<\/span><\/span><\/h5><div class=\"wpb_text_column\"><div class=\"wpb_wrapper\"><p>VinKiamo ist urspr\u00fcnglich ein Angebot an die Sch\u00fcler der drei letzten Klassen der Oberschulen (Sekundarstufe 2), aktiv an der Sammlung von Daten und somit an der Bewahrung der Dialekte und Minderheitensprachen Norditaliens mitzuarbeiten. Auf diese Weise ist VinKiamo so mit AlpiLinK verbunden wie in der Vergangenheit mit dem Vorg\u00e4ngerprojekt <a href=\"https:\/\/alpilink.it\/de\/vinko\/\">VinKo<\/a> (woher die Bezeichnung \u201eVinKiamo\u201c als Kollektivform abgeleitet ist). Die Beteiligung an der Datensammlung erm\u00f6glicht es den teilnehmenden Sch\u00fclern, ihre Kompetenzen im Bereich digitale Instrumente, Sprachen und aktive B\u00fcrgerschaft zu st\u00e4rken. Au\u00dferdem entwickeln sie ihre sozialen Kompetenzen weiter, indem sie Angeh\u00f6rige besonders der \u00e4lteren Generationen, die nicht gut mit moderner Informationstechnologie vertraut sind, beim Verwenden der Crowdsourcing-Plattform von AlpiLinK unterst\u00fctzen. Im Jahr 2024 sind die Aktionen auf die F\u00f6rderung der Sammlung von schriftlichen Manifestationen der Sprachen im \u00f6ffentlichen Raum ausgedehnt worden (&#8220;Linguistic Landscaping&#8221;). Durch die Dokumentation (Photographieren), Diskussion und Analyse geschriebener Sprache werden sich die Sch\u00fcler der Anwesenheit von Minderheitensprachen, Fremdsprachen (Deutsch, Englisch etc.) und Dialekten bewusst und befassen sich mit den Bedeutungen, die durch diese sprachliche Vielfalt ausgedr\u00fcckt werden. Die gesammelten Photographien bereichern die Sektion &#8220;<a href=\"https:\/\/alpilink.it\/de\/linguistic-landscape\/\">Linguistic Landscape<\/a>&#8221; des AlpilinK-Portals. Alle diese Aktionen dienen der F\u00f6rderung der Sprachminderheiten und der Mehrsprachigkeit, die unsere Regionen charakterisiert, und damit der Bewahrung des Kulturerbes des italienischen Alpenbogens.<\/p>\n<\/div><\/div><\/div><\/div><div class=\"wpb_column vc_column_container\"><div class=\"vc_column-inner\"><div class=\"w-separator size_medium\"><\/div><div class=\"w-image has_ratio align_none\"><div class=\"w-image-h\"><div style=\"padding-bottom:133.3333%\"><\/div><img loading=\"lazy\" decoding=\"async\" width=\"1024\" height=\"598\" src=\"https:\/\/alpilink.it\/wp-content\/uploads\/2022\/12\/eeae4de9-22f3-4830-9375-2289dba2d0a9-1024x598-1.jpg\" class=\"attachment-large size-large\" alt=\"\" srcset=\"https:\/\/alpilink.it\/wp-content\/uploads\/2022\/12\/eeae4de9-22f3-4830-9375-2289dba2d0a9-1024x598-1.jpg 1024w, https:\/\/alpilink.it\/wp-content\/uploads\/2022\/12\/eeae4de9-22f3-4830-9375-2289dba2d0a9-1024x598-1-300x175.jpg 300w, https:\/\/alpilink.it\/wp-content\/uploads\/2022\/12\/eeae4de9-22f3-4830-9375-2289dba2d0a9-1024x598-1-768x449.jpg 768w\" sizes=\"auto, (max-width: 1024px) 100vw, 1024px\" \/><\/div><\/div><\/div><\/div><\/div><\/div><\/section><section class=\"l-section wpb_row height_small\"><div class=\"l-section-h i-cf\"><div class=\"g-cols vc_row via_grid cols_2-1 laptops-cols_inherit tablets-cols_inherit mobiles-cols_1 valign_top type_default stacking_default\"><div class=\"wpb_column vc_column_container\"><div class=\"vc_column-inner\"><h5 class=\"w-text us_custom_cca8328a has_text_color\"><span class=\"w-text-h\"><span class=\"w-text-value\">Datenanalyse und wissenschaftliche Methode<\/span><\/span><\/h5><div class=\"wpb_text_column\"><div class=\"wpb_wrapper\"><p>Auf der Basis der Daten, die auch dank VinKiamo gesammelt wurden und in der Sektion \u201e<a href=\"https:\/\/alpilink.it\/de\/ascoltaeesplora\/\">Anh\u00f6ren &amp; Entdecken<\/a>\u201c des AlpiLinK-Portals verf\u00fcgbar sind, entwickelt das AlpiLinK-Team Initiativen, um die sprachwissenschaftliche Forschung in die Schule zu bringen. Konkretes Ziel ist die Entwicklung innovativer didaktischer Methoden, die mit Datenbanken und authentischem Sprachmaterial arbeiten.<\/p>\n<p>In den an die Sch\u00fclerinnen und Sch\u00fcler der Sekundarstufe 2 gerichteten Aktionen w\u00fcrdigen wir die Hilfe der Sch\u00fcler beim Crowdsourcing und damit ihren Beitrag zur wissenschaftlichen Forschung. Der Unterrichtsentwurf konzentriert sich auf die wissenschaftlichen Methoden zur Analyse von Sprachdaten und das Unterstreichen des Werts von Pluri- und Multilinguismus. Das Projekt umfasst Lehrerfortbildung und konkrete Unterrichtseinheiten, die Mitglieder des AlpiLinK-Teams in den Partnerschulen halten.<\/p>\n<p>Das Pilotprojekt \u201e<a href=\"https:\/\/alpilink.it\/wp-content\/uploads\/sites\/4\/2023\/12\/FlyerEsplorazioniLingueVeneto.pdf\">La tosa, la buteleta o la fiola? Esplorazioni nelle lingue del Veneto<\/a>\u201c hat im Schuljahr 2023\/2024 stattgefunden. Das f\u00fcr diese Unterrichtseinheiten entwickelte Material kann beim <a href=\"https:\/\/alpilink.it\/de\/team-e-contatti\/\">AlpiLinK-Team<\/a> angefordert und dann frei von den interessierten Lehrerinnen und Lehrern im eigenen Unterricht eingesetzt werden.<\/p>\n<\/div><\/div><\/div><\/div><div class=\"wpb_column vc_column_container\"><div class=\"vc_column-inner\"><div class=\"w-image align_none\"><a target=\"_blank\" href=\"https:\/\/alpilink.it\/wp-content\/uploads\/sites\/4\/2023\/12\/FlyerEsplorazioniLingueVeneto.pdf\" rel=\"noopener\" aria-label=\"Link\" class=\"w-image-h\"><img loading=\"lazy\" decoding=\"async\" width=\"432\" height=\"877\" src=\"https:\/\/alpilink.it\/wp-content\/uploads\/2023\/10\/Screenshot-2023-10-18-111146.png\" class=\"attachment-large size-large\" alt=\"\" srcset=\"https:\/\/alpilink.it\/wp-content\/uploads\/2023\/10\/Screenshot-2023-10-18-111146.png 432w, https:\/\/alpilink.it\/wp-content\/uploads\/2023\/10\/Screenshot-2023-10-18-111146-148x300.png 148w\" sizes=\"auto, (max-width: 432px) 100vw, 432px\" \/><\/a><\/div><\/div><\/div><\/div><\/div><\/section><section class=\"l-section wpb_row height_small\"><div class=\"l-section-h i-cf\"><div class=\"g-cols vc_row via_grid cols_1 laptops-cols_inherit tablets-cols_inherit mobiles-cols_1 valign_top type_default stacking_default\"><div class=\"wpb_column vc_column_container\"><div class=\"vc_column-inner\"><div class=\"wpb_text_column\"><div class=\"wpb_wrapper\"><div>\n<p><strong>Zur Vertiefung<\/strong><\/p>\n<ul>\n<li>Bertollo, Sabrina &amp; Stefan Rabanus (2023): <a href=\"https:\/\/journals.openedition.org\/alsic\/7076\">VinKiamo: ein Citizen-Science-Projekt f\u00fcr Schulen zur F\u00f6rderung von (sprach)\u00fcbergreifenden Kompetenzen<\/a>. <em>ALSIC<\/em> 26(1).<\/li>\n<\/ul>\n<\/div>\n<div><\/div>\n<\/div><\/div><\/div><\/div><\/div><\/div><\/section><section class=\"l-section wpb_row height_small\"><div class=\"l-section-h i-cf\"><div class=\"g-cols vc_row via_grid cols_1 laptops-cols_inherit tablets-cols_inherit mobiles-cols_1 valign_top type_default stacking_default\"><div class=\"wpb_column vc_column_container\"><div class=\"vc_column-inner\"><div class=\"w-hwrapper align_center valign_top\" style=\"--hwrapper-gap:1.20rem\"><div class=\"w-btn-wrapper align_center\"><a class=\"w-btn us-btn-style_1 us_custom_6ff700dc has_text_color\" target=\"_blank\" href=\"https:\/\/sites.hss.univr.it\/vinkiamo\/\" rel=\"noopener\"><span class=\"w-btn-label\">Besuchen Sie die VinKiamo Veneto\/Friuli-Venezia Giulia-Webseite<\/span><\/a><\/div><div class=\"w-btn-wrapper align_center\"><a class=\"w-btn us-btn-style_1 us_custom_d5034f6c has_text_color\" target=\"_blank\" href=\"https:\/\/vinkiamo.projects.unibz.it\" rel=\"noopener\"><span class=\"w-btn-label\">Besuchen Sie die VinKiamo S\u00fcdtirol-Webseite<\/span><\/a><\/div><div class=\"w-btn-wrapper align_center\"><a class=\"w-btn us-btn-style_1 us_custom_d5034f6c has_text_color\" target=\"_blank\" href=\"https:\/\/vinkiamo.unitn.it\/\" rel=\"noopener\"><span class=\"w-btn-label\">Besuchen Sie die VinKiamo Trentino-Webseite<\/span><\/a><\/div><\/div><\/div><\/div><\/div><\/div><\/section><section class=\"l-section wpb_row height_medium\"><div class=\"l-section-h i-cf\"><div class=\"g-cols vc_row via_grid cols_1 laptops-cols_inherit tablets-cols_inherit mobiles-cols_1 valign_top type_default stacking_default\"><div class=\"wpb_column vc_column_container\"><div class=\"vc_column-inner\"><div class=\"wpb_text_column\"><div class=\"wpb_wrapper\"><div><\/div>\n<\/div><\/div><\/div><\/div><\/div><\/div><\/section>\n","protected":false},"excerpt":{"rendered":"VinKiamoZusammenarbeit mit den Schulen und den Sch\u00fclerinnen und Sch\u00fclernVinKiamo ist 2021 als Kooperationsprojekt der Universit\u00e4t Verona und des Schulamts der Region Venetien entstanden. Heute umfasst VinKiamo alle Aktivit\u00e4ten von AlpiLinK, die in Zusammenarbeit mit Schulen stattfinden. VinKiamo ist der wichtigste Ausdruck des partizipativen Aspekts von AlpiLinK. Es bestehen Kooperationen mit zahlreichen Schulen in Venetien, Friaul-Julisch...","protected":false},"author":1,"featured_media":0,"parent":0,"menu_order":0,"comment_status":"closed","ping_status":"closed","template":"","meta":{"footnotes":""},"class_list":["post-1505","page","type-page","status-publish","hentry"],"_links":{"self":[{"href":"https:\/\/alpilink.it\/de\/wp-json\/wp\/v2\/pages\/1505","targetHints":{"allow":["GET"]}}],"collection":[{"href":"https:\/\/alpilink.it\/de\/wp-json\/wp\/v2\/pages"}],"about":[{"href":"https:\/\/alpilink.it\/de\/wp-json\/wp\/v2\/types\/page"}],"author":[{"embeddable":true,"href":"https:\/\/alpilink.it\/de\/wp-json\/wp\/v2\/users\/1"}],"replies":[{"embeddable":true,"href":"https:\/\/alpilink.it\/de\/wp-json\/wp\/v2\/comments?post=1505"}],"version-history":[{"count":57,"href":"https:\/\/alpilink.it\/de\/wp-json\/wp\/v2\/pages\/1505\/revisions"}],"predecessor-version":[{"id":7088,"href":"https:\/\/alpilink.it\/de\/wp-json\/wp\/v2\/pages\/1505\/revisions\/7088"}],"wp:attachment":[{"href":"https:\/\/alpilink.it\/de\/wp-json\/wp\/v2\/media?parent=1505"}],"curies":[{"name":"wp","href":"https:\/\/api.w.org\/{rel}","templated":true}]}}