{"id":1269,"date":"2022-12-13T14:02:38","date_gmt":"2022-12-13T13:02:38","guid":{"rendered":"https:\/\/sites.dlls.univr.it\/alpilink\/partecipa\/"},"modified":"2024-02-07T16:37:28","modified_gmt":"2024-02-07T15:37:28","slug":"partecipa","status":"publish","type":"page","link":"https:\/\/alpilink.it\/de\/partecipa\/","title":{"rendered":"Teilnehmen"},"content":{"rendered":"<section class=\"l-section wpb_row height_medium\"><div class=\"l-section-overlay\" style=\"background:#f5f5f5\"><\/div><div class=\"l-section-h i-cf\"><div class=\"g-cols vc_row via_grid cols_1 laptops-cols_inherit tablets-cols_inherit mobiles-cols_1 valign_top type_default stacking_default\"><div class=\"wpb_column vc_column_container\"><div class=\"vc_column-inner\"><div class=\"w-text us_custom_16e22688\"><span class=\"w-text-h\"><span class=\"w-text-value\">AlpiLinK<\/span><\/span><\/div><h2 class=\"w-text us_custom_e2674237 has_text_color\"><span class=\"w-text-h\"><span class=\"w-text-value\">Datensammlung<\/span><\/span><\/h2><div class=\"wpb_text_column\"><div class=\"wpb_wrapper\"><p align=\"justify\">Die Datensammlung in AlpiLinK erfolgt \u00fcber Tonaufnahmen, die mit dem internen Mikrophon des Ger\u00e4ts durchgef\u00fchrt werden, mit dem Sie auf die Webseite zugreifen. Nachdem Sie die Richtlinien zur Datenverarbeitung gelesen und die Bedingungen akzeptiert haben, werden Ihnen einige einfache Aufgaben gestellt, in denen Sie gebeten werden, in Ihrem Dialekt oder Ihrer lokalen (Minderheiten-)Sprache zu beschreiben, was in einer Szene geschieht, oder S\u00e4tze und W\u00f6rter zu \u00fcbersetzen oder zu modifizieren.<\/p>\n<\/div><\/div><\/div><\/div><\/div><\/div><\/section><section class=\"l-section wpb_row height_small\"><div class=\"l-section-h i-cf\"><div class=\"g-cols vc_row via_grid cols_1 laptops-cols_inherit tablets-cols_inherit mobiles-cols_1 valign_top type_default stacking_default\"><div class=\"wpb_column vc_column_container\"><div class=\"vc_column-inner\"><div class=\"wpb_text_column hide_on_tablets hide_on_mobiles\"><div class=\"wpb_wrapper\"><p>*Wenn jemand mit Ihrem Computer\/Browser bereits vorher an der AlpiLinK-Datensammlung teilgenommen hat, k\u00f6nnen Sie gefragt werden, ob Sie die vorherige Datensammlung fortsetzen (&#8216;continue&#8217;) oder ob Sie eine neue Datensammlung beginnen wollen (&#8216;restart&#8217;). Wenn Sie die vorherige Datensammlung abgeschlossen haben und eine neue (mit einem anderen Informanten) beginnen wollen, klicken Sie bitte &#8216;restart&#8217;. Die vorher gesammelten Daten werden davon nicht beeintr\u00e4chtigt. Wenn Sie eine nicht abgeschlossene Datensammlung fortsetzen wollen, klicken Sie bitte &#8216;continue&#8217;.<\/p>\n<\/div><\/div><div class=\"w-separator size_small\"><\/div><div class=\"w-image hide_on_tablets hide_on_mobiles align_center\"><a target=\"_blank\" href=\"https:\/\/survey.phonic.ai\/63ed07834ec225fa096a4b21?lang=de\" rel=\"noopener\" aria-label=\"Link\" class=\"w-image-h\"><img loading=\"lazy\" decoding=\"async\" width=\"960\" height=\"636\" src=\"https:\/\/alpilink.it\/wp-content\/uploads\/2024\/02\/Screenshotde2.png\" class=\"attachment-large size-large\" alt=\"\" srcset=\"https:\/\/alpilink.it\/wp-content\/uploads\/2024\/02\/Screenshotde2.png 960w, https:\/\/alpilink.it\/wp-content\/uploads\/2024\/02\/Screenshotde2-300x199.png 300w\" sizes=\"auto, (max-width: 960px) 100vw, 960px\" \/><\/a><\/div><div class=\"w-image hide_on_default hide_on_laptops align_none\"><a target=\"_blank\" href=\"https:\/\/survey.phonic.ai\/63ed07834ec225fa096a4b21?lang=de\" rel=\"noopener\" aria-label=\"Link\" class=\"w-image-h\"><img loading=\"lazy\" decoding=\"async\" width=\"737\" height=\"478\" src=\"https:\/\/alpilink.it\/wp-content\/uploads\/2024\/02\/Screenshotde-e1707319915964.png\" class=\"attachment-large size-large\" alt=\"\" srcset=\"https:\/\/alpilink.it\/wp-content\/uploads\/2024\/02\/Screenshotde-e1707319915964.png 737w, https:\/\/alpilink.it\/wp-content\/uploads\/2024\/02\/Screenshotde-e1707319915964-300x195.png 300w\" sizes=\"auto, (max-width: 737px) 100vw, 737px\" \/><\/a><\/div><div class=\"w-separator size_small\"><\/div><div class=\"wpb_text_column hide_on_default hide_on_laptops\"><div class=\"wpb_wrapper\"><p>*Wenn jemand mit Ihrem Computer\/Browser bereits vorher an der AlpiLinK-Datensammlung teilgenommen hat, k\u00f6nnen Sie gefragt werden, ob Sie die vorherige Datensammlung fortsetzen (&#8216;continue&#8217;) oder ob Sie eine neue Datensammlung beginnen wollen (&#8216;restart&#8217;). Wenn Sie die vorherige Datensammlung abgeschlossen haben und eine neue (mit einem anderen Informanten) beginnen wollen, klicken Sie bitte &#8216;restart&#8217;. Die vorher gesammelten Daten werden davon nicht beeintr\u00e4chtigt. Wenn Sie eine nicht abgeschlossene Datensammlung fortsetzen wollen, klicken Sie bitte &#8216;continue&#8217;.<\/p>\n<\/div><\/div><\/div><\/div><\/div><\/div><\/section><section class=\"l-section wpb_row height_small\"><div class=\"l-section-h i-cf\"><div class=\"g-cols vc_row via_grid cols_1 laptops-cols_inherit tablets-cols_inherit mobiles-cols_1 valign_top type_default stacking_default\"><div class=\"wpb_column vc_column_container\"><div class=\"vc_column-inner\">[vc_custom_heading text=&#8221;Technische Voraussetzungen&#8221; font_container=&#8221;tag:h4|text_align:left&#8221; css=&#8221;%7B%22default%22%3A%7B%22color%22%3A%22%23114c5e%22%2C%22font-family%22%3A%22body%22%2C%22font-weight%22%3A%22700%22%7D%7D&#8221;]<div class=\"wpb_text_column\"><div class=\"wpb_wrapper\"><p>Die Teilnahme an der Datenerhebung kann mit praktisch allen Ger\u00e4tetypen, Betriebssystemen und Browsern erfolgen. Es k\u00f6nnen aber Probleme mit manchen Browsern bzw. Betriebssystem-Browser-Kombinationen auftreten.<\/p>\n<ul>\n<li><strong>Apple iOS-Ger\u00e4te (iPhones, iPads etc.) &amp; Nicht-Safari Browser. <\/strong>Apple blockiert den Mikrophon-Zugang f\u00fcr alle iOS-Browser mit Ausnahme von Safari. Tonaufnahmen mit Safari f\u00fchren manchmal zu unerw\u00fcnschten Knackger\u00e4uschen.<\/li>\n<li><strong>\u00d6ffnen von Links in anderen Applikationen<\/strong>, zum Beispiel Facebook Messenger. Der Zugang zum Mikrophon ist nur m\u00f6glich, wenn der Link direkt im Browser ge\u00f6ffnet wird.<\/li>\n<li><strong>\u00c4ltere Browser-Versionen<\/strong>, zum Beispiel Internet Explorer 6-11 und Edge 12-18. Eine vollst\u00e4ndige Liste der unterst\u00fctzten Browser finden Sie <a href=\"https:\/\/caniuse.com\/#feat=mediarecorder\">hier<\/a>.<\/li>\n<\/ul>\n<\/div><\/div><\/div><\/div><\/div><\/div><\/section>\n","protected":false},"excerpt":{"rendered":"AlpiLinKDatensammlungDie Datensammlung in AlpiLinK erfolgt \u00fcber Tonaufnahmen, die mit dem internen Mikrophon des Ger\u00e4ts durchgef\u00fchrt werden, mit dem Sie auf die Webseite zugreifen. Nachdem Sie die Richtlinien zur Datenverarbeitung gelesen und die Bedingungen akzeptiert haben, werden Ihnen einige einfache Aufgaben gestellt, in denen Sie gebeten werden, in Ihrem Dialekt oder Ihrer lokalen (Minderheiten-)Sprache zu beschreiben,...","protected":false},"author":15,"featured_media":0,"parent":0,"menu_order":0,"comment_status":"closed","ping_status":"closed","template":"","meta":{"footnotes":""},"class_list":["post-1269","page","type-page","status-publish","hentry"],"_links":{"self":[{"href":"https:\/\/alpilink.it\/de\/wp-json\/wp\/v2\/pages\/1269","targetHints":{"allow":["GET"]}}],"collection":[{"href":"https:\/\/alpilink.it\/de\/wp-json\/wp\/v2\/pages"}],"about":[{"href":"https:\/\/alpilink.it\/de\/wp-json\/wp\/v2\/types\/page"}],"author":[{"embeddable":true,"href":"https:\/\/alpilink.it\/de\/wp-json\/wp\/v2\/users\/15"}],"replies":[{"embeddable":true,"href":"https:\/\/alpilink.it\/de\/wp-json\/wp\/v2\/comments?post=1269"}],"version-history":[{"count":18,"href":"https:\/\/alpilink.it\/de\/wp-json\/wp\/v2\/pages\/1269\/revisions"}],"predecessor-version":[{"id":4858,"href":"https:\/\/alpilink.it\/de\/wp-json\/wp\/v2\/pages\/1269\/revisions\/4858"}],"wp:attachment":[{"href":"https:\/\/alpilink.it\/de\/wp-json\/wp\/v2\/media?parent=1269"}],"curies":[{"name":"wp","href":"https:\/\/api.w.org\/{rel}","templated":true}]}}